{"id":6007,"date":"2024-01-25T10:17:29","date_gmt":"2024-01-25T09:17:29","guid":{"rendered":"https:\/\/schupp.ch\/p\/resines-polyurethanes-a-un-composant-bectron-pk-durcissant-a-chaud-2\/"},"modified":"2025-05-16T16:19:56","modified_gmt":"2025-05-16T14:19:56","slug":"resines-polyurethanes-a-un-composant-bectron-pk-durcissant-a-chaud-2","status":"publish","type":"product","link":"https:\/\/schupp.ch\/fr\/p\/resines-polyurethanes-a-un-composant-bectron-pk-durcissant-a-chaud-2\/","title":{"rendered":"R\u00e9sines polyur\u00e9thanes \u00e0 un composant Bectron\u00ae PK durcissant \u00e0 chaud"},"content":{"rendered":"<p>&nbsp;<\/p>\n<table width=\"662\">\n<tbody>\n<tr>\n<td rowspan=\"2\" width=\"104\"><strong>Num\u00e9ro principal<\/strong><\/td>\n<td width=\"106\">Viscosit\u00e9 \u00e0 25\u00b0C DIN 53019<\/td>\n<td width=\"112\">Temps de durcissement<\/td>\n<td width=\"66\">Temps de g\u00e9lification<\/td>\n<td width=\"85\">Duret\u00e9 DIN 53505<\/td>\n<td rowspan=\"2\" width=\"94\">Temp. Indice TI<\/td>\n<td rowspan=\"2\" width=\"95\">Couleur R\u00e9sine<\/td>\n<\/tr>\n<tr>\n<td width=\"106\">[mPa*s]<\/td>\n<td width=\"112\">[min] (Temp.)<\/td>\n<td width=\"66\">[min]<\/td>\n<td width=\"85\">[Shore]<\/td>\n<\/tr>\n<tr>\n<td width=\"104\"><a href=\"https:\/\/schupp.ch\/wp-content\/uploads\/2024\/09\/Bectron_PK_4332_Schwarz.pdf\"><strong>GHPK4332<\/strong><\/a><\/td>\n<td width=\"106\">4500-6500<\/td>\n<td width=\"112\">70-90 (80\u00b0)<\/p>\n<p>60 (90\u00b0)<\/td>\n<td width=\"66\">10-15<\/td>\n<td width=\"85\">A 25-45<\/td>\n<td width=\"94\">125<\/td>\n<td width=\"95\">noir<\/td>\n<\/tr>\n<tr>\n<td width=\"104\"><a href=\"https:\/\/schupp.ch\/wp-content\/uploads\/2024\/09\/Bectron_PK_4340_Schwarz.pdf\"><strong>GHPK4340<\/strong><\/a><\/td>\n<td width=\"106\">8000-11000<\/td>\n<td width=\"112\">60-70 (80\u00b0)<\/p>\n<p>30-40 (90\u00b0)<\/td>\n<td width=\"66\">3-7<\/td>\n<td width=\"85\">A 60-80<\/td>\n<td width=\"94\">125<\/td>\n<td width=\"95\">noir<\/td>\n<\/tr>\n<tr>\n<td width=\"104\"><a href=\"https:\/\/schupp.ch\/wp-content\/uploads\/2024\/09\/Bectron_PK_4342_Schwarz.pdf\"><strong>GHPK4342<\/strong><\/a><\/td>\n<td width=\"106\">4000-6000<\/td>\n<td width=\"112\">60-70 (80\u00b0)<\/p>\n<p>30-40 (90\u00b0)<\/td>\n<td width=\"66\">3-7<\/td>\n<td width=\"85\">A 60-80<\/td>\n<td width=\"94\">125<\/td>\n<td width=\"95\">noir<\/td>\n<\/tr>\n<tr>\n<td width=\"104\"><a href=\"https:\/\/schupp.ch\/wp-content\/uploads\/2024\/09\/Bectron_PK_4344_Schwarz.pdf\"><strong>GHPK4344<\/strong><\/a><\/td>\n<td width=\"106\">1500-2500<\/td>\n<td width=\"112\">60-70 (80\u00b0)<\/p>\n<p>30-40 (90\u00b0)<\/td>\n<td width=\"66\">3-7<\/td>\n<td width=\"85\">A 60-80<\/td>\n<td width=\"94\">125<\/td>\n<td width=\"95\">noir<\/td>\n<\/tr>\n<tr>\n<td width=\"104\"><a href=\"https:\/\/schupp.ch\/wp-content\/uploads\/2024\/09\/Bectron_PK_4351_blau.pdf\"><strong>GHPK4351<\/strong><\/a><\/td>\n<td width=\"106\">5500-7500<\/td>\n<td width=\"112\">60-70 (80\u00b0)<\/p>\n<p>30-40 (90\u00b0)<\/td>\n<td width=\"66\">3 -7<\/td>\n<td width=\"85\">A 30-40<\/td>\n<td width=\"94\">125<\/td>\n<td width=\"95\">bleu<\/td>\n<\/tr>\n<tr>\n<td width=\"104\"><a href=\"https:\/\/schupp.ch\/wp-content\/uploads\/2024\/09\/Bectron_PK_4353_Blau.pdf\"><strong>GHPK4353<\/strong><\/a><\/td>\n<td width=\"106\">3000-4500<\/td>\n<td width=\"112\">60-70 (80\u00b0)<\/p>\n<p>30-40 (90\u00b0)<\/td>\n<td width=\"66\">3-7<\/td>\n<td width=\"85\">D 20-40<\/td>\n<td width=\"94\">125<\/td>\n<td width=\"95\">bleu<\/td>\n<\/tr>\n<tr>\n<td width=\"104\"><a href=\"https:\/\/schupp.ch\/wp-content\/uploads\/2024\/09\/Bectron_PK_4364_B.pdf\"><strong>GHPK4364B<\/strong><\/a><\/td>\n<td width=\"106\">4000-6000<\/td>\n<td width=\"112\">60-70 (80\u00b0)<\/p>\n<p>30-40 (90\u00b0)<\/td>\n<td width=\"66\">3-7<\/td>\n<td width=\"85\">D 30-50<\/td>\n<td width=\"94\">125<\/td>\n<td width=\"95\">bleu<\/td>\n<\/tr>\n<tr>\n<td width=\"104\"><a href=\"https:\/\/schupp.ch\/wp-content\/uploads\/2024\/09\/Bectron_PK_5542.pdf\"><strong>GHPK5542<\/strong><\/a><\/td>\n<td width=\"106\">4000-6000<\/td>\n<td width=\"112\">30 (90\u00b0)<\/td>\n<td width=\"66\">3-7<\/td>\n<td width=\"85\">A 60-80<\/td>\n<td width=\"94\">150<\/td>\n<td width=\"95\">noir<\/td>\n<\/tr>\n<\/tbody>\n<\/table>\n<p>&nbsp;<\/p>\n<p><strong>Unit\u00e9s de vente<\/strong><\/p>\n<table width=\"662\">\n<tbody>\n<tr>\n<td width=\"174\"><strong>Num\u00e9ro d&rsquo;article<\/strong><\/td>\n<td width=\"161\">Unit\u00e9 de vente [kg]<\/td>\n<td width=\"156\">Nombre de cartouches<\/td>\n<td width=\"170\">Cartouche [kg]<\/td>\n<\/tr>\n<tr>\n<td width=\"174\"><strong>GHPK4332\/10000<\/strong><\/td>\n<td width=\"161\">10<\/td>\n<td width=\"156\"><\/td>\n<td width=\"170\"><\/td>\n<\/tr>\n<tr>\n<td width=\"174\"><strong>GHPK4340\/10000<\/strong><\/td>\n<td width=\"161\">10<\/td>\n<td width=\"156\">&#8212;<\/td>\n<td width=\"170\">&#8212;<\/td>\n<\/tr>\n<tr>\n<td width=\"174\"><strong>GHPK4340\/00190<\/strong><\/td>\n<td width=\"161\">3,8<\/td>\n<td width=\"156\">20<\/td>\n<td width=\"170\">0,19<\/td>\n<\/tr>\n<tr>\n<td width=\"174\"><strong>GHPK4342\/10000<\/strong><\/td>\n<td width=\"161\">10<\/td>\n<td width=\"156\"><\/td>\n<td width=\"170\"><\/td>\n<\/tr>\n<tr>\n<td width=\"174\"><strong>GHPK4342\/00190<\/strong><\/td>\n<td width=\"161\">3,8<\/td>\n<td width=\"156\">20<\/td>\n<td width=\"170\">0,19<\/td>\n<\/tr>\n<tr>\n<td width=\"174\"><strong>GHPK4344\/10000<\/strong><\/td>\n<td width=\"161\">10<\/td>\n<td width=\"156\">&#8212;<\/td>\n<td width=\"170\">&#8212;<\/td>\n<\/tr>\n<tr>\n<td width=\"174\"><strong>GHPK4344\/00190<\/strong><\/td>\n<td width=\"161\">3,8<\/td>\n<td width=\"156\">20<\/td>\n<td width=\"170\">0,19<\/td>\n<\/tr>\n<tr>\n<td width=\"174\"><strong>GHPK4344\/30000<\/strong><\/td>\n<td width=\"161\">30<\/td>\n<td width=\"156\">&#8212;<\/td>\n<td width=\"170\">&#8212;<\/td>\n<\/tr>\n<tr>\n<td width=\"174\"><strong>GHPK4351\/10000<\/strong><\/td>\n<td width=\"161\">10<\/td>\n<td width=\"156\"><\/td>\n<td width=\"170\"><\/td>\n<\/tr>\n<tr>\n<td width=\"174\"><strong>GHPK4353\/xxxxx<\/strong><\/td>\n<td width=\"161\">sur demande<\/td>\n<td width=\"156\"><\/td>\n<td width=\"170\"><\/td>\n<\/tr>\n<tr>\n<td width=\"174\"><strong>GHPK4364B\/10000<\/strong><\/td>\n<td width=\"161\">10<\/td>\n<td width=\"156\">&#8212;<\/td>\n<td width=\"170\">&#8212;<\/td>\n<\/tr>\n<tr>\n<td width=\"174\"><strong>GHPK4364B\/00190<\/strong><\/td>\n<td width=\"161\">3,8<\/td>\n<td width=\"156\">20<\/td>\n<td width=\"170\">0,19<\/td>\n<\/tr>\n<tr>\n<td width=\"174\"><strong>GHPK5542\/10000<\/strong><\/td>\n<td width=\"161\">10<\/td>\n<td width=\"156\">&#8212;<\/td>\n<td width=\"170\">&#8212;<\/td>\n<\/tr>\n<\/tbody>\n<\/table>\n<p>&nbsp;<\/p>\n<p>&nbsp;<\/p>\n<p><strong>Note<\/strong><\/p>\n<p>Les fiches techniques sont disponibles sur demande ou en cliquant sur le num\u00e9ro de fiche. Les informations techniques sont donn\u00e9es en toute bonne foi. Elles ne dispensent pas l&rsquo;utilisateur de v\u00e9rifier l&rsquo;ad\u00e9quation du produit par ses propres essais.<\/p>\n<p>&nbsp;<\/p>\n<p>&nbsp;<\/p>\n","protected":false},"excerpt":{"rendered":"<p>&nbsp;<\/p>\n<p><strong>Bectron\u00ae\u00a0<\/strong><strong>PK 43..\u00a0\u00a0 <\/strong>et <strong>PK55.. <\/strong><\/p>\n<p>sont des r\u00e9sines polyur\u00e9thanes\u00a0 \u00e0 un composant durcissant \u00e0 chaud compos\u00e9es d\u2019un syst\u00e8me polyol liquide avec durcisseur isocyanate encapsul\u00e9 et de pigments pour un \u00e9coulement contr\u00f4l\u00e9 et des propri\u00e9t\u00e9s thixotropes exceptionnelles. Contrairement aux syst\u00e8mes \u00e0\u00a0deux composants elles peuvent \u00eatre travaill\u00e9es directement et sont tr\u00e8s \u00e9cologiques.<\/p>\n<p>&nbsp;<\/p>\n<p><strong>PK43.. <\/strong>(120 \u02daC) \/ <strong>PK55.<\/strong>. (150 \u02daC)<\/p>\n<p>Les r\u00e9sines Bectron\u00ae PK conviennent pour un enrobage s\u00e9lectif et pour le proc\u00e9d\u00e9 sur lit fluidis\u00e9 (technique Swirl). Les r\u00e9sines\u00a0 PK \u00e0 faible viscosit\u00e9 conviennent \u00e9galement pour l\u2019immersion.<\/p>\n<p>&nbsp;<\/p>\n","protected":false},"featured_media":1377,"template":"","meta":{"_acf_changed":false},"product_brand":[],"product_cat":[241,253],"product_tag":[],"class_list":{"0":"post-6007","1":"product","2":"type-product","3":"status-publish","4":"has-post-thumbnail","6":"product_cat-isolants-et-adhesifs-liquides-pour-la-protection-de-lelectronique","7":"product_cat-vernis-a-couche-epaisse","9":"first","10":"instock","11":"shipping-taxable","12":"purchasable","13":"product-type-simple"},"acf":[],"_links":{"self":[{"href":"https:\/\/schupp.ch\/fr\/wp-json\/wp\/v2\/product\/6007","targetHints":{"allow":["GET"]}}],"collection":[{"href":"https:\/\/schupp.ch\/fr\/wp-json\/wp\/v2\/product"}],"about":[{"href":"https:\/\/schupp.ch\/fr\/wp-json\/wp\/v2\/types\/product"}],"wp:featuredmedia":[{"embeddable":true,"href":"https:\/\/schupp.ch\/fr\/wp-json\/wp\/v2\/media\/1377"}],"wp:attachment":[{"href":"https:\/\/schupp.ch\/fr\/wp-json\/wp\/v2\/media?parent=6007"}],"wp:term":[{"taxonomy":"product_brand","embeddable":true,"href":"https:\/\/schupp.ch\/fr\/wp-json\/wp\/v2\/product_brand?post=6007"},{"taxonomy":"product_cat","embeddable":true,"href":"https:\/\/schupp.ch\/fr\/wp-json\/wp\/v2\/product_cat?post=6007"},{"taxonomy":"product_tag","embeddable":true,"href":"https:\/\/schupp.ch\/fr\/wp-json\/wp\/v2\/product_tag?post=6007"}],"curies":[{"name":"wp","href":"https:\/\/api.w.org\/{rel}","templated":true}]}}