{"id":6010,"date":"2024-01-25T10:00:19","date_gmt":"2024-01-25T09:00:19","guid":{"rendered":"https:\/\/schupp.ch\/p\/gaines-thermoretractables-peek\/"},"modified":"2026-01-04T18:55:56","modified_gmt":"2026-01-04T17:55:56","slug":"gaines-thermoretractables-peek","status":"publish","type":"product","link":"https:\/\/schupp.ch\/fr\/p\/gaines-thermoretractables-peek\/","title":{"rendered":"Gaines thermor\u00e9tractables PEEK"},"content":{"rendered":"<p>&nbsp;<\/p>\n<p><strong>Caract\u00e9ristiques des gaines thermor\u00e9tractables en PEEK<\/strong><\/p>\n<table width=\"643\">\n<tbody>\n<tr>\n<td width=\"254\"><strong>Caract\u00e9ristiques<\/strong><\/td>\n<td width=\"125\"><strong>ASTM<\/strong><\/td>\n<td width=\"125\"><strong>Unit\u00e9<\/strong><\/td>\n<td width=\"140\"><\/td>\n<\/tr>\n<tr>\n<td width=\"254\">Temp\u00e9rature de r\u00e9traction<\/td>\n<td width=\"125\"><\/td>\n<td width=\"125\">\u00b0C<\/td>\n<td width=\"140\">330 &#8211; 385<\/td>\n<\/tr>\n<tr>\n<td width=\"254\">Module de traction<\/td>\n<td width=\"125\">D638<\/td>\n<td width=\"125\">N\/mm2<\/td>\n<td width=\"140\">9025<\/td>\n<\/tr>\n<tr>\n<td width=\"254\">Tension d&rsquo;\u00e9tirage<\/td>\n<td width=\"125\">D638<\/td>\n<td width=\"125\">N\/mm2<\/td>\n<td width=\"140\">100<\/td>\n<\/tr>\n<tr>\n<td width=\"254\">Temp\u00e9rature de transition vitreuse<\/td>\n<td width=\"125\">D3418<\/td>\n<td width=\"125\">\u00b0C<\/td>\n<td width=\"140\">161<\/td>\n<\/tr>\n<tr>\n<td width=\"254\">R\u00e9sistance di\u00e9lectrique<\/td>\n<td width=\"125\">D149<\/td>\n<td width=\"125\">V\/mm<\/td>\n<td width=\"140\">14&rsquo;000<\/td>\n<\/tr>\n<tr>\n<td width=\"254\">Cristallinit\u00e9<\/td>\n<td width=\"125\">D3814<\/td>\n<td width=\"125\">%<\/td>\n<td width=\"140\">40<\/td>\n<\/tr>\n<tr>\n<td colspan=\"4\" width=\"643\">Ces valeurs se r\u00e9f\u00e8rent \u00e0 un r\u00e9tr\u00e9cissement sur un boulon de 14 mm Elles d\u00e9pendent de la taille du tuyau.<\/td>\n<\/tr>\n<\/tbody>\n<\/table>\n<p>&nbsp;<\/p>\n<p><strong>PEEK &#8211; Propri\u00e9t\u00e9s<\/strong><\/p>\n<table width=\"643\">\n<tbody>\n<tr>\n<td width=\"255\"><strong>Caract\u00e9ristiques<\/strong><\/td>\n<td width=\"125\"><strong>ASTM<\/strong><\/td>\n<td width=\"125\"><strong>Unit\u00e9<\/strong><\/td>\n<td width=\"138\"><\/td>\n<\/tr>\n<tr>\n<td width=\"255\">Module de traction<\/td>\n<td width=\"125\">D638<\/td>\n<td width=\"125\">N\/mm2<\/td>\n<td width=\"138\">4281<\/td>\n<\/tr>\n<tr>\n<td width=\"255\">Tension d&rsquo;\u00e9tirage<\/td>\n<td width=\"125\">D638<\/td>\n<td width=\"125\">N\/mm2<\/td>\n<td width=\"138\">93<\/td>\n<\/tr>\n<tr>\n<td width=\"255\">Temp\u00e9rature de transition vitreuse<\/td>\n<td width=\"125\">D3418<\/td>\n<td width=\"125\">\u00b0C<\/td>\n<td width=\"138\">143<\/td>\n<\/tr>\n<tr>\n<td width=\"255\">R\u00e9sistance di\u00e9lectrique<\/td>\n<td width=\"125\">D149<\/td>\n<td width=\"125\">V\/mm<\/td>\n<td width=\"138\">&gt; 1900<\/td>\n<\/tr>\n<tr>\n<td width=\"255\">Inflammabilit\u00e9<\/td>\n<td width=\"125\">UL94<\/td>\n<td width=\"125\"><\/td>\n<td width=\"138\">V0<\/td>\n<\/tr>\n<tr>\n<td width=\"255\">R\u00e9sistance aux radiations<\/td>\n<td width=\"125\"><\/td>\n<td width=\"125\">MRad<\/td>\n<td width=\"138\">jusqu&rsquo;\u00e01000<\/td>\n<\/tr>\n<tr>\n<td width=\"255\">Coefficient de friction<\/td>\n<td width=\"125\">D1894<\/td>\n<td width=\"125\"><\/td>\n<td width=\"138\">0,35 &#8211; 0,50<\/td>\n<\/tr>\n<tr>\n<td width=\"255\">\u00c9longation<\/td>\n<td width=\"125\">D638<\/td>\n<td width=\"125\">%<\/td>\n<td width=\"138\">50<\/td>\n<\/tr>\n<tr>\n<td colspan=\"4\" width=\"643\">Ces valeurs se rapportent \u00e0 un granul\u00e9 normal et ne sont donn\u00e9es qu&rsquo;\u00e0 titre indicatif. Les valeurs actuelles peuvent varier.<\/td>\n<\/tr>\n<\/tbody>\n<\/table>\n<p>&nbsp;<\/p>\n<p>* sur demande<\/p>\n<p>&nbsp;<\/p>\n<p><strong>Gaines thermor\u00e9tractables en PEEK 1,4 : 1 <\/strong><\/p>\n<table width=\"643\">\n<tbody>\n<tr>\n<td colspan=\"2\" rowspan=\"2\" width=\"138\"><strong>Num\u00e9ro principal<\/strong><\/td>\n<td rowspan=\"2\" width=\"104\"><strong>Taille AWG<\/strong><\/td>\n<td rowspan=\"2\" width=\"92\"><strong>\u00d8 int\u00e9rieur min.<\/strong><\/td>\n<td colspan=\"4\" width=\"308\"><strong>Dimensions apr\u00e8s r\u00e9treint<\/strong><\/td>\n<\/tr>\n<tr>\n<td width=\"98\"><strong>\u00d8 int\u00e9rieur [mm]<\/strong><\/td>\n<td colspan=\"3\" width=\"210\"><strong>\u00c9paisseur de paroi [mm]<\/strong><\/td>\n<\/tr>\n<tr>\n<td colspan=\"2\" width=\"138\"><\/td>\n<td width=\"104\"><\/td>\n<td width=\"92\"><\/td>\n<td width=\"98\"><strong>maximum<\/strong><\/td>\n<td width=\"66\"><strong>minimal<\/strong><\/td>\n<td width=\"63\"><strong>nominal<\/strong><\/td>\n<td width=\"81\"><strong>maximum<\/strong><\/td>\n<\/tr>\n<tr>\n<td width=\"106\"><strong>SSPK17<\/strong><\/td>\n<td width=\"32\"><span style=\"color: #ff6600;\">\u2666<\/span><\/td>\n<td width=\"104\">17<\/td>\n<td width=\"92\">0,96<\/td>\n<td width=\"98\">0,69<\/td>\n<td width=\"66\">0,13<\/td>\n<td width=\"63\">0,18<\/td>\n<td width=\"81\">0,23<\/td>\n<\/tr>\n<tr>\n<td width=\"106\"><strong>SSPK16<\/strong><\/td>\n<td width=\"32\"><span style=\"color: #ff6600;\">\u2666<\/span><\/td>\n<td width=\"104\">16<\/td>\n<td width=\"92\">1,15<\/td>\n<td width=\"98\">0,81<\/td>\n<td width=\"66\">0,13<\/td>\n<td width=\"63\">0,18<\/td>\n<td width=\"81\">0,23<\/td>\n<\/tr>\n<tr>\n<td width=\"106\"><strong>SSPK15<\/strong><\/td>\n<td width=\"32\"><span style=\"color: #ff6600;\">\u2666<\/span><\/td>\n<td width=\"104\">15<\/td>\n<td width=\"92\">1,40<\/td>\n<td width=\"98\">0,99<\/td>\n<td width=\"66\">0,13<\/td>\n<td width=\"63\">0,18<\/td>\n<td width=\"81\">0,23<\/td>\n<\/tr>\n<tr>\n<td width=\"106\"><strong>SSPK14<\/strong><\/td>\n<td width=\"32\"><span style=\"color: #ff6600;\">\u2666<\/span><\/td>\n<td width=\"104\">14<\/td>\n<td width=\"92\">2,16<\/td>\n<td width=\"98\">1,52<\/td>\n<td width=\"66\">0,13<\/td>\n<td width=\"63\">0,18<\/td>\n<td width=\"81\">0,23<\/td>\n<\/tr>\n<tr>\n<td width=\"106\"><strong>SSPK13<\/strong><\/td>\n<td width=\"32\"><span style=\"color: #ff6600;\">\u2666<\/span><\/td>\n<td width=\"104\">13<\/td>\n<td width=\"92\">2,34<\/td>\n<td width=\"98\">1,65<\/td>\n<td width=\"66\">0,13<\/td>\n<td width=\"63\">0,18<\/td>\n<td width=\"81\">0,23<\/td>\n<\/tr>\n<tr>\n<td width=\"106\"><strong>SSPK12<\/strong><\/td>\n<td width=\"32\"><span style=\"color: #ff6600;\">\u2666<\/span><\/td>\n<td width=\"104\">12<\/td>\n<td width=\"92\">2,56<\/td>\n<td width=\"98\">1,83<\/td>\n<td width=\"66\">0,13<\/td>\n<td width=\"63\">0,18<\/td>\n<td width=\"81\">0,23<\/td>\n<\/tr>\n<tr>\n<td width=\"106\"><strong>SSPK11<\/strong><\/td>\n<td width=\"32\"><span style=\"color: #ff6600;\">\u2666<\/span><\/td>\n<td width=\"104\">11<\/td>\n<td width=\"92\">2,84<\/td>\n<td width=\"98\">2,03<\/td>\n<td width=\"66\">0,13<\/td>\n<td width=\"63\">0,18<\/td>\n<td width=\"81\">0,23<\/td>\n<\/tr>\n<tr>\n<td width=\"106\"><strong>SSPK10<\/strong><\/td>\n<td width=\"32\"><span style=\"color: #ff6600;\">\u2666<\/span><\/td>\n<td width=\"104\">10<\/td>\n<td width=\"92\">3,18<\/td>\n<td width=\"98\">2,26<\/td>\n<td width=\"66\">0,13<\/td>\n<td width=\"63\">0,18<\/td>\n<td width=\"81\">0,23<\/td>\n<\/tr>\n<tr>\n<td width=\"106\"><strong>SSPK09<\/strong><\/td>\n<td width=\"32\"><span style=\"color: #ff6600;\">\u2666<\/span><\/td>\n<td width=\"104\">9<\/td>\n<td width=\"92\">3,48<\/td>\n<td width=\"98\">2,49<\/td>\n<td width=\"66\">0,13<\/td>\n<td width=\"63\">0,18<\/td>\n<td width=\"81\">0,23<\/td>\n<\/tr>\n<tr>\n<td width=\"106\"><strong>SSPK08<\/strong><\/td>\n<td width=\"32\"><span style=\"color: #ff6600;\">\u2666<\/span><\/td>\n<td width=\"104\">8<\/td>\n<td width=\"92\">4,06<\/td>\n<td width=\"98\">2,89<\/td>\n<td width=\"66\">0,13<\/td>\n<td width=\"63\">0,18<\/td>\n<td width=\"81\">0,23<\/td>\n<\/tr>\n<tr>\n<td width=\"106\"><strong>SSPK07<\/strong><\/td>\n<td width=\"32\"><span style=\"color: #ff6600;\">\u2666<\/span><\/td>\n<td width=\"104\">7<\/td>\n<td width=\"92\">4,42<\/td>\n<td width=\"98\">3,15<\/td>\n<td width=\"66\">0,13<\/td>\n<td width=\"63\">0,18<\/td>\n<td width=\"81\">0,23<\/td>\n<\/tr>\n<tr>\n<td width=\"106\"><strong>SSPK06<\/strong><\/td>\n<td width=\"32\"><span style=\"color: #ff6600;\">\u2666<\/span><\/td>\n<td width=\"104\">6<\/td>\n<td width=\"92\">5,08<\/td>\n<td width=\"98\">3,63<\/td>\n<td width=\"66\">0,13<\/td>\n<td width=\"63\">0,18<\/td>\n<td width=\"81\">0,23<\/td>\n<\/tr>\n<tr>\n<td width=\"106\"><strong>SSPK05<\/strong><\/td>\n<td width=\"32\"><span style=\"color: #ff6600;\">\u2666<\/span><\/td>\n<td width=\"104\">5<\/td>\n<td width=\"92\">5,61<\/td>\n<td width=\"98\">4,01<\/td>\n<td width=\"66\">0,13<\/td>\n<td width=\"63\">0,18<\/td>\n<td width=\"81\">0,23<\/td>\n<\/tr>\n<tr>\n<td width=\"106\"><strong>SSPK04<\/strong><\/td>\n<td width=\"32\"><span style=\"color: #ff6600;\">\u2666<\/span><\/td>\n<td width=\"104\">4<\/td>\n<td width=\"92\">6,40<\/td>\n<td width=\"98\">4,57<\/td>\n<td width=\"66\">0,13<\/td>\n<td width=\"63\">0,18<\/td>\n<td width=\"81\">0,23<\/td>\n<\/tr>\n<tr>\n<td width=\"106\"><strong>SSPK03<\/strong><\/td>\n<td width=\"32\"><span style=\"color: #ff6600;\">\u2666<\/span><\/td>\n<td width=\"104\">3<\/td>\n<td width=\"92\">7,03<\/td>\n<td width=\"98\">5,03<\/td>\n<td width=\"66\">0,13<\/td>\n<td width=\"63\">0,18<\/td>\n<td width=\"81\">0,23<\/td>\n<\/tr>\n<tr>\n<td width=\"106\"><strong>SSPK02<\/strong><\/td>\n<td width=\"32\"><span style=\"color: #ff6600;\">\u2666<\/span><\/td>\n<td width=\"104\">2<\/td>\n<td width=\"92\">8,03<\/td>\n<td width=\"98\">5,74<\/td>\n<td width=\"66\">0,13<\/td>\n<td width=\"63\">0,18<\/td>\n<td width=\"81\">0,23<\/td>\n<\/tr>\n<tr>\n<td width=\"106\"><strong>SSPK01<\/strong><\/td>\n<td width=\"32\"><span style=\"color: #ff6600;\">\u2666<\/span><\/td>\n<td width=\"104\">1<\/td>\n<td width=\"92\">8,86<\/td>\n<td width=\"98\">6,32<\/td>\n<td width=\"66\">0,13<\/td>\n<td width=\"63\">0,18<\/td>\n<td width=\"81\">0,23<\/td>\n<\/tr>\n<tr>\n<td width=\"106\"><strong>SSPK00<\/strong><\/td>\n<td width=\"32\"><span style=\"color: #ff6600;\">\u2666<\/span><\/td>\n<td width=\"104\">0<\/td>\n<td width=\"92\">9,96<\/td>\n<td width=\"98\">7,11<\/td>\n<td width=\"66\">0,13<\/td>\n<td width=\"63\">0,18<\/td>\n<td width=\"81\">0,23<\/td>\n<\/tr>\n<\/tbody>\n<\/table>\n<p>&nbsp;<\/p>\n<p>\u2666 <span style=\"color: #ff6600;\">s<\/span>ur demande<\/p>\n<p>&nbsp;<\/p>\n","protected":false},"excerpt":{"rendered":"<p>&nbsp;<\/p>\n<p>&nbsp;<\/p>\n<h5>Le PEEK\u2122 est un polym\u00e8re lin\u00e9aire, semi-cristallin et aromatique. C&rsquo;est un thermoplastique exceptionnel qui peut r\u00e9sister \u00e0 des temp\u00e9ratures et des pressions extr\u00eames ainsi qu&rsquo;\u00e0 des liquides agressifs. Apr\u00e8s r\u00e9traction, le PEEK constitue une peau protectrice difficile \u00e0 p\u00e9n\u00e9trer.<\/h5>\n<p>&nbsp;<\/p>\n","protected":false},"featured_media":1351,"template":"","meta":{"_acf_changed":false},"product_brand":[],"product_cat":[217,228],"product_tag":[],"class_list":{"0":"post-6010","1":"product","2":"type-product","3":"status-publish","4":"has-post-thumbnail","6":"product_cat-tuyaux-techniques","7":"product_cat-gaines-thermoretractables","9":"first","10":"instock","11":"shipping-taxable","12":"purchasable","13":"product-type-simple"},"acf":[],"_links":{"self":[{"href":"https:\/\/schupp.ch\/fr\/wp-json\/wp\/v2\/product\/6010","targetHints":{"allow":["GET"]}}],"collection":[{"href":"https:\/\/schupp.ch\/fr\/wp-json\/wp\/v2\/product"}],"about":[{"href":"https:\/\/schupp.ch\/fr\/wp-json\/wp\/v2\/types\/product"}],"wp:featuredmedia":[{"embeddable":true,"href":"https:\/\/schupp.ch\/fr\/wp-json\/wp\/v2\/media\/1351"}],"wp:attachment":[{"href":"https:\/\/schupp.ch\/fr\/wp-json\/wp\/v2\/media?parent=6010"}],"wp:term":[{"taxonomy":"product_brand","embeddable":true,"href":"https:\/\/schupp.ch\/fr\/wp-json\/wp\/v2\/product_brand?post=6010"},{"taxonomy":"product_cat","embeddable":true,"href":"https:\/\/schupp.ch\/fr\/wp-json\/wp\/v2\/product_cat?post=6010"},{"taxonomy":"product_tag","embeddable":true,"href":"https:\/\/schupp.ch\/fr\/wp-json\/wp\/v2\/product_tag?post=6010"}],"curies":[{"name":"wp","href":"https:\/\/api.w.org\/{rel}","templated":true}]}}