{"id":6012,"date":"2024-01-25T10:18:59","date_gmt":"2024-01-25T09:18:59","guid":{"rendered":"https:\/\/schupp.ch\/p\/vernis-de-revetement-polyurethane-bectron-pt-46-reticulant-a-lhumidite-durcissant-aux-uv\/"},"modified":"2025-11-21T16:14:11","modified_gmt":"2025-11-21T15:14:11","slug":"vernis-de-revetement-polyurethane-bectron-pt-46-reticulant-a-lhumidite-durcissant-aux-uv","status":"publish","type":"product","link":"https:\/\/schupp.ch\/fr\/p\/vernis-de-revetement-polyurethane-bectron-pt-46-reticulant-a-lhumidite-durcissant-aux-uv\/","title":{"rendered":"Vernis de finition Bectron\u00ae PT46.., r\u00e9ticul\u00e9 par l\u2019humidit\u00e9, durcissant aux UV"},"content":{"rendered":"<p>&nbsp;<\/p>\n<table width=\"662\">\n<tbody>\n<tr>\n<td rowspan=\"2\" width=\"67\"><\/td>\n<td rowspan=\"2\" width=\"45\">Duret\u00e9<\/td>\n<td rowspan=\"2\" width=\"58\">Viscosit\u00e9 \u00e0 23 \u02daC<\/td>\n<td rowspan=\"2\" width=\"49\">Densit\u00e9<\/td>\n<td colspan=\"2\" width=\"116\">R\u00e9sistance volumique pD<\/td>\n<td width=\"67\">R\u00e9sistivit\u00e9 de surface R<sub>0<\/sub><\/td>\n<td width=\"68\">Rigidit\u00e9 di\u00e9lec- trique<\/td>\n<td width=\"78\">Plage de temp\u00e9rature<\/td>\n<td colspan=\"2\" width=\"76\">Temps de Durcissement<\/td>\n<td width=\"38\">UL94<\/td>\n<\/tr>\n<tr>\n<td width=\"52\">durci<\/td>\n<td width=\"64\">apr\u00e8s 7 jours Bain d&rsquo;eau<\/td>\n<td width=\"67\">durci<\/td>\n<td width=\"68\">durci<\/td>\n<td width=\"78\"><\/td>\n<td width=\"38\">a)<\/td>\n<td width=\"38\">b)<\/td>\n<td width=\"38\"><\/td>\n<\/tr>\n<tr>\n<td width=\"67\">Norme<\/td>\n<td width=\"45\">ISO868<\/td>\n<td width=\"58\">DIN53018<\/td>\n<td width=\"49\">DIN53217 (ISO2811-1)<\/td>\n<td width=\"52\">IEC60464<br \/>\nPart2<\/td>\n<td width=\"64\">IEC60464<br \/>\nPart2<\/td>\n<td width=\"67\">VDE0303<br \/>\nPartie3<\/td>\n<td width=\"68\">VDE0303<br \/>\nPartie2<\/td>\n<td width=\"78\"><\/td>\n<td width=\"38\"><\/td>\n<td width=\"38\"><\/td>\n<td width=\"38\"><\/td>\n<\/tr>\n<tr>\n<td width=\"67\">Unit\u00e9<\/td>\n<td width=\"45\">[Shore A]<\/td>\n<td width=\"58\">[mPa*s]<\/td>\n<td width=\"49\">[g\/cm3]<\/td>\n<td width=\"52\">[\u2126 x cm]<\/td>\n<td width=\"64\">[\u2126 x cm]<\/td>\n<td width=\"67\">[\u2126 x cm]<\/td>\n<td width=\"68\">[kV\/mm]<\/td>\n<td width=\"78\">[\u02daC]<\/td>\n<td width=\"38\">[s]<\/td>\n<td width=\"38\">[Tage]<\/td>\n<td width=\"38\"><\/td>\n<\/tr>\n<tr>\n<td width=\"67\"><strong>N\u00b0 principal<\/strong><\/td>\n<td width=\"45\"><\/td>\n<td width=\"58\"><\/td>\n<td width=\"49\"><\/td>\n<td width=\"52\"><\/td>\n<td width=\"64\"><\/td>\n<td width=\"67\"><\/td>\n<td width=\"68\"><\/td>\n<td width=\"78\"><\/td>\n<td width=\"38\"><\/td>\n<td width=\"38\"><\/td>\n<td width=\"38\"><\/td>\n<\/tr>\n<tr>\n<td width=\"67\"><strong><a href=\"https:\/\/schupp.ch\/wp-content\/uploads\/2024\/09\/Bectron_PT_4600.pdf\">ULPT4600<\/a><\/strong><\/td>\n<td width=\"45\">65\u00b15<\/td>\n<td width=\"58\">1000 \u00b1 500<\/td>\n<td width=\"49\">1.11 \u00b1 0,05<\/td>\n<td width=\"52\">1x 1011<\/td>\n<td width=\"64\">5 x 1010<\/td>\n<td width=\"67\">5 x 1011<\/td>\n<td width=\"68\">20<\/td>\n<td width=\"78\">&#8211; 40 \u00e0 +120<\/td>\n<td width=\"38\">5-10<\/td>\n<td width=\"38\">2<\/td>\n<td width=\"38\">V0<\/td>\n<\/tr>\n<tr>\n<td width=\"67\"><a href=\"https:\/\/schupp.ch\/wp-content\/uploads\/2024\/09\/Bectron_PT_4601.pdf\"><strong>ULPT4601<\/strong><\/a><\/td>\n<td width=\"45\">65\u00b15<\/td>\n<td width=\"58\">1700 \u00b1 600<\/td>\n<td width=\"49\">1.11 \u00b1 0,05<\/td>\n<td width=\"52\">1x 1011<\/td>\n<td width=\"64\">5 x 1010<\/td>\n<td width=\"67\">5 x 1011<\/td>\n<td width=\"68\">20<\/td>\n<td width=\"78\">&#8211; 40 &#8211; \u00e0 +120<\/td>\n<td width=\"38\">5-10<\/td>\n<td width=\"38\">2 -3<\/td>\n<td width=\"38\">&#8211;<\/td>\n<\/tr>\n<tr>\n<td width=\"67\"><a href=\"https:\/\/schupp.ch\/wp-content\/uploads\/2024\/09\/GB-Bectron-PT-4606.pdf\"><strong>ULPT4606<\/strong><\/a><\/td>\n<td width=\"45\">75 \u00b1 5<\/td>\n<td width=\"58\">38000 \u00b1 8000<\/td>\n<td width=\"49\">1.11 \u00b1 0.05<\/td>\n<td width=\"52\">1 x 1011<\/td>\n<td width=\"64\">5 x 1010<\/td>\n<td width=\"67\">5 x 1011<\/td>\n<td width=\"68\">20<\/td>\n<td width=\"78\">-40 \u00e0 +120<\/td>\n<td width=\"38\">5-30<\/td>\n<td width=\"38\">14<\/td>\n<td width=\"38\">&#8211;<\/td>\n<\/tr>\n<\/tbody>\n<\/table>\n<p>&nbsp;<\/p>\n<p>a) Durcissement : \u00e0 &gt; 20 \u02daC et &gt; 50 % d&rsquo;humidit\u00e9 pour une \u00e9paisseur de 0,5 mm b) Durcissement complet<\/p>\n<p>&nbsp;<\/p>\n<p><strong>Unit\u00e9s de vente<\/strong><\/p>\n<table width=\"662\">\n<tbody>\n<tr>\n<td width=\"174\"><strong>Num\u00e9ro d&rsquo;article<\/strong><\/td>\n<td width=\"126\">Unit\u00e9 de vente [kg]<\/td>\n<td width=\"171\">Nombre de cartouches<\/td>\n<td width=\"191\">Cartouche [kg]<\/td>\n<\/tr>\n<tr>\n<td width=\"174\"><strong>ULPT4600\/00330<\/strong><\/td>\n<td width=\"126\">6,6<\/td>\n<td width=\"171\">20<\/td>\n<td width=\"191\">0,330 kg<\/td>\n<\/tr>\n<tr>\n<td width=\"174\"><strong>ULPT4600\/05000<\/strong><\/td>\n<td width=\"126\">5<\/td>\n<td width=\"171\">&#8212;<\/td>\n<td width=\"191\">&#8212;<\/td>\n<\/tr>\n<tr>\n<td width=\"174\"><strong>ULPT4601\/00330<\/strong><\/td>\n<td width=\"126\">6,6<\/td>\n<td width=\"171\">20<\/td>\n<td width=\"191\">0,330 kg<\/td>\n<\/tr>\n<tr>\n<td width=\"174\"><strong>ULPT4606\/xxxxx<\/strong><\/td>\n<td width=\"126\"><strong>sur demande<\/strong><\/td>\n<td width=\"171\"><strong>sur demande<\/strong><\/td>\n<td width=\"191\"><strong>sur demande<\/strong><\/td>\n<\/tr>\n<\/tbody>\n<\/table>\n<p>&nbsp;<\/p>\n<p><strong>Note<\/strong><\/p>\n<p>Les fiches techniques sont disponibles sur demande ou en cliquant sur le num\u00e9ro de fiche. Les informations techniques sont donn\u00e9es en toute bonne foi. Elles ne dispensent pas l&rsquo;utilisateur de v\u00e9rifier l&rsquo;ad\u00e9quation du produit par ses propres essais.<\/p>\n<p>\u00ae Marques d\u00e9pos\u00e9es \/ \u00a9 Karl Schupp AG<\/p>\n<p>&nbsp;<\/p>\n","protected":false},"excerpt":{"rendered":"<p>&nbsp;<\/p>\n<h5>Bectron\u00ae PT 46.. est un polyur\u00e9thane sans solvant, \u00e0 un composant, sans parts COV. Il durcit aux UV et\/ou r\u00e9ticule par l\u2019humidit\u00e9. Pour faciliter le contr\u00f4le du processus, la couleur change pendant le durcissement aux UV, de bleu \u00e0 vert-jaune. Le produit durci est suffisamment solide pour aussi coller les composants.<\/h5>\n<p>&nbsp;<\/p>\n","protected":false},"featured_media":1381,"template":"","meta":{"_acf_changed":false},"product_brand":[],"product_cat":[241,253],"product_tag":[],"class_list":{"0":"post-6012","1":"product","2":"type-product","3":"status-publish","4":"has-post-thumbnail","6":"product_cat-isolants-et-adhesifs-liquides-pour-la-protection-de-lelectronique","7":"product_cat-vernis-a-couche-epaisse","9":"first","10":"instock","11":"shipping-taxable","12":"purchasable","13":"product-type-simple"},"acf":[],"_links":{"self":[{"href":"https:\/\/schupp.ch\/fr\/wp-json\/wp\/v2\/product\/6012","targetHints":{"allow":["GET"]}}],"collection":[{"href":"https:\/\/schupp.ch\/fr\/wp-json\/wp\/v2\/product"}],"about":[{"href":"https:\/\/schupp.ch\/fr\/wp-json\/wp\/v2\/types\/product"}],"wp:featuredmedia":[{"embeddable":true,"href":"https:\/\/schupp.ch\/fr\/wp-json\/wp\/v2\/media\/1381"}],"wp:attachment":[{"href":"https:\/\/schupp.ch\/fr\/wp-json\/wp\/v2\/media?parent=6012"}],"wp:term":[{"taxonomy":"product_brand","embeddable":true,"href":"https:\/\/schupp.ch\/fr\/wp-json\/wp\/v2\/product_brand?post=6012"},{"taxonomy":"product_cat","embeddable":true,"href":"https:\/\/schupp.ch\/fr\/wp-json\/wp\/v2\/product_cat?post=6012"},{"taxonomy":"product_tag","embeddable":true,"href":"https:\/\/schupp.ch\/fr\/wp-json\/wp\/v2\/product_tag?post=6012"}],"curies":[{"name":"wp","href":"https:\/\/api.w.org\/{rel}","templated":true}]}}