{"id":6013,"date":"2024-01-25T10:01:39","date_gmt":"2024-01-25T09:01:39","guid":{"rendered":"https:\/\/schupp.ch\/p\/vernis-resines-et-adhesifs-pour-lelectronique\/"},"modified":"2025-11-21T14:19:16","modified_gmt":"2025-11-21T13:19:16","slug":"vernis-resines-et-adhesifs-pour-lelectronique","status":"publish","type":"product","link":"https:\/\/schupp.ch\/fr\/p\/vernis-resines-et-adhesifs-pour-lelectronique\/","title":{"rendered":"Informations g\u00e9n\u00e9rales sur vernis de finition, r\u00e9sines et colles pour l\u2019\u00e9lectronique"},"content":{"rendered":"<p>&nbsp;<\/p>\n<h4>Le vaste programme de livraison de <strong>Bectron\u00ae <\/strong>et <strong>Elan-Glue\u00ae <\/strong>comprend :<\/h4>\n<p>&nbsp;<\/p>\n<p><strong><img loading=\"lazy\" decoding=\"async\" class=\"alignnone wp-image-4782\" src=\"https:\/\/schupp.ch\/wp-content\/uploads\/2024\/01\/PL_Duennschichtlacke.jpg\" alt=\"\" width=\"533\" height=\"412\" \/> Vernis \u00e0 couche mince (Conformal Coating)<br \/>\n<\/strong><\/p>\n<p><strong>Betton\u00ae PL 4122 BLF FLZ <\/strong>et <strong>PL 4155 <\/strong>sont des vernis alkydes modifi\u00e9es pour l\u2019enrobage (Conformal Coating) des circuits imprim\u00e9s (PCB) et hybrides. Ils sont sans plomb, fluorescents, sans solvants aromatiques et r\u00e9pondent aux plus hautes exigences en mati\u00e8re d\u2019application \u00e9lectronique.<\/p>\n<p><strong>Betrom\u00ae PL 1110 <\/strong>est un vernis acrylate modifi\u00e9s pour<br \/>\nl\u2019enrobage (Conformal Coating) de circuits imprim\u00e9s (PS) et<br \/>\nhybrides. Il est sans plomb et s\u00e9chant \u00e0 l\u2018air.<\/p>\n<p><strong>Bectron\u00ae PL 5621 <\/strong>5621 est un vernis de finition transparent sur r\u00e9sine \u00e9poxyde modifi\u00e9e, \u00e0 faible viscosit\u00e9, durcissant aux UV et \u00e0 la chaleur et sans COV.<\/p>\n<p><strong>Bectron\u00ae PL-LF <\/strong>est un vernis de finition dilu\u00e9 \u00e0 l\u2019eau (vernis \u00e0 l\u2019eau).<\/p>\n<p>Ces vernis peuvent \u00eatre travaill\u00e9s par enrobage s\u00e9lectif, pulv\u00e9risation, bain ou remplissage s\u00e9lectif.<\/p>\n<p>&nbsp;<\/p>\n<p><strong><img loading=\"lazy\" decoding=\"async\" class=\"alignnone wp-image-4785\" src=\"https:\/\/schupp.ch\/wp-content\/uploads\/2024\/01\/PL_Dickschichtlacke-300x227.jpg\" alt=\"\" width=\"529\" height=\"400\" srcset=\"https:\/\/schupp.ch\/wp-content\/uploads\/2024\/01\/PL_Dickschichtlacke-300x227.jpg 300w, https:\/\/schupp.ch\/wp-content\/uploads\/2024\/01\/PL_Dickschichtlacke.jpg 384w\" sizes=\"auto, (max-width: 529px) 100vw, 529px\" \/> Vernis \u00e0 couche \u00e9paisse<\/strong><\/p>\n<p><strong>Bectron\u00ae\u00a0<\/strong><strong>PK 43..\u00a0\u00a0 <\/strong>et <strong>PK55..\u00a0 <\/strong>sont des r\u00e9sines polyur\u00e9thanes \u00e0 un composant durcissant \u00e0 chaud compos\u00e9es d\u2019un syst\u00e8me polyol liquide avec durcisseur isocyanate encapsul\u00e9 et de pigments pour un \u00e9coulement contr\u00f4l\u00e9 et des propri\u00e9t\u00e9s thixotropes exceptionnelles. Contrairement aux syst\u00e8mes \u00e0 deux composants elles peuvent \u00eatre travaill\u00e9es directement et sont tr\u00e8s \u00e9cologiques.<\/p>\n<p><strong>PK43.. <\/strong>(120 \u00b0C) \/ <strong>PK55.. <\/strong>(150 \u00b0C)<\/p>\n<p>&nbsp;<\/p>\n<p><strong>Bectron\u00ae PK <\/strong>conviennent pour un enrobage s\u00e9lectif et pour le proc\u00e9d\u00e9 sur lit fluidis\u00e9 (technique Swirl). Les r\u00e9sines PK \u00e0 faible viscosit\u00e9 conviennent \u00e9galement pour l\u2019immersion.<\/p>\n<p>&nbsp;<\/p>\n<p><strong>Bectron\u00ae PT 48.. <\/strong>sont des enrobages de couche \u00e9paisse \u00e0 un composant, r\u00e9ticul\u00e9s par l\u2019humidit\u00e9, \u00e0 base de polyur\u00e9thane pour SMD et circuits imprim\u00e9s hybrides.<\/p>\n<p><strong>\u00a0<\/strong><\/p>\n<p>&nbsp;<\/p>\n<p><strong><img loading=\"lazy\" decoding=\"async\" class=\"alignnone wp-image-4788\" src=\"https:\/\/schupp.ch\/wp-content\/uploads\/2024\/01\/PL_Vergussmassen-300x227.jpg\" alt=\"\" width=\"530\" height=\"401\" srcset=\"https:\/\/schupp.ch\/wp-content\/uploads\/2024\/01\/PL_Vergussmassen-300x227.jpg 300w, https:\/\/schupp.ch\/wp-content\/uploads\/2024\/01\/PL_Vergussmassen.jpg 383w\" sizes=\"auto, (max-width: 530px) 100vw, 530px\" \/> Masses d&rsquo;encapsulation<\/strong><\/p>\n<p>En plus de la gamme <strong>Bectron\u00ae PK 43.. et 55.. <\/strong>d\u00e9crite ci- dessus, \u00e0 un composant et \u00e0 base de polyur\u00e9thane, une vaste palette de masses de scellement est \u00e0 disposition.<\/p>\n<p><strong>Bectron\u00ae PU45.. : <\/strong>polyur\u00e9thane \u00e0 deux composants.<\/p>\n<p><strong>Bectron\u00ae PB35.. : <\/strong>r\u00e9sine polybutadi\u00e8ne \u00e0 deux composants.<\/p>\n<p><strong>Bectron\u00ae EP55.. : <\/strong>r\u00e9sine \u00e9poxyde \u00e0 deux composants.<\/p>\n<p><strong>Bectron\u00ae SK75.., SK76.. : <\/strong>r\u00e9sine silicone \u00e0 deux composants, r\u00e9ticul\u00e9e par condensation ou additif.<\/p>\n<p>Toutes les r\u00e9sines peuvent \u00eatre travaill\u00e9es avec les dispositifs de m\u00e9lange et de dosage habituels.<\/p>\n<p>&nbsp;<\/p>\n<p>&nbsp;<\/p>\n<p><strong><img loading=\"lazy\" decoding=\"async\" class=\"alignnone wp-image-4791\" src=\"https:\/\/schupp.ch\/wp-content\/uploads\/2024\/01\/PL_Schmelzharze-300x221.jpg\" alt=\"\" width=\"520\" height=\"383\" srcset=\"https:\/\/schupp.ch\/wp-content\/uploads\/2024\/01\/PL_Schmelzharze-300x221.jpg 300w, https:\/\/schupp.ch\/wp-content\/uploads\/2024\/01\/PL_Schmelzharze.jpg 373w\" sizes=\"auto, (max-width: 520px) 100vw, 520px\" \/> R\u00e9sines thermo-fusibles<\/strong><\/p>\n<p><strong>Bectron\u00ae <\/strong><strong>MR34.. <\/strong>R\u00e9sines thermo-fusibles \u00e0 un composant \u00e0<br \/>\nbase de polyol\u00e9fine.<\/p>\n<p>&nbsp;<\/p>\n<p><strong><img loading=\"lazy\" decoding=\"async\" class=\"alignnone wp-image-4794\" src=\"https:\/\/schupp.ch\/wp-content\/uploads\/2024\/01\/PL_Montagekleber-300x231.jpg\" alt=\"\" width=\"528\" height=\"406\" srcset=\"https:\/\/schupp.ch\/wp-content\/uploads\/2024\/01\/PL_Montagekleber-300x231.jpg 300w, https:\/\/schupp.ch\/wp-content\/uploads\/2024\/01\/PL_Montagekleber.jpg 369w\" sizes=\"auto, (max-width: 528px) 100vw, 528px\" \/> Colle de montage<\/strong><\/p>\n<p><strong>Bectron\u00ae\u00a0<\/strong><strong>AR48.. <\/strong>Colles en polyur\u00e9thane \u00e0 un composant,<br \/>\nr\u00e9ticulation \u00e0 condensation<\/p>\n<p><strong>Bectron\u00ae SA.. <\/strong>Colles en alkoxy silicone \u00e0 un composant<\/p>\n<p>&nbsp;<\/p>\n<p><strong>Produits sp\u00e9ciaux<\/strong><\/p>\n<p><strong>Bectron\u00ae AP8100 .. <\/strong>Masses de masquage pour d\u2018 appli- cation sur de modules \u00e9lectroniques.<\/p>\n<p><strong>Bectron\u00ae AC93 <\/strong>Solvant de nettoyage est utilis\u00e9 pour enlever des r\u00e9sidus de r\u00e9sines et vernis.<\/p>\n<p><strong>Bectron 7510 <\/strong>Masse d\u2018\u00e9chant\u00e9it\u00e9<\/p>\n<p>&nbsp;<\/p>\n<p>&nbsp;<\/p>\n<p><strong>Note<\/strong><\/p>\n<p>Les fiches techniques sont disponibles sur demande ou en cliquant sur le num\u00e9ro de fiche. Les informations techniques sont donn\u00e9es en toute bonne foi. Elles ne dispensent pas l&rsquo;utilisateur de v\u00e9rifier l&rsquo;ad\u00e9quation du produit par ses propres essais.<\/p>\n<p>\u00ae Marques d\u00e9pos\u00e9es \/ \u00a9 Karl Schupp AG<\/p>\n","protected":false},"excerpt":{"rendered":"<p>&nbsp;<\/p>\n<h5>Les vernis de finition, r\u00e9sines d\u2019enrobage et les masses de scellement <strong>Bectron\u00ae <\/strong>apportent une protection de haute qualit\u00e9 contre les environnements agressifs et les contraintes m\u00e9caniques. Ils sont largement utilis\u00e9s comme \u00a0vernis de finition, r\u00e9sines d\u2019enrobage et masse de scellement pour les circuits imprim\u00e9s (PCB), hybrides, capteurs, composants \u00e9lectroniques, connecteurs enfichables etc.<\/h5>\n<p>&nbsp;<\/p>\n","protected":false},"featured_media":4784,"template":"","meta":{"_acf_changed":false},"product_brand":[],"product_cat":[241,300],"product_tag":[],"class_list":{"0":"post-6013","1":"product","2":"type-product","3":"status-publish","4":"has-post-thumbnail","6":"product_cat-isolants-et-adhesifs-liquides-pour-la-protection-de-lelectronique","7":"product_cat-generalites-fr-2","9":"first","10":"instock","11":"shipping-taxable","12":"purchasable","13":"product-type-simple"},"acf":[],"_links":{"self":[{"href":"https:\/\/schupp.ch\/fr\/wp-json\/wp\/v2\/product\/6013","targetHints":{"allow":["GET"]}}],"collection":[{"href":"https:\/\/schupp.ch\/fr\/wp-json\/wp\/v2\/product"}],"about":[{"href":"https:\/\/schupp.ch\/fr\/wp-json\/wp\/v2\/types\/product"}],"wp:featuredmedia":[{"embeddable":true,"href":"https:\/\/schupp.ch\/fr\/wp-json\/wp\/v2\/media\/4784"}],"wp:attachment":[{"href":"https:\/\/schupp.ch\/fr\/wp-json\/wp\/v2\/media?parent=6013"}],"wp:term":[{"taxonomy":"product_brand","embeddable":true,"href":"https:\/\/schupp.ch\/fr\/wp-json\/wp\/v2\/product_brand?post=6013"},{"taxonomy":"product_cat","embeddable":true,"href":"https:\/\/schupp.ch\/fr\/wp-json\/wp\/v2\/product_cat?post=6013"},{"taxonomy":"product_tag","embeddable":true,"href":"https:\/\/schupp.ch\/fr\/wp-json\/wp\/v2\/product_tag?post=6013"}],"curies":[{"name":"wp","href":"https:\/\/api.w.org\/{rel}","templated":true}]}}