{"id":6014,"date":"2024-01-25T10:20:26","date_gmt":"2024-01-25T09:20:26","guid":{"rendered":"https:\/\/schupp.ch\/p\/vernis-de-revetement-polyurethane-bectron-pt-48-reticulant-a-lhumidite\/"},"modified":"2025-11-21T16:05:20","modified_gmt":"2025-11-21T15:05:20","slug":"vernis-de-revetement-polyurethane-bectron-pt-48-reticulant-a-lhumidite","status":"publish","type":"product","link":"https:\/\/schupp.ch\/fr\/p\/vernis-de-revetement-polyurethane-bectron-pt-48-reticulant-a-lhumidite\/","title":{"rendered":"Vernis de finition Bectron\u00ae PT48.., r\u00e9ticul\u00e9 par l\u2019humidit\u00e9"},"content":{"rendered":"<p>&nbsp;<\/p>\n<table width=\"662\">\n<tbody>\n<tr>\n<td rowspan=\"2\" width=\"81\"><\/td>\n<td rowspan=\"2\" width=\"34\">Duret\u00e9 \u00e0 23 \u02daC<\/td>\n<td rowspan=\"2\" width=\"43\">\u00c9longation au d\u00e9chire- ment<\/td>\n<td rowspan=\"2\" width=\"44\">Viscosit\u00e9 \u00e0 23 \u02daC<\/td>\n<td rowspan=\"2\" width=\"49\">Densit\u00e9<\/td>\n<td colspan=\"2\" width=\"83\">R\u00e9sistance volumique \u03c1D<\/td>\n<td colspan=\"2\" width=\"82\">R\u00e9sistance surfacique R<sub style=\"font-family: inherit;\">0<\/sub><\/td>\n<td colspan=\"2\" width=\"95\">Rigidit\u00e9 di\u00e9lectrique<\/td>\n<td width=\"47\">Plage de temp\u00e9rature<\/td>\n<td width=\"47\">Particules NCO<br \/>\nlibres<\/td>\n<td colspan=\"2\" width=\"57\">Durcissement<\/td>\n<\/tr>\n<tr>\n<td width=\"43\">durci<\/td>\n<td width=\"41\">apr\u00e8s 7 jours dans l&rsquo;eau<\/td>\n<td width=\"41\">durci<\/td>\n<td width=\"41\">apr\u00e8s 7 jours dans l&rsquo;eau<\/td>\n<td width=\"41\">durci<\/td>\n<td width=\"54\">apr\u00e8s 7 jours dans l&rsquo;eau<\/td>\n<td width=\"47\"><\/td>\n<td width=\"47\"><\/td>\n<td width=\"28\">a)<\/td>\n<td width=\"28\">b)<\/td>\n<\/tr>\n<tr>\n<td width=\"81\">Norme<\/td>\n<td width=\"34\"><\/td>\n<td width=\"43\">DIN53455<\/td>\n<td width=\"44\">DIN53018<\/td>\n<td width=\"49\">DIN53217 (ISO2811-1)<\/td>\n<td width=\"43\">VDE0303<br \/>\nTeil2<\/td>\n<td width=\"41\">VDE0303<br \/>\nTeil3<\/td>\n<td width=\"41\">VDE0303<br \/>\nTeil3<\/td>\n<td width=\"41\">VDE0303<br \/>\nTeil3<\/td>\n<td width=\"41\">VDE0303<br \/>\nTeil2<\/td>\n<td width=\"54\">VDE0303<br \/>\nTeil2<\/td>\n<td width=\"47\"><\/td>\n<td width=\"47\"><\/td>\n<td width=\"28\"><\/td>\n<td width=\"28\"><\/td>\n<\/tr>\n<tr>\n<td width=\"81\">Unit\u00e9<\/td>\n<td width=\"34\">[Shore A]<\/td>\n<td width=\"43\">[%]<\/td>\n<td width=\"44\">[mPas]<\/td>\n<td width=\"49\">[g\/cm3]<\/td>\n<td width=\"43\">[\u2126 x cm]<\/td>\n<td width=\"41\">[\u2126 x cm]<\/td>\n<td width=\"41\">[\u2126 x cm]<\/td>\n<td width=\"41\">[\u2126 x cm]<\/td>\n<td width=\"41\">[kV\/mm]<\/td>\n<td width=\"54\">[kV\/mm]<\/td>\n<td width=\"47\">[\u02daC]<\/td>\n<td width=\"47\">[%]<\/td>\n<td width=\"28\">[Std .]<\/td>\n<td width=\"28\">[Tage]<\/td>\n<\/tr>\n<tr>\n<td width=\"81\"><strong>N\u00b0 principal<\/strong><\/td>\n<td width=\"34\"><\/td>\n<td width=\"43\"><\/td>\n<td width=\"44\"><\/td>\n<td width=\"49\"><\/td>\n<td width=\"43\"><\/td>\n<td width=\"41\"><\/td>\n<td width=\"41\"><\/td>\n<td width=\"41\"><\/td>\n<td width=\"41\"><\/td>\n<td width=\"54\"><\/td>\n<td width=\"47\"><\/td>\n<td width=\"47\"><\/td>\n<td width=\"28\"><\/td>\n<td width=\"28\"><\/td>\n<\/tr>\n<tr>\n<td width=\"81\"><strong>ULPT4810NV<\/strong><\/td>\n<td width=\"34\">45 \u00b110<\/td>\n<td width=\"43\">150<\/td>\n<td width=\"44\">3,500<\/p>\n<p>\u00b1 800<\/td>\n<td width=\"49\">0,99<\/td>\n<td width=\"43\">6 x 1012<\/td>\n<td width=\"41\">6 x 1012<\/td>\n<td width=\"41\">5 x 1012<\/td>\n<td width=\"41\">5 x 1012<\/td>\n<td width=\"41\">20<\/td>\n<td width=\"54\">20<\/td>\n<td width=\"47\">&#8211; 50 &#8211; +100<\/td>\n<td width=\"47\">3,8<\/td>\n<td width=\"28\">1-2<\/td>\n<td width=\"28\">2<\/td>\n<\/tr>\n<tr>\n<td width=\"81\"><a href=\"https:\/\/schupp.ch\/wp-content\/uploads\/2024\/09\/Bectron_PT_4812_N_VP.pdf\"><strong>ULPT4812NV<\/strong><\/a><\/td>\n<td width=\"34\">40 \u00b110<\/td>\n<td width=\"43\">150<\/td>\n<td width=\"44\">2,600<\/p>\n<p>\u00b1 800<\/td>\n<td width=\"49\">0,95<\/td>\n<td width=\"43\">6 x 1012<\/td>\n<td width=\"41\">6 x 1012<\/td>\n<td width=\"41\">5 x 1012<\/td>\n<td width=\"41\">5 x 1012<\/td>\n<td width=\"41\">&gt; 20<\/td>\n<td width=\"54\">&gt; 20<\/td>\n<td width=\"47\">&#8211; 50 &#8211; +100<\/td>\n<td width=\"47\">&lt; 3,9<\/td>\n<td width=\"28\">1-2<\/td>\n<td width=\"28\">2<\/td>\n<\/tr>\n<tr>\n<td width=\"81\"><strong><a href=\"https:\/\/schupp.ch\/wp-content\/uploads\/2024\/09\/Bectron_PT_4814_N_VP.pdf\">ULPT4814NV<\/a><\/strong><\/td>\n<td width=\"34\">45 \u00b110<\/td>\n<td width=\"43\">150<\/td>\n<td width=\"44\">1,400<\/p>\n<p>\u00b1 500<\/td>\n<td width=\"49\">0,95<\/td>\n<td width=\"43\">6 x 1012<\/td>\n<td width=\"41\">6 x 1012<\/td>\n<td width=\"41\">5 x 1012<\/td>\n<td width=\"41\">5 x 1012<\/td>\n<td width=\"41\">&gt; 20<\/td>\n<td width=\"54\">&gt; 20<\/td>\n<td width=\"47\">&#8211; 50 &#8211; +100<\/td>\n<td width=\"47\">&lt; 3,9<\/td>\n<td width=\"28\">1-2<\/td>\n<td width=\"28\">2<\/td>\n<\/tr>\n<tr>\n<td width=\"81\"><a href=\"https:\/\/schupp.ch\/wp-content\/uploads\/2024\/09\/Bectron_PT_4830.pdf\"><strong>ULPT4830<\/strong><\/a><\/td>\n<td width=\"34\">40 \u00b110<\/td>\n<td width=\"43\">350<\/td>\n<td width=\"44\">50,000<\/p>\n<p>\u00b1 10,000<\/td>\n<td width=\"49\">1,12<\/td>\n<td width=\"43\">2 x 1013<\/td>\n<td width=\"41\">1 x 1012<\/td>\n<td width=\"41\">6,5 x 1010<\/td>\n<td width=\"41\">1 x 1010<\/td>\n<td width=\"41\">&#8211;<\/td>\n<td width=\"54\">&#8211;<\/td>\n<td width=\"47\">&#8211; 45 &#8211; +100<\/td>\n<td width=\"47\">&lt; 0,5<\/td>\n<td width=\"28\">1-2<\/td>\n<td width=\"28\">2<\/td>\n<\/tr>\n<tr>\n<td width=\"81\"><a href=\"https:\/\/schupp.ch\/wp-content\/uploads\/2024\/09\/Bectron_PT_4832.pdf\"><strong>ULPT4832<\/strong><\/a><\/td>\n<td width=\"34\">40 \u00b110<\/td>\n<td width=\"43\">350<\/td>\n<td width=\"44\">50,000 \u00b1<\/p>\n<p>10,000<\/td>\n<td width=\"49\">1,12<\/td>\n<td width=\"43\">2 x 1013<\/td>\n<td width=\"41\">1 x 1012<\/td>\n<td width=\"41\">6,5 x 1010<\/td>\n<td width=\"41\">1 x 1010<\/td>\n<td width=\"41\">&#8211;<\/td>\n<td width=\"54\">&#8211;<\/td>\n<td width=\"47\">&#8211; 45 &#8211; +100<\/td>\n<td width=\"47\">&lt; 0,5<\/td>\n<td width=\"28\">1-2<\/td>\n<td width=\"28\">2<\/td>\n<\/tr>\n<tr>\n<td width=\"81\"><a href=\"https:\/\/schupp.ch\/wp-content\/uploads\/2024\/09\/Bectron_PT_4834.pdf\"><strong>ULPT4834<\/strong><\/a><\/td>\n<td width=\"34\">45 \u00b110<\/td>\n<td width=\"43\">350<\/td>\n<td width=\"44\">3,200<\/p>\n<p>\u00b1 800<\/td>\n<td width=\"49\">1,12<\/td>\n<td width=\"43\">2 x 1013<\/td>\n<td width=\"41\">1 x 1012<\/td>\n<td width=\"41\">6,5 x 1010<\/td>\n<td width=\"41\">1 x 1010<\/td>\n<td width=\"41\">&#8211;<\/td>\n<td width=\"54\">&#8211;<\/td>\n<td width=\"47\">&#8211; 45 &#8211; +100<\/td>\n<td width=\"47\">&lt; 0,5<\/td>\n<td width=\"28\">1-2<\/td>\n<td width=\"28\">2<\/td>\n<\/tr>\n<tr>\n<td width=\"81\"><a href=\"https:\/\/schupp.ch\/wp-content\/uploads\/2024\/09\/Bectron_PT_4840.pdf\"><strong>ULPT4840<\/strong><\/a><\/td>\n<td width=\"34\">42 \u00b110<\/td>\n<td width=\"43\">150<\/td>\n<td width=\"44\">125,000<\/p>\n<p>\u00b1 25,000<\/td>\n<td width=\"49\">1,12<\/td>\n<td width=\"43\">2 x 1013<\/td>\n<td width=\"41\">1 x 1012<\/td>\n<td width=\"41\">6,5 x 1010<\/td>\n<td width=\"41\">1 x 1010<\/td>\n<td width=\"41\">&#8211;<\/td>\n<td width=\"54\">&#8211;<\/td>\n<td width=\"47\">&#8211; 40 &#8211; +120<\/td>\n<td width=\"47\">&lt; 0,5<\/td>\n<td width=\"28\">1-2<\/td>\n<td width=\"28\">2<\/td>\n<\/tr>\n<tr>\n<td width=\"81\"><a href=\"https:\/\/schupp.ch\/wp-content\/uploads\/2024\/09\/Bectron_PT_4842.pdf\"><strong>ULPT4842<\/strong><\/a><\/td>\n<td width=\"34\">45 \u00b110<\/td>\n<td width=\"43\">270<\/td>\n<td width=\"44\">3700<\/p>\n<p>\u00b1 900<\/td>\n<td width=\"49\">1,05<\/td>\n<td width=\"43\">1,3 x 1013<\/td>\n<td width=\"41\">3,5 x 1012<\/td>\n<td width=\"41\">5 x 1012<\/td>\n<td width=\"41\">1 x 1012<\/td>\n<td width=\"41\">20<\/td>\n<td width=\"54\">20<\/td>\n<td width=\"47\">&#8211; 30 &#8211; +120<\/td>\n<td width=\"47\">&lt; 0,5<\/td>\n<td width=\"28\">1-2<\/td>\n<td width=\"28\">2<\/td>\n<\/tr>\n<\/tbody>\n<\/table>\n<p>&nbsp;<\/p>\n<p>a) Durcissement : \u00e0 &gt; 20 \u02daC et &gt; 50 % d&rsquo;humidit\u00e9 pour une \u00e9paisseur de 0,5 mm b) Durcissement complet<\/p>\n<p>&nbsp;<\/p>\n<p><strong>Unit\u00e9s de vente<\/strong><\/p>\n<table>\n<tbody>\n<tr>\n<td width=\"174\"><strong>Num\u00e9ro d&rsquo;article<\/strong><\/td>\n<td width=\"142\">Unit\u00e9 de vente[kg]<\/td>\n<td width=\"115\">Nombre de cartouches<\/td>\n<td width=\"115\">Cartouche [kg]<\/td>\n<\/tr>\n<tr>\n<td width=\"174\"><strong>ULPT4810NVP\/00300<\/strong><\/td>\n<td width=\"142\">6<\/td>\n<td width=\"115\">20<\/td>\n<td width=\"115\">0,300<\/td>\n<\/tr>\n<tr>\n<td width=\"174\"><strong>ULPT4812NVP\/01000<\/strong><\/td>\n<td width=\"142\">1<\/td>\n<td width=\"115\">&#8212;<\/td>\n<td width=\"115\">&#8212;<\/td>\n<\/tr>\n<tr>\n<td width=\"174\"><strong>ULPT4814NVP\/01000<\/strong><\/td>\n<td width=\"142\">1<\/td>\n<td width=\"115\">&#8212;<\/td>\n<td width=\"115\">&#8212;<\/td>\n<\/tr>\n<tr>\n<td width=\"174\"><strong>ULPT4830\/00050<\/strong><\/td>\n<td width=\"142\">2,5<\/td>\n<td width=\"115\">50<\/td>\n<td width=\"115\">0,050<\/td>\n<\/tr>\n<tr>\n<td width=\"174\"><strong>ULPT4830\/00300<\/strong><\/td>\n<td width=\"142\">6<\/td>\n<td width=\"115\">20<\/td>\n<td width=\"115\">0,300<\/td>\n<\/tr>\n<tr>\n<td width=\"174\"><strong>ULPT4832\/00330<\/strong><\/td>\n<td width=\"142\">6,6<\/td>\n<td width=\"115\">20<\/td>\n<td width=\"115\">0,330<\/td>\n<\/tr>\n<tr>\n<td width=\"174\"><strong>ULPT4834\/00300<\/strong><\/td>\n<td width=\"142\">6<\/td>\n<td width=\"115\">20<\/td>\n<td width=\"115\">0,300<\/td>\n<\/tr>\n<tr>\n<td width=\"174\"><strong>ULPT4834\/05000<\/strong><\/td>\n<td width=\"142\">5<\/td>\n<td width=\"115\">&#8212;<\/td>\n<td width=\"115\">&#8212;<\/td>\n<\/tr>\n<tr>\n<td width=\"174\"><strong>ULPT4840\/00055<\/strong><\/td>\n<td width=\"142\">2,75<\/td>\n<td width=\"115\">50<\/td>\n<td width=\"115\">0,055<\/td>\n<\/tr>\n<tr>\n<td width=\"174\"><strong>ULPT4840\/00330<\/strong><\/td>\n<td width=\"142\">6,6<\/td>\n<td width=\"115\">20<\/td>\n<td width=\"115\">0,330<\/td>\n<\/tr>\n<tr>\n<td width=\"174\"><strong>ULPT4842\/00315<\/strong><\/td>\n<td width=\"142\">6,3<\/td>\n<td width=\"115\">20<\/td>\n<td width=\"115\">0,315<\/td>\n<\/tr>\n<\/tbody>\n<\/table>\n<p>&nbsp;<\/p>\n<p>&nbsp;<\/p>\n<p><strong>Note<\/strong><\/p>\n<p>Les fiches techniques sont disponibles sur demande ou en cliquant sur le num\u00e9ro de fiche. Les informations techniques sont donn\u00e9es en toute bonne foi. Elles ne dispensent pas l&rsquo;utilisateur de v\u00e9rifier l&rsquo;ad\u00e9quation du produit par ses propres essais.<\/p>\n<p>&nbsp;<\/p>\n<p>&nbsp;<\/p>\n","protected":false},"excerpt":{"rendered":"<p>&nbsp;<\/p>\n<h5><strong>Bectron\u00ae PT 48..\u00a0<\/strong>sont des enrobages de couche \u00e9paisse en polyur\u00e9thane \u00e0 un composant, r\u00e9ticul\u00e9 par l\u2019humidit\u00e9, \u00e0 base de polyur\u00e9thane, pour circuits imprim\u00e9s SMD et hybrides. Le film durcis reste \u00e9lastique dans une plage de temp\u00e9rature allant de -50 \u00b0C \u00e0 + 120 \u00b0C afin de r\u00e9sister aux vibrations, et poss\u00e8de une bonne adh\u00e9rence sur la plupart des supports.\u00a0Ils r\u00e9sistent aux solvants, acides et alcalis dilu\u00e9s et garantissent une excellente protection contre l\u2019humidit\u00e9 et la corrosion, mais dans des conditions d\u2019humidit\u00e9 extr\u00eames. Trois diff\u00e9rents taux de viscosit\u00e9, de env. 1500 mPa*s jusqu\u2019\u00e0 des taux de viscosit\u00e9 thixotropes, offrent une large plage d\u2019application et proc\u00e9d\u00e9s. Le vernis peut \u00e9galement servir de colle pour fixer les composants.<\/h5>\n<p>&nbsp;<\/p>\n","protected":false},"featured_media":1385,"template":"","meta":{"_acf_changed":false},"product_brand":[],"product_cat":[241,253],"product_tag":[],"class_list":{"0":"post-6014","1":"product","2":"type-product","3":"status-publish","4":"has-post-thumbnail","6":"product_cat-isolants-et-adhesifs-liquides-pour-la-protection-de-lelectronique","7":"product_cat-vernis-a-couche-epaisse","9":"first","10":"instock","11":"shipping-taxable","12":"purchasable","13":"product-type-simple"},"acf":[],"_links":{"self":[{"href":"https:\/\/schupp.ch\/fr\/wp-json\/wp\/v2\/product\/6014","targetHints":{"allow":["GET"]}}],"collection":[{"href":"https:\/\/schupp.ch\/fr\/wp-json\/wp\/v2\/product"}],"about":[{"href":"https:\/\/schupp.ch\/fr\/wp-json\/wp\/v2\/types\/product"}],"wp:featuredmedia":[{"embeddable":true,"href":"https:\/\/schupp.ch\/fr\/wp-json\/wp\/v2\/media\/1385"}],"wp:attachment":[{"href":"https:\/\/schupp.ch\/fr\/wp-json\/wp\/v2\/media?parent=6014"}],"wp:term":[{"taxonomy":"product_brand","embeddable":true,"href":"https:\/\/schupp.ch\/fr\/wp-json\/wp\/v2\/product_brand?post=6014"},{"taxonomy":"product_cat","embeddable":true,"href":"https:\/\/schupp.ch\/fr\/wp-json\/wp\/v2\/product_cat?post=6014"},{"taxonomy":"product_tag","embeddable":true,"href":"https:\/\/schupp.ch\/fr\/wp-json\/wp\/v2\/product_tag?post=6014"}],"curies":[{"name":"wp","href":"https:\/\/api.w.org\/{rel}","templated":true}]}}