{"id":6020,"date":"2024-01-24T15:02:30","date_gmt":"2024-01-24T14:02:30","guid":{"rendered":"https:\/\/schupp.ch\/p\/tuyaux-pfa-et-fep\/"},"modified":"2025-12-29T14:23:06","modified_gmt":"2025-12-29T13:23:06","slug":"tuyaux-pfa-et-fep","status":"publish","type":"product","link":"https:\/\/schupp.ch\/fr\/p\/tuyaux-pfa-et-fep\/","title":{"rendered":"Gaines PFA et FEP"},"content":{"rendered":"<p>&nbsp;<\/p>\n<p><strong>Dimensions standard :<\/strong><\/p>\n<table width=\"643\">\n<tbody>\n<tr>\n<td width=\"135\"><strong>Gaines PFA<\/strong><\/td>\n<td colspan=\"5\" width=\"345\"><\/td>\n<td width=\"163\"><strong>Gaines FEP<\/strong><\/td>\n<\/tr>\n<tr>\n<td rowspan=\"2\" width=\"135\">&nbsp;<\/p>\n<p><strong>Num\u00e9ro d&rsquo;article<\/strong><\/td>\n<td width=\"84\"><strong>Diam\u00e8tre int\u00e9rieur<\/strong><\/td>\n<td width=\"59\"><strong>Tol\u00e9rance<\/strong><\/td>\n<td width=\"52\"><strong>\u00c9paisseur de paroi<\/strong><\/td>\n<td width=\"84\"><strong>Diam\u00e8tre ext\u00e9rieur<\/strong><\/td>\n<td width=\"65\"><strong>Tol\u00e9rance<\/strong><\/td>\n<td rowspan=\"2\" width=\"163\">&nbsp;<\/p>\n<p><strong>Num\u00e9ro d&rsquo;article<\/strong><\/td>\n<\/tr>\n<tr>\n<td width=\"84\"><strong>[mm]<\/strong><\/td>\n<td width=\"59\"><strong>[mm]<\/strong><\/td>\n<td width=\"52\"><strong>[mm]<\/strong><\/td>\n<td width=\"84\"><strong>{mm]<\/strong><\/td>\n<td width=\"65\"><strong>[mm]<\/strong><\/td>\n<\/tr>\n<tr>\n<td width=\"135\"><strong>ISPFA0080\/040<\/strong><\/td>\n<td width=\"84\">0,80<\/td>\n<td width=\"59\">\u00b1 0,05<\/td>\n<td width=\"52\">0,40<\/td>\n<td width=\"84\">1,60<\/td>\n<td width=\"65\">\u00b1 0,10<\/td>\n<td width=\"163\"><strong>ISFEP0080\/040<\/strong><\/td>\n<\/tr>\n<tr>\n<td width=\"135\"><strong>ISPFA0100\/050<\/strong><\/td>\n<td width=\"84\">1,00<\/td>\n<td width=\"59\">\u00b1 0,10<\/td>\n<td width=\"52\">0,50<\/td>\n<td width=\"84\">2,00<\/td>\n<td width=\"65\">\u00b1 0,10<\/td>\n<td width=\"163\"><strong>ISFEP0100\/050<\/strong><\/td>\n<\/tr>\n<tr>\n<td width=\"135\"><strong>ISPFA0100\/100<\/strong><\/td>\n<td width=\"84\">1,00<\/td>\n<td width=\"59\">\u00b1 0,10<\/td>\n<td width=\"52\">1,00<\/td>\n<td width=\"84\">3,00<\/td>\n<td width=\"65\">\u00b1 0,10<\/td>\n<td width=\"163\"><strong>ISFEP0100\/100<\/strong><\/td>\n<\/tr>\n<tr>\n<td width=\"135\"><strong>ISPFA0160\/080<\/strong><\/td>\n<td width=\"84\">1,60<\/td>\n<td width=\"59\">\u00b1 0,10<\/td>\n<td width=\"52\">0,80<\/td>\n<td width=\"84\">3,20<\/td>\n<td width=\"65\">\u00b1 0,10<\/td>\n<td width=\"163\"><strong>ISFEP0160\/080<\/strong><\/td>\n<\/tr>\n<tr>\n<td width=\"135\"><strong>ISPFA0200\/050<\/strong><\/td>\n<td width=\"84\">2,00<\/td>\n<td width=\"59\">\u00b1 0,10<\/td>\n<td width=\"52\">0,50<\/td>\n<td width=\"84\">3,00<\/td>\n<td width=\"65\">\u00b1 0,10<\/td>\n<td width=\"163\"><strong>ISFEP0200\/050<\/strong><\/td>\n<\/tr>\n<tr>\n<td width=\"135\"><strong>ISPFA0200\/100<\/strong><\/td>\n<td width=\"84\">2,00<\/td>\n<td width=\"59\">\u00b1 0,10<\/td>\n<td width=\"52\">1,00<\/td>\n<td width=\"84\">4,00<\/td>\n<td width=\"65\">\u00b1 0,10<\/td>\n<td width=\"163\"><strong>ISFEP0200\/100<\/strong><\/td>\n<\/tr>\n<tr>\n<td width=\"135\"><strong>ISPFA0320\/158<\/strong><\/td>\n<td width=\"84\">3,20<\/td>\n<td width=\"59\">\u00b1 0,10<\/td>\n<td width=\"52\">1,58<\/td>\n<td width=\"84\">6,35<\/td>\n<td width=\"65\">\u00b1 0,10<\/td>\n<td width=\"163\"><strong>ISFEP0320\/158<\/strong><\/td>\n<\/tr>\n<tr>\n<td width=\"135\"><strong>ISPFA0400\/100<\/strong><\/td>\n<td width=\"84\">4,00<\/td>\n<td width=\"59\">\u00b1 0,10<\/td>\n<td width=\"52\">1,00<\/td>\n<td width=\"84\">6,00<\/td>\n<td width=\"65\">\u00b1 0,10<\/td>\n<td width=\"163\"><strong>ISFEP0400\/100<\/strong><\/td>\n<\/tr>\n<tr>\n<td width=\"135\"><strong>ISPFA0600\/100<\/strong><\/td>\n<td width=\"84\">6,00<\/td>\n<td width=\"59\">\u00b1 0,10<\/td>\n<td width=\"52\">1,00<\/td>\n<td width=\"84\">8,00<\/td>\n<td width=\"65\">\u00b1 0,10<\/td>\n<td width=\"163\"><strong>ISFEP0600\/100<\/strong><\/td>\n<\/tr>\n<tr>\n<td width=\"135\"><strong>ISPFA0600\/090<\/strong><\/td>\n<td width=\"84\">6,00<\/td>\n<td width=\"59\">\u00b1 0,10<\/td>\n<td width=\"52\">1,50<\/td>\n<td width=\"84\">9,00<\/td>\n<td width=\"65\">\u00b1 0,10<\/td>\n<td width=\"163\"><strong>ISFEP0600\/090<\/strong><\/td>\n<\/tr>\n<tr>\n<td width=\"135\"><strong>ISPFA0800\/100<\/strong><\/td>\n<td width=\"84\">8,00<\/td>\n<td width=\"59\">\u00b1 0,10<\/td>\n<td width=\"52\">1,00<\/td>\n<td width=\"84\">10,00<\/td>\n<td width=\"65\">\u00b1 0,10<\/td>\n<td width=\"163\"><strong>ISFEP0800\/100<\/strong><\/td>\n<\/tr>\n<tr>\n<td width=\"135\"><strong>ISPFA0900\/150<\/strong><\/td>\n<td width=\"84\">9,00<\/td>\n<td width=\"59\">\u00b1 0,10<\/td>\n<td width=\"52\">1,50<\/td>\n<td width=\"84\">12,00<\/td>\n<td width=\"65\">\u00b1 0,10<\/td>\n<td width=\"163\"><strong>ISFEP0900\/150<\/strong><\/td>\n<\/tr>\n<tr>\n<td width=\"135\"><strong>ISPFA1000\/100<\/strong><\/td>\n<td width=\"84\">10,00<\/td>\n<td width=\"59\">\u00b1 0,10<\/td>\n<td width=\"52\">1,00<\/td>\n<td width=\"84\">12,00<\/td>\n<td width=\"65\">\u00b1 0,10<\/td>\n<td width=\"163\"><strong>ISFEP1000\/100<\/strong><\/td>\n<\/tr>\n<tr>\n<td width=\"135\"><strong>ISPFA1200\/100<\/strong><\/td>\n<td width=\"84\">12,00<\/td>\n<td width=\"59\">\u00b1 0,15<\/td>\n<td width=\"52\">1,00<\/td>\n<td width=\"84\">14,00<\/td>\n<td width=\"65\">\u00b1 0,15<\/td>\n<td width=\"163\"><strong>ISFEP1200\/100<\/strong><\/td>\n<\/tr>\n<tr>\n<td width=\"135\"><strong>ISPFA1200\/150<\/strong><\/td>\n<td width=\"84\">12,00<\/td>\n<td width=\"59\">\u00b1 0,15<\/td>\n<td width=\"52\">1,50<\/td>\n<td width=\"84\">15,00<\/td>\n<td width=\"65\">\u00b1 0,15<\/td>\n<td width=\"163\"><strong>ISFEP1200\/150<\/strong><\/td>\n<\/tr>\n<tr>\n<td width=\"135\"><strong>ISPFA1400\/150<\/strong><\/td>\n<td width=\"84\">14,00<\/td>\n<td width=\"59\">\u00b1 0,15<\/td>\n<td width=\"52\">1,00<\/td>\n<td width=\"84\">16,00<\/td>\n<td width=\"65\">\u00b1 0,15<\/td>\n<td width=\"163\"><strong>ISFEP1400\/150<\/strong><\/td>\n<\/tr>\n<tr>\n<td width=\"135\"><strong>ISPFA1600\/100<\/strong><\/td>\n<td width=\"84\">16,00<\/td>\n<td width=\"59\">\u00b1 0,15<\/td>\n<td width=\"52\">1,00<\/td>\n<td width=\"84\">18,00<\/td>\n<td width=\"65\">\u00b1 0,15<\/td>\n<td width=\"163\"><strong>ISFEP1600\/100<\/strong><\/td>\n<\/tr>\n<tr>\n<td width=\"135\"><strong>ISPFA1800\/100<\/strong><\/td>\n<td width=\"84\">18,00<\/td>\n<td width=\"59\">\u00b1 0,15<\/td>\n<td width=\"52\">1,00<\/td>\n<td width=\"84\">20,00<\/td>\n<td width=\"65\">\u00b1 0,15<\/td>\n<td width=\"163\"><strong>ISFEP1800\/100<\/strong><\/td>\n<\/tr>\n<tr>\n<td width=\"135\"><strong>ISPFA2000\/100<\/strong><\/td>\n<td width=\"84\">20,00<\/td>\n<td width=\"59\">\u00b1 0,20<\/td>\n<td width=\"52\">1,00<\/td>\n<td width=\"84\">22,00<\/td>\n<td width=\"65\">\u00b1 0,20<\/td>\n<td width=\"163\"><strong>ISFEP2000\/100<\/strong><\/td>\n<\/tr>\n<\/tbody>\n<\/table>\n<p>&nbsp;<\/p>\n","protected":false},"excerpt":{"rendered":"<p>&nbsp;<\/p>\n<h5>Les gaines en FEP (fluoro\u00e9thyl\u00e8ne-propyl\u00e8ne) sont transparents, utilisables \u00e0 des temp\u00e9ratures \u00e9lev\u00e9es et tr\u00e8s r\u00e9sistants aux produits chimiques. Leur surface lisse emp\u00eache les substances d&rsquo;adh\u00e9rer. Le FEP est soudable.<br \/>\nLes gaines en PFA offrent la meilleure r\u00e9sistance \u00e0 la temp\u00e9rature de tous les thermoplastiques fluor\u00e9s.<br \/>\nLeur excellente r\u00e9sistance \u00e0 la flexion altern\u00e9e permet de les utiliser dans des applications soumises \u00e0 des contraintes m\u00e9caniques dynamiques \u00e9lev\u00e9es.<\/h5>\n<p>&nbsp;<\/p>\n<p>&nbsp;<\/p>\n","protected":false},"featured_media":1116,"template":"","meta":{"_acf_changed":false},"product_brand":[],"product_cat":[217,297],"product_tag":[],"class_list":{"0":"post-6020","1":"product","2":"type-product","3":"status-publish","4":"has-post-thumbnail","6":"product_cat-tuyaux-techniques","7":"product_cat-tuyaux-en-plastique-fluore","9":"first","10":"instock","11":"shipping-taxable","12":"purchasable","13":"product-type-simple"},"acf":[],"_links":{"self":[{"href":"https:\/\/schupp.ch\/fr\/wp-json\/wp\/v2\/product\/6020","targetHints":{"allow":["GET"]}}],"collection":[{"href":"https:\/\/schupp.ch\/fr\/wp-json\/wp\/v2\/product"}],"about":[{"href":"https:\/\/schupp.ch\/fr\/wp-json\/wp\/v2\/types\/product"}],"wp:featuredmedia":[{"embeddable":true,"href":"https:\/\/schupp.ch\/fr\/wp-json\/wp\/v2\/media\/1116"}],"wp:attachment":[{"href":"https:\/\/schupp.ch\/fr\/wp-json\/wp\/v2\/media?parent=6020"}],"wp:term":[{"taxonomy":"product_brand","embeddable":true,"href":"https:\/\/schupp.ch\/fr\/wp-json\/wp\/v2\/product_brand?post=6020"},{"taxonomy":"product_cat","embeddable":true,"href":"https:\/\/schupp.ch\/fr\/wp-json\/wp\/v2\/product_cat?post=6020"},{"taxonomy":"product_tag","embeddable":true,"href":"https:\/\/schupp.ch\/fr\/wp-json\/wp\/v2\/product_tag?post=6020"}],"curies":[{"name":"wp","href":"https:\/\/api.w.org\/{rel}","templated":true}]}}