{"id":6023,"date":"2024-01-24T14:58:06","date_gmt":"2024-01-24T13:58:06","guid":{"rendered":"https:\/\/schupp.ch\/p\/tuyaux-en-ptfe-avec-tailles-awg\/"},"modified":"2025-12-29T16:12:04","modified_gmt":"2025-12-29T15:12:04","slug":"tuyaux-en-ptfe-avec-tailles-awg","status":"publish","type":"product","link":"https:\/\/schupp.ch\/fr\/p\/tuyaux-en-ptfe-avec-tailles-awg\/","title":{"rendered":"Gaines en PTFE avec tailles AWG"},"content":{"rendered":"<p>&nbsp;<\/p>\n<p><strong>Propri\u00e9t\u00e9s<\/strong><\/p>\n<ul>\n<li>Temp\u00e9rature d\u2019utilisation continue \u00e9lev\u00e9e de -70\u00b0C \u00e0 260\u00b0C<\/li>\n<li>bonnes propri\u00e9t\u00e9s de glisse<\/li>\n<li>la plus grande r\u00e9sistance \u00e0 la temp\u00e9rature \u00e0 court terme de tous les polym\u00e8res fluor\u00e9s<\/li>\n<li>meilleure r\u00e9sistance \u00e0 la flexion altern\u00e9e<\/li>\n<li>r\u00e9stistance chimique pr\u00e8sque universelle<\/li>\n<\/ul>\n<p>&nbsp;<\/p>\n<p><strong>Tol\u00e9rances<\/strong><\/p>\n<table>\n<tbody>\n<tr>\n<td width=\"120\"><strong>Tol\u00e9rances selon :<\/strong><\/td>\n<td width=\"108\"><strong>ASTM<\/strong><\/td>\n<td width=\"69\"><strong>AMS<\/strong><\/td>\n<td width=\"81\"><strong>MIL<\/strong><\/td>\n<\/tr>\n<tr>\n<td width=\"120\">SW (paroi normale)<\/td>\n<td width=\"108\">ASTM D 3295, C<\/td>\n<td width=\"69\">AMS 3653<\/td>\n<td width=\"81\">MIL-I-22129<\/td>\n<\/tr>\n<tr>\n<td width=\"120\">TW (paroi mince)<\/td>\n<td width=\"108\">ASTM D 3295, B<\/td>\n<td width=\"69\">AMS 3655<\/td>\n<td width=\"81\">&#8212;<\/td>\n<\/tr>\n<tr>\n<td width=\"120\">LW (paroi l\u00e9g\u00e8re)<\/td>\n<td width=\"108\">ASTM D 3295, A<\/td>\n<td width=\"69\">AMS 3654<\/td>\n<td width=\"81\">&#8212;<\/td>\n<\/tr>\n<\/tbody>\n<\/table>\n<p>&nbsp;<\/p>\n<p><strong>Dimensions<\/strong><\/p>\n<table width=\"643\">\n<tbody>\n<tr>\n<td rowspan=\"3\" width=\"47\"><strong>AWG<br \/>\n<\/strong><strong>Taille<\/strong><\/td>\n<td colspan=\"3\" width=\"141\"><strong>Diam\u00e8tre int\u00e9rieur en mm<\/strong><\/td>\n<td colspan=\"2\" rowspan=\"2\" width=\"147\"><strong>\u00e0 paroi normale SW<br \/>\n<\/strong><strong>600 V<\/strong><\/td>\n<td colspan=\"2\" rowspan=\"2\" width=\"142\"><strong>\u00e0 paroi mince TW<br \/>\n<\/strong><strong>300 V<\/strong><\/td>\n<td colspan=\"2\" rowspan=\"2\" width=\"165\"><strong>\u00e0 paroi l\u00e9g\u00e8re LW<br \/>\n<\/strong><strong>150 V<\/strong><\/td>\n<\/tr>\n<tr>\n<td rowspan=\"2\" width=\"50\"><strong>Diam\u00e8tre nominal<\/strong><\/td>\n<td rowspan=\"2\" width=\"49\"><strong>min. Diam\u00e8tre<\/strong><\/td>\n<td rowspan=\"2\" width=\"42\"><strong>max. Diam\u00e8tre<\/strong><\/td>\n<\/tr>\n<tr>\n<td width=\"76\"><strong>Num\u00e9ro principal<\/strong><\/td>\n<td width=\"71\"><strong>\u00c9paisseur de paroi [mm]<\/strong><\/td>\n<td width=\"71\"><strong>Num\u00e9ro principal<\/strong><\/td>\n<td width=\"71\"><strong>\u00c9paisseur de paroi [mm]<\/strong><\/td>\n<td width=\"71\"><strong>Num\u00e9ro principal<\/strong><\/td>\n<td width=\"94\"><strong>\u00c9paisseur de paroi [mm]<\/strong><\/td>\n<\/tr>\n<tr>\n<td width=\"47\">32<\/td>\n<td width=\"50\">0,23<\/td>\n<td width=\"49\">0,18<\/td>\n<td width=\"42\">0,28<\/td>\n<td width=\"76\"><strong>ISPTFE32\/13<\/strong><\/td>\n<td width=\"71\">0,13 \u00b10,05<\/td>\n<td width=\"71\"><strong>ISPTFE32\/13<\/strong><\/td>\n<td width=\"71\">0,13 \u00b10,05<\/td>\n<td width=\"71\"><\/td>\n<td width=\"94\">&#8212;&#8212;<\/td>\n<\/tr>\n<tr>\n<td width=\"47\">30<\/td>\n<td width=\"50\">0,32<\/td>\n<td width=\"49\">0,25<\/td>\n<td width=\"42\">0,38<\/td>\n<td width=\"76\"><strong>ISPTFE30\/23<\/strong><\/td>\n<td width=\"71\">0,23 \u00b10,05<\/td>\n<td width=\"71\"><strong>ISPTFE30\/23<\/strong><\/td>\n<td width=\"71\">0,23<\/td>\n<td width=\"71\"><strong>ISPTFE30\/15<\/strong><\/td>\n<td width=\"94\">0,15 \u00b10,05<\/td>\n<\/tr>\n<tr>\n<td width=\"47\">28<\/td>\n<td width=\"50\">0,40<\/td>\n<td width=\"49\">0,33<\/td>\n<td width=\"42\">0,48<\/td>\n<td width=\"76\"><strong>ISPTFE28\/23<\/strong><\/td>\n<td width=\"71\">0,23<\/td>\n<td width=\"71\"><strong>ISPTFE28\/23<\/strong><\/td>\n<td width=\"71\">0,23<\/td>\n<td width=\"71\"><strong>ISPTFE28\/15<\/strong><\/td>\n<td width=\"94\">0,15<\/td>\n<\/tr>\n<tr>\n<td width=\"47\">26<\/td>\n<td width=\"50\">0,47<\/td>\n<td width=\"49\">0,41<\/td>\n<td width=\"42\">0,56<\/td>\n<td width=\"76\"><strong>ISPTFE26\/23<\/strong><\/td>\n<td width=\"71\">0,23<\/td>\n<td width=\"71\"><strong>ISPTFE26\/23<\/strong><\/td>\n<td width=\"71\">0,23<\/td>\n<td width=\"71\"><strong>ISPTFE26\/15<\/strong><\/td>\n<td width=\"94\">0,15<\/td>\n<\/tr>\n<tr>\n<td width=\"47\">24<\/td>\n<td width=\"50\">0,59<\/td>\n<td width=\"49\">0,51<\/td>\n<td width=\"42\">0,67<\/td>\n<td width=\"76\"><strong>ISPTFE24\/30<\/strong><\/td>\n<td width=\"71\">0,31 \u00b10,07<\/td>\n<td width=\"71\"><strong>ISPTFE24\/25<\/strong><\/td>\n<td width=\"71\">0,25 \u00b10,07<\/td>\n<td width=\"71\"><strong>ISPTFE24\/15<\/strong><\/td>\n<td width=\"94\">0,15<\/td>\n<\/tr>\n<tr>\n<td width=\"47\">23<\/td>\n<td width=\"50\">0,66<\/td>\n<td width=\"49\">0,58<\/td>\n<td width=\"42\">0,74<\/td>\n<td width=\"76\"><strong>ISPTFE23\/30<\/strong><\/td>\n<td width=\"71\">0,31<\/td>\n<td width=\"71\"><strong>ISPTFE23\/25<\/strong><\/td>\n<td width=\"71\">0,25<\/td>\n<td width=\"71\"><strong>ISPTFE23\/15<\/strong><\/td>\n<td width=\"94\">0,15<\/td>\n<\/tr>\n<tr>\n<td width=\"47\">22<\/td>\n<td width=\"50\">0,73<\/td>\n<td width=\"49\">0,64<\/td>\n<td width=\"42\">0,81<\/td>\n<td width=\"76\"><strong>ISPTFE22\/30<\/strong><\/td>\n<td width=\"71\">0,31<\/td>\n<td width=\"71\"><strong>ISPTFE22\/25<\/strong><\/td>\n<td width=\"71\">0,25<\/td>\n<td width=\"71\"><strong>ISPTFE22\/15<\/strong><\/td>\n<td width=\"94\">0,15<\/td>\n<\/tr>\n<tr>\n<td width=\"47\">21<\/td>\n<td width=\"50\">0,82<\/td>\n<td width=\"49\">0,74<\/td>\n<td width=\"42\">0,89<\/td>\n<td width=\"76\"><strong>ISPTFE21\/30<\/strong><\/td>\n<td width=\"71\">0,31<\/td>\n<td width=\"71\"><strong>ISPTFE21\/25<\/strong><\/td>\n<td width=\"71\">0,25<\/td>\n<td width=\"71\"><strong>ISPTFE21\/15<\/strong><\/td>\n<td width=\"94\">0,15<\/td>\n<\/tr>\n<tr>\n<td width=\"47\">20<\/td>\n<td width=\"50\">0,91<\/td>\n<td width=\"49\">0,81<\/td>\n<td width=\"42\">1,01<\/td>\n<td width=\"76\"><strong>ISPTFE20\/41<\/strong><\/td>\n<td width=\"71\">0,41 \u00b10,07<\/td>\n<td width=\"71\"><strong>ISPTFE20\/31<\/strong><\/td>\n<td width=\"71\">0,31 \u00b10,07<\/td>\n<td width=\"71\"><strong>ISPTFE20\/15<\/strong><\/td>\n<td width=\"94\">0,15<\/td>\n<\/tr>\n<tr>\n<td width=\"47\">19<\/td>\n<td width=\"50\">1,01<\/td>\n<td width=\"49\">0,91<\/td>\n<td width=\"42\">1,11<\/td>\n<td width=\"76\"><strong>ISPTFE19\/41<\/strong><\/td>\n<td width=\"71\">0,41<\/td>\n<td width=\"71\"><strong>ISPTFE19\/31<\/strong><\/td>\n<td width=\"71\">0,31<\/td>\n<td width=\"71\"><strong>ISPTFE19\/15<\/strong><\/td>\n<td width=\"94\">0,15<\/td>\n<\/tr>\n<tr>\n<td width=\"47\">18<\/td>\n<td width=\"50\">1,14<\/td>\n<td width=\"49\">1,02<\/td>\n<td width=\"42\">1,25<\/td>\n<td width=\"76\"><strong>ISPTFE18\/41<\/strong><\/td>\n<td width=\"71\">0,41<\/td>\n<td width=\"71\"><strong>ISPTFE18\/31<\/strong><\/td>\n<td width=\"71\">0,31<\/td>\n<td width=\"71\"><strong>ISPTFE18\/15<\/strong><\/td>\n<td width=\"94\">0,15<\/td>\n<\/tr>\n<tr>\n<td width=\"47\">17<\/td>\n<td width=\"50\">1,26<\/td>\n<td width=\"49\">1,14<\/td>\n<td width=\"42\">1,37<\/td>\n<td width=\"76\"><strong>ISPTFE17\/41<\/strong><\/td>\n<td width=\"71\">0,41<\/td>\n<td width=\"71\"><strong>ISPTFE17\/31<\/strong><\/td>\n<td width=\"71\">0,31<\/td>\n<td width=\"71\"><strong>ISPTFE17\/15<\/strong><\/td>\n<td width=\"94\">0,15<\/td>\n<\/tr>\n<tr>\n<td width=\"47\">16<\/td>\n<td width=\"50\">1,43<\/td>\n<td width=\"49\">1,30<\/td>\n<td width=\"42\">1,55<\/td>\n<td width=\"76\"><strong>ISPTFE16\/41<\/strong><\/td>\n<td width=\"71\">0,41<\/td>\n<td width=\"71\"><strong>ISPTFE16\/31<\/strong><\/td>\n<td width=\"71\">0,31<\/td>\n<td width=\"71\"><strong>ISPTFE16\/15<\/strong><\/td>\n<td width=\"94\">0,15<\/td>\n<\/tr>\n<tr>\n<td width=\"47\">15<\/td>\n<td width=\"50\">1,58<\/td>\n<td width=\"49\">1,45<\/td>\n<td width=\"42\">1,70<\/td>\n<td width=\"76\"><strong>ISPTFE15\/41<\/strong><\/td>\n<td width=\"71\">0,41<\/td>\n<td width=\"71\"><strong>ISPTFE15\/31<\/strong><\/td>\n<td width=\"71\">0,31<\/td>\n<td width=\"71\"><strong>ISPTFE15\/15<\/strong><\/td>\n<td width=\"94\">0,15<\/td>\n<\/tr>\n<tr>\n<td width=\"47\">14<\/td>\n<td width=\"50\">1,76<\/td>\n<td width=\"49\">1,63<\/td>\n<td width=\"42\">1,88<\/td>\n<td width=\"76\"><strong>ISPTFE14\/41<\/strong><\/td>\n<td width=\"71\">0,41<\/td>\n<td width=\"71\"><strong>ISPTFE14\/31<\/strong><\/td>\n<td width=\"71\">0,31<\/td>\n<td width=\"71\"><strong>ISPTFE14\/20<\/strong><\/td>\n<td width=\"94\">0,20 \u00b10,05<\/td>\n<\/tr>\n<tr>\n<td width=\"47\">13<\/td>\n<td width=\"50\">1,96<\/td>\n<td width=\"49\">1,83<\/td>\n<td width=\"42\">2,08<\/td>\n<td width=\"76\"><strong>ISPTFE13\/41<\/strong><\/td>\n<td width=\"71\">0,41<\/td>\n<td width=\"71\"><strong>ISPTFE13\/31<\/strong><\/td>\n<td width=\"71\">0,31<\/td>\n<td width=\"71\"><strong>ISPTFE13\/20<\/strong><\/td>\n<td width=\"94\">0,20<\/td>\n<\/tr>\n<tr>\n<td width=\"47\">12<\/td>\n<td width=\"50\">2,19<\/td>\n<td width=\"49\">2,06<\/td>\n<td width=\"42\">2,31<\/td>\n<td width=\"76\"><strong>ISPTFE12\/41<\/strong><\/td>\n<td width=\"71\">0,41<\/td>\n<td width=\"71\"><strong>ISPTFE12\/31<\/strong><\/td>\n<td width=\"71\">0,31<\/td>\n<td width=\"71\"><strong>ISPTFE12\/20<\/strong><\/td>\n<td width=\"94\">0,20<\/td>\n<\/tr>\n<tr>\n<td width=\"47\">11<\/td>\n<td width=\"50\">2,44<\/td>\n<td width=\"49\">2,31<\/td>\n<td width=\"42\">2,57<\/td>\n<td width=\"76\"><strong>ISPTFE11\/41<\/strong><\/td>\n<td width=\"71\">0,41<\/td>\n<td width=\"71\"><strong>ISPTFE11\/31<\/strong><\/td>\n<td width=\"71\">0,31<\/td>\n<td width=\"71\"><strong>ISPTFE11\/20<\/strong><\/td>\n<td width=\"94\">0,20<\/td>\n<\/tr>\n<tr>\n<td width=\"47\">10<\/td>\n<td width=\"50\">2,72<\/td>\n<td width=\"49\">2,59<\/td>\n<td width=\"42\">2,85<\/td>\n<td width=\"76\"><strong>ISPTFE10\/41<\/strong><\/td>\n<td width=\"71\">0,41<\/td>\n<td width=\"71\"><strong>ISPTFE10\/31<\/strong><\/td>\n<td width=\"71\">0,31<\/td>\n<td width=\"71\"><strong>ISPTFE10\/20<\/strong><\/td>\n<td width=\"94\">0,20<\/td>\n<\/tr>\n<tr>\n<td width=\"47\">9<\/td>\n<td width=\"50\">3,03<\/td>\n<td width=\"49\">2,90<\/td>\n<td width=\"42\">3,15<\/td>\n<td width=\"76\"><strong>ISPTFE09\/51<\/strong><\/td>\n<td width=\"71\">0,51 \u00b10,10<\/td>\n<td width=\"71\"><strong>ISPTFE09\/38<\/strong><\/td>\n<td width=\"71\">0,38 \u00b10,07<\/td>\n<td width=\"71\"><strong>ISPTFE09\/20<\/strong><\/td>\n<td width=\"94\">0,20<\/td>\n<\/tr>\n<tr>\n<td width=\"47\">8<\/td>\n<td width=\"50\">3,43<\/td>\n<td width=\"49\">3,28<\/td>\n<td width=\"42\">3,58<\/td>\n<td width=\"76\"><strong>ISPTFE08\/51<\/strong><\/td>\n<td width=\"71\">0,51<\/td>\n<td width=\"71\"><strong>ISPTFE08\/38<\/strong><\/td>\n<td width=\"71\">0,38<\/td>\n<td width=\"71\"><strong>ISPTFE08\/20<\/strong><\/td>\n<td width=\"94\">0,20<\/td>\n<\/tr>\n<tr>\n<td width=\"47\">7<\/td>\n<td width=\"50\">3,84<\/td>\n<td width=\"49\">3,66<\/td>\n<td width=\"42\">4,01<\/td>\n<td width=\"76\"><strong>ISPTFE07\/51<\/strong><\/td>\n<td width=\"71\">0,51<\/td>\n<td width=\"71\"><strong>ISPTFE07\/38<\/strong><\/td>\n<td width=\"71\">0,38<\/td>\n<td width=\"71\"><strong>ISPTFE07\/20<\/strong><\/td>\n<td width=\"94\">0,20<\/td>\n<\/tr>\n<tr>\n<td width=\"47\">6<\/td>\n<td width=\"50\">4,32<\/td>\n<td width=\"49\">4,12<\/td>\n<td width=\"42\">4,52<\/td>\n<td width=\"76\"><strong>ISPTFE06\/51<\/strong><\/td>\n<td width=\"71\">0,51<\/td>\n<td width=\"71\"><strong>ISPTFE06\/38<\/strong><\/td>\n<td width=\"71\">0,38<\/td>\n<td width=\"71\"><strong>ISPTFE06\/25<\/strong><\/td>\n<td width=\"94\">0,25 \u00b10,07<\/td>\n<\/tr>\n<tr>\n<td width=\"47\">5<\/td>\n<td width=\"50\">4,83<\/td>\n<td width=\"49\">4,62<\/td>\n<td width=\"42\">5,03<\/td>\n<td width=\"76\"><strong>ISPTFE05\/51<\/strong><\/td>\n<td width=\"71\">0,51<\/td>\n<td width=\"71\"><strong>ISPTFE05\/38<\/strong><\/td>\n<td width=\"71\">0,38<\/td>\n<td width=\"71\"><strong>ISPTFE05\/25<\/strong><\/td>\n<td width=\"94\">0,25<\/td>\n<\/tr>\n<tr>\n<td width=\"47\">4<\/td>\n<td width=\"50\">5,44<\/td>\n<td width=\"49\">5,18<\/td>\n<td width=\"42\">5,69<\/td>\n<td width=\"76\"><strong>ISPTFE04\/51<\/strong><\/td>\n<td width=\"71\">0,51<\/td>\n<td width=\"71\"><strong>ISPTFE04\/38<\/strong><\/td>\n<td width=\"71\">0,38<\/td>\n<td width=\"71\"><strong>ISPTFE04\/25<\/strong><\/td>\n<td width=\"94\">0,25<\/td>\n<\/tr>\n<tr>\n<td width=\"47\">3<\/td>\n<td width=\"50\">6,08<\/td>\n<td width=\"49\">5,82<\/td>\n<td width=\"42\">6,33<\/td>\n<td width=\"76\"><strong>ISPTFE03\/51<\/strong><\/td>\n<td width=\"71\">0,51<\/td>\n<td width=\"71\"><strong>ISPTFE03\/38<\/strong><\/td>\n<td width=\"71\">0,38<\/td>\n<td width=\"71\"><strong>ISPTFE03\/25<\/strong><\/td>\n<td width=\"94\">0,25<\/td>\n<\/tr>\n<tr>\n<td width=\"47\">2<\/td>\n<td width=\"50\">6,81<\/td>\n<td width=\"49\">6,55<\/td>\n<td width=\"42\">7,06<\/td>\n<td width=\"76\"><strong>ISPTFE02\/51<\/strong><\/td>\n<td width=\"71\">0,51<\/td>\n<td width=\"71\"><strong>ISPTFE02\/38<\/strong><\/td>\n<td width=\"71\">0,38<\/td>\n<td width=\"71\"><strong>ISPTFE02\/25<\/strong><\/td>\n<td width=\"94\">0,25<\/td>\n<\/tr>\n<tr>\n<td width=\"47\">1<\/td>\n<td width=\"50\">7,62<\/td>\n<td width=\"49\">7,34<\/td>\n<td width=\"42\">7,90<\/td>\n<td width=\"76\"><strong>ISPTFE01\/51<\/strong><\/td>\n<td width=\"71\">0,51<\/td>\n<td width=\"71\"><strong>ISPTFE01\/38<\/strong><\/td>\n<td width=\"71\">0,38<\/td>\n<td width=\"71\"><strong>ISPTFE01\/25<\/strong><\/td>\n<td width=\"94\">0,25<\/td>\n<\/tr>\n<tr>\n<td width=\"47\">0<\/td>\n<td width=\"50\">8,54<\/td>\n<td width=\"49\">8,26<\/td>\n<td width=\"42\">8,81<\/td>\n<td width=\"76\"><strong>ISPTFE00\/51<\/strong><\/td>\n<td width=\"71\">0,51<\/td>\n<td width=\"71\"><strong>ISPTFE00\/38<\/strong><\/td>\n<td width=\"71\">0,38<\/td>\n<td width=\"71\"><strong>ISPTFE00\/30<\/strong><\/td>\n<td width=\"94\">0,31 \u00b10,07<\/td>\n<\/tr>\n<\/tbody>\n<\/table>\n<p>\u00e9galement disponible avec approbation UL<\/p>\n<p>&nbsp;<\/p>\n<p><strong>Couleur standard :<\/strong><br \/>\nnaturel (laiteux-transparent),<br \/>\n10 couleurs de base et bandes de couleur possibles<\/p>\n<p>&nbsp;<\/p>\n","protected":false},"excerpt":{"rendered":"<p>&nbsp;<\/p>\n<h5>Les tuyaux en PTFE ont une tr\u00e8s haute r\u00e9sistance chimique. Le polym\u00e8re fluor\u00e9 garantit une bonne stabilit\u00e9 dimensionnelle et une r\u00e9sistance \u00e0 des temp\u00e9ratures entre -70 \u00b0C et +260 \u00b0C. Les tuyaux en PTFE sont ignifuges, isolants \u00e9lectriquement et ont une \u00e2me lisse facile \u00e0 nettoyer. Le mat\u00e9riau a un coefficient de frottement tr\u00e8s faible et est donc \u00e9galement antiadh\u00e9sif.<\/h5>\n<p>&nbsp;<\/p>\n<p>&nbsp;<\/p>\n","protected":false},"featured_media":1116,"template":"","meta":{"_acf_changed":false},"product_brand":[],"product_cat":[217,297],"product_tag":[],"class_list":{"0":"post-6023","1":"product","2":"type-product","3":"status-publish","4":"has-post-thumbnail","6":"product_cat-tuyaux-techniques","7":"product_cat-tuyaux-en-plastique-fluore","9":"first","10":"instock","11":"shipping-taxable","12":"purchasable","13":"product-type-simple"},"acf":[],"_links":{"self":[{"href":"https:\/\/schupp.ch\/fr\/wp-json\/wp\/v2\/product\/6023","targetHints":{"allow":["GET"]}}],"collection":[{"href":"https:\/\/schupp.ch\/fr\/wp-json\/wp\/v2\/product"}],"about":[{"href":"https:\/\/schupp.ch\/fr\/wp-json\/wp\/v2\/types\/product"}],"wp:featuredmedia":[{"embeddable":true,"href":"https:\/\/schupp.ch\/fr\/wp-json\/wp\/v2\/media\/1116"}],"wp:attachment":[{"href":"https:\/\/schupp.ch\/fr\/wp-json\/wp\/v2\/media?parent=6023"}],"wp:term":[{"taxonomy":"product_brand","embeddable":true,"href":"https:\/\/schupp.ch\/fr\/wp-json\/wp\/v2\/product_brand?post=6023"},{"taxonomy":"product_cat","embeddable":true,"href":"https:\/\/schupp.ch\/fr\/wp-json\/wp\/v2\/product_cat?post=6023"},{"taxonomy":"product_tag","embeddable":true,"href":"https:\/\/schupp.ch\/fr\/wp-json\/wp\/v2\/product_tag?post=6023"}],"curies":[{"name":"wp","href":"https:\/\/api.w.org\/{rel}","templated":true}]}}