{"id":6024,"date":"2024-01-24T15:09:21","date_gmt":"2024-01-24T14:09:21","guid":{"rendered":"https:\/\/schupp.ch\/p\/tubes-isolants-enroules-non-retractables\/"},"modified":"2025-12-29T18:42:01","modified_gmt":"2025-12-29T17:42:01","slug":"tubes-isolants-enroules-non-retractables","status":"publish","type":"product","link":"https:\/\/schupp.ch\/fr\/p\/tubes-isolants-enroules-non-retractables\/","title":{"rendered":"Tubes isolants enroul\u00e9s, non r\u00e9tractables"},"content":{"rendered":"<p>&nbsp;<\/p>\n<p><strong>Dimensions<\/strong><\/p>\n<p>Diam\u00e8tre int\u00e9rieur : 1,6 &#8211; 175 mm<br \/>\n\u00c9paisseur de paroi : 0,05 &#8211; 1,5 mm<br \/>\nLongueur : 5 &#8211; 4000 mm<\/p>\n<p>&nbsp;<\/p>\n<table width=\"652\">\n<tbody>\n<tr>\n<td width=\"219\"><strong>Mat\u00e9riau de base<\/strong><\/td>\n<td width=\"84\"><strong>non r\u00e9tractable<\/strong><\/td>\n<td width=\"90\"><strong>r\u00e9tractable<\/strong><\/td>\n<td width=\"122\"><strong>Retraction (diam\u00e8tre int\u00e9rieur et longueur)\u00a0[%]<\/strong><\/td>\n<td width=\"137\"><strong>Temp\u00e9rature de service<\/strong><\/td>\n<\/tr>\n<tr>\n<td width=\"219\">Du Pont Mylar\u00ae Approbation UL E93687 ou Mitsubishi 2MS0 Approbation UL E47688<\/td>\n<td width=\"84\"><span style=\"color: #000000;\">oui<\/span><\/td>\n<td width=\"90\"><span style=\"color: #000000;\">oui<\/span><\/td>\n<td width=\"122\">30<\/td>\n<td width=\"137\">&nbsp;<\/p>\n<p>Classe B 130 \u00b0C<\/td>\n<\/tr>\n<tr>\n<td width=\"219\">Du Pont Mylar\u00ae AHS Mitsubishi 2LS0 Agr\u00e9ment UL E57692<\/td>\n<td width=\"84\">non<\/td>\n<td width=\"90\"><span style=\"color: #000000;\">oui<\/span><\/td>\n<td width=\"122\">10<\/td>\n<td width=\"137\">Classe B 130\u00b0 C<\/td>\n<\/tr>\n<tr>\n<td width=\"219\">Du Pont Nomex\u00ae<br \/>\nAgr\u00e9ment UL E57692 &amp; Mylar\u00ae.<\/td>\n<td width=\"84\"><span style=\"color: #000000;\">oui<\/span><\/td>\n<td width=\"90\"><span style=\"color: #000000;\">oui<\/span><\/td>\n<td width=\"122\">25<\/td>\n<td width=\"137\">Classe F 155 \u00b0C<\/td>\n<\/tr>\n<tr>\n<td width=\"219\">Du Pont Nomex\u00ae<br \/>\nApprobation UL E34739<\/td>\n<td width=\"84\"><span style=\"color: #000000;\">oui<\/span><\/td>\n<td width=\"90\">non<\/td>\n<td width=\"122\">non<\/td>\n<td width=\"137\">Classe C 220\u00b0C<\/td>\n<\/tr>\n<tr>\n<td width=\"219\">Du Pont Kapton\u00ae HN Agr\u00e9ment UL E39505<\/td>\n<td width=\"84\"><span style=\"color: #000000;\">oui<\/span><\/td>\n<td width=\"90\">non<\/td>\n<td width=\"122\">non<\/td>\n<td width=\"137\">225\u00b0C<\/td>\n<\/tr>\n<tr>\n<td width=\"219\">Du Pont Kapton\u00ae FN &#8211; enduit de T\u00e9flon<\/td>\n<td width=\"84\"><span style=\"color: #000000;\">oui<\/span><\/td>\n<td width=\"90\">non<\/td>\n<td width=\"122\">non<\/td>\n<td width=\"137\">205\u00b0C<\/td>\n<\/tr>\n<\/tbody>\n<\/table>\n<p>&nbsp;<\/p>\n<p>Temp\u00e9rature de r\u00e9traction recommand\u00e9e 150 \u00b0C pendant\u00a0 5 \u00e0 10 s.<\/p>\n<p>Tous les produits sont fabriqu\u00e9s sur commande.<br \/>\nD\u00e9lai de fabrication:\u00a0 4 &#8211; 6 semaines<\/p>\n<p>&nbsp;<\/p>\n","protected":false},"excerpt":{"rendered":"<p>&nbsp;<\/p>\n<h5>Les tubes isolants \u00e0 enroulement spiral\u00e9 utilis\u00e9s en \u00e9lectronique servent \u00e0 l&rsquo;isolation \u00e9lectrique, \u00e0 la protection m\u00e9canique et au regroupement de c\u00e2bles, fils et connexions. Ils sont notamment utilis\u00e9s dans les moteurs, g\u00e9n\u00e9rateurs et transformateurs, o\u00f9 des mat\u00e9riaux isolants sp\u00e9ciaux tels que le Nomex<sup>\u00ae<\/sup>, le Kapton<sup>\u00ae<\/sup>, le Mylar<sup>\u00ae<\/sup> ou le Mica sont g\u00e9n\u00e9ralement utilis\u00e9s pour les temp\u00e9ratures et tensions \u00e9lev\u00e9es afin d&rsquo;\u00e9viter les interf\u00e9rences et d&rsquo;augmenter la dur\u00e9e de vie.<\/h5>\n<p>&nbsp;<\/p>\n","protected":false},"featured_media":1123,"template":"","meta":{"_acf_changed":false},"product_brand":[],"product_cat":[217,302],"product_tag":[],"class_list":{"0":"post-6024","1":"product","2":"type-product","3":"status-publish","4":"has-post-thumbnail","6":"product_cat-tuyaux-techniques","7":"product_cat-tubes-isolants-enroules","9":"first","10":"instock","11":"shipping-taxable","12":"purchasable","13":"product-type-simple"},"acf":[],"_links":{"self":[{"href":"https:\/\/schupp.ch\/fr\/wp-json\/wp\/v2\/product\/6024","targetHints":{"allow":["GET"]}}],"collection":[{"href":"https:\/\/schupp.ch\/fr\/wp-json\/wp\/v2\/product"}],"about":[{"href":"https:\/\/schupp.ch\/fr\/wp-json\/wp\/v2\/types\/product"}],"wp:featuredmedia":[{"embeddable":true,"href":"https:\/\/schupp.ch\/fr\/wp-json\/wp\/v2\/media\/1123"}],"wp:attachment":[{"href":"https:\/\/schupp.ch\/fr\/wp-json\/wp\/v2\/media?parent=6024"}],"wp:term":[{"taxonomy":"product_brand","embeddable":true,"href":"https:\/\/schupp.ch\/fr\/wp-json\/wp\/v2\/product_brand?post=6024"},{"taxonomy":"product_cat","embeddable":true,"href":"https:\/\/schupp.ch\/fr\/wp-json\/wp\/v2\/product_cat?post=6024"},{"taxonomy":"product_tag","embeddable":true,"href":"https:\/\/schupp.ch\/fr\/wp-json\/wp\/v2\/product_tag?post=6024"}],"curies":[{"name":"wp","href":"https:\/\/api.w.org\/{rel}","templated":true}]}}