{"id":6027,"date":"2024-01-24T14:59:55","date_gmt":"2024-01-24T13:59:55","guid":{"rendered":"https:\/\/schupp.ch\/p\/tuyaux-en-ptfe-de-taille-metrique\/"},"modified":"2025-12-29T16:40:23","modified_gmt":"2025-12-29T15:40:23","slug":"tuyaux-en-ptfe-de-taille-metrique","status":"publish","type":"product","link":"https:\/\/schupp.ch\/fr\/p\/tuyaux-en-ptfe-de-taille-metrique\/","title":{"rendered":"Gaines en PTFE de taille m\u00e9trique"},"content":{"rendered":"<p>&nbsp;<\/p>\n<p><strong>Propri\u00e9t\u00e9s<\/strong><\/p>\n<ul>\n<li>Temp\u00e9rature d&rsquo;utilisation continue \u00e9lev\u00e9e de -70\u00b0C \u00e0 260\u00b0C<\/li>\n<li>bonnes propri\u00e9t\u00e9s de glisse<\/li>\n<li>la plus grande r\u00e9sistance \u00e0 la temp\u00e9rature \u00e0 court terme de tous les polym\u00e8res fluor\u00e9s<\/li>\n<li>meilleure r\u00e9sistance \u00e0 la flexion altern\u00e9e<\/li>\n<li>r\u00e9stistance chimique pr\u00e8sque universelle<\/li>\n<\/ul>\n<p>&nbsp;<\/p>\n<p><strong>Dimensions standard :<\/strong><\/p>\n<table width=\"643\">\n<tbody>\n<tr>\n<td rowspan=\"2\" width=\"140\"><strong>Num\u00e9ro d&rsquo;article<\/strong><\/td>\n<td width=\"117\"><strong>Diam\u00e8tre int\u00e9rieur<\/strong><\/td>\n<td width=\"66\"><strong>Tol\u00e9rance<\/strong><\/td>\n<td width=\"104\"><strong>\u00c9paisseur de paroi<\/strong><\/td>\n<td width=\"84\"><strong>Tol\u00e9rance<\/strong><\/td>\n<td width=\"132\"><strong>Diam\u00e8tre ext\u00e9rieur<\/strong><\/td>\n<\/tr>\n<tr>\n<td width=\"117\"><strong>[mm)]<\/strong><\/td>\n<td width=\"66\"><strong>[mm]<\/strong><\/td>\n<td width=\"104\"><strong>[mm]<\/strong><\/td>\n<td width=\"84\"><strong>[mm]<\/strong><\/td>\n<td width=\"132\"><strong>nominal [mm]<\/strong><\/td>\n<\/tr>\n<tr>\n<td width=\"140\"><strong>ISPTFE\/0020\/010<\/strong><\/td>\n<td width=\"117\">0,20<\/td>\n<td width=\"66\">\u00b1 0,05<\/td>\n<td width=\"104\">0,10<\/td>\n<td width=\"84\">\u00b1 0,05<\/td>\n<td width=\"132\">0,40<\/td>\n<\/tr>\n<tr>\n<td width=\"140\"><strong>ISPTFE\/0030\/010<\/strong><\/td>\n<td width=\"117\">0,30<\/td>\n<td width=\"66\">\u00b1 0,05<\/td>\n<td width=\"104\">0,10<\/td>\n<td width=\"84\">\u00b1 0,05<\/td>\n<td width=\"132\">0,50<\/td>\n<\/tr>\n<tr>\n<td width=\"140\"><strong>ISPTFE\/0040\/010<\/strong><\/td>\n<td width=\"117\">0,40<\/td>\n<td width=\"66\">\u00b1 0,05<\/td>\n<td width=\"104\">0,10<\/td>\n<td width=\"84\">\u00b1 0,05<\/td>\n<td width=\"132\">0,60<\/td>\n<\/tr>\n<tr>\n<td width=\"140\"><strong>ISPTFE\/0050\/010<\/strong><\/td>\n<td width=\"117\">0,50<\/td>\n<td width=\"66\">\u00b1 0,05<\/td>\n<td width=\"104\">0,10<\/td>\n<td width=\"84\">\u00b1 0,05<\/td>\n<td width=\"132\">0,70<\/td>\n<\/tr>\n<tr>\n<td width=\"140\"><strong>ISPTFE\/0060\/010<\/strong><\/td>\n<td width=\"117\">0,60<\/td>\n<td width=\"66\">\u00b1 0,05<\/td>\n<td width=\"104\">0,10<\/td>\n<td width=\"84\">\u00b1 0,05<\/td>\n<td width=\"132\">0,80<\/td>\n<\/tr>\n<tr>\n<td width=\"140\"><strong>ISPTFE\/0070\/010<\/strong><\/td>\n<td width=\"117\">0,70<\/td>\n<td width=\"66\">\u00b1 0,05<\/td>\n<td width=\"104\">0,10<\/td>\n<td width=\"84\">\u00b1 0,05<\/td>\n<td width=\"132\">0,90<\/td>\n<\/tr>\n<tr>\n<td width=\"140\"><strong>ISPTFE\/0080\/010<\/strong><\/td>\n<td width=\"117\">0,80<\/td>\n<td width=\"66\">\u00b1 0,05<\/td>\n<td width=\"104\">0,10<\/td>\n<td width=\"84\">\u00b1 0,05<\/td>\n<td width=\"132\">1,00<\/td>\n<\/tr>\n<tr>\n<td width=\"140\"><strong>ISPTFE\/0090\/010<\/strong><\/td>\n<td width=\"117\">0,90<\/td>\n<td width=\"66\">\u00b1 0,05<\/td>\n<td width=\"104\">0,10<\/td>\n<td width=\"84\">\u00b1 0,05<\/td>\n<td width=\"132\">1,10<\/td>\n<\/tr>\n<tr>\n<td width=\"140\"><strong>ISPTFE\/0100\/010<\/strong><\/td>\n<td width=\"117\">1,00<\/td>\n<td width=\"66\">\u00b1 0,05<\/td>\n<td width=\"104\">0,10<\/td>\n<td width=\"84\">\u00b1 0,05<\/td>\n<td width=\"132\">1,20<\/td>\n<\/tr>\n<tr>\n<td width=\"140\"><strong>ISPTFE\/0100\/050<\/strong><\/td>\n<td width=\"117\">1,00<\/td>\n<td width=\"66\">\u00b1 0,20<\/td>\n<td width=\"104\">0,50<\/td>\n<td width=\"84\">\u00b1 0,10<\/td>\n<td width=\"132\">2,00<\/td>\n<\/tr>\n<tr>\n<td width=\"140\"><strong>ISPTFE\/0100\/100<\/strong><\/td>\n<td width=\"117\">1,00<\/td>\n<td width=\"66\">\u00b1 0,20<\/td>\n<td width=\"104\">1,00<\/td>\n<td width=\"84\">\u00b10,15<\/td>\n<td width=\"132\">3,00<\/td>\n<\/tr>\n<tr>\n<td width=\"140\"><strong>ISPTFE\/0150\/050<\/strong><\/td>\n<td width=\"117\">1,50<\/td>\n<td width=\"66\">\u00b1 0,20<\/td>\n<td width=\"104\">0,50<\/td>\n<td width=\"84\">\u00b1 0,10<\/td>\n<td width=\"132\">2,50<\/td>\n<\/tr>\n<tr>\n<td width=\"140\"><strong>ISPTFE\/0150\/100<\/strong><\/td>\n<td width=\"117\">1,50<\/td>\n<td width=\"66\">\u00b1 0,20<\/td>\n<td width=\"104\">1,00<\/td>\n<td width=\"84\">\u00b10,15<\/td>\n<td width=\"132\">3,50<\/td>\n<\/tr>\n<tr>\n<td width=\"140\"><strong>ISPTFE\/0200\/050<\/strong><\/td>\n<td width=\"117\">2,00<\/td>\n<td width=\"66\">\u00b1 0,20<\/td>\n<td width=\"104\">0,50<\/td>\n<td width=\"84\">\u00b1 0,10<\/td>\n<td width=\"132\">3,00<\/td>\n<\/tr>\n<tr>\n<td width=\"140\"><strong>ISPTFE\/0200\/100<\/strong><\/td>\n<td width=\"117\">2,00<\/td>\n<td width=\"66\">\u00b1 0,20<\/td>\n<td width=\"104\">1,00<\/td>\n<td width=\"84\">\u00b10,15<\/td>\n<td width=\"132\">4,00<\/td>\n<\/tr>\n<tr>\n<td width=\"140\"><strong>ISPTFE\/0250\/050<\/strong><\/td>\n<td width=\"117\">2,50<\/td>\n<td width=\"66\">\u00b1 0,20<\/td>\n<td width=\"104\">0,50<\/td>\n<td width=\"84\">\u00b1 0,10<\/td>\n<td width=\"132\">3,50<\/td>\n<\/tr>\n<tr>\n<td width=\"140\"><strong>ISPTFE\/0250\/100<\/strong><\/td>\n<td width=\"117\">2,50<\/td>\n<td width=\"66\">\u00b1 0,20<\/td>\n<td width=\"104\">1,00<\/td>\n<td width=\"84\">\u00b1 0,15<\/td>\n<td width=\"132\">4,50<\/td>\n<\/tr>\n<tr>\n<td width=\"140\"><strong>ISPTFE\/0300\/100<\/strong><\/td>\n<td width=\"117\">3,00<\/td>\n<td width=\"66\">\u00b1 0,20<\/td>\n<td width=\"104\">1,00<\/td>\n<td width=\"84\">\u00b1 0,15<\/td>\n<td width=\"132\">5,00<\/td>\n<\/tr>\n<tr>\n<td width=\"140\"><strong>ISPTFE\/0300\/150<\/strong><\/td>\n<td width=\"117\">3,00<\/td>\n<td width=\"66\">\u00b1 0,20<\/td>\n<td width=\"104\">1,50<\/td>\n<td width=\"84\">\u00b1 0,20<\/td>\n<td width=\"132\">6,00<\/td>\n<\/tr>\n<tr>\n<td width=\"140\"><strong>ISPTFE\/0400\/050<\/strong><\/td>\n<td width=\"117\">4,00<\/td>\n<td width=\"66\">\u00b1 0,20<\/td>\n<td width=\"104\">0,50<\/td>\n<td width=\"84\">\u00b1 0,10<\/td>\n<td width=\"132\">5,00<\/td>\n<\/tr>\n<tr>\n<td width=\"140\"><strong>ISPTFE\/0400\/100<\/strong><\/td>\n<td width=\"117\">4,00<\/td>\n<td width=\"66\">\u00b1 0,20<\/td>\n<td width=\"104\">1,00<\/td>\n<td width=\"84\">\u00b1 0,15<\/td>\n<td width=\"132\">6,00<\/td>\n<\/tr>\n<tr>\n<td width=\"140\"><strong>ISPTFE\/0500\/050<\/strong><\/td>\n<td width=\"117\">5,00<\/td>\n<td width=\"66\">\u00b1 0,25<\/td>\n<td width=\"104\">0,50<\/td>\n<td width=\"84\">\u00b1 0,10<\/td>\n<td width=\"132\">6,00<\/td>\n<\/tr>\n<tr>\n<td width=\"140\"><strong>ISPTFE\/0500\/100<\/strong><\/td>\n<td width=\"117\">5,00<\/td>\n<td width=\"66\">\u00b1 0,25<\/td>\n<td width=\"104\">1,00<\/td>\n<td width=\"84\">\u00b1 0,15<\/td>\n<td width=\"132\">7,00<\/td>\n<\/tr>\n<tr>\n<td width=\"140\"><strong>ISPTFE\/0600\/100<\/strong><\/td>\n<td width=\"117\">6,00<\/td>\n<td width=\"66\">\u00b1 0,25<\/td>\n<td width=\"104\">1,00<\/td>\n<td width=\"84\">\u00b1 0,15<\/td>\n<td width=\"132\">8,00<\/td>\n<\/tr>\n<tr>\n<td width=\"140\"><strong>ISPTFE\/0600\/150<\/strong><\/td>\n<td width=\"117\">6,00<\/td>\n<td width=\"66\">\u00b1 0,25<\/td>\n<td width=\"104\">1,50<\/td>\n<td width=\"84\">\u00b1 0,20<\/td>\n<td width=\"132\">9,00<\/td>\n<\/tr>\n<tr>\n<td width=\"140\"><strong>ISPTFE\/0700\/100<\/strong><\/td>\n<td width=\"117\">7,00<\/td>\n<td width=\"66\">\u00b1 0,30<\/td>\n<td width=\"104\">1,00<\/td>\n<td width=\"84\">\u00b1 0,15<\/td>\n<td width=\"132\">9,00<\/td>\n<\/tr>\n<tr>\n<td width=\"140\"><strong>ISPTFE\/0700\/150<\/strong><\/td>\n<td width=\"117\">7,00<\/td>\n<td width=\"66\">\u00b1 0,30<\/td>\n<td width=\"104\">1,50<\/td>\n<td width=\"84\">\u00b1 0,20<\/td>\n<td width=\"132\">10,00<\/td>\n<\/tr>\n<tr>\n<td width=\"140\"><strong>ISPTFE\/0800\/050<\/strong><\/td>\n<td width=\"117\">8,00<\/td>\n<td width=\"66\">\u00b1 0,30<\/td>\n<td width=\"104\">0,50<\/td>\n<td width=\"84\">\u00b1 0,10<\/td>\n<td width=\"132\">9,00<\/td>\n<\/tr>\n<tr>\n<td width=\"140\"><strong>ISPTFE\/0800\/100<\/strong><\/td>\n<td width=\"117\">8,00<\/td>\n<td width=\"66\">\u00b1 0,30<\/td>\n<td width=\"104\">1,00<\/td>\n<td width=\"84\">\u00b1 0,15<\/td>\n<td width=\"132\">10,00<\/td>\n<\/tr>\n<tr>\n<td width=\"140\"><strong>ISPTFE\/0900\/100<\/strong><\/td>\n<td width=\"117\">9,00<\/td>\n<td width=\"66\">\u00b1 0,30<\/td>\n<td width=\"104\">1,00<\/td>\n<td width=\"84\">\u00b1 0,15<\/td>\n<td width=\"132\">11,00<\/td>\n<\/tr>\n<tr>\n<td width=\"140\"><strong>ISPTFE\/0900\/150<\/strong><\/td>\n<td width=\"117\">9,00<\/td>\n<td width=\"66\">\u00b1 0,30<\/td>\n<td width=\"104\">1,50<\/td>\n<td width=\"84\">\u00b1 0,20<\/td>\n<td width=\"132\">12,00<\/td>\n<\/tr>\n<tr>\n<td width=\"140\"><strong>ISPTFE\/1000\/100<\/strong><\/td>\n<td width=\"117\">10,00<\/td>\n<td width=\"66\">\u00b1 0,35<\/td>\n<td width=\"104\">1,00<\/td>\n<td width=\"84\">\u00b1 0,15<\/td>\n<td width=\"132\">12,00<\/td>\n<\/tr>\n<tr>\n<td width=\"140\"><strong>ISPTFE\/1100\/100<\/strong><\/td>\n<td width=\"117\">11,00<\/td>\n<td width=\"66\">\u00b1 0,35<\/td>\n<td width=\"104\">1,00<\/td>\n<td width=\"84\">\u00b1 0,15<\/td>\n<td width=\"132\">13,00<\/td>\n<\/tr>\n<tr>\n<td width=\"140\"><strong>ISPTFE\/1200\/100<\/strong><\/td>\n<td width=\"117\">12,00<\/td>\n<td width=\"66\">\u00b1 0,35<\/td>\n<td width=\"104\">1,00<\/td>\n<td width=\"84\">\u00b1 0,15<\/td>\n<td width=\"132\">14,00<\/td>\n<\/tr>\n<tr>\n<td width=\"140\"><strong>ISPTFE\/1400\/100<\/strong><\/td>\n<td width=\"117\">14,00<\/td>\n<td width=\"66\">\u00b1 0,35<\/td>\n<td width=\"104\">1,00<\/td>\n<td width=\"84\">\u00b1 0,15<\/td>\n<td width=\"132\">16,00<\/td>\n<\/tr>\n<tr>\n<td width=\"140\"><strong>ISPTFE\/1600\/100<\/strong><\/td>\n<td width=\"117\">16,00<\/td>\n<td width=\"66\">\u00b1 0,40<\/td>\n<td width=\"104\">1,00<\/td>\n<td width=\"84\">\u00b1 0,15<\/td>\n<td width=\"132\">18,00<\/td>\n<\/tr>\n<tr>\n<td width=\"140\"><strong>ISPTFE\/1800\/100<\/strong><\/td>\n<td width=\"117\">18,00<\/td>\n<td width=\"66\">\u00b1 0,40<\/td>\n<td width=\"104\">1,00<\/td>\n<td width=\"84\">\u00b1 0,15<\/td>\n<td width=\"132\">20,00<\/td>\n<\/tr>\n<tr>\n<td width=\"140\"><strong>ISPTFE\/2000\/100<\/strong><\/td>\n<td width=\"117\">20,00<\/td>\n<td width=\"66\">\u00b1 0,40<\/td>\n<td width=\"104\">1,00<\/td>\n<td width=\"84\">\u00b1 0,15<\/td>\n<td width=\"132\">22,00<\/td>\n<\/tr>\n<\/tbody>\n<\/table>\n<p>&nbsp;<\/p>\n","protected":false},"excerpt":{"rendered":"<p>&nbsp;<\/p>\n<h5>Les tuyaux en PTFE ont une tr\u00e8s haute r\u00e9sistance chimique. Le polym\u00e8re fluor\u00e9 garantit une bonne stabilit\u00e9 dimensionnelle et une r\u00e9sistance \u00e0 des temp\u00e9ratures entre -70 \u00b0C et +260 \u00b0C. Les tuyaux en PTFE sont ignifuges, isolants \u00e9lectriquement et ont une \u00e2me lisse facile \u00e0 nettoyer. Le mat\u00e9riau a un coefficient de frottement tr\u00e8s faible et est donc \u00e9galement antiadh\u00e9sif.<\/h5>\n<p>&nbsp;<\/p>\n","protected":false},"featured_media":1116,"template":"","meta":{"_acf_changed":false},"product_brand":[],"product_cat":[217,297],"product_tag":[],"class_list":{"0":"post-6027","1":"product","2":"type-product","3":"status-publish","4":"has-post-thumbnail","6":"product_cat-tuyaux-techniques","7":"product_cat-tuyaux-en-plastique-fluore","9":"first","10":"instock","11":"shipping-taxable","12":"purchasable","13":"product-type-simple"},"acf":[],"_links":{"self":[{"href":"https:\/\/schupp.ch\/fr\/wp-json\/wp\/v2\/product\/6027","targetHints":{"allow":["GET"]}}],"collection":[{"href":"https:\/\/schupp.ch\/fr\/wp-json\/wp\/v2\/product"}],"about":[{"href":"https:\/\/schupp.ch\/fr\/wp-json\/wp\/v2\/types\/product"}],"wp:featuredmedia":[{"embeddable":true,"href":"https:\/\/schupp.ch\/fr\/wp-json\/wp\/v2\/media\/1116"}],"wp:attachment":[{"href":"https:\/\/schupp.ch\/fr\/wp-json\/wp\/v2\/media?parent=6027"}],"wp:term":[{"taxonomy":"product_brand","embeddable":true,"href":"https:\/\/schupp.ch\/fr\/wp-json\/wp\/v2\/product_brand?post=6027"},{"taxonomy":"product_cat","embeddable":true,"href":"https:\/\/schupp.ch\/fr\/wp-json\/wp\/v2\/product_cat?post=6027"},{"taxonomy":"product_tag","embeddable":true,"href":"https:\/\/schupp.ch\/fr\/wp-json\/wp\/v2\/product_tag?post=6027"}],"curies":[{"name":"wp","href":"https:\/\/api.w.org\/{rel}","templated":true}]}}