{"id":6028,"date":"2024-01-24T15:11:35","date_gmt":"2024-01-24T14:11:35","guid":{"rendered":"https:\/\/schupp.ch\/p\/tubes-isolants-mylar-non-retractables-classe-b-130-c\/"},"modified":"2026-01-01T18:27:55","modified_gmt":"2026-01-01T17:27:55","slug":"tubes-isolants-mylar-non-retractables-classe-b-130-c","status":"publish","type":"product","link":"https:\/\/schupp.ch\/fr\/p\/tubes-isolants-mylar-non-retractables-classe-b-130-c\/","title":{"rendered":"Tubes isolants Mylar\u00ae, non r\u00e9tractables, classe B (130 \u00b0C)"},"content":{"rendered":"<p>&nbsp;<\/p>\n<p><strong>Propri\u00e9t\u00e9s<\/strong><\/p>\n<ul>\n<li>Gaine isolante et de protection enroul\u00e9e, multicouche, pour les applications en classe de temp\u00e9rature B<\/li>\n<li>Mat\u00e9riau: Film polyester DuPont\u2122 Mylar\u00ae A<\/li>\n<li>Diam\u00e8tre int\u00e9rieur de 1,60 mm \u00e0 210,00<\/li>\n<li>disponibles avec des \u00e9paisseurs de paroi de 0,030 mm \u00e0 2,00 mm.<\/li>\n<li>Tube isolant en polyester pr\u00e9cis et non r\u00e9tractable pour les applications jusqu&rsquo;\u00e0 155 \u00b0C.<\/li>\n<li>Le mat\u00e9riel est approuv\u00e9 par UL<\/li>\n<\/ul>\n<p>&nbsp;<\/p>\n<p><strong>Donn\u00e9es techniques<\/strong><\/p>\n<table>\n<tbody>\n<tr>\n<td colspan=\"4\" width=\"643\"><strong>Caract\u00e9ristiques \u00e9lectriques<\/strong><\/td>\n<\/tr>\n<tr>\n<td width=\"240\">Propri\u00e9t\u00e9s du film<\/td>\n<td width=\"98\">Valeur typique<\/td>\n<td width=\"194\">Condition de test<\/td>\n<td width=\"111\">M\u00e9thode de test<\/td>\n<\/tr>\n<tr>\n<td width=\"240\">R\u00e9sistance di\u00e9lectrique [V]<\/td>\n<td width=\"98\">6400<\/td>\n<td width=\"194\">25 \u00baC, 50Hz et \u00e9lectrode de 50 mm<\/td>\n<td width=\"111\">ASTM D 149-64<\/td>\n<\/tr>\n<tr>\n<td width=\"240\">\u00c9paisseur du film [mm]<\/td>\n<td width=\"98\">0,0254<\/td>\n<td width=\"194\">25 \u00baC, 7500 V, 150 \u00baC, 5000 V<\/td>\n<td width=\"111\"><\/td>\n<\/tr>\n<tr>\n<td width=\"240\">R\u00e9sistance de surface [\u03a9 \/carr\u00e9]<\/td>\n<td width=\"98\">1016<\/td>\n<td width=\"194\">25 \u00baC, 30% d&rsquo;humidit\u00e9 relative<\/td>\n<td width=\"111\">ASTM D 257-78<\/td>\n<\/tr>\n<\/tbody>\n<\/table>\n<p>&nbsp;<\/p>\n<table>\n<tbody>\n<tr>\n<td colspan=\"4\" width=\"643\"><strong>Propri\u00e9t\u00e9s physiques<\/strong><\/td>\n<\/tr>\n<tr>\n<td width=\"240\">Propri\u00e9t\u00e9s du film<\/td>\n<td width=\"97\">Valeur typique<\/td>\n<td width=\"194\">Condition de test<\/td>\n<td width=\"111\">M\u00e9thode de test<\/td>\n<\/tr>\n<tr>\n<td width=\"240\">R\u00e9sistance \u00e0 la d\u00e9chirureDirection (LR) [Mpa]<\/td>\n<td width=\"97\">200<\/td>\n<td width=\"194\">25 \u00baC<\/td>\n<td width=\"111\">ASTM D 882-80<\/td>\n<\/tr>\n<tr>\n<td width=\"240\">Allongement \u00e0 la rupture (LR) [%]<\/td>\n<td width=\"97\">130<\/td>\n<td width=\"194\">25 \u00baC<\/td>\n<td width=\"111\">ASTM D 882-80<\/td>\n<\/tr>\n<tr>\n<td width=\"240\">Traction pour 5% d&rsquo;allongement (LR) [Mpa]<\/td>\n<td width=\"97\">105<\/td>\n<td width=\"194\">25 \u00baC<\/td>\n<td width=\"111\">ASTM D 882-80<\/td>\n<\/tr>\n<tr>\n<td width=\"240\">Absorption d&rsquo;humidit\u00e9<\/td>\n<td width=\"97\">inf\u00e9rieure \u00e0 8<\/td>\n<td width=\"194\">immerg\u00e9 pendant 24 h \u00e0 25 \u00baC<\/td>\n<td width=\"111\">ASTM D 570-63<\/td>\n<\/tr>\n<\/tbody>\n<\/table>\n<p>&nbsp;<\/p>\n<table>\n<tbody>\n<tr>\n<td colspan=\"3\" width=\"482\"><strong>Propri\u00e9t\u00e9s thermiques<\/strong><\/td>\n<\/tr>\n<tr>\n<td width=\"164\">Propri\u00e9t\u00e9s du film<\/td>\n<td width=\"156\">Valeur typique<\/td>\n<td width=\"162\">M\u00e9thode de test<\/td>\n<\/tr>\n<tr>\n<td width=\"164\">Point de fusion<\/td>\n<td width=\"156\">253-255\u00b0C<\/td>\n<td width=\"162\">ASTM D 3148-82<\/td>\n<\/tr>\n<\/tbody>\n<\/table>\n<p>&nbsp;<\/p>\n<p><strong>Num\u00e9ro d&rsquo;article :<br \/>\n<\/strong>Exemple : IRNMY0100\/005\/0500<br \/>\nIRMY = num\u00e9ro principal<br \/>\n0100 = 1,00 mm de diam\u00e8tre<br \/>\n005 = 0,05 mm d&rsquo;\u00e9paisseur de paroi<br \/>\n0500 = 500 mm de longueur<\/p>\n<p>&nbsp;<\/p>\n","protected":false},"excerpt":{"rendered":"<p>&nbsp;<\/p>\n<h5>La gaine isolante non r\u00e9tractable en Mylar\u00ae A est utilis\u00e9e pour une isolation robuste dans les applications \u00e9lectriques. Pour des applications sp\u00e9ciales, il est \u00e9galement disponible avec un rev\u00eatement de surface \u00e9lectriquement conducteur. Il est enroul\u00e9 tr\u00e8s pr\u00e9cis\u00e9ment \u00e0 partir d&rsquo;un film polyester. Il pr\u00e9sente une r\u00e9sistance \u00e9lev\u00e9e au claquage \u00e9lectrique et aux chocs m\u00e9caniques et convient \u00e9galement aux applications exigeantes. Il est principalement utilis\u00e9 comme isolation secondaire dans les bobinages de moteurs \u00e9lectriques impr\u00e9gn\u00e9s avec de vernis.<\/h5>\n<p>&nbsp;<\/p>\n","protected":false},"featured_media":4877,"template":"","meta":{"_acf_changed":false},"product_brand":[],"product_cat":[217,302],"product_tag":[],"class_list":{"0":"post-6028","1":"product","2":"type-product","3":"status-publish","4":"has-post-thumbnail","6":"product_cat-tuyaux-techniques","7":"product_cat-tubes-isolants-enroules","9":"first","10":"instock","11":"shipping-taxable","12":"purchasable","13":"product-type-simple"},"acf":[],"_links":{"self":[{"href":"https:\/\/schupp.ch\/fr\/wp-json\/wp\/v2\/product\/6028","targetHints":{"allow":["GET"]}}],"collection":[{"href":"https:\/\/schupp.ch\/fr\/wp-json\/wp\/v2\/product"}],"about":[{"href":"https:\/\/schupp.ch\/fr\/wp-json\/wp\/v2\/types\/product"}],"wp:featuredmedia":[{"embeddable":true,"href":"https:\/\/schupp.ch\/fr\/wp-json\/wp\/v2\/media\/4877"}],"wp:attachment":[{"href":"https:\/\/schupp.ch\/fr\/wp-json\/wp\/v2\/media?parent=6028"}],"wp:term":[{"taxonomy":"product_brand","embeddable":true,"href":"https:\/\/schupp.ch\/fr\/wp-json\/wp\/v2\/product_brand?post=6028"},{"taxonomy":"product_cat","embeddable":true,"href":"https:\/\/schupp.ch\/fr\/wp-json\/wp\/v2\/product_cat?post=6028"},{"taxonomy":"product_tag","embeddable":true,"href":"https:\/\/schupp.ch\/fr\/wp-json\/wp\/v2\/product_tag?post=6028"}],"curies":[{"name":"wp","href":"https:\/\/api.w.org\/{rel}","templated":true}]}}