{"id":6031,"date":"2024-01-24T15:33:32","date_gmt":"2024-01-24T14:33:32","guid":{"rendered":"https:\/\/schupp.ch\/p\/tubes-isolants-kapton-hn-non-retractables-classe-c-200-c\/"},"modified":"2025-12-30T15:28:10","modified_gmt":"2025-12-30T14:28:10","slug":"tubes-isolants-kapton-hn-non-retractables-classe-c-200-c","status":"publish","type":"product","link":"https:\/\/schupp.ch\/fr\/p\/tubes-isolants-kapton-hn-non-retractables-classe-c-200-c\/","title":{"rendered":"Tubes isolants Kapton\u00ae HN, non r\u00e9tractables, classe C (> 200 \u00b0C)"},"content":{"rendered":"<p>&nbsp;<\/p>\n<p><strong>Propri\u00e9t\u00e9s<\/strong><\/p>\n<ul>\n<li>Gaine isolante et de protection enroul\u00e9e pour les applications en classe de temp\u00e9rature C<\/li>\n<li>Mat\u00e9riau: DuPont\u2122 Kapton\u00ae HN<\/li>\n<li>Diam\u00e8tres int\u00e9rieurs de 1,60 mm \u00e0 210 disponibles avec des \u00e9paisseurs de paroi \u00e0 partir de 0,028 mm.<\/li>\n<li>Excellentes propri\u00e9t\u00e9s m\u00e9caniques.<\/li>\n<li>Pour les applications en classe de temp\u00e9rature C jusqu&rsquo;\u00e0 250 \u00b0C.<\/li>\n<li>La rigidit\u00e9 di\u00e9lectrique reste intacte m\u00eame en cas d&rsquo;exposition aux radiations<\/li>\n<\/ul>\n<p>&nbsp;<\/p>\n<p><strong>Donn\u00e9es techniques<\/strong><\/p>\n<table>\n<tbody>\n<tr>\n<td colspan=\"7\" width=\"631\"><strong>Caract\u00e9ristiques \u00e9lectriques<\/strong><\/td>\n<\/tr>\n<tr>\n<td colspan=\"2\" rowspan=\"2\" width=\"222\"><strong>Caract\u00e9ristiques<\/strong><\/td>\n<td colspan=\"3\" width=\"195\"><strong>Valeur typique pour le film 25 \u00b5m<\/strong><\/td>\n<td rowspan=\"2\" width=\"94\"><strong>Condition de test<\/strong><\/td>\n<td rowspan=\"2\" width=\"120\"><strong>M\u00e9thode de test<\/strong><\/td>\n<\/tr>\n<tr>\n<td width=\"56\"><strong>-195 \u00b0C<\/strong><\/td>\n<td width=\"64\"><strong>25 \u00b0C<\/strong><\/td>\n<td width=\"74\"><strong>200 \u00b0C<\/strong><\/td>\n<\/tr>\n<tr>\n<td colspan=\"2\" width=\"222\">\u00e0 court terme<\/td>\n<td width=\"56\"><\/td>\n<td width=\"64\"><\/td>\n<td width=\"74\"><\/td>\n<td width=\"94\"><\/td>\n<td width=\"120\"><\/td>\n<\/tr>\n<tr>\n<td width=\"180\">R\u00e9sistance di\u00e9lectrique<\/td>\n<td width=\"43\">[kV]<\/td>\n<td width=\"56\">10,8<\/td>\n<td width=\"64\">7,0<\/td>\n<td width=\"74\">5,6<\/td>\n<td width=\"94\">60 Hz<\/td>\n<td width=\"120\">ASTM D 149-64<\/td>\n<\/tr>\n<tr>\n<td colspan=\"2\" width=\"222\">Constante di\u00e9lectrique<\/td>\n<td width=\"56\">&#8212;<\/td>\n<td width=\"64\">3,5<\/td>\n<td width=\"74\">3,0<\/td>\n<td width=\"94\">1000 Hz<\/td>\n<td width=\"120\">ASTM D 150-64T<\/td>\n<\/tr>\n<tr>\n<td colspan=\"2\" width=\"222\">Facteur de perte<\/td>\n<td width=\"56\">&#8212;<\/td>\n<td width=\"64\">0,003<\/td>\n<td width=\"74\">0,002<\/td>\n<td width=\"94\">1000 Hz<\/td>\n<td width=\"120\">ASTM D 150-64T<\/td>\n<\/tr>\n<tr>\n<td width=\"180\">R\u00e9sistance de contact<\/td>\n<td width=\"43\">[\u03a9\/m]<\/td>\n<td width=\"56\">&#8212;<\/td>\n<td width=\"64\">1016<\/td>\n<td width=\"74\">1012<\/td>\n<td width=\"94\">&#8212;<\/td>\n<td width=\"120\">ASTM D 257-61<\/td>\n<\/tr>\n<tr>\n<td colspan=\"2\" width=\"222\">R\u00e9sistance de surface [\u03a9\/carr\u00e9]<\/td>\n<td width=\"56\">&#8212;<\/td>\n<td width=\"64\">1016<\/td>\n<td width=\"74\">&#8212;<\/td>\n<td width=\"94\">50% d&rsquo;humidit\u00e9 relative<\/td>\n<td width=\"120\">ASTM D 257-61<\/td>\n<\/tr>\n<tr>\n<td width=\"180\">Tension de d\u00e9charge en couronne<\/td>\n<td width=\"43\">[V]<\/td>\n<td width=\"56\">&#8212;<\/td>\n<td width=\"64\">465<\/td>\n<td width=\"74\">&#8212;<\/td>\n<td width=\"94\">50% d&rsquo;humidit\u00e9 relative<\/td>\n<td width=\"120\">ASTM D 1868-61T<\/td>\n<\/tr>\n<tr>\n<td width=\"180\">R\u00e9sistance d&rsquo;isolement<\/td>\n<td width=\"43\">[M\u03a9\/F]<\/td>\n<td width=\"56\">&#8212;<\/td>\n<td width=\"64\">100000<\/td>\n<td width=\"74\">&#8212;<\/td>\n<td width=\"94\"><\/td>\n<td width=\"120\">mesur\u00e9 \u00e0 partir d&rsquo;un condensateur enroul\u00e9 avec un film de 25 \u00b5m H<br \/>\n0,05 \u00b5F<\/td>\n<\/tr>\n<\/tbody>\n<\/table>\n<p>&nbsp;<\/p>\n<table>\n<tbody>\n<tr>\n<td colspan=\"6\" width=\"601\"><strong>Propri\u00e9t\u00e9s physiques<\/strong><\/td>\n<\/tr>\n<tr>\n<td colspan=\"2\" rowspan=\"2\" width=\"262\"><strong>Propri\u00e9t\u00e9s<\/strong><\/td>\n<td colspan=\"3\" width=\"185\"><strong>Valeur typique pour un film 25 \u00b5m<\/strong><\/td>\n<td rowspan=\"2\" width=\"150\"><strong>M\u00e9thode de test<\/strong><\/td>\n<\/tr>\n<tr>\n<td width=\"59\"><strong>-195 \u00b0C<\/strong><\/td>\n<td width=\"61\"><strong>25\u00b0 C<\/strong><\/td>\n<td width=\"62\"><strong>200 \u00b0C<\/strong><\/td>\n<\/tr>\n<tr>\n<td width=\"199\">R\u00e9sistance \u00e0 la d\u00e9chirure (LR)<\/td>\n<td width=\"61\">[kg\/cm2]<br \/>\n[MPa]<\/td>\n<td width=\"59\">2\u2018450<br \/>\n241<\/td>\n<td width=\"61\">1\u2018750<br \/>\n172<\/td>\n<td width=\"62\">1\u2018200<br \/>\n117<\/td>\n<td width=\"150\">ASTM D 882-64T<\/td>\n<\/tr>\n<tr>\n<td width=\"199\">Limite d&rsquo;\u00e9lasticit\u00e9 (LR)<\/td>\n<td width=\"61\">[kg\/cm2]<br \/>\n[MPa]<\/td>\n<td width=\"59\">&#8211;<\/td>\n<td width=\"61\">700<br \/>\n69<\/td>\n<td width=\"62\">420<br \/>\n41<\/td>\n<td width=\"150\">ASTM D 882-64T<\/td>\n<\/tr>\n<tr>\n<td width=\"199\">Traction pour 5% d&rsquo;allongement (LR)<\/td>\n<td width=\"61\">[kg\/cm2]<br \/>\n[MPa]<\/td>\n<td width=\"59\">&#8211;<\/td>\n<td width=\"61\">910<br \/>\n90<\/td>\n<td width=\"62\">600<br \/>\n59<\/td>\n<td width=\"150\">ASTM D 882-64T<\/td>\n<\/tr>\n<tr>\n<td width=\"199\">Allongement \u00e0 la rupture (LR)<\/td>\n<td width=\"61\">[%]<\/td>\n<td width=\"59\">2<\/td>\n<td width=\"61\">70<\/td>\n<td width=\"62\">90<\/td>\n<td width=\"150\">ASTM D 882-64T<\/td>\n<\/tr>\n<tr>\n<td width=\"199\">Module de traction (LR)<\/td>\n<td width=\"61\">[kg\/cm2]<br \/>\n[MPa]<\/td>\n<td width=\"59\">35\u2018800<br \/>\n3\u2018500<\/td>\n<td width=\"61\">30\u2018000<br \/>\n2\u2018950<\/td>\n<td width=\"62\">18\u2018200<br \/>\n1\u2018800<\/td>\n<td width=\"150\">ASTM D 882-64T<\/td>\n<\/tr>\n<tr>\n<td width=\"199\">R\u00e9sistance aux chocs (D)<\/td>\n<td width=\"61\">[kg\/cm] [N\/m]<\/td>\n<td width=\"59\">&#8211;<\/td>\n<td width=\"61\">6<br \/>\n0,6<\/td>\n<td width=\"62\">&#8211;<\/td>\n<td width=\"150\">DuPont\u2122 Test d&rsquo;impact pneumatique<\/td>\n<\/tr>\n<tr>\n<td width=\"199\">R\u00e9sistance au pliage (MIT)<\/td>\n<td width=\"61\">Cycles<\/td>\n<td width=\"59\">&#8211;<\/td>\n<td width=\"61\">10&rsquo;000<\/td>\n<td width=\"62\">&#8211;<\/td>\n<td width=\"150\">ASTM D 2176-63T<\/td>\n<\/tr>\n<tr>\n<td width=\"199\">R\u00e9sistance \u00e0 la d\u00e9chirure (Elmendorf)<\/td>\n<td width=\"61\">[g]<br \/>\n[mN]<\/td>\n<td width=\"59\">&#8211;<\/td>\n<td width=\"61\">8<br \/>\n78<\/td>\n<td width=\"62\">&#8211;<\/td>\n<td width=\"150\">ASTM D 1922-61T<\/td>\n<\/tr>\n<tr>\n<td width=\"199\">R\u00e9sistance \u00e0 la d\u00e9chirure (Graves)<\/td>\n<td width=\"61\">[g]<br \/>\n[N]<\/td>\n<td width=\"59\">&#8211;<\/td>\n<td width=\"61\">510<br \/>\n5<\/td>\n<td width=\"62\">&#8211;<\/td>\n<td width=\"150\">ASTM D 1004-61<\/td>\n<\/tr>\n<tr>\n<td width=\"199\">Test d&rsquo;\u00e9clatement (Mullen)<\/td>\n<td width=\"61\">[kg\/cm2]<br \/>\n[kPa]<\/td>\n<td width=\"59\">&#8211;<\/td>\n<td width=\"61\">5,25<br \/>\n517<\/td>\n<td width=\"62\">&#8211;<\/td>\n<td width=\"150\">ASTM D 774-63T<\/td>\n<\/tr>\n<tr>\n<td width=\"199\">Densit\u00e9<\/td>\n<td width=\"61\">[Mg\/m2]<\/td>\n<td width=\"59\"><\/td>\n<td width=\"61\">1,42<\/td>\n<td width=\"62\">&#8211;<\/td>\n<td width=\"150\">ASTM D 1505-63T<\/td>\n<\/tr>\n<tr>\n<td colspan=\"2\" width=\"262\">Coefficient de frottement \/ glissement film \u00e0 film<\/td>\n<td width=\"59\">&#8211;<\/td>\n<td width=\"61\">0,42<\/td>\n<td width=\"62\">&#8211;<\/td>\n<td width=\"150\">ASTM D 1894-63<\/td>\n<\/tr>\n<tr>\n<td colspan=\"2\" width=\"262\">Indice de r\u00e9fraction (ligne de Becke)<\/td>\n<td width=\"59\">&#8211;<\/td>\n<td width=\"61\">1,78<\/td>\n<td width=\"62\">&#8211;<\/td>\n<td width=\"150\">Dictionnaire encyclop\u00e9dique de la physique, volume 1<\/td>\n<\/tr>\n<tr>\n<td width=\"199\">Poids surfacique<\/td>\n<td width=\"61\">[ m2\/kg]<\/td>\n<td width=\"59\">&#8211;<\/td>\n<td width=\"61\">28<\/td>\n<td width=\"62\">&#8211;<\/td>\n<td width=\"150\">Calcul<\/td>\n<\/tr>\n<\/tbody>\n<\/table>\n<p>&nbsp;<\/p>\n<table>\n<tbody>\n<tr>\n<td colspan=\"4\" width=\"631\"><strong>Propri\u00e9t\u00e9s thermiques<\/strong><\/td>\n<\/tr>\n<tr>\n<td width=\"176\"><strong>Propri\u00e9t\u00e9s<\/strong><\/td>\n<td width=\"194\"><strong>Valeur typique pour le film 25 \u00b5m<\/strong><\/td>\n<td width=\"138\"><strong>Condition de test<\/strong><\/td>\n<td width=\"122\"><strong>M\u00e9thode de test<\/strong><\/td>\n<\/tr>\n<tr>\n<td width=\"176\">Point de fusion<\/td>\n<td width=\"194\">pas de<\/td>\n<td width=\"138\"><\/td>\n<td width=\"122\"><\/td>\n<\/tr>\n<tr>\n<td width=\"176\">Temp\u00e9rature de r\u00e9sistance z\u00e9ro*)<\/td>\n<td width=\"194\">815 \u00b0C<\/td>\n<td width=\"138\">1,4 kg\/cm2 (138 kPa) Charge pendant 5 s<\/td>\n<td width=\"122\">Barre chaude (test DuPont\u2122)<\/td>\n<\/tr>\n<tr>\n<td width=\"176\">&nbsp;<\/p>\n<p>Temp\u00e9rature de ramollissement<\/td>\n<td width=\"194\">435 \u00b0C<br \/>\n525 \u00b0C<\/td>\n<td width=\"138\">25 \u00b5m<br \/>\n50-125 \u00b5m<\/td>\n<td width=\"122\">\u00c9chantillon pond\u00e9r\u00e9 sur film chauff\u00e9 (test DuPont\u2122)<\/td>\n<\/tr>\n<tr>\n<td width=\"176\">Coefficient de dilatation thermique<\/td>\n<td width=\"194\">2,0 x 10-5\/K<\/td>\n<td width=\"138\">-14 \u00b0C \u00e0 38 \u00b0C<\/td>\n<td width=\"122\">ASTM D 696-44<\/td>\n<\/tr>\n<tr>\n<td rowspan=\"3\" width=\"176\">Coefficient thermique de conductivit\u00e9<br \/>\n[cal] [cm]<\/td>\n<td width=\"194\">3,72 x 10-4 [cm2][s][\u00b0C][0,156W\/m\/K]<\/td>\n<td width=\"138\">25 \u00b0C<\/td>\n<td rowspan=\"3\" width=\"122\">Mod\u00e8le TC-1 000 Twin Heatmeter Comparitive Tester<\/td>\n<\/tr>\n<tr>\n<td width=\"194\">3,89 x 10-4 [cm2][s][\u00b0C][0,163W\/m\/K]<\/td>\n<td width=\"138\">75 \u00b0C<\/td>\n<\/tr>\n<tr>\n<td width=\"194\">4,26 x 10-4 [cm2][s][\u00b0C][0,178W\/m\/K]<\/td>\n<td width=\"138\">200 \u00b0C<\/td>\n<\/tr>\n<tr>\n<td width=\"176\">Inflammabilit\u00e9<\/td>\n<td width=\"194\">auto-extinguible<\/td>\n<td width=\"138\">&#8211;<\/td>\n<td width=\"122\"><\/td>\n<\/tr>\n<tr>\n<td width=\"176\">thermosoudable<\/td>\n<td width=\"194\">non<\/td>\n<td width=\"138\">&#8211;<\/td>\n<td width=\"122\"><\/td>\n<\/tr>\n<tr>\n<td width=\"176\">Capacit\u00e9 thermique<\/td>\n<td width=\"194\">0,261 cal\/g\/\u00b0C (1092 J\/kg\/K)<\/td>\n<td width=\"138\">40 \u00b0C<\/td>\n<td width=\"122\">Calorim\u00e8tre diff\u00e9rentiel<\/td>\n<\/tr>\n<\/tbody>\n<\/table>\n<p>*) Temp\u00e9rature \u00e0 laquelle le film r\u00e9siste \u00e0 une traction de 0,014 MPas (20psi) pendant 5 secondes.<\/p>\n<p>&nbsp;<\/p>\n<p><strong>Num\u00e9ro d&rsquo;article :<br \/>\n<\/strong>Exemple : IRNKH0100\/005\/0500<br \/>\nIRNKH = num\u00e9ro de fiche<br \/>\n0100 = 1,00 mm de diam\u00e8tre<br \/>\n005 = 0,05 mm d&rsquo;\u00e9paisseur de paroi<br \/>\n0500 = 500 mm de longueur<\/p>\n<p>&nbsp;<\/p>\n","protected":false},"excerpt":{"rendered":"<p>&nbsp;<\/p>\n<h5>Le tube isolant non r\u00e9tractable enroul\u00e9 en Kapton\u00ae est extr\u00eamement stable et peut \u00eatre utilis\u00e9 dans les applications les plus exigeantes de l&rsquo;a\u00e9rospatiale, de l&rsquo;aviation et de l&rsquo;automobile. Il est utilis\u00e9 l\u00e0 o\u00f9 une rigidit\u00e9 di\u00e9lectrique et une r\u00e9sistance m\u00e9canique \u00e9lev\u00e9es sont requises malgr\u00e9 une faible \u00e9paisseur de paroi. Il est adapt\u00e9 aux applications dans les environnements les plus difficiles.<\/h5>\n<p>&nbsp;<\/p>\n","protected":false},"featured_media":1140,"template":"","meta":{"_acf_changed":false},"product_brand":[],"product_cat":[217,302],"product_tag":[],"class_list":{"0":"post-6031","1":"product","2":"type-product","3":"status-publish","4":"has-post-thumbnail","6":"product_cat-tuyaux-techniques","7":"product_cat-tubes-isolants-enroules","9":"first","10":"instock","11":"shipping-taxable","12":"purchasable","13":"product-type-simple"},"acf":[],"_links":{"self":[{"href":"https:\/\/schupp.ch\/fr\/wp-json\/wp\/v2\/product\/6031","targetHints":{"allow":["GET"]}}],"collection":[{"href":"https:\/\/schupp.ch\/fr\/wp-json\/wp\/v2\/product"}],"about":[{"href":"https:\/\/schupp.ch\/fr\/wp-json\/wp\/v2\/types\/product"}],"wp:featuredmedia":[{"embeddable":true,"href":"https:\/\/schupp.ch\/fr\/wp-json\/wp\/v2\/media\/1140"}],"wp:attachment":[{"href":"https:\/\/schupp.ch\/fr\/wp-json\/wp\/v2\/media?parent=6031"}],"wp:term":[{"taxonomy":"product_brand","embeddable":true,"href":"https:\/\/schupp.ch\/fr\/wp-json\/wp\/v2\/product_brand?post=6031"},{"taxonomy":"product_cat","embeddable":true,"href":"https:\/\/schupp.ch\/fr\/wp-json\/wp\/v2\/product_cat?post=6031"},{"taxonomy":"product_tag","embeddable":true,"href":"https:\/\/schupp.ch\/fr\/wp-json\/wp\/v2\/product_tag?post=6031"}],"curies":[{"name":"wp","href":"https:\/\/api.w.org\/{rel}","templated":true}]}}