{"id":6032,"date":"2024-01-24T15:16:40","date_gmt":"2024-01-24T14:16:40","guid":{"rendered":"https:\/\/schupp.ch\/p\/tubes-isolants-nomex-mylar-non-retractables-classe-f-155-c\/"},"modified":"2026-01-02T17:23:53","modified_gmt":"2026-01-02T16:23:53","slug":"tubes-isolants-nomex-mylar-non-retractables-classe-f-155-c","status":"publish","type":"product","link":"https:\/\/schupp.ch\/fr\/p\/tubes-isolants-nomex-mylar-non-retractables-classe-f-155-c\/","title":{"rendered":"Tubes isolants Nomex\u00ae\/Mylar\u00ae, non r\u00e9tractables, classe F (155 \u00b0C)"},"content":{"rendered":"<p>&nbsp;<\/p>\n<p><strong>Propri\u00e9t\u00e9s<\/strong><\/p>\n<ul>\n<li>Tube isolant enroul\u00e9 en composite multicouche pour les applications dans les moteurs \u00e9lectriques de classe de temp\u00e9rature F<\/li>\n<li>Diam\u00e8tre int\u00e9rieur de 2,00 mm \u00e0 200,00 mm avec n&rsquo;importe quelle \u00e9paisseur de paroi<\/li>\n<li>Composite r\u00e9sistant en Mylar\u00ae et Nomex\u00ae de DuPont\u2122<\/li>\n<li>Convient pour l&rsquo;isolation dans les applications de classe de temp\u00e9rature F avec des temp\u00e9ratures continues allant jusqu&rsquo;\u00e0 155 \u00b0C.<\/li>\n<li>Le mat\u00e9riel de base est UL approv\u00e9<\/li>\n<\/ul>\n<p>&nbsp;<\/p>\n<p><strong>Donn\u00e9es techniques<\/strong><\/p>\n<p><strong>Lamin\u00e9 ext\u00e9rieur : Film polyester DuPont\u2122 Mylar\u00ae A<\/strong><\/p>\n<table width=\"643\">\n<tbody>\n<tr>\n<td colspan=\"4\" width=\"643\"><strong>Caract\u00e9ristiques \u00e9lectriques<\/strong><\/td>\n<\/tr>\n<tr>\n<td width=\"246\">Propri\u00e9t\u00e9s du film<\/td>\n<td width=\"93\">Valeur typique<\/td>\n<td width=\"190\">Condition de test<\/td>\n<td width=\"114\">M\u00e9thode de test<\/td>\n<\/tr>\n<tr>\n<td width=\"246\">R\u00e9sistance di\u00e9lectrique [V]<\/td>\n<td width=\"93\">6400<\/td>\n<td width=\"190\">25 \u00baC, 50 Hz et distance entre les \u00e9lectrodes de 50 mm<\/td>\n<td width=\"114\">ASTM D 149-64<\/td>\n<\/tr>\n<tr>\n<td width=\"246\">\u00c9paisseur du film [mm]<\/td>\n<td width=\"93\">0,0254<\/td>\n<td width=\"190\">25 \u00baC, 7500 V , 150 \u00baC 5000 V<\/td>\n<td width=\"114\">&#8211;<\/td>\n<\/tr>\n<tr>\n<td width=\"246\">R\u00e9sistance de surface [W \/Quadrat]<\/td>\n<td width=\"93\">1016<\/td>\n<td width=\"190\">25 \u00baC, 30 % d&rsquo;humidit\u00e9 relative<\/td>\n<td width=\"114\">ASTM D 257-78<\/td>\n<\/tr>\n<\/tbody>\n<\/table>\n<p>&nbsp;<\/p>\n<table width=\"643\">\n<tbody>\n<tr>\n<td colspan=\"4\" width=\"643\"><strong>Propri\u00e9t\u00e9s physiques<\/strong><\/td>\n<\/tr>\n<tr>\n<td width=\"246\">Propri\u00e9t\u00e9s du film<\/td>\n<td width=\"93\">Valeur typique<\/td>\n<td width=\"190\">Condition de test<\/td>\n<td width=\"114\">M\u00e9thode de test<\/td>\n<\/tr>\n<tr>\n<td width=\"246\">R\u00e9sistance \u00e0 la d\u00e9chirure Sens de la marche (LR) [Mpa]<\/td>\n<td width=\"93\">200<\/td>\n<td width=\"190\">25 \u00baC<\/td>\n<td width=\"114\">ASTM D 882-80<\/td>\n<\/tr>\n<tr>\n<td width=\"246\">Allongement \u00e0 la rupture (LR) [%]<\/td>\n<td width=\"93\">130<\/td>\n<td width=\"190\">25 \u00baC<\/td>\n<td width=\"114\">ASTM D 882-80<\/td>\n<\/tr>\n<tr>\n<td width=\"246\">Traction pour 5% d&rsquo;allongement (LR) [Mpa]<\/td>\n<td width=\"93\">105<\/td>\n<td width=\"190\">25 \u00baC<\/td>\n<td width=\"114\">ASTM D 882-80<\/td>\n<\/tr>\n<tr>\n<td width=\"246\">Absorption d&rsquo;humidit\u00e9<\/td>\n<td width=\"93\">inf\u00e9rieure \u00e0 8%<\/td>\n<td width=\"190\">immerg\u00e9 pendant 24 h \u00e0 25 \u00baC<\/td>\n<td width=\"114\">ASTM D 570-63<\/td>\n<\/tr>\n<\/tbody>\n<\/table>\n<p>&nbsp;<\/p>\n<table width=\"643\">\n<tbody>\n<tr>\n<td colspan=\"4\" width=\"643\"><strong>Propri\u00e9t\u00e9s thermiques<\/strong><\/td>\n<\/tr>\n<tr>\n<td width=\"225\">Propri\u00e9t\u00e9s du film<\/td>\n<td width=\"132\">Valeur typique<\/td>\n<td width=\"169\"><\/td>\n<td width=\"116\">M\u00e9thode de test<\/td>\n<\/tr>\n<tr>\n<td width=\"225\">Point de fusion<\/td>\n<td width=\"132\">253-255\u00b0C<\/td>\n<td width=\"169\"><\/td>\n<td width=\"116\">ASTM D 3148-82<\/td>\n<\/tr>\n<\/tbody>\n<\/table>\n<p>&nbsp;<\/p>\n<p><strong>Lamin\u00e9 int\u00e9rieur : DuPont \u2122 Nomex\u00ae 410<\/strong><\/p>\n<table>\n<tbody>\n<tr>\n<td colspan=\"6\" width=\"632\"><strong>Caract\u00e9ristiques \u00e9lectriques<\/strong><\/td>\n<\/tr>\n<tr>\n<td width=\"207\">Caract\u00e9ristiques du film<\/td>\n<td width=\"47\"><\/td>\n<td width=\"65\">50 \u00b5m 1mil<\/td>\n<td width=\"60\">75 \u00b5m2 mil<\/td>\n<td width=\"70\">125 \u00b5m 3mil<\/td>\n<td width=\"183\">M\u00e9thode de test<\/td>\n<\/tr>\n<tr>\n<td width=\"207\">Rigidit\u00e9 di\u00e9lectrique (AC \u00e0 forte pente)<\/td>\n<td width=\"47\">[V\/mil]<\/td>\n<td width=\"65\">430<\/td>\n<td width=\"60\">550<\/td>\n<td width=\"70\">680<\/td>\n<td width=\"183\">ASTM D149*<\/td>\n<\/tr>\n<tr>\n<td width=\"207\">Constante di\u00e9lectrique \u00e0 60Hz<\/td>\n<td width=\"47\"><\/td>\n<td width=\"65\">1,6<\/td>\n<td width=\"60\">1,6<\/td>\n<td width=\"70\">2,4<\/td>\n<td width=\"183\">ASTM D3426<\/td>\n<\/tr>\n<\/tbody>\n<\/table>\n<p>&nbsp;<\/p>\n<p>*conforme \u00e0 la norme CEI 243-1, 9.1, \u00e0 l&rsquo;exception de l&rsquo;\u00e9cartement des \u00e9lectrodes de 50 mm.<\/p>\n<p>&nbsp;<\/p>\n<table>\n<tbody>\n<tr>\n<td colspan=\"5\" width=\"601\"><strong>Propri\u00e9t\u00e9s physiques<\/strong><\/td>\n<\/tr>\n<tr>\n<td width=\"272\">Caract\u00e9ristiques du film<\/td>\n<td width=\"70\">50 \u00b5m<\/td>\n<td width=\"66\">75 \u00b5m<\/td>\n<td width=\"72\">125 \u00b5m<\/td>\n<td width=\"112\">M\u00e9thode de test<\/td>\n<\/tr>\n<tr>\n<td width=\"272\">Poids [g\/m2]<\/td>\n<td width=\"70\">41<\/td>\n<td width=\"66\">63<\/td>\n<td width=\"72\">116<\/td>\n<td rowspan=\"2\" width=\"112\">ASTM D646<\/td>\n<\/tr>\n<tr>\n<td width=\"272\">Densit\u00e9 [g\/cm3]<\/td>\n<td width=\"70\">0,72<\/td>\n<td width=\"66\">0,08<\/td>\n<td width=\"72\">0,13<\/td>\n<\/tr>\n<\/tbody>\n<\/table>\n<p>&nbsp;<\/p>\n<table>\n<tbody>\n<tr>\n<td colspan=\"6\" width=\"601\"><strong>Propri\u00e9t\u00e9s m\u00e9caniques<\/strong><\/td>\n<\/tr>\n<tr>\n<td colspan=\"2\" width=\"271\">Caract\u00e9ristiques du film<\/td>\n<td width=\"69\">50 \u00b5m<\/td>\n<td width=\"66\">75 \u00b5m<\/td>\n<td width=\"72\">125 \u00b5m<\/td>\n<td width=\"115\">M\u00e9thode de test<\/td>\n<\/tr>\n<tr>\n<td colspan=\"6\" width=\"601\"><strong>R\u00e9sistance \u00e0 la d\u00e9chirure<\/strong><\/td>\n<\/tr>\n<tr>\n<td rowspan=\"2\" width=\"218\">Dans le sens de la marche<br \/>\nEn traverse au sens de la marche<\/td>\n<td rowspan=\"2\" width=\"51\">[N\/cm]<\/td>\n<td width=\"69\">39<\/td>\n<td width=\"66\">65<\/td>\n<td width=\"72\">137<\/td>\n<td rowspan=\"2\" width=\"115\">ASTM D828<\/td>\n<\/tr>\n<tr>\n<td width=\"69\">18<\/td>\n<td width=\"66\">32<\/td>\n<td width=\"72\">66<\/td>\n<\/tr>\n<tr>\n<td colspan=\"6\" width=\"601\"><strong>Allongement \u00e0 la rupture<\/strong><\/td>\n<\/tr>\n<tr>\n<td rowspan=\"2\" width=\"218\">Dans le sens de la marche<br \/>\nEn traverse au sens de la marche<\/td>\n<td rowspan=\"2\" width=\"51\">[%]<\/td>\n<td width=\"69\">9<\/td>\n<td width=\"66\">11<\/td>\n<td width=\"72\">15<\/td>\n<td rowspan=\"2\" width=\"115\">ASTM D828<\/td>\n<\/tr>\n<tr>\n<td width=\"69\">6<\/td>\n<td width=\"66\">8<\/td>\n<td width=\"72\">12<\/td>\n<\/tr>\n<tr>\n<td colspan=\"6\" width=\"601\">R\u00e9sistance \u00e0 la d\u00e9chirure (Elmendorf)<\/td>\n<\/tr>\n<tr>\n<td rowspan=\"2\" width=\"218\">Dans le sens de la marche<br \/>\nEn traverse au sens de la marche<\/td>\n<td rowspan=\"2\" width=\"51\">[N)<\/td>\n<td width=\"69\">0,8<\/td>\n<td width=\"66\">1,2<\/td>\n<td width=\"72\">3,4<\/td>\n<td rowspan=\"2\" width=\"115\">TAPP1-414<\/td>\n<\/tr>\n<tr>\n<td width=\"69\">1,6<\/td>\n<td width=\"66\">2,3<\/td>\n<td width=\"72\">5,2<\/td>\n<\/tr>\n<tr>\n<td colspan=\"6\" width=\"601\"><strong>R\u00e9sistance \u00e0 la d\u00e9chirure<\/strong><\/td>\n<\/tr>\n<tr>\n<td rowspan=\"2\" width=\"218\">Dans le sens de la marche<br \/>\nEn traverse au sens de la marche<\/td>\n<td rowspan=\"2\" width=\"51\">[N)<\/td>\n<td width=\"69\">11<\/td>\n<td width=\"66\">16<\/td>\n<td width=\"72\">33<\/td>\n<td rowspan=\"2\" width=\"115\">TAPP1-414<\/td>\n<\/tr>\n<tr>\n<td width=\"69\">6<\/td>\n<td width=\"66\">8<\/td>\n<td width=\"72\">17<\/td>\n<\/tr>\n<tr>\n<td colspan=\"6\" width=\"601\"><strong>Retrait \u00e0 300 \u00baC<\/strong><\/td>\n<\/tr>\n<tr>\n<td rowspan=\"2\" width=\"218\">Dans le sens de la marche<br \/>\nEn traverse au sens de la marche<\/td>\n<td rowspan=\"2\" width=\"51\">[%]<\/td>\n<td width=\"69\">2,2<\/td>\n<td width=\"66\">1,1<\/td>\n<td width=\"72\">0,9<\/td>\n<td rowspan=\"2\" width=\"115\">ASTM D1004<\/td>\n<\/tr>\n<tr>\n<td width=\"69\">0,1<\/td>\n<td width=\"66\">0<\/td>\n<td width=\"72\">0<\/td>\n<\/tr>\n<\/tbody>\n<\/table>\n<p>&nbsp;<\/p>\n<p><strong>Impact de l&rsquo;humidit\u00e9 sur les propri\u00e9t\u00e9s du DuPont\u2122 Nomex\u00ae 410<\/strong><\/p>\n<table>\n<tbody>\n<tr>\n<td colspan=\"5\" width=\"631\"><strong>Caract\u00e9ristiques \u00e9lectriques<\/strong><\/td>\n<\/tr>\n<tr>\n<td width=\"304\">Humidit\u00e9<\/td>\n<td width=\"94\">S\u00e9ch\u00e9 au four<\/td>\n<td width=\"54\">50 %<\/td>\n<td width=\"60\">96 %<\/td>\n<td width=\"119\"><\/td>\n<\/tr>\n<tr>\n<td width=\"304\">DuPont\u2122 Nomex\u00ae 410 &#8211; 0,25 mm<\/td>\n<td width=\"94\"><\/td>\n<td width=\"54\"><\/td>\n<td width=\"60\"><\/td>\n<td width=\"119\"><\/td>\n<\/tr>\n<tr>\n<td width=\"304\">Rigidit\u00e9 di\u00e9lectrique [kV\/mm]<br \/>\n(AC \u00e0 forte pente) [V\/mil]<\/td>\n<td width=\"94\">33,5<br \/>\n850<\/td>\n<td width=\"54\">32,1<br \/>\n815<\/td>\n<td width=\"60\">30,7<br \/>\n780<\/td>\n<td width=\"119\">ASTM D149<\/td>\n<\/tr>\n<tr>\n<td colspan=\"5\" width=\"631\"><strong>Constante di\u00e9lectrique<\/strong><\/td>\n<\/tr>\n<tr>\n<td width=\"304\">\u00e0 60 Hz<\/td>\n<td width=\"94\">2,5<\/td>\n<td width=\"54\">2,7<\/td>\n<td width=\"60\">3,2<\/td>\n<td rowspan=\"2\" width=\"119\">ASTM D150<\/td>\n<\/tr>\n<tr>\n<td width=\"304\">\u00e0 1 KHz<\/td>\n<td width=\"94\">2,3<\/td>\n<td width=\"54\">2,6<\/td>\n<td width=\"60\">3,1<\/td>\n<\/tr>\n<tr>\n<td colspan=\"5\" width=\"631\"><strong>Facteur de perte<\/strong><\/td>\n<\/tr>\n<tr>\n<td width=\"304\">\u00e0 60 Hz<\/td>\n<td width=\"94\">6 x10-3<\/td>\n<td width=\"54\">6 x10-3<\/td>\n<td width=\"60\">11&#215;10-3<\/td>\n<td width=\"119\"><\/td>\n<\/tr>\n<tr>\n<td width=\"304\">\u00e0 1 KHz<\/td>\n<td width=\"94\">13&#215;10-3<\/td>\n<td width=\"54\">14&#215;10-3<\/td>\n<td width=\"60\">25&#215;10-3<\/td>\n<td width=\"119\"><\/td>\n<\/tr>\n<tr>\n<td width=\"304\">R\u00e9sistance de contact [W\/cm]<\/td>\n<td width=\"94\">6 x 1016<\/td>\n<td width=\"54\">2 x 1016<\/td>\n<td width=\"60\">2 x 1014<\/td>\n<td width=\"119\">ASTM D257<\/td>\n<\/tr>\n<\/tbody>\n<\/table>\n<p>&nbsp;<\/p>\n<table>\n<tbody>\n<tr>\n<td colspan=\"6\" width=\"631\"><strong>Propri\u00e9t\u00e9s physiques<\/strong><\/td>\n<\/tr>\n<tr>\n<td colspan=\"6\" width=\"631\">DuPont\u2122 Nomex\u00ae 410 &#8211; 0,08 mm<\/td>\n<\/tr>\n<tr>\n<td colspan=\"2\" width=\"276\">Humidit\u00e9<\/td>\n<td width=\"92\">S\u00e9ch\u00e9 au four<\/td>\n<td width=\"85\">50 %<\/td>\n<td width=\"83\">65 %<\/td>\n<td width=\"95\">95 %<\/td>\n<\/tr>\n<tr>\n<td colspan=\"6\" width=\"631\"><strong>Extension<\/strong><\/td>\n<\/tr>\n<tr>\n<td rowspan=\"2\" width=\"240\">Dans le sens de la marche<br \/>\nEn traverse au sens de la marche<\/td>\n<td rowspan=\"2\" width=\"36\">[%]<\/td>\n<td width=\"92\">0<\/td>\n<td width=\"85\">0,4<\/td>\n<td width=\"83\">0,6<\/td>\n<td width=\"95\">0,9<\/td>\n<\/tr>\n<tr>\n<td width=\"92\">0<\/td>\n<td width=\"85\">0,5<\/td>\n<td width=\"83\">0,8<\/td>\n<td width=\"95\">1,6<\/td>\n<\/tr>\n<tr>\n<td colspan=\"2\" width=\"276\">Absorption d&rsquo;humidit\u00e9 [%]<\/td>\n<td width=\"92\">0<\/td>\n<td width=\"85\">2,9<\/td>\n<td width=\"83\">4,9<\/td>\n<td width=\"95\">7,7<\/td>\n<\/tr>\n<\/tbody>\n<\/table>\n<p>&nbsp;<\/p>\n<p><strong>Num\u00e9ro d&rsquo;article :<br \/>\n<\/strong>Exemple : IRNNM0100\/005\/0500<br \/>\nIRNNM = num\u00e9ro principal<br \/>\n0100 = 1,00 mm de diam\u00e8tre<br \/>\n005 = 0,05 mm d&rsquo;\u00e9paisseur de paroi<br \/>\n0500 = 500 mm de longueur<\/p>\n<p>&nbsp;<\/p>\n","protected":false},"excerpt":{"rendered":"<p>&nbsp;<\/p>\n<h5>Le tube isolant non r\u00e9tractable Mylar\u00ae\/Nomex\u00ae est utilis\u00e9 pour une isolation robuste dans les applications \u00e9lectriques. Il est enroul\u00e9 de mani\u00e8re tr\u00e8s pr\u00e9cise \u00e0 partir d&rsquo;un composite de Mylar\u00ae et de Nomex\u00ae. Il pr\u00e9sente une r\u00e9sistance \u00e9lev\u00e9e au claquage \u00e9lectrique et aux chocs m\u00e9caniques et convient \u00e9galement aux applications exigeantes. Il emp\u00eache les courts-circuits \u00e9lectriques dans les bobinages des moteurs \u00e9lectriques.<\/h5>\n<p>&nbsp;<\/p>\n","protected":false},"featured_media":1128,"template":"","meta":{"_acf_changed":false},"product_brand":[],"product_cat":[217,302],"product_tag":[],"class_list":{"0":"post-6032","1":"product","2":"type-product","3":"status-publish","4":"has-post-thumbnail","6":"product_cat-tuyaux-techniques","7":"product_cat-tubes-isolants-enroules","9":"first","10":"instock","11":"shipping-taxable","12":"purchasable","13":"product-type-simple"},"acf":[],"_links":{"self":[{"href":"https:\/\/schupp.ch\/fr\/wp-json\/wp\/v2\/product\/6032","targetHints":{"allow":["GET"]}}],"collection":[{"href":"https:\/\/schupp.ch\/fr\/wp-json\/wp\/v2\/product"}],"about":[{"href":"https:\/\/schupp.ch\/fr\/wp-json\/wp\/v2\/types\/product"}],"wp:featuredmedia":[{"embeddable":true,"href":"https:\/\/schupp.ch\/fr\/wp-json\/wp\/v2\/media\/1128"}],"wp:attachment":[{"href":"https:\/\/schupp.ch\/fr\/wp-json\/wp\/v2\/media?parent=6032"}],"wp:term":[{"taxonomy":"product_brand","embeddable":true,"href":"https:\/\/schupp.ch\/fr\/wp-json\/wp\/v2\/product_brand?post=6032"},{"taxonomy":"product_cat","embeddable":true,"href":"https:\/\/schupp.ch\/fr\/wp-json\/wp\/v2\/product_cat?post=6032"},{"taxonomy":"product_tag","embeddable":true,"href":"https:\/\/schupp.ch\/fr\/wp-json\/wp\/v2\/product_tag?post=6032"}],"curies":[{"name":"wp","href":"https:\/\/api.w.org\/{rel}","templated":true}]}}