{"id":6035,"date":"2024-01-24T15:38:18","date_gmt":"2024-01-24T14:38:18","guid":{"rendered":"https:\/\/schupp.ch\/p\/tube-isolant-kapton-teflon-non-retractable-cl-h-180-c\/"},"modified":"2025-12-30T20:32:11","modified_gmt":"2025-12-30T19:32:11","slug":"tube-isolant-kapton-teflon-non-retractable-cl-h-180-c","status":"publish","type":"product","link":"https:\/\/schupp.ch\/fr\/p\/tube-isolant-kapton-teflon-non-retractable-cl-h-180-c\/","title":{"rendered":"Tube isolant Kapton\u00ae\/T\u00e9flon\u00ae, non r\u00e9tractable Cl., H (180 \u00b0C)"},"content":{"rendered":"<p>&nbsp;<\/p>\n<p><strong>Propri\u00e9t\u00e9s<\/strong><\/p>\n<ul>\n<li>Tube isolant enroul\u00e9 et rev\u00eatu pour les applications en classe de temp\u00e9rature H<\/li>\n<li>Mat\u00e9riau: Kapton\u00ae FN<\/li>\n<li>Diam\u00e8tre int\u00e9rieur \u00e0 partir de 1,6 mm.<\/li>\n<li>\u00c9paisseurs de paroi \u00e0 partir de 0,075<\/li>\n<li>Pour les applications en classe de temp\u00e9rature H jusqu&rsquo;\u00e0180 \u00b0C.<\/li>\n<li>Les tubes isolants sont \u00e9galement disponibles avec un code couleur pour les diff\u00e9rencier.<\/li>\n<li>Le mat\u00e9riau est UL<\/li>\n<\/ul>\n<p>&nbsp;<\/p>\n<p><strong>Donn\u00e9es techniques<\/strong><\/p>\n<table>\n<tbody>\n<tr>\n<td colspan=\"6\" width=\"601\"><strong>Caract\u00e9ristiques \u00e9lectriques<\/strong><\/td>\n<\/tr>\n<tr>\n<td rowspan=\"2\" width=\"249\">Paroi Kapton\u00ae HN<br \/>\nParoi FEP<\/td>\n<td rowspan=\"2\" width=\"54\">\u00c9paisseur<br \/>\n[mm]<\/td>\n<td width=\"72\">0,0127<\/td>\n<td width=\"72\">0,0254<\/td>\n<td width=\"72\">0,0508<\/td>\n<td width=\"72\">0,0508<\/td>\n<\/tr>\n<tr>\n<td width=\"72\">0,0127<\/td>\n<td width=\"72\">0,0127<\/td>\n<td width=\"72\">0,0127<\/td>\n<td width=\"72\">0,0254<\/td>\n<\/tr>\n<tr>\n<td colspan=\"6\" width=\"601\">R\u00e9sistance di\u00e9lectrique<\/td>\n<\/tr>\n<tr>\n<td width=\"249\">Total<\/td>\n<td width=\"54\">[V]<\/td>\n<td width=\"72\">&#8212;<\/td>\n<td width=\"72\">6&rsquo;300<\/td>\n<td width=\"72\">4&rsquo;000<\/td>\n<td width=\"72\">11&rsquo;400<\/td>\n<\/tr>\n<tr>\n<td width=\"249\"><\/td>\n<td width=\"54\">[V\/mil]<\/td>\n<td width=\"72\">4&rsquo;000<\/td>\n<td width=\"72\">4&rsquo;200<\/td>\n<td width=\"72\">&#8212;<\/td>\n<td width=\"72\">3&rsquo;800<\/td>\n<\/tr>\n<tr>\n<td width=\"249\">Constante di\u00e9lectrique<\/td>\n<td width=\"54\"><\/td>\n<td width=\"72\">&#8212;<\/td>\n<td width=\"72\">3,0<\/td>\n<td width=\"72\">&#8212;-<\/td>\n<td width=\"72\">3,1<\/td>\n<\/tr>\n<tr>\n<td width=\"249\">Facteur de perte<\/td>\n<td width=\"54\"><\/td>\n<td width=\"72\">&#8212;<\/td>\n<td width=\"72\">0,0014<\/td>\n<td width=\"72\">&#8211;<\/td>\n<td width=\"72\">0,0011<\/td>\n<\/tr>\n<tr>\n<td colspan=\"6\" width=\"601\">R\u00e9sistance de contact<\/td>\n<\/tr>\n<tr>\n<td width=\"249\">25\u00b0C<\/td>\n<td width=\"54\">[\u03a9-cm]<\/td>\n<td width=\"72\">1017<\/td>\n<td width=\"72\">1018<\/td>\n<td width=\"72\">7 x 1017<\/td>\n<td width=\"72\">8 x 1017<\/td>\n<\/tr>\n<tr>\n<td width=\"249\">200\u00b0C<\/td>\n<td width=\"54\">[\u03a9-cm]<\/td>\n<td width=\"72\">&#8212;<\/td>\n<td width=\"72\">1014<\/td>\n<td width=\"72\">&#8212;<\/td>\n<td width=\"72\">9 x 1013<\/td>\n<\/tr>\n<\/tbody>\n<\/table>\n<p>&nbsp;<\/p>\n<table>\n<tbody>\n<tr>\n<td colspan=\"6\" width=\"631\"><strong>Propri\u00e9t\u00e9s physiques<\/strong><\/td>\n<\/tr>\n<tr>\n<td rowspan=\"2\" width=\"277\">Paroi Kapton\u00ae HN<br \/>\nParoi FEP<\/td>\n<td rowspan=\"2\" width=\"52\">\u00c9paisseur<br \/>\n[mm]<\/td>\n<td width=\"76\">0,0127<\/td>\n<td width=\"76\">0,0254<\/td>\n<td width=\"76\">0,0508<\/td>\n<td width=\"76\">0,0508<\/td>\n<\/tr>\n<tr>\n<td width=\"76\">0,0127<\/td>\n<td width=\"76\">0,0127<\/td>\n<td width=\"76\">0,0127<\/td>\n<td width=\"76\">0,0254<\/td>\n<\/tr>\n<tr>\n<td colspan=\"6\" width=\"631\">R\u00e9sistance \u00e0 la d\u00e9chirure (LR)<\/td>\n<\/tr>\n<tr>\n<td rowspan=\"2\" width=\"277\">25\u00b0C<br \/>\n200\u00b0C<\/td>\n<td rowspan=\"2\" width=\"52\">[psi]<\/td>\n<td width=\"76\">15&rsquo;000<\/td>\n<td width=\"76\">17&rsquo;000<\/td>\n<td width=\"76\">25&rsquo;000<\/td>\n<td width=\"76\">17&rsquo;000<\/td>\n<\/tr>\n<tr>\n<td width=\"76\">10&rsquo;000<\/td>\n<td width=\"76\">11&rsquo;000<\/td>\n<td width=\"76\">16&rsquo;000<\/td>\n<td width=\"76\">11&rsquo;000<\/td>\n<\/tr>\n<tr>\n<td colspan=\"6\" width=\"631\"><strong>Traction pour 3% d&rsquo;allongement (LR)<\/strong><\/td>\n<\/tr>\n<tr>\n<td rowspan=\"2\" width=\"277\">25\u00b0C<br \/>\n200\u00b0C<\/td>\n<td rowspan=\"2\" width=\"52\">[psi]<\/td>\n<td width=\"76\">6&rsquo;000<\/td>\n<td width=\"76\">7&rsquo;300<\/td>\n<td width=\"76\">10&rsquo;000<\/td>\n<td width=\"76\">7&rsquo;300<\/td>\n<\/tr>\n<tr>\n<td width=\"76\">5&rsquo;000<\/td>\n<td width=\"76\">4&rsquo;000<\/td>\n<td width=\"76\">8&rsquo;000<\/td>\n<td width=\"76\">4&rsquo;000<\/td>\n<\/tr>\n<tr>\n<td colspan=\"6\" width=\"631\"><strong>Traction pour 5% d&rsquo;allongement (LR)<\/strong><\/td>\n<\/tr>\n<tr>\n<td rowspan=\"2\" width=\"277\">25\u00b0C<br \/>\n200\u00b0C<\/td>\n<td rowspan=\"2\" width=\"52\">[psi]<\/td>\n<td width=\"76\">&#8212;<\/td>\n<td width=\"76\">9&rsquo;000<\/td>\n<td width=\"76\">&#8212;<\/td>\n<td width=\"76\">9&rsquo;000<\/td>\n<\/tr>\n<tr>\n<td width=\"76\">&#8212;<\/td>\n<td width=\"76\">5&rsquo;500<\/td>\n<td width=\"76\">&#8212;<\/td>\n<td width=\"76\">5&rsquo;500<\/td>\n<\/tr>\n<tr>\n<td colspan=\"6\" width=\"631\"><strong>Allongement \u00e0 la rupture (LR)<\/strong><\/td>\n<\/tr>\n<tr>\n<td rowspan=\"2\" width=\"277\">25\u00b0C<br \/>\n200\u00b0C<\/td>\n<td rowspan=\"2\" width=\"52\">[%]<\/td>\n<td width=\"76\">50<\/td>\n<td width=\"76\">75<\/td>\n<td width=\"76\">80<\/td>\n<td width=\"76\">&gt;80<\/td>\n<\/tr>\n<tr>\n<td width=\"76\">&#8212;<\/td>\n<td width=\"76\">85<\/td>\n<td width=\"76\">&#8212;<\/td>\n<td width=\"76\">&#8212;<\/td>\n<\/tr>\n<tr>\n<td colspan=\"6\" width=\"631\"><strong>Module de traction (LR)<\/strong><\/td>\n<\/tr>\n<tr>\n<td rowspan=\"2\" width=\"277\">25\u00b0C<br \/>\n200\u00b0C<\/td>\n<td rowspan=\"2\" width=\"52\">[psi]<\/td>\n<td width=\"76\">&#8212;<\/td>\n<td width=\"76\">320&rsquo;000<\/td>\n<td width=\"76\">&#8212;<\/td>\n<td width=\"76\">320&rsquo;000<\/td>\n<\/tr>\n<tr>\n<td width=\"76\">&#8212;<\/td>\n<td width=\"76\">173&rsquo;000<\/td>\n<td width=\"76\">&#8212;<\/td>\n<td width=\"76\">173&rsquo;000<\/td>\n<\/tr>\n<tr>\n<td colspan=\"6\" width=\"631\"><strong>R\u00e9sistance aux chocs \u00e0 25\u00b0C<\/strong><\/td>\n<\/tr>\n<tr>\n<td rowspan=\"2\" width=\"277\"><\/td>\n<td width=\"52\">[kg\/cm]<\/td>\n<td width=\"76\">&#8212;<\/td>\n<td width=\"76\">7<\/td>\n<td width=\"76\">&#8212;<\/td>\n<td width=\"76\">14<\/td>\n<\/tr>\n<tr>\n<td width=\"52\">[kg\/mil]<\/td>\n<td width=\"76\">&#8212;<\/td>\n<td width=\"76\">4,6<\/td>\n<td width=\"76\">&#8212;<\/td>\n<td width=\"76\">4,6<\/td>\n<\/tr>\n<tr>\n<td colspan=\"6\" width=\"631\"><strong>R\u00e9sistance \u00e0 la d\u00e9chirure (Elmendorf)<\/strong><\/td>\n<\/tr>\n<tr>\n<td rowspan=\"2\" width=\"277\"><\/td>\n<td width=\"52\">[g]<\/td>\n<td width=\"76\">&#8212;<\/td>\n<td width=\"76\">20<\/td>\n<td width=\"76\">&#8212;<\/td>\n<td width=\"76\">&#8212;<\/td>\n<\/tr>\n<tr>\n<td width=\"52\">[g\/mil]<\/td>\n<td width=\"76\">7<\/td>\n<td width=\"76\">13,5<\/td>\n<td width=\"76\">12<\/td>\n<td width=\"76\">&#8212;<\/td>\n<\/tr>\n<tr>\n<td colspan=\"6\" width=\"631\"><strong>R\u00e9sistance \u00e0 la d\u00e9chirure (Graves)<\/strong><\/td>\n<\/tr>\n<tr>\n<td rowspan=\"2\" width=\"277\"><\/td>\n<td width=\"52\">[g]<\/td>\n<td width=\"76\">&#8212;<\/td>\n<td width=\"76\">650<\/td>\n<td width=\"76\">&#8212;<\/td>\n<td width=\"76\">&#8212;<\/td>\n<\/tr>\n<tr>\n<td width=\"52\">[g\/mil]<\/td>\n<td width=\"76\">&#8212;<\/td>\n<td width=\"76\">435<\/td>\n<td width=\"76\">&#8212;<\/td>\n<td width=\"76\">&#8212;<\/td>\n<\/tr>\n<tr>\n<td width=\"277\">Poids Polymide<\/td>\n<td width=\"52\">[%]<\/td>\n<td width=\"76\">40<\/td>\n<td width=\"76\">57<\/td>\n<td width=\"76\">73<\/td>\n<td width=\"76\">57<\/td>\n<\/tr>\n<tr>\n<td width=\"277\">Poids FEP<\/td>\n<td width=\"52\">[%]<\/td>\n<td width=\"76\">60<\/td>\n<td width=\"76\">43<\/td>\n<td width=\"76\">27<\/td>\n<td width=\"76\">43<\/td>\n<\/tr>\n<tr>\n<td width=\"277\">Densit\u00e9<\/td>\n<td width=\"52\">[g\/cm3]<\/td>\n<td width=\"76\">1,79<\/td>\n<td width=\"76\">1,67<\/td>\n<td width=\"76\">1,57<\/td>\n<td width=\"76\">1,67<\/td>\n<\/tr>\n<\/tbody>\n<\/table>\n<p>&nbsp;<\/p>\n<p>&nbsp;<\/p>\n<table>\n<tbody>\n<tr>\n<td colspan=\"5\" width=\"601\"><strong>Propri\u00e9t\u00e9s chimiques<\/strong><\/td>\n<\/tr>\n<tr>\n<td rowspan=\"2\" width=\"235\">Paroi Kapton\u00ae HN<br \/>\nParoi FEP<\/td>\n<td rowspan=\"2\" width=\"140\">\u00c9paisseur [mm]<\/td>\n<td width=\"73\">0,0254<\/td>\n<td width=\"73\">0,0508<\/td>\n<td width=\"73\">0,0508<\/td>\n<\/tr>\n<tr>\n<td width=\"73\">0,0127<\/td>\n<td width=\"73\">0,0127<\/td>\n<td width=\"73\">0,0254<\/td>\n<\/tr>\n<tr>\n<td colspan=\"5\" width=\"601\">Absorption d&rsquo;humidit\u00e9 \u00e0 25\u00b0C<\/td>\n<\/tr>\n<tr>\n<td colspan=\"2\" width=\"377\">(25\u00b0C) 50% Humidit\u00e9 relative [%]<\/td>\n<td width=\"73\">0,8<\/td>\n<td width=\"73\">0,8<\/td>\n<td width=\"73\">0,8<\/td>\n<\/tr>\n<tr>\n<td colspan=\"2\" width=\"377\">98% Humidit\u00e9 relative [%]<\/td>\n<td width=\"73\">1,7<\/td>\n<td width=\"73\">1,7<\/td>\n<td width=\"73\">1,7<\/td>\n<\/tr>\n<tr>\n<td rowspan=\"2\" width=\"235\">Perm\u00e9abilit\u00e9 \u00e0 la vapeur d&rsquo;eau<\/td>\n<td width=\"140\">g\/(100 in.2 ) (24 h.<\/td>\n<td width=\"73\">0,57<\/td>\n<td width=\"73\">&#8212;<\/td>\n<td width=\"73\">&#8212;<\/td>\n<\/tr>\n<tr>\n<td width=\"140\">g\/(100 in.2 ) (24 h)\/mil<\/td>\n<td width=\"73\">0,85<\/td>\n<td width=\"73\">&#8212;<\/td>\n<td width=\"73\">&#8212;<\/td>\n<\/tr>\n<\/tbody>\n<\/table>\n<p>&nbsp;<\/p>\n<p><strong>Num\u00e9ro d&rsquo;article : <\/strong><\/p>\n<p>Exemple : IRNKF0100\/005\/0500<br \/>\nIRNKF = num\u00e9ro de fiche<br \/>\n0100 = 1,00 mm de diam\u00e8tre<br \/>\n005 = 0,05 mm d&rsquo;\u00e9paisseur de paroi<br \/>\n0500 = 500 mm de longueur<\/p>\n<p>&nbsp;<\/p>\n","protected":false},"excerpt":{"rendered":"<p>&nbsp;<\/p>\n<h5>Enroul\u00e9e en Kapton\u00ae, cette gaine isolante non r\u00e9tractable est rev\u00eatue de FEP et peut \u00eatre utilis\u00e9e dans les applications les plus exigeantes. Il est utilis\u00e9 l\u00e0 o\u00f9 une rigidit\u00e9 di\u00e9lectrique, une r\u00e9sistance m\u00e9canique et une r\u00e9sistance \u00e0 l&rsquo;humidit\u00e9 \u00e9lev\u00e9es sont requises malgr\u00e9 une faible \u00e9paisseur de paroi. Il est adapt\u00e9 aux applications dans les environnements les plus difficiles et \u00e0 des temp\u00e9ratures de fonctionnement allant jusqu&rsquo;\u00e0 200 \u00b0C. La structure avec soudure sans adh\u00e9sif garantit que seuls le FEP et le polyimide sont pr\u00e9sents dans le produit.<\/h5>\n<p>&nbsp;<\/p>\n","protected":false},"featured_media":1144,"template":"","meta":{"_acf_changed":false},"product_brand":[],"product_cat":[217,302],"product_tag":[],"class_list":{"0":"post-6035","1":"product","2":"type-product","3":"status-publish","4":"has-post-thumbnail","6":"product_cat-tuyaux-techniques","7":"product_cat-tubes-isolants-enroules","9":"first","10":"instock","11":"shipping-taxable","12":"purchasable","13":"product-type-simple"},"acf":[],"_links":{"self":[{"href":"https:\/\/schupp.ch\/fr\/wp-json\/wp\/v2\/product\/6035","targetHints":{"allow":["GET"]}}],"collection":[{"href":"https:\/\/schupp.ch\/fr\/wp-json\/wp\/v2\/product"}],"about":[{"href":"https:\/\/schupp.ch\/fr\/wp-json\/wp\/v2\/types\/product"}],"wp:featuredmedia":[{"embeddable":true,"href":"https:\/\/schupp.ch\/fr\/wp-json\/wp\/v2\/media\/1144"}],"wp:attachment":[{"href":"https:\/\/schupp.ch\/fr\/wp-json\/wp\/v2\/media?parent=6035"}],"wp:term":[{"taxonomy":"product_brand","embeddable":true,"href":"https:\/\/schupp.ch\/fr\/wp-json\/wp\/v2\/product_brand?post=6035"},{"taxonomy":"product_cat","embeddable":true,"href":"https:\/\/schupp.ch\/fr\/wp-json\/wp\/v2\/product_cat?post=6035"},{"taxonomy":"product_tag","embeddable":true,"href":"https:\/\/schupp.ch\/fr\/wp-json\/wp\/v2\/product_tag?post=6035"}],"curies":[{"name":"wp","href":"https:\/\/api.w.org\/{rel}","templated":true}]}}