{"id":6036,"date":"2024-01-24T15:27:04","date_gmt":"2024-01-24T14:27:04","guid":{"rendered":"https:\/\/schupp.ch\/p\/tubes-isolants-nomex-calandres-non-retractables-classe-h-180-c\/"},"modified":"2026-01-02T15:20:15","modified_gmt":"2026-01-02T14:20:15","slug":"tubes-isolants-nomex-calandres-non-retractables-classe-h-180-c","status":"publish","type":"product","link":"https:\/\/schupp.ch\/fr\/p\/tubes-isolants-nomex-calandres-non-retractables-classe-h-180-c\/","title":{"rendered":"Tubes isolants Nomex\u00ae, calandr\u00e9s, non r\u00e9tractables, classe H (180 \u00b0C)"},"content":{"rendered":"<p>&nbsp;<\/p>\n<p><strong>Propri\u00e9t\u00e9s<\/strong><\/p>\n<ul>\n<li>Gaine isolante et de protection enroul\u00e9e multicouche pour les applications de classe de temp\u00e9rature H<\/li>\n<li>Mat\u00e9riau: DuPont \u2122 Nomex\u00ae 410<\/li>\n<li>Diam\u00e8tre int\u00e9rieur de 2,00 mm \u00e0 200<\/li>\n<li>avec des \u00e9paisseurs de paroi de 0,105 mm \u00e0 0,8 mm<\/li>\n<li>Le tube isolant est constitu\u00e9 d&rsquo;un film Nomex\u00ae enroul\u00e9 et peut \u00eatre utilis\u00e9 pour des applications jusqu&rsquo;\u00e0 180 \u00b0C.<\/li>\n<li>Le mat\u00e9riel est UL approv\u00e9<\/li>\n<li>Il est r\u00e9sistant aux produits chimiques et aux solvants.<\/li>\n<li>Les tubes isolants blancs sont \u00e9galement disponibles avec un code de couleur pour les distinguer.<\/li>\n<\/ul>\n<p>&nbsp;<\/p>\n<p><strong>Donn\u00e9es techniques<\/strong><\/p>\n<table>\n<tbody>\n<tr>\n<td colspan=\"5\" width=\"631\"><strong>Caract\u00e9ristiques \u00e9lectriques<\/strong><\/td>\n<\/tr>\n<tr>\n<td width=\"254\">Caract\u00e9ristiques du film<\/td>\n<td width=\"62\">50 \u00b5m (2 mil)<\/td>\n<td width=\"61\">75 \u00b5m (3 mil)<\/td>\n<td width=\"72\">125 \u00b5m (5 mil)<\/td>\n<td width=\"183\">M\u00e9thode de test<\/td>\n<\/tr>\n<tr>\n<td width=\"254\">Rigidit\u00e9 di\u00e9lectrique [V\/mil]<br \/>\n(AC forte augmentation)<\/td>\n<td width=\"62\">430<\/td>\n<td width=\"61\">550<\/td>\n<td width=\"72\">680<\/td>\n<td width=\"183\">Espacement des \u00e9lectrodes 50 mm<br \/>\nASTM D149*<\/td>\n<\/tr>\n<tr>\n<td width=\"254\">Constante di\u00e9lectrique \u00e0 60 Hz<\/td>\n<td width=\"62\">1,6<\/td>\n<td width=\"61\">1,6<\/td>\n<td width=\"72\">2,4<\/td>\n<td width=\"183\">ASTM D3426<\/td>\n<\/tr>\n<\/tbody>\n<\/table>\n<p>&nbsp;<\/p>\n<p>*conforme \u00e0 la norme IEC 243-1, 9.1, \u00e0 l&rsquo;exception de l&rsquo;\u00e9cartement des \u00e9lectrodes de 50 mm.<\/p>\n<p>&nbsp;<\/p>\n<table>\n<tbody>\n<tr>\n<td colspan=\"5\" width=\"601\"><strong>Propri\u00e9t\u00e9s physiques<\/strong><\/td>\n<\/tr>\n<tr>\n<td width=\"220\">Caract\u00e9ristiques du film<\/td>\n<td width=\"70\">50 \u00b5m<\/td>\n<td width=\"67\">75 \u00b5m<\/td>\n<td width=\"72\">125 \u00b5m<\/td>\n<td width=\"164\">M\u00e9thode de test<\/td>\n<\/tr>\n<tr>\n<td width=\"220\">Poids [g\/m2]<\/td>\n<td width=\"70\">41<\/td>\n<td width=\"67\">63<\/td>\n<td width=\"72\">116<\/td>\n<td rowspan=\"2\" width=\"164\">ASTM D646<\/td>\n<\/tr>\n<tr>\n<td width=\"220\">Densit\u00e9 [g\/cm3]<\/td>\n<td width=\"70\">0,72<\/td>\n<td width=\"67\">0,08<\/td>\n<td width=\"72\">0,13<\/td>\n<\/tr>\n<\/tbody>\n<\/table>\n<p>&nbsp;<\/p>\n<table>\n<tbody>\n<tr>\n<td colspan=\"6\" width=\"601\"><strong>Propri\u00e9t\u00e9s m\u00e9caniques<\/strong><\/td>\n<\/tr>\n<tr>\n<td colspan=\"2\" width=\"259\">Caract\u00e9ristiques du film<\/td>\n<td width=\"67\">50 \u00b5m<\/td>\n<td width=\"65\">75 \u00b5m<\/td>\n<td width=\"70\">125 \u00b5m<\/td>\n<td width=\"132\">M\u00e9thode de test<\/td>\n<\/tr>\n<tr>\n<td colspan=\"6\" width=\"601\"><strong>R\u00e9sistance \u00e0 la d\u00e9chirure<\/strong><\/td>\n<\/tr>\n<tr>\n<td rowspan=\"2\" width=\"208\">Dans le sens de la marche<br \/>\nEn traverse au sens de la marche<\/td>\n<td rowspan=\"2\" width=\"48\">[N\/cm]<\/td>\n<td width=\"67\">39<\/td>\n<td width=\"65\">65<\/td>\n<td width=\"70\">137<\/td>\n<td rowspan=\"2\" width=\"132\">ASTM D828<\/td>\n<\/tr>\n<tr>\n<td width=\"67\">18<\/td>\n<td width=\"65\">32<\/td>\n<td width=\"70\">66<\/td>\n<\/tr>\n<tr>\n<td colspan=\"6\" width=\"601\"><strong>Allongement \u00e0 la rupture<\/strong><\/td>\n<\/tr>\n<tr>\n<td rowspan=\"2\" width=\"208\">Dans le sens de la marche<br \/>\nEn traverse au sens de la marche<\/td>\n<td rowspan=\"2\" width=\"48\">[%]<\/td>\n<td width=\"67\">9<\/td>\n<td width=\"65\">11<\/td>\n<td width=\"70\">15<\/td>\n<td rowspan=\"2\" width=\"132\">ASTM D828<\/td>\n<\/tr>\n<tr>\n<td width=\"67\">6<\/td>\n<td width=\"65\">8<\/td>\n<td width=\"70\">12<\/td>\n<\/tr>\n<tr>\n<td colspan=\"6\" width=\"601\"><strong>R\u00e9sistance \u00e0 la d\u00e9chirure (Elmendorf)<\/strong><\/td>\n<\/tr>\n<tr>\n<td rowspan=\"2\" width=\"208\">Dans le sens de la marche<br \/>\nEn traverse au sens de la marche<\/td>\n<td rowspan=\"2\" width=\"48\">[N)<\/td>\n<td width=\"67\">0,8<\/td>\n<td width=\"65\">1,2<\/td>\n<td width=\"70\">3,4<\/td>\n<td rowspan=\"2\" width=\"132\">TAPP1-414<\/td>\n<\/tr>\n<tr>\n<td width=\"67\">1,6<\/td>\n<td width=\"65\">2,3<\/td>\n<td width=\"70\">5,2<\/td>\n<\/tr>\n<tr>\n<td colspan=\"6\" width=\"601\"><strong>R\u00e9sistance \u00e0 la d\u00e9chirure<\/strong><\/td>\n<\/tr>\n<tr>\n<td rowspan=\"2\" width=\"208\">Dans le sens de la marche<br \/>\nEn traverse au sens de la marche<\/td>\n<td rowspan=\"2\" width=\"48\">[N]<\/td>\n<td width=\"67\">11<\/td>\n<td width=\"65\">16<\/td>\n<td width=\"70\">33<\/td>\n<td rowspan=\"2\" width=\"132\">TAPP1-414<\/td>\n<\/tr>\n<tr>\n<td width=\"67\">6<\/td>\n<td width=\"65\">8<\/td>\n<td width=\"70\">17<\/td>\n<\/tr>\n<tr>\n<td colspan=\"6\" width=\"601\"><strong>Retraction \u00e0 300 \u00baC<\/strong><\/td>\n<\/tr>\n<tr>\n<td rowspan=\"2\" width=\"208\">Dans le sens de la marche<br \/>\nEn traverse au sens de la marche<\/td>\n<td rowspan=\"2\" width=\"48\">[%]<\/td>\n<td width=\"67\">2,2<\/td>\n<td width=\"65\">1,1<\/td>\n<td width=\"70\">0,9<\/td>\n<td rowspan=\"2\" width=\"132\">ASTM D1004<\/td>\n<\/tr>\n<tr>\n<td width=\"67\">0,1<\/td>\n<td width=\"65\">0,0<\/td>\n<td width=\"70\">0,0<\/td>\n<\/tr>\n<\/tbody>\n<\/table>\n<p>&nbsp;<\/p>\n<p>&nbsp;<\/p>\n<p><strong>Influence de l&rsquo;humidit\u00e9 sur DuPont\u2122 Nomex\u00ae 410<\/strong><\/p>\n<table width=\"633\">\n<tbody>\n<tr>\n<td colspan=\"5\" width=\"507\"><strong>Propri\u00e9t\u00e9s \u00e9lectriques<\/strong><\/td>\n<td width=\"120\">M\u00e9thode d&rsquo;essai<\/td>\n<\/tr>\n<tr>\n<td colspan=\"6\" width=\"629\">DuPont\u2122 Nomex\u00ae 410 &#8211; 0,25 mm<\/td>\n<\/tr>\n<tr>\n<td width=\"202\">Humidit\u00e9<\/td>\n<td width=\"66\"><\/td>\n<td width=\"92\">S\u00e9ch\u00e9 au four<\/td>\n<td width=\"74\">50 %<\/td>\n<td width=\"64\">96 %<\/td>\n<td width=\"120\"><\/td>\n<\/tr>\n<tr>\n<td width=\"202\">Rigidit\u00e9 di\u00e9lectrique<br \/>\n(AC forte augmentation)<\/td>\n<td width=\"66\">[kV\/mm]<\/td>\n<td width=\"92\">33,5<\/td>\n<td width=\"74\">32,1<\/td>\n<td width=\"64\">30,7<\/td>\n<td width=\"120\">ASTM D149<\/td>\n<\/tr>\n<tr>\n<td colspan=\"6\" width=\"629\"><strong>Constante di\u00e9lectrique<\/strong><\/td>\n<\/tr>\n<tr>\n<td width=\"202\">\u00e0 60 Hz<\/td>\n<td width=\"66\"><\/td>\n<td width=\"92\">2,5<\/td>\n<td width=\"74\">2,7<\/td>\n<td width=\"64\">3,2<\/td>\n<td rowspan=\"2\" width=\"120\">ASTM D150<\/td>\n<\/tr>\n<tr>\n<td width=\"202\">\u00e0 1 KHz<\/td>\n<td width=\"66\"><\/td>\n<td width=\"92\">2,3<\/td>\n<td width=\"74\">2,6<\/td>\n<td width=\"64\">3,1<\/td>\n<\/tr>\n<tr>\n<td colspan=\"6\" width=\"629\"><strong>Facteur de p<\/strong><strong>erte<\/strong><\/td>\n<\/tr>\n<tr>\n<td width=\"202\">\u00e0 60 Hz<\/td>\n<td rowspan=\"3\" width=\"66\">\u00a0\u00a0[W\/cm]<\/td>\n<td width=\"92\">6 x10-3<\/td>\n<td width=\"74\">6 x10-3<\/td>\n<td width=\"64\">11 x10-3<\/td>\n<td rowspan=\"3\" width=\"120\">\u00a0\u00a0ASTM D257<\/td>\n<\/tr>\n<tr>\n<td width=\"202\">\u00e0 1 KHz<\/td>\n<td width=\"92\">13 x10-3<\/td>\n<td width=\"74\">14 x10-3<\/td>\n<td width=\"64\">25 x10-3<\/td>\n<\/tr>\n<tr>\n<td width=\"202\">R\u00e9sistance de contact<\/td>\n<td width=\"92\">6 x 1016<\/td>\n<td width=\"74\">2 x 1016<\/td>\n<td width=\"64\">2 x 1014<\/td>\n<\/tr>\n<\/tbody>\n<\/table>\n<p>&nbsp;<\/p>\n<table>\n<tbody>\n<tr>\n<td colspan=\"6\" width=\"601\"><strong>Propri\u00e9t\u00e9s physiques<\/strong><\/td>\n<\/tr>\n<tr>\n<td colspan=\"6\" width=\"601\">DuPont\u2122 Nomex\u00ae 410 &#8211; 0,08 mm<\/td>\n<\/tr>\n<tr>\n<td colspan=\"2\" width=\"262\">Humidit\u00e9<\/td>\n<td width=\"87\">S\u00e9ch\u00e9 au four<\/td>\n<td width=\"79\">50 %<\/td>\n<td width=\"77\">65 %<\/td>\n<td width=\"88\">95 %<\/td>\n<\/tr>\n<tr>\n<td colspan=\"6\" width=\"601\"><strong>Extension<\/strong><\/td>\n<\/tr>\n<tr>\n<td width=\"213\">Dans le sens de la marche<\/td>\n<td rowspan=\"3\" width=\"48\">[%]<\/td>\n<td width=\"87\">0<\/td>\n<td width=\"79\">0,4<\/td>\n<td width=\"77\">0,6<\/td>\n<td width=\"88\">0,9<\/td>\n<\/tr>\n<tr>\n<td width=\"213\">En traverse au sens de la marche<\/td>\n<td width=\"87\">0<\/td>\n<td width=\"79\">0,5<\/td>\n<td width=\"77\">0,8<\/td>\n<td width=\"88\">1,6<\/td>\n<\/tr>\n<tr>\n<td width=\"213\">Absorption de l&rsquo;humidit\u00e9<\/td>\n<td width=\"87\">0<\/td>\n<td width=\"79\">2,9<\/td>\n<td width=\"77\">4,9<\/td>\n<td width=\"88\">7,7<\/td>\n<\/tr>\n<\/tbody>\n<\/table>\n<p>&nbsp;<\/p>\n<p><strong>Num\u00e9ro d&rsquo;article :<br \/>\n<\/strong>Exemple : IRNNO0100\/005\/0500<br \/>\nIRNNO = num\u00e9ro de fiche<br \/>\n0100 = 1,00 mm de diam\u00e8tre<br \/>\n005 = 0,05 mm d&rsquo;\u00e9paisseur de paroi<br \/>\n0500 = 500 mm de longueur<\/p>\n<p>&nbsp;<\/p>\n","protected":false},"excerpt":{"rendered":"<p>&nbsp;<\/p>\n<h5>Le tube isolant non r\u00e9tractable en Nomex\u00ae 410 calandr\u00e9 est tr\u00e8s appropri\u00e9 pour l&rsquo;isolation des c\u00e2bles \u00e9lectriques dans les moteurs \u00e9lectriques et les applications de l&rsquo;industrie a\u00e9ronautique et automobile. Il conserve sa r\u00e9sistance \u00e0 la traction et sa r\u00e9sistance \u00e0 la continuit\u00e9, m\u00eame \u00e0 haute temp\u00e9rature.<\/h5>\n<p>&nbsp;<\/p>\n","protected":false},"featured_media":1133,"template":"","meta":{"_acf_changed":false},"product_brand":[],"product_cat":[217,302],"product_tag":[],"class_list":{"0":"post-6036","1":"product","2":"type-product","3":"status-publish","4":"has-post-thumbnail","6":"product_cat-tuyaux-techniques","7":"product_cat-tubes-isolants-enroules","9":"first","10":"instock","11":"shipping-taxable","12":"purchasable","13":"product-type-simple"},"acf":[],"_links":{"self":[{"href":"https:\/\/schupp.ch\/fr\/wp-json\/wp\/v2\/product\/6036","targetHints":{"allow":["GET"]}}],"collection":[{"href":"https:\/\/schupp.ch\/fr\/wp-json\/wp\/v2\/product"}],"about":[{"href":"https:\/\/schupp.ch\/fr\/wp-json\/wp\/v2\/types\/product"}],"wp:featuredmedia":[{"embeddable":true,"href":"https:\/\/schupp.ch\/fr\/wp-json\/wp\/v2\/media\/1133"}],"wp:attachment":[{"href":"https:\/\/schupp.ch\/fr\/wp-json\/wp\/v2\/media?parent=6036"}],"wp:term":[{"taxonomy":"product_brand","embeddable":true,"href":"https:\/\/schupp.ch\/fr\/wp-json\/wp\/v2\/product_brand?post=6036"},{"taxonomy":"product_cat","embeddable":true,"href":"https:\/\/schupp.ch\/fr\/wp-json\/wp\/v2\/product_cat?post=6036"},{"taxonomy":"product_tag","embeddable":true,"href":"https:\/\/schupp.ch\/fr\/wp-json\/wp\/v2\/product_tag?post=6036"}],"curies":[{"name":"wp","href":"https:\/\/api.w.org\/{rel}","templated":true}]}}