{"id":6039,"date":"2024-01-24T15:50:19","date_gmt":"2024-01-24T14:50:19","guid":{"rendered":"https:\/\/schupp.ch\/p\/tube-isolant-mylar-retractable-classe-b-130-c\/"},"modified":"2026-01-01T17:53:45","modified_gmt":"2026-01-01T16:53:45","slug":"tube-isolant-mylar-retractable-classe-b-130-c","status":"publish","type":"product","link":"https:\/\/schupp.ch\/fr\/p\/tube-isolant-mylar-retractable-classe-b-130-c\/","title":{"rendered":"Tube isolant Mylar\u00ae, r\u00e9tractable classe B (130 \u00b0C)"},"content":{"rendered":"<p>&nbsp;<\/p>\n<p><strong>Propri\u00e9t\u00e9s<\/strong><\/p>\n<ul>\n<li>Tube isolant enroul\u00e9, multicouche, r\u00e9tractable, pour une isolation \u00e0 faible co\u00fbt dans les applications d&rsquo;isolation de temp\u00e9rature de classe B<\/li>\n<li>Fixation fiable gr\u00e2ce \u00e0 un retrait de 35%.<\/li>\n<li>Diam\u00e8tre int\u00e9rieur de 1,60 mm \u00e0 210,00<\/li>\n<li>disponibles avec des \u00e9paisseurs de paroi de 0,050 mm \u00e0 0,500 mm.<\/li>\n<li>R\u00e9traction rapide en moins de 10<\/li>\n<li>Excellente r\u00e9sistance \u00e0 la perforation et aux chocs.<\/li>\n<li>Structure en film Mylar\u00ae DuPont\u2122 multicouche.<\/li>\n<li>Film avec approbation UL<\/li>\n<li>R\u00e9sistant \u00e0 l&rsquo;huile et \u00e0 la plupart des r\u00e9frig\u00e9rants.<\/li>\n<li>Convient pour les applications de la classe de temp\u00e9rature B \u00e0 des temp\u00e9ratures continues de 130\u00b0C \u00e0 155\u00b0C.<\/li>\n<li>Il est \u00e9galement possible de fournir des longueurs coup\u00e9es<\/li>\n<\/ul>\n<p>&nbsp;<\/p>\n<p><strong>Donn\u00e9es techniques<\/strong><\/p>\n<table>\n<tbody>\n<tr>\n<td colspan=\"6\" width=\"604\"><strong>Caract\u00e9ristiques \u00e9lectriques<\/strong><\/td>\n<\/tr>\n<tr>\n<td colspan=\"2\" width=\"177\">Propri\u00e9t\u00e9s du film de base<\/td>\n<td colspan=\"2\" width=\"183\">Valeur typique<\/td>\n<td width=\"135\">Condition de test<\/td>\n<td width=\"109\">M\u00e9thode de test<\/td>\n<\/tr>\n<tr>\n<td colspan=\"2\" width=\"177\">R\u00e9sistance dielectrique\u00a0 (kV)<\/td>\n<td colspan=\"2\" width=\"183\">\u00d8\u00a0 3.5<\/td>\n<td width=\"135\"><\/td>\n<td width=\"109\">ASTM D 149<\/td>\n<\/tr>\n<tr>\n<td colspan=\"6\" width=\"604\"><strong>Propri\u00e9t\u00e9s physicques<\/strong><\/td>\n<\/tr>\n<tr>\n<td colspan=\"2\" rowspan=\"2\" width=\"177\">Propri\u00e9t\u00e9s du film de base<\/td>\n<td colspan=\"2\" width=\"183\">Valeur typique<\/td>\n<td rowspan=\"2\" width=\"135\">Condition de test<\/td>\n<td rowspan=\"2\" width=\"109\">M\u00e9thode de test<\/td>\n<\/tr>\n<tr>\n<td width=\"89\">16 HS Film 16 \u03bcm)<\/td>\n<td width=\"95\">37.5 HS Folie (37 \u03bcm)<\/td>\n<\/tr>\n<tr>\n<td colspan=\"6\" width=\"604\"><strong>R\u00e9sistance \u00e0 la d\u00e9chirure<\/strong><\/td>\n<\/tr>\n<tr>\n<td width=\"92\">LR<\/td>\n<td rowspan=\"2\" width=\"86\">Mpa<\/td>\n<td width=\"89\"><\/td>\n<td width=\"95\"><\/td>\n<td width=\"135\">Sens de la marche (LR)<\/td>\n<td width=\"109\">ASTM D 882<\/td>\n<\/tr>\n<tr>\n<td width=\"92\">QR<\/td>\n<td width=\"89\"><\/td>\n<td width=\"95\"><\/td>\n<td width=\"135\">Direction transversale (QR)<\/td>\n<td width=\"109\">ASTM D 882<\/td>\n<\/tr>\n<tr>\n<td width=\"92\">Rendement<\/td>\n<td width=\"86\">[m2\/kg]<\/td>\n<td width=\"89\">44,80<\/td>\n<td width=\"95\">19,10<\/td>\n<td width=\"135\"><\/td>\n<td width=\"109\"><\/td>\n<\/tr>\n<tr>\n<td colspan=\"6\" width=\"604\"><strong>Module de traction<\/strong><\/td>\n<\/tr>\n<tr>\n<td width=\"92\">LR<\/td>\n<td rowspan=\"2\" width=\"86\">Mpa<\/td>\n<td width=\"89\">1\u2018750<\/td>\n<td width=\"95\">2\u2018100<\/td>\n<td width=\"135\">LR<\/td>\n<td width=\"109\">ASTM D 882<\/td>\n<\/tr>\n<tr>\n<td width=\"92\">QR<\/td>\n<td width=\"89\">4\u2018900<\/td>\n<td width=\"95\">3\u2018600<\/td>\n<td width=\"135\">QR<\/td>\n<td width=\"109\">ASTM D 882<\/td>\n<\/tr>\n<tr>\n<td colspan=\"6\" width=\"604\"><strong>Limite d\u2019\u00e9lasticit\u00e9<\/strong><\/td>\n<\/tr>\n<tr>\n<td width=\"92\">LR<\/td>\n<td rowspan=\"2\" width=\"86\">Mpa<\/td>\n<td width=\"89\">180<\/td>\n<td width=\"95\">170<\/td>\n<td width=\"135\">LR<\/td>\n<td width=\"109\">ASTM D 882<\/td>\n<\/tr>\n<tr>\n<td width=\"92\">QR<\/td>\n<td width=\"89\">90<\/td>\n<td width=\"95\">110<\/td>\n<td width=\"135\">QR<\/td>\n<td width=\"109\">ASTM D 882<\/td>\n<\/tr>\n<tr>\n<td width=\"92\">Perm\u00e9abilit\u00e9 \u00e0 la vapeur de l\u2019eau<\/td>\n<td width=\"86\">[g\/m2\/24 h]<\/td>\n<td width=\"89\">40<\/td>\n<td width=\"95\">15<\/td>\n<td width=\"135\">38\u00b0C, 90% d\u2019humit\u00e9 relative<\/td>\n<td width=\"109\">ASTM F 1249<\/td>\n<\/tr>\n<tr>\n<td rowspan=\"2\" width=\"92\">Perm\u00e9abilit\u00e9 \u00e0 l\u2019oxygene<\/td>\n<td rowspan=\"2\" width=\"86\">[cm3\/m2\/24 h]<\/td>\n<td width=\"89\">125<\/td>\n<td width=\"95\">75<\/td>\n<td width=\"135\">Avant le r\u00e9tr\u00e9cissement<\/td>\n<td width=\"109\">ASTM D 3985<\/td>\n<\/tr>\n<tr>\n<td width=\"89\">60-75<\/td>\n<td width=\"95\">30-45<\/td>\n<td width=\"135\">apr\u00e8s r\u00e9tr\u00e9cissement<\/td>\n<td width=\"109\">ASTM D 3985<\/td>\n<\/tr>\n<tr>\n<td colspan=\"6\" width=\"604\"><strong>Propri\u00e9t\u00e9s optiques<\/strong><\/td>\n<\/tr>\n<tr>\n<td width=\"92\">Opacit\u00e9<\/td>\n<td width=\"86\">[%]<\/td>\n<td width=\"89\">11.5<\/td>\n<td width=\"95\">15<\/td>\n<td width=\"135\"><\/td>\n<td width=\"109\">ASTM D 1003, Gardner Hazemeter<\/td>\n<\/tr>\n<\/tbody>\n<\/table>\n<p>&nbsp;<\/p>\n<p><strong>Num\u00e9ro d&rsquo;article :<\/strong><\/p>\n<p>Exemple : IRSMY0100\/0005\/0500<br \/>\nIRSMY = num\u00e9ro principal<br \/>\n0100 = 1,00 mm de diam\u00e8tre<br \/>\n005 = 0,05 mm d&rsquo;\u00e9paisseur de paroi<br \/>\n0500 = 500 mm de longueur<\/p>\n<p>&nbsp;<\/p>\n","protected":false},"excerpt":{"rendered":"<p>&nbsp;<\/p>\n<h5>Le tube isolant Mylar\u00ae isole et s\u00e9curise les connexions \u00e9lectriques dans les moteurs \u00e9lectriques, les syst\u00e8mes de r\u00e9frig\u00e9ration et d&rsquo;autres applications. En raison de sa haute rigidit\u00e9 di\u00e9lectrique et de sa r\u00e9sistance aux chocs, ce tube isolant r\u00e9tractable peut \u00e9galement \u00eatre utilis\u00e9 dans des applications exigeantes \u00e0 des temp\u00e9ratures de courte dur\u00e9e allant jusqu&rsquo;\u00e0 160 \u00b0C. Il peut \u00e9galement \u00eatre utilis\u00e9 pour des applications de s\u00e9curit\u00e9.<\/h5>\n<p>&nbsp;<\/p>\n","protected":false},"featured_media":1148,"template":"","meta":{"_acf_changed":false},"product_brand":[],"product_cat":[217,302],"product_tag":[],"class_list":{"0":"post-6039","1":"product","2":"type-product","3":"status-publish","4":"has-post-thumbnail","6":"product_cat-tuyaux-techniques","7":"product_cat-tubes-isolants-enroules","9":"first","10":"instock","11":"shipping-taxable","12":"purchasable","13":"product-type-simple"},"acf":[],"_links":{"self":[{"href":"https:\/\/schupp.ch\/fr\/wp-json\/wp\/v2\/product\/6039","targetHints":{"allow":["GET"]}}],"collection":[{"href":"https:\/\/schupp.ch\/fr\/wp-json\/wp\/v2\/product"}],"about":[{"href":"https:\/\/schupp.ch\/fr\/wp-json\/wp\/v2\/types\/product"}],"wp:featuredmedia":[{"embeddable":true,"href":"https:\/\/schupp.ch\/fr\/wp-json\/wp\/v2\/media\/1148"}],"wp:attachment":[{"href":"https:\/\/schupp.ch\/fr\/wp-json\/wp\/v2\/media?parent=6039"}],"wp:term":[{"taxonomy":"product_brand","embeddable":true,"href":"https:\/\/schupp.ch\/fr\/wp-json\/wp\/v2\/product_brand?post=6039"},{"taxonomy":"product_cat","embeddable":true,"href":"https:\/\/schupp.ch\/fr\/wp-json\/wp\/v2\/product_cat?post=6039"},{"taxonomy":"product_tag","embeddable":true,"href":"https:\/\/schupp.ch\/fr\/wp-json\/wp\/v2\/product_tag?post=6039"}],"curies":[{"name":"wp","href":"https:\/\/api.w.org\/{rel}","templated":true}]}}