{"id":6040,"date":"2024-01-24T16:01:01","date_gmt":"2024-01-24T15:01:01","guid":{"rendered":"https:\/\/schupp.ch\/p\/embouts-mylar-retractables-classe-b-130-c\/"},"modified":"2026-01-03T13:19:00","modified_gmt":"2026-01-03T12:19:00","slug":"embouts-mylar-retractables-classe-b-130-c","status":"publish","type":"product","link":"https:\/\/schupp.ch\/fr\/p\/embouts-mylar-retractables-classe-b-130-c\/","title":{"rendered":"Capuchons Mylar\u00ae, r\u00e9tractables, classe B (130 \u00b0C)"},"content":{"rendered":"<p>&nbsp;<\/p>\n<h5><strong>Technical Specifications<\/strong><\/h5>\n<p>&nbsp;<\/p>\n<p><strong>Propri\u00e9t\u00e9s<\/strong><\/p>\n<ul>\n<li>Isolation \u00e9conomique des extr\u00e9mit\u00e9s de fils dans les moteurs \u00e9lectriques impr\u00e9gn\u00e9s de peinture de classe de temp\u00e9rature B<\/li>\n<li>Fixation fiable gr\u00e2ce \u00e0 un retrait de 35%.<\/li>\n<li>Diam\u00e8tre int\u00e9rieur de 2,00 mm \u00e0 60<\/li>\n<li>disponibles avec des \u00e9paisseurs de paroi de 0,100 mm \u00e0 0,350 mm.<\/li>\n<li>R\u00e9traction rapide en moins de 10<\/li>\n<li>Excellente r\u00e9sistance \u00e0 la perforation et aux chocs.<\/li>\n<li>Structure compos\u00e9e de six couches de film DuPont\u2122 Mylar\u00ae.<\/li>\n<li>Le film est UL approv\u00e9<\/li>\n<li>R\u00e9sistant \u00e0 la plupart des huiles et r\u00e9frig\u00e9rants.<\/li>\n<li>Convient aux applications de la classe de temp\u00e9rature B pour des temp\u00e9ratures continues de 130\u00b0C.<\/li>\n<li>Disponible avec des extr\u00e9mit\u00e9s soud\u00e9es par points ou soud\u00e9es par ultrasons.<\/li>\n<\/ul>\n<p>&nbsp;<\/p>\n<table width=\"643\">\n<tbody>\n<tr>\n<td colspan=\"5\" width=\"643\"><strong>Electrical Properties of Base Film<\/strong><\/td>\n<\/tr>\n<tr>\n<td rowspan=\"2\" width=\"172\">Properties of Base Film<\/td>\n<td colspan=\"2\" width=\"254\">Typical Value<\/td>\n<td rowspan=\"2\" width=\"104\">Test Condition<\/td>\n<td rowspan=\"2\" width=\"113\">Test Method<\/td>\n<\/tr>\n<tr>\n<td width=\"127\">16 HS film (16 \u03bcm)*<\/td>\n<td width=\"127\">37.5 HS film (37 \u03bcm)<\/td>\n<\/tr>\n<tr>\n<td width=\"172\">Dielectric strength\u00a0\u00a0\u00a0\u00a0\u00a0\u00a0\u00a0\u00a0 [kV]<\/td>\n<td width=\"127\"><\/td>\n<td width=\"127\">&gt; 3.5<\/td>\n<td width=\"104\"><\/td>\n<td width=\"113\">ASTM D 149<\/td>\n<\/tr>\n<\/tbody>\n<\/table>\n<p>*1 \u00b5m &#8211; 0.001 mm, or approximately 4 gauge<\/p>\n<p>&nbsp;<\/p>\n<table width=\"643\">\n<tbody>\n<tr>\n<td colspan=\"6\" width=\"639\"><strong>Physical Properties of Base Film<\/strong><\/td>\n<\/tr>\n<tr>\n<td colspan=\"2\" rowspan=\"2\" width=\"204\">Properties of Base Film<\/td>\n<td colspan=\"2\" width=\"210\">Typical Value<\/td>\n<td rowspan=\"2\" width=\"107\">Test Condition<\/td>\n<td rowspan=\"2\" width=\"111\">Test Method<\/td>\n<\/tr>\n<tr>\n<td width=\"104\">16 HS film (16 \u03bcm)*<\/td>\n<td width=\"104\">37.5 HS film (37 \u03bcm)<\/td>\n<\/tr>\n<tr>\n<td rowspan=\"2\" width=\"109\">Tensile Strength<\/td>\n<td rowspan=\"2\" width=\"93\">MD\u00a0 [Mpa]<br \/>\nTD\u00a0 [Mpa]<\/td>\n<td width=\"104\">160<\/td>\n<td width=\"104\">190<\/td>\n<td width=\"107\">Machine<br \/>\nDirection (MD)<\/td>\n<td width=\"111\">ASTM D 882<\/td>\n<\/tr>\n<tr>\n<td width=\"104\">300<\/td>\n<td width=\"104\">260<\/td>\n<td width=\"107\">Transverse Direction (TD)<\/td>\n<td width=\"111\">ASTM D 882<\/td>\n<\/tr>\n<tr>\n<td width=\"109\">Yield<\/td>\n<td width=\"93\">\u00a0[(m2\/kg]<\/td>\n<td width=\"104\">44.80<\/td>\n<td width=\"104\">19.10<\/td>\n<td width=\"107\"><\/td>\n<td width=\"111\"><\/td>\n<\/tr>\n<tr>\n<td rowspan=\"2\" width=\"109\">Modulus<\/td>\n<td rowspan=\"2\" width=\"93\">MD\u00a0 [Mpa]<br \/>\nTD\u00a0 [Mpa]<\/td>\n<td width=\"104\">1,750<\/td>\n<td width=\"104\">2,100<\/td>\n<td width=\"107\">MD<\/td>\n<td width=\"111\">ASTM D 882<\/td>\n<\/tr>\n<tr>\n<td width=\"104\">4,900<\/td>\n<td width=\"104\">3,600<\/td>\n<td width=\"107\">TD<\/td>\n<td width=\"111\">ASTM D 882<\/td>\n<\/tr>\n<tr>\n<td rowspan=\"2\" width=\"109\">Elongation<\/td>\n<td rowspan=\"2\" width=\"93\">MD\u00a0 [(%]<br \/>\nTD\u00a0 [(%]<\/td>\n<td width=\"104\">180<\/td>\n<td width=\"104\">170<\/td>\n<td width=\"107\">MD<\/td>\n<td width=\"111\">ASTM D 882<\/td>\n<\/tr>\n<tr>\n<td width=\"104\">90<\/td>\n<td width=\"104\">110<\/td>\n<td width=\"107\">TD<\/td>\n<td width=\"111\">ASTM D 882<\/td>\n<\/tr>\n<tr>\n<td width=\"109\">Water Vapour<br \/>\nTransmission Rate<\/td>\n<td width=\"93\">\u00a0[g\/m2\/24 hrs]<\/td>\n<td width=\"104\">40<\/td>\n<td width=\"104\">15<\/td>\n<td width=\"107\">38\u00b0C, 90% Relative Humidity<\/td>\n<td width=\"111\">ASTM F 1249<\/td>\n<\/tr>\n<tr>\n<td rowspan=\"2\" width=\"109\">Oxygen Permeability<\/td>\n<td rowspan=\"2\" width=\"93\">[cm3\/m2\/24 hrs]<\/td>\n<td width=\"104\">125<\/td>\n<td width=\"104\">75<\/td>\n<td width=\"107\">Before shrinkage<\/td>\n<td width=\"111\">ASTM D 3985<\/td>\n<\/tr>\n<tr>\n<td width=\"104\">60-75<\/td>\n<td width=\"104\">30-45<\/td>\n<td width=\"107\">After shrinkage<\/td>\n<td width=\"111\">ASTM D 3985<\/td>\n<\/tr>\n<tr>\n<td colspan=\"6\" width=\"639\"><strong>\u00a0Optical Properties<\/strong><\/td>\n<\/tr>\n<tr>\n<td width=\"109\">Turbidity<\/td>\n<td width=\"93\">[%]<\/td>\n<td width=\"104\">11.5<\/td>\n<td width=\"104\">15<\/td>\n<td width=\"107\"><\/td>\n<td width=\"111\">ASTM D 1003<br \/>\nGardner\u00a0Hazemeter<\/td>\n<\/tr>\n<\/tbody>\n<\/table>\n<p>&nbsp;<\/p>\n","protected":false},"excerpt":{"rendered":"<p>&nbsp;<\/p>\n<h5>Les capuchons Mylar\u00ae isolent s\u00e9curisent les connexions \u00e9lectriques dans les moteurs \u00e9lectriques, les syst\u00e8mes de r\u00e9frig\u00e9ration et d&rsquo;autres applications. Ils pr\u00e9sentent une r\u00e9sistance \u00e9lev\u00e9e au claquage et aux chocs et conviennent \u00e9galement aux applications exigeantes. L&rsquo;application des capuchons permet d&rsquo;\u00e9viter les courts-circuits dus \u00e0 des restes de fils. Les capuchons r\u00e9tractables sont principalement utilis\u00e9s comme deuxi\u00e8me isolation dans les bobinages de moteurs \u00e9lectriques encapsul\u00e9s et ouverts.<\/h5>\n<p>&nbsp;<\/p>\n<p>&nbsp;<\/p>\n","protected":false},"featured_media":1160,"template":"","meta":{"_acf_changed":false},"product_brand":[],"product_cat":[217,304],"product_tag":[],"class_list":{"0":"post-6040","1":"product","2":"type-product","3":"status-publish","4":"has-post-thumbnail","6":"product_cat-tuyaux-techniques","7":"product_cat-embouts","9":"first","10":"instock","11":"shipping-taxable","12":"purchasable","13":"product-type-simple"},"acf":[],"_links":{"self":[{"href":"https:\/\/schupp.ch\/fr\/wp-json\/wp\/v2\/product\/6040","targetHints":{"allow":["GET"]}}],"collection":[{"href":"https:\/\/schupp.ch\/fr\/wp-json\/wp\/v2\/product"}],"about":[{"href":"https:\/\/schupp.ch\/fr\/wp-json\/wp\/v2\/types\/product"}],"wp:featuredmedia":[{"embeddable":true,"href":"https:\/\/schupp.ch\/fr\/wp-json\/wp\/v2\/media\/1160"}],"wp:attachment":[{"href":"https:\/\/schupp.ch\/fr\/wp-json\/wp\/v2\/media?parent=6040"}],"wp:term":[{"taxonomy":"product_brand","embeddable":true,"href":"https:\/\/schupp.ch\/fr\/wp-json\/wp\/v2\/product_brand?post=6040"},{"taxonomy":"product_cat","embeddable":true,"href":"https:\/\/schupp.ch\/fr\/wp-json\/wp\/v2\/product_cat?post=6040"},{"taxonomy":"product_tag","embeddable":true,"href":"https:\/\/schupp.ch\/fr\/wp-json\/wp\/v2\/product_tag?post=6040"}],"curies":[{"name":"wp","href":"https:\/\/api.w.org\/{rel}","templated":true}]}}