{"id":6043,"date":"2024-01-24T15:52:46","date_gmt":"2024-01-24T14:52:46","guid":{"rendered":"https:\/\/schupp.ch\/p\/tubes-isolants-nomex-mylar-retractables-classe-f-155-c\/"},"modified":"2026-01-02T21:36:44","modified_gmt":"2026-01-02T20:36:44","slug":"tubes-isolants-nomex-mylar-retractables-classe-f-155-c","status":"publish","type":"product","link":"https:\/\/schupp.ch\/fr\/p\/tubes-isolants-nomex-mylar-retractables-classe-f-155-c\/","title":{"rendered":"Tubes isolants Nomex\u00ae\/Mylar\u00ae, r\u00e9tractables, classe F (155 \u00b0C)"},"content":{"rendered":"<p>&nbsp;<\/p>\n<p><strong>Propri\u00e9t\u00e9s<\/strong><\/p>\n<ul>\n<li>Tubes isolants enroul\u00e9s et r\u00e9tractables pour une utilisation dans les moteurs \u00e9lectriques impr\u00e9gn\u00e9s de peinture avec une classe de temp\u00e9rature F<\/li>\n<li>Fixation fiable gr\u00e2ce \u00e0 un retrait de 35%.<\/li>\n<li>Diam\u00e8tres int\u00e9rieurs de 2,50 mm \u00e0 8,00 mm disponibles avec des \u00e9paisseurs de paroi \u00e0 partir de 0,24 mm<\/li>\n<li>R\u00e9traction rapide en moins de 10<\/li>\n<li>Excellente r\u00e9sistance \u00e0 la perforation et aux chocs.<\/li>\n<li>Gaine isolante en cinq couches de Mylar\u00ae\/Nomex\u00ae pour les applications de classe de temp\u00e9rature F et les temp\u00e9ratures continues jusqu&rsquo;\u00e0 155 \u00b0C.<\/li>\n<li>Le mat\u00e9riel est UL approv\u00e9<\/li>\n<\/ul>\n<p>&nbsp;<\/p>\n<p><strong>Donn\u00e9es techniques<\/strong><\/p>\n<p><strong>Lamin\u00e9 ext\u00e9rieur : DuPont\u2122 Mylar\u00ae.<\/strong><\/p>\n<table>\n<tbody>\n<tr>\n<td colspan=\"4\" width=\"632\"><strong>Caract\u00e9ristiques \u00e9lectriques<\/strong><\/td>\n<\/tr>\n<tr>\n<td rowspan=\"2\" width=\"236\">Propri\u00e9t\u00e9s du film de base<\/td>\n<td width=\"123\">Valeur typique<\/td>\n<td rowspan=\"2\" width=\"110\">Condition de test<\/td>\n<td rowspan=\"2\" width=\"162\">M\u00e9thode de test<\/td>\n<\/tr>\n<tr>\n<td width=\"123\">37.5 Film HS (37 \u03bcm)<\/td>\n<\/tr>\n<tr>\n<td width=\"236\">rigidit\u00e9 di\u00e9lectrique) [kV]<\/td>\n<td width=\"123\">&gt; 3,5<\/td>\n<td width=\"110\"><\/td>\n<td width=\"162\">ASTM D 149<\/td>\n<\/tr>\n<\/tbody>\n<\/table>\n<p>&nbsp;<\/p>\n<table>\n<tbody>\n<tr>\n<td colspan=\"5\" width=\"631\"><strong>Propri\u00e9t\u00e9s physiques<\/strong><\/td>\n<\/tr>\n<tr>\n<td colspan=\"2\" rowspan=\"2\" width=\"235\">Propri\u00e9t\u00e9s du film de base<\/td>\n<td width=\"127\">Valeur typique<\/td>\n<td rowspan=\"2\" width=\"149\">Condition de test<\/td>\n<td rowspan=\"2\" width=\"120\">M\u00e9thode de test<\/td>\n<\/tr>\n<tr>\n<td width=\"127\">37.5 Film HS (37 \u03bcm)<\/td>\n<\/tr>\n<tr>\n<td colspan=\"5\" width=\"631\">R\u00e9sistance \u00e0 la d\u00e9chirure<\/td>\n<\/tr>\n<tr>\n<td rowspan=\"2\" width=\"151\">Sens de la marche<br \/>\nDirection transversale<\/td>\n<td rowspan=\"2\" width=\"84\">[Mpa]<\/td>\n<td width=\"127\">190<\/td>\n<td width=\"149\">Sens de la marche<\/td>\n<td width=\"120\">ASTM D 882<\/td>\n<\/tr>\n<tr>\n<td width=\"127\">260<\/td>\n<td width=\"149\">Direction transversale<\/td>\n<td width=\"120\">ASTM D 882<\/td>\n<\/tr>\n<tr>\n<td colspan=\"2\" width=\"235\">Rendement [m2\/kg]<\/td>\n<td width=\"127\">19,10<\/td>\n<td width=\"149\"><\/td>\n<td width=\"120\"><\/td>\n<\/tr>\n<tr>\n<td colspan=\"5\" width=\"631\">Module de traction<\/td>\n<\/tr>\n<tr>\n<td rowspan=\"2\" width=\"151\">Sens de la marche<br \/>\nDirection transversale<\/td>\n<td rowspan=\"2\" width=\"84\">[Mpa]<\/td>\n<td width=\"127\">2,100<\/td>\n<td width=\"149\">Direction transversale<\/td>\n<td width=\"120\">ASTM D 882<\/td>\n<\/tr>\n<tr>\n<td width=\"127\">3,600<\/td>\n<td width=\"149\">Direction transversale<\/td>\n<td width=\"120\">ASTM D 882<\/td>\n<\/tr>\n<tr>\n<td colspan=\"5\" width=\"631\">Limite d&rsquo;\u00e9lasticit\u00e9<\/td>\n<\/tr>\n<tr>\n<td rowspan=\"2\" width=\"151\">Sens de la marche<br \/>\nDirection transversale<\/td>\n<td rowspan=\"2\" width=\"84\">[%]<\/td>\n<td width=\"127\">170<\/td>\n<td width=\"149\">Direction transversale<\/td>\n<td width=\"120\">ASTM D 882<\/td>\n<\/tr>\n<tr>\n<td width=\"127\">110<\/td>\n<td width=\"149\">Direction transversale<\/td>\n<td width=\"120\">ASTM D 882<\/td>\n<\/tr>\n<tr>\n<td width=\"151\">Perm\u00e9abilit\u00e9 \u00e0 la vapeur d&rsquo;eau<\/td>\n<td width=\"84\">[g\/m2\/24 h]<\/td>\n<td width=\"127\">15<\/td>\n<td width=\"149\">38\u00b0C, 90% d&rsquo;humidit\u00e9 relative<\/td>\n<td width=\"120\">ASTM F 1249<\/td>\n<\/tr>\n<tr>\n<td rowspan=\"2\" width=\"151\">Perm\u00e9abilit\u00e9 \u00e0 l&rsquo;oxyg\u00e8ne<\/td>\n<td rowspan=\"2\" width=\"84\">[cm3\/m2\/24 h]<\/td>\n<td width=\"127\">75<\/td>\n<td width=\"149\">avant le r\u00e9tr\u00e9cissement<\/td>\n<td width=\"120\">ASTM D 3985<\/td>\n<\/tr>\n<tr>\n<td width=\"127\">30-45<\/td>\n<td width=\"149\">apr\u00e8s r\u00e9traction<\/td>\n<td width=\"120\">ASTM D 3985<\/td>\n<\/tr>\n<\/tbody>\n<\/table>\n<p>&nbsp;<\/p>\n<table>\n<tbody>\n<tr>\n<td colspan=\"3\" width=\"631\"><strong>Propri\u00e9t\u00e9s optiques<\/strong><\/td>\n<\/tr>\n<tr>\n<td width=\"236\">Propri\u00e9t\u00e9s du film de base<\/td>\n<td width=\"274\">Valeur typique<\/td>\n<td width=\"121\">M\u00e9thode de test<\/td>\n<\/tr>\n<tr>\n<td width=\"236\">Point de fusion<\/td>\n<td width=\"274\">253-255\u00b0C (526-528 K)<\/td>\n<td width=\"121\">ASTM D 3148-82<\/td>\n<\/tr>\n<\/tbody>\n<\/table>\n<p>&nbsp;<\/p>\n<p><strong>Lamin\u00e9 int\u00e9rieur : DuPont\u2122 Nomex\u00ae Grade 411<\/strong><\/p>\n<table>\n<tbody>\n<tr>\n<td colspan=\"5\" width=\"631\"><strong>Caract\u00e9ristiques \u00e9lectriques<\/strong><\/td>\n<\/tr>\n<tr>\n<td rowspan=\"2\" width=\"211\">Caract\u00e9ristiques du film<\/td>\n<td colspan=\"2\" width=\"183\">\u00c9paisseur du film<\/td>\n<td rowspan=\"2\" width=\"116\">Condition de test<\/td>\n<td rowspan=\"2\" width=\"120\">M\u00e9thode de test<\/td>\n<\/tr>\n<tr>\n<td width=\"88\">0,130 mm<\/td>\n<td width=\"95\">0,180 mm<\/td>\n<\/tr>\n<tr>\n<td width=\"211\">R\u00e9sistance di\u00e9lectrique [kV\/mm]<\/td>\n<td width=\"88\">12<\/td>\n<td width=\"95\">12<\/td>\n<td width=\"116\">AC forte hausse<\/td>\n<td width=\"120\">ASTM D 149<\/td>\n<\/tr>\n<tr>\n<td width=\"211\">Constante di\u00e9lectrique<\/td>\n<td width=\"88\">1,3<\/td>\n<td width=\"95\">1,3<\/td>\n<td width=\"116\">1000 Hz<\/td>\n<td width=\"120\">ASTM D 150<\/td>\n<\/tr>\n<tr>\n<td width=\"211\">Facteur de perte<\/td>\n<td width=\"88\">0,005<\/td>\n<td width=\"95\">0,005<\/td>\n<td width=\"116\">1000 Hz<\/td>\n<td width=\"120\">ASTM D 150<\/td>\n<\/tr>\n<\/tbody>\n<\/table>\n<p>&nbsp;<\/p>\n<table>\n<tbody>\n<tr>\n<td colspan=\"5\" width=\"629\"><strong>Propri\u00e9t\u00e9s physiques<\/strong><\/td>\n<\/tr>\n<tr>\n<td colspan=\"2\" width=\"161\">Propri\u00e9t\u00e9s du film<\/td>\n<td width=\"156\">Valeur typique<\/td>\n<td width=\"156\">Condition de test<\/td>\n<td width=\"156\">M\u00e9thode de test<\/td>\n<\/tr>\n<tr>\n<td colspan=\"5\" width=\"629\">R\u00e9sistance \u00e0 la d\u00e9chirure<\/td>\n<\/tr>\n<tr>\n<td rowspan=\"2\" width=\"107\">Sens de la marche<br \/>\nDirection transversale<\/td>\n<td rowspan=\"2\" width=\"54\">[N\/cm]<\/td>\n<td width=\"156\">17<\/td>\n<td width=\"156\">28<\/td>\n<td width=\"156\">ASTM D 828-60<\/td>\n<\/tr>\n<tr>\n<td width=\"156\">9<\/td>\n<td width=\"156\">17<\/td>\n<td width=\"156\">ASTM D 828-60<\/td>\n<\/tr>\n<tr>\n<td colspan=\"5\" width=\"629\">Allongement<\/td>\n<\/tr>\n<tr>\n<td rowspan=\"2\" width=\"107\">Sens de la marche<br \/>\nDirection transversale<\/td>\n<td rowspan=\"2\" width=\"54\">[%]<\/td>\n<td width=\"156\">3,5<\/td>\n<td width=\"156\">3,5<\/td>\n<td width=\"156\">ASTM D 828-60<\/td>\n<\/tr>\n<tr>\n<td width=\"156\">4,8<\/td>\n<td width=\"156\">5<\/td>\n<td width=\"156\">ASTM D 828-60<\/td>\n<\/tr>\n<\/tbody>\n<\/table>\n<p>&nbsp;<\/p>\n<p><strong>Num\u00e9ro d&rsquo;article :<br \/>\n<\/strong>Exemple : IRSNM0100\/005\/0500<br \/>\nIRSNM = num\u00e9ro principal<br \/>\n0100 = 1,00 mm de diam\u00e8tre<br \/>\n005 = 0,05 mm d&rsquo;\u00e9paisseur de paroi<br \/>\n0500 = 500 mm de longueur<\/p>\n<p>&nbsp;<\/p>\n","protected":false},"excerpt":{"rendered":"<p>&nbsp;<\/p>\n<h5>Le tube isolant Mylar\u00ae\/Nomex\u00ae isole et s\u00e9curise les connexions \u00e9lectriques dans les moteurs \u00e9lectriques et autres applications. Gr\u00e2ce \u00e0 sa haute rigidit\u00e9 di\u00e9lectrique et \u00e0 sa r\u00e9sistance aux chocs, ce tube isolant r\u00e9tractable peut \u00e9galement \u00eatre utilis\u00e9 dans des applications exigeantes \u00e0 des temp\u00e9ratures de courte dur\u00e9e allant jusqu&rsquo;\u00e0 160 \u00b0C. Pour plus d&rsquo;informations, contactez-nous.<\/h5>\n<p>&nbsp;<\/p>\n","protected":false},"featured_media":1152,"template":"","meta":{"_acf_changed":false},"product_brand":[],"product_cat":[217,302],"product_tag":[],"class_list":{"0":"post-6043","1":"product","2":"type-product","3":"status-publish","4":"has-post-thumbnail","6":"product_cat-tuyaux-techniques","7":"product_cat-tubes-isolants-enroules","9":"first","10":"instock","11":"shipping-taxable","12":"purchasable","13":"product-type-simple"},"acf":[],"_links":{"self":[{"href":"https:\/\/schupp.ch\/fr\/wp-json\/wp\/v2\/product\/6043","targetHints":{"allow":["GET"]}}],"collection":[{"href":"https:\/\/schupp.ch\/fr\/wp-json\/wp\/v2\/product"}],"about":[{"href":"https:\/\/schupp.ch\/fr\/wp-json\/wp\/v2\/types\/product"}],"wp:featuredmedia":[{"embeddable":true,"href":"https:\/\/schupp.ch\/fr\/wp-json\/wp\/v2\/media\/1152"}],"wp:attachment":[{"href":"https:\/\/schupp.ch\/fr\/wp-json\/wp\/v2\/media?parent=6043"}],"wp:term":[{"taxonomy":"product_brand","embeddable":true,"href":"https:\/\/schupp.ch\/fr\/wp-json\/wp\/v2\/product_brand?post=6043"},{"taxonomy":"product_cat","embeddable":true,"href":"https:\/\/schupp.ch\/fr\/wp-json\/wp\/v2\/product_cat?post=6043"},{"taxonomy":"product_tag","embeddable":true,"href":"https:\/\/schupp.ch\/fr\/wp-json\/wp\/v2\/product_tag?post=6043"}],"curies":[{"name":"wp","href":"https:\/\/api.w.org\/{rel}","templated":true}]}}