{"id":6045,"date":"2024-01-24T16:04:39","date_gmt":"2024-01-24T15:04:39","guid":{"rendered":"https:\/\/schupp.ch\/p\/embouts-mylar-nomex-retractables-classe-f-155-c\/"},"modified":"2026-01-03T13:45:03","modified_gmt":"2026-01-03T12:45:03","slug":"embouts-mylar-nomex-retractables-classe-f-155-c","status":"publish","type":"product","link":"https:\/\/schupp.ch\/fr\/p\/embouts-mylar-nomex-retractables-classe-f-155-c\/","title":{"rendered":"Capuchons Mylar\u00ae\/Nomex\u00ae, r\u00e9tractables, classe F (155 \u00b0C)"},"content":{"rendered":"<p>&nbsp;<\/p>\n<h5>Technical Data<\/h5>\n<p>&nbsp;<\/p>\n<p><strong>Propri\u00e9t\u00e9s<\/strong><\/p>\n<ul>\n<li>Isolation \u00e9conomique des extr\u00e9mit\u00e9s de fils dans les moteurs \u00e9lectriques impr\u00e9gn\u00e9s de peinture de classe de temp\u00e9rature F<\/li>\n<li>Mat\u00e9riau: DuPont\u2122 Mylar\u00ae<\/li>\n<li>Fixation fiable gr\u00e2ce \u00e0 un retrait de 35%.<\/li>\n<li>Disponible avec un diam\u00e8tre int\u00e9rieur de 2,50 mm \u00e0 65 mm et une \u00e9paisseur de paroi \u00e0 partir de 0,240<\/li>\n<li>R\u00e9traction rapide en 10 s.<\/li>\n<li>Excellente rigidit\u00e9 di\u00e9lectrique<\/li>\n<li>Structure compos\u00e9e de cinq couches de films Dupont\u2122 Mylar\u00ae et\u00a0Nomex\u00ae<\/li>\n<li>Les films sont approuv\u00e9es par UL<\/li>\n<li>R\u00e9sistant \u00e0 la plupart des huiles et r\u00e9frig\u00e9rants.<\/li>\n<li>Convient pour les applications de classe de temp\u00e9rature F \u00e0\u00a0 temp\u00e9ratures continues de 155\u00b0C.<\/li>\n<li>Les capuchons sont \u00e9galement disponible avec un codage de couleur<\/li>\n<\/ul>\n<p>&nbsp;<\/p>\n<p><strong>Outer Lamina:<\/strong><\/p>\n<table width=\"643\">\n<tbody>\n<tr>\n<td colspan=\"4\" width=\"643\"><strong>Electrical Properties<\/strong><\/td>\n<\/tr>\n<tr>\n<td rowspan=\"2\" width=\"236\">Properties of Base Film<\/td>\n<td width=\"113\">Typical Value<\/td>\n<td rowspan=\"2\" width=\"151\">Test Condition<\/td>\n<td rowspan=\"2\" width=\"142\">Test Method<\/td>\n<\/tr>\n<tr>\n<td width=\"113\">37.5 HS film (37 \u03bcm)<\/td>\n<\/tr>\n<tr>\n<td width=\"236\">Dielectric strength\u00a0 \u00a0[kV]<\/td>\n<td width=\"113\">&gt; 3.5<\/td>\n<td width=\"151\"><\/td>\n<td width=\"142\">ASTM D 149<\/td>\n<\/tr>\n<\/tbody>\n<\/table>\n<p><strong>\u00a0<\/strong><\/p>\n<table width=\"643\">\n<tbody>\n<tr>\n<td colspan=\"4\" width=\"643\"><strong>Physical Properties<\/strong><\/td>\n<\/tr>\n<tr>\n<td rowspan=\"2\" width=\"236\">Properties of Base Film<\/td>\n<td width=\"112\">Typical Value<\/td>\n<td rowspan=\"2\" width=\"153\">Test Condition<\/td>\n<td rowspan=\"2\" width=\"142\">Test Method<\/td>\n<\/tr>\n<tr>\n<td width=\"112\">37.5 HS film (37 \u03bcm)<\/td>\n<\/tr>\n<tr>\n<td width=\"236\">Tensile Strength<\/td>\n<td colspan=\"3\" width=\"406\"><\/td>\n<\/tr>\n<tr>\n<td rowspan=\"2\" width=\"236\">MD\u00a0 (Mpa)<br \/>\nTD\u00a0 (Mpa)<\/td>\n<td width=\"112\">190<\/td>\n<td width=\"153\">Machine Direction (MD)<\/td>\n<td width=\"142\">ASTM D 882<\/td>\n<\/tr>\n<tr>\n<td width=\"112\">260<\/td>\n<td width=\"153\">Transverse Direction (TD)<\/td>\n<td width=\"142\">ASTM D 882<\/td>\n<\/tr>\n<tr>\n<td width=\"236\">Yield\u00a0 [m2\/kg]<\/td>\n<td width=\"112\">19.10<\/td>\n<td width=\"153\"><\/td>\n<td width=\"142\"><\/td>\n<\/tr>\n<tr>\n<td rowspan=\"2\" width=\"236\">Modulus\u00a0 [Mpa]<\/td>\n<td width=\"112\">2,100<\/td>\n<td width=\"153\">MD<\/td>\n<td width=\"142\">ASTM D 882<\/td>\n<\/tr>\n<tr>\n<td width=\"112\">3,600<\/td>\n<td width=\"153\">TD<\/td>\n<td width=\"142\">ASTM D 882<\/td>\n<\/tr>\n<tr>\n<td rowspan=\"2\" width=\"236\">Elongation\u00a0 [%]<\/td>\n<td width=\"112\">170<\/td>\n<td width=\"153\">MD<\/td>\n<td width=\"142\">ASTM D 882<\/td>\n<\/tr>\n<tr>\n<td width=\"112\">110<\/td>\n<td width=\"153\">TD<\/td>\n<td width=\"142\">ASTM D 882<\/td>\n<\/tr>\n<tr>\n<td width=\"236\">Water Vapour Transmission Rate\u00a0 [g\/m2\/24 hrs]<\/td>\n<td width=\"112\">15<\/td>\n<td width=\"153\">38\u00b0C, 90% Relative Humidity<\/td>\n<td width=\"142\">ASTM F 1249<\/td>\n<\/tr>\n<tr>\n<td rowspan=\"2\" width=\"236\">Oxygen Permeability\u00a0 [cm3\/m2\/24 hrs]<\/td>\n<td width=\"112\">75<\/td>\n<td width=\"153\">Before shrinkage<\/td>\n<td width=\"142\">ASTM D 3985<\/td>\n<\/tr>\n<tr>\n<td width=\"112\">30-45<\/td>\n<td width=\"153\">After shrinkage<\/td>\n<td width=\"142\">ASTM D 3985<\/td>\n<\/tr>\n<\/tbody>\n<\/table>\n<p>&nbsp;<\/p>\n<table width=\"643\">\n<tbody>\n<tr>\n<td colspan=\"3\" width=\"643\"><strong>Optical Properties<\/strong><\/td>\n<\/tr>\n<tr>\n<td width=\"236\">Properties of Base Film<\/td>\n<td width=\"265\">Typical Value<\/td>\n<td width=\"142\">Test Method<\/td>\n<\/tr>\n<tr>\n<td width=\"236\">Melt Point<\/td>\n<td width=\"265\">253-255\u00b0C (526-528K)<\/td>\n<td width=\"142\">ASTM D 3148-82<\/td>\n<\/tr>\n<\/tbody>\n<\/table>\n<p>&nbsp;<\/p>\n<p><strong>\u00a0<\/strong><strong>Inner Lamina: DuPont\u2122 Nomex\u00ae Grade 411<\/strong><\/p>\n<table>\n<tbody>\n<tr>\n<td colspan=\"5\" width=\"623\"><strong>Electrical Properties<\/strong><\/td>\n<\/tr>\n<tr>\n<td rowspan=\"2\" width=\"219\">Property of Base Material<\/td>\n<td colspan=\"2\" width=\"170\">Material Thickness<\/td>\n<td rowspan=\"2\" width=\"109\">Test Condition<\/td>\n<td rowspan=\"2\" width=\"125\">Test Method<\/td>\n<\/tr>\n<tr>\n<td width=\"76\">0.130 mm<\/td>\n<td width=\"94\">0.180 mm<\/td>\n<\/tr>\n<tr>\n<td width=\"219\">Dielectric Strength\u00a0\u00a0 [kV\/mm]<\/td>\n<td width=\"76\">12<\/td>\n<td width=\"94\">12<\/td>\n<td width=\"109\">AC Rapid Rise<\/td>\n<td width=\"125\">ASTM D 149<\/td>\n<\/tr>\n<tr>\n<td width=\"219\">Dielectric Constant<\/td>\n<td width=\"76\">1.3<\/td>\n<td width=\"94\">1.3<\/td>\n<td width=\"109\">103 Hz<\/td>\n<td width=\"125\">ASTM D 150<\/td>\n<\/tr>\n<tr>\n<td width=\"219\">Dissipation Factor<\/td>\n<td width=\"76\">0.005<\/td>\n<td width=\"94\">0.005<\/td>\n<td width=\"109\">103 Hz<\/td>\n<td width=\"125\">ASTM D 150<\/td>\n<\/tr>\n<\/tbody>\n<\/table>\n<p><strong>\u00a0<\/strong><strong>\u00a0<\/strong><\/p>\n<table width=\"626\">\n<tbody>\n<tr>\n<td colspan=\"4\" width=\"626\"><strong>Physical Properties<\/strong><\/td>\n<\/tr>\n<tr>\n<td width=\"172\">Property of Base Material<\/td>\n<td width=\"156\">Typical Value<\/td>\n<td width=\"142\">Test Condition<\/td>\n<td width=\"156\">Test Method<\/td>\n<\/tr>\n<tr>\n<td colspan=\"4\" width=\"626\">Tensile Strength<\/td>\n<\/tr>\n<tr>\n<td rowspan=\"2\" width=\"172\">MD\u00a0 [N\/cm]<br \/>\nTD\u00a0 [N\/cm]<\/td>\n<td width=\"156\">17<\/td>\n<td width=\"142\">28<\/td>\n<td width=\"156\">ASTM D 828-60<\/td>\n<\/tr>\n<tr>\n<td width=\"156\">9<\/td>\n<td width=\"142\">17<\/td>\n<td width=\"156\">ASTM D 828-60<\/td>\n<\/tr>\n<tr>\n<td colspan=\"4\" width=\"626\">Elongation<\/td>\n<\/tr>\n<tr>\n<td rowspan=\"2\" width=\"172\">MD\u00a0 [%]<br \/>\nTD\u00a0 [%]<\/td>\n<td width=\"156\">3.5<\/td>\n<td width=\"142\">3.5<\/td>\n<td width=\"156\">ASTM D 828-60<\/td>\n<\/tr>\n<tr>\n<td width=\"156\">4.8<\/td>\n<td width=\"142\">5<\/td>\n<td width=\"156\">ASTM D 828-60<\/td>\n<\/tr>\n<\/tbody>\n<\/table>\n<p>&nbsp;<\/p>\n<p><strong>Num\u00e9ro d&rsquo;article : <\/strong><\/p>\n<p>Exemple : IESMN0100\/005\/0050<br \/>\nIESMN = num\u00e9ro principal<br \/>\n0100 = 1,00 mm diam\u00e8tre int\u00e9rieur<br \/>\n005 = 0,05 mm \u00e9paisseur de paroi<br \/>\n0050 = 50 mm longueur int\u00e9rieure (sans d\u00e9bord)<\/p>\n<p>&nbsp;<\/p>\n","protected":false},"excerpt":{"rendered":"<p>&nbsp;<\/p>\n<h5>Les capuchons r\u00e9tractables Mylar\u00ae\/Nomex\u00ae isolent s\u00e9curisent les connexions \u00e9lectriques dans les moteurs \u00e9lectriques et autres applications. Ils pr\u00e9sentent une r\u00e9sistance di\u00e9lectrique et une r\u00e9sistance aux chocs \u00e9lev\u00e9es et conviennent \u00e9galement aux applications exigeantes de la classe de temp\u00e9rature F. Ils supportent \u00e9galement des temp\u00e9ratures allant jusqu&rsquo;\u00e0 160\u00b0C sur une courte p\u00e9riode. L&rsquo;ajout des capuchons permet d&rsquo;\u00e9viter les courts-circuits dus \u00e0 des r\u00e9sidus de fil. Ils sont principalement utilis\u00e9s dans les bobinages de moteurs \u00e9lectriques encapsul\u00e9s et \u00e9galement ouverts.<\/h5>\n<p>&nbsp;<\/p>\n","protected":false},"featured_media":1164,"template":"","meta":{"_acf_changed":false},"product_brand":[],"product_cat":[217,304],"product_tag":[],"class_list":{"0":"post-6045","1":"product","2":"type-product","3":"status-publish","4":"has-post-thumbnail","6":"product_cat-tuyaux-techniques","7":"product_cat-embouts","9":"first","10":"instock","11":"shipping-taxable","12":"purchasable","13":"product-type-simple"},"acf":[],"_links":{"self":[{"href":"https:\/\/schupp.ch\/fr\/wp-json\/wp\/v2\/product\/6045","targetHints":{"allow":["GET"]}}],"collection":[{"href":"https:\/\/schupp.ch\/fr\/wp-json\/wp\/v2\/product"}],"about":[{"href":"https:\/\/schupp.ch\/fr\/wp-json\/wp\/v2\/types\/product"}],"wp:featuredmedia":[{"embeddable":true,"href":"https:\/\/schupp.ch\/fr\/wp-json\/wp\/v2\/media\/1164"}],"wp:attachment":[{"href":"https:\/\/schupp.ch\/fr\/wp-json\/wp\/v2\/media?parent=6045"}],"wp:term":[{"taxonomy":"product_brand","embeddable":true,"href":"https:\/\/schupp.ch\/fr\/wp-json\/wp\/v2\/product_brand?post=6045"},{"taxonomy":"product_cat","embeddable":true,"href":"https:\/\/schupp.ch\/fr\/wp-json\/wp\/v2\/product_cat?post=6045"},{"taxonomy":"product_tag","embeddable":true,"href":"https:\/\/schupp.ch\/fr\/wp-json\/wp\/v2\/product_tag?post=6045"}],"curies":[{"name":"wp","href":"https:\/\/api.w.org\/{rel}","templated":true}]}}