{"id":6046,"date":"2024-01-24T15:55:14","date_gmt":"2024-01-24T14:55:14","guid":{"rendered":"https:\/\/schupp.ch\/p\/tubes-isolants-hostaphan-retractables-160-c\/"},"modified":"2025-12-29T19:10:10","modified_gmt":"2025-12-29T18:10:10","slug":"tubes-isolants-hostaphan-retractables-160-c","status":"publish","type":"product","link":"https:\/\/schupp.ch\/fr\/p\/tubes-isolants-hostaphan-retractables-160-c\/","title":{"rendered":"Tubes isolants Hostaphan\u00ae, r\u00e9tractables (160 \u00b0C)"},"content":{"rendered":"<p>&nbsp;<\/p>\n<p><strong>Propri\u00e9t\u00e9s<\/strong><\/p>\n<ul>\n<li>10% \u00e0 16% R\u00e9traction \u00e0 150\u00b0C pour la protection et l&rsquo;isolation de mat\u00e9riaux conducteurs.<\/li>\n<li>Excellente r\u00e9sistance \u00e0 la perforation<\/li>\n<li>En film conforme \u00e0 l&rsquo;homologation UL E348131<\/li>\n<li>\u00c9paisseurs de paroi \u00e0 partir de 0,050 mm<\/li>\n<li>Diam\u00e8tre int\u00e9rieur de 2 \u00e0 200 mm<\/li>\n<li>La tol\u00e9rance \u00e9troite du diam\u00e8tre int\u00e9rieur et la rondeur exacte de la gaine permettent une installation fiable.<\/li>\n<li>Ces caract\u00e9ristiques permettent d&rsquo;automatiser<\/li>\n<li>Longueurs disponibles selon la demande du client.<\/li>\n<\/ul>\n<p>&nbsp;<\/p>\n<p><strong>Donn\u00e9es techniques<\/strong><\/p>\n<table>\n<tbody>\n<tr>\n<td colspan=\"4\" width=\"631\"><strong>Propri\u00e9t\u00e9s physiques<\/strong><\/td>\n<\/tr>\n<tr>\n<td width=\"274\">R\u00e9sistance \u00e0 la traction LR<\/td>\n<td width=\"76\">[kg\/cm2]<\/td>\n<td width=\"188\">2600<\/td>\n<td width=\"93\">ASTMD 882<\/td>\n<\/tr>\n<tr>\n<td width=\"274\">Limite d&rsquo;\u00e9lasticit\u00e9 LR<\/td>\n<td width=\"76\">[kg\/cm2]<\/td>\n<td width=\"188\">1050<\/td>\n<td width=\"93\">ASTMD 882<\/td>\n<\/tr>\n<tr>\n<td colspan=\"2\" width=\"350\">Allongement \u00e0 la rupture<\/td>\n<td width=\"188\">LR 110%, QR 70%<\/td>\n<td width=\"93\">ASTMD 882<\/td>\n<\/tr>\n<tr>\n<td width=\"274\">Modulus LR<\/td>\n<td width=\"76\">[kg\/cm2]<\/td>\n<td width=\"188\">35000<\/td>\n<td width=\"93\">ASTMD 882<\/td>\n<\/tr>\n<tr>\n<td width=\"274\">Coefficient de frottement A\/B<\/td>\n<td width=\"76\">statique<br \/>\ndynamique<\/td>\n<td width=\"188\">0,40<br \/>\n0,36<\/td>\n<td width=\"93\">AST D 1894<\/td>\n<\/tr>\n<tr>\n<td colspan=\"4\" width=\"631\"><strong>Propri\u00e9t\u00e9s de r\u00e9traction du film de base<\/strong><\/td>\n<\/tr>\n<tr>\n<td colspan=\"2\" width=\"350\"><\/td>\n<td width=\"188\">LR 10%, QR 10%<\/td>\n<td width=\"93\">5 min 105 \u00b0C<\/td>\n<\/tr>\n<tr>\n<td colspan=\"2\" width=\"350\"><\/td>\n<td width=\"188\">LR 16%, QR 16<\/td>\n<td width=\"93\">5 min 150 \u00b0C<\/td>\n<\/tr>\n<tr>\n<td colspan=\"2\" width=\"350\"><\/td>\n<td width=\"188\">LR 20%, QR 20%<\/td>\n<td width=\"93\">5 min190 \u00b0C<\/td>\n<\/tr>\n<tr>\n<td colspan=\"2\" width=\"350\">Densit\u00e9 [g\/cm3]<\/td>\n<td width=\"188\">1,395<\/td>\n<td width=\"93\">ASTM D-1005<\/td>\n<\/tr>\n<\/tbody>\n<\/table>\n<p>&nbsp;<\/p>\n<p>LR = sens de la marche<br \/>\nQR = sens transversal<\/p>\n<p>&nbsp;<\/p>\n<p><strong>Num\u00e9ro d&rsquo;article : <\/strong><\/p>\n<p>IRSHLdddd\/www\/lllll<br \/>\nExemple : IRSHL0100\/005\/0500<br \/>\nIRSHL = num\u00e9ro principal<br \/>\n0100 = 1,00 mm de diam\u00e8tre<br \/>\n005 = 0,05 mm d&rsquo;\u00e9paisseur de paroi<br \/>\n0500 = 500 mm de longueur<\/p>\n<p>&nbsp;<\/p>\n","protected":false},"excerpt":{"rendered":"<p>&nbsp;<\/p>\n<h5>Le tube isolant en Hostaphan\u00ae est un mat\u00e9riau privil\u00e9gi\u00e9 et \u00e9conomique \u00e0 faible r\u00e9tr\u00e9cissement pour l&rsquo;isolation des thermostats et des capteurs. M\u00eame apr\u00e8s r\u00e9tr\u00e9cissement, il conserve son aspect et sa souplesse. Il peut \u00eatre utilis\u00e9 \u00e0 des temp\u00e9ratures allant jusqu&rsquo;\u00e0 160 \u00b0C.<\/h5>\n<p>&nbsp;<\/p>\n","protected":false},"featured_media":1156,"template":"","meta":{"_acf_changed":false},"product_brand":[],"product_cat":[217,302],"product_tag":[],"class_list":{"0":"post-6046","1":"product","2":"type-product","3":"status-publish","4":"has-post-thumbnail","6":"product_cat-tuyaux-techniques","7":"product_cat-tubes-isolants-enroules","9":"first","10":"instock","11":"shipping-taxable","12":"purchasable","13":"product-type-simple"},"acf":[],"_links":{"self":[{"href":"https:\/\/schupp.ch\/fr\/wp-json\/wp\/v2\/product\/6046","targetHints":{"allow":["GET"]}}],"collection":[{"href":"https:\/\/schupp.ch\/fr\/wp-json\/wp\/v2\/product"}],"about":[{"href":"https:\/\/schupp.ch\/fr\/wp-json\/wp\/v2\/types\/product"}],"wp:featuredmedia":[{"embeddable":true,"href":"https:\/\/schupp.ch\/fr\/wp-json\/wp\/v2\/media\/1156"}],"wp:attachment":[{"href":"https:\/\/schupp.ch\/fr\/wp-json\/wp\/v2\/media?parent=6046"}],"wp:term":[{"taxonomy":"product_brand","embeddable":true,"href":"https:\/\/schupp.ch\/fr\/wp-json\/wp\/v2\/product_brand?post=6046"},{"taxonomy":"product_cat","embeddable":true,"href":"https:\/\/schupp.ch\/fr\/wp-json\/wp\/v2\/product_cat?post=6046"},{"taxonomy":"product_tag","embeddable":true,"href":"https:\/\/schupp.ch\/fr\/wp-json\/wp\/v2\/product_tag?post=6046"}],"curies":[{"name":"wp","href":"https:\/\/api.w.org\/{rel}","templated":true}]}}