{"id":6049,"date":"2024-01-24T16:07:50","date_gmt":"2024-01-24T15:07:50","guid":{"rendered":"https:\/\/schupp.ch\/p\/embouts-kapton-nomex-non-retractables-classe-h-180-c\/"},"modified":"2026-01-03T12:39:39","modified_gmt":"2026-01-03T11:39:39","slug":"embouts-kapton-nomex-non-retractables-classe-h-180-c","status":"publish","type":"product","link":"https:\/\/schupp.ch\/fr\/p\/embouts-kapton-nomex-non-retractables-classe-h-180-c\/","title":{"rendered":"Capuchons Kapton\u00ae\/ Nomex\u00ae, non r\u00e9tractables, classe H (180 \u00b0C)"},"content":{"rendered":"<p>&nbsp;<\/p>\n<p><strong>Propri\u00e9t\u00e9s<\/strong><\/p>\n<ul>\n<li>Capuchons, non r\u00e9tractables, pour l&rsquo;isolation dans les moteurs \u00e9lectriques impr\u00e9gn\u00e9s de peinture de classe de temp\u00e9rature H<\/li>\n<li>Mat\u00e9riau: DuPont\u2122 Kapton\u00ae HN<\/li>\n<li>Disponible avec un diam\u00e8tre int\u00e9rieur \u00e0 partir de 2,00 mm et une \u00e9paisseur de paroi \u00e0 partir de 0,0350<\/li>\n<li>L&rsquo;association de cinq couches de DuPont\u2122 Nomex\u00ae 411 et de Kapton\u00ae donne une r\u00e9sistance \u00e9lev\u00e9e \u00e0 la perforation et une grande stabilit\u00e9 m\u00e9canique.<\/li>\n<li>Le mat\u00e9riel est UL approv\u00e9<\/li>\n<li>Convient pour une application de classe de temp\u00e9rature H jusqu&rsquo;\u00e0 180 \u00b0C.<\/li>\n<\/ul>\n<p>&nbsp;<\/p>\n<h5><strong>Technical Specifications<\/strong><\/h5>\n<p>&nbsp;<\/p>\n<p><strong>Outer Lamina<\/strong><\/p>\n<table width=\"643\">\n<tbody>\n<tr>\n<td colspan=\"7\" width=\"643\"><strong>Electrical Properties<\/strong><\/td>\n<\/tr>\n<tr>\n<td colspan=\"2\" rowspan=\"2\" width=\"226\">Properties<\/td>\n<td colspan=\"3\" width=\"182\">lm Typical Value &#8211; 1 mil (25 \u00b5m)<\/td>\n<td rowspan=\"2\" width=\"88\">Test Condition<\/td>\n<td rowspan=\"2\" width=\"147\">Test Method<\/td>\n<\/tr>\n<tr>\n<td width=\"56\">-195 \u00b0C<\/td>\n<td width=\"64\">25 \u00b0C<\/td>\n<td width=\"63\">200 \u00b0C<\/td>\n<\/tr>\n<tr>\n<td colspan=\"2\" width=\"226\">Short Term<\/td>\n<td width=\"56\"><\/td>\n<td width=\"64\"><\/td>\n<td width=\"63\"><\/td>\n<td width=\"88\"><\/td>\n<td width=\"147\"><\/td>\n<\/tr>\n<tr>\n<td width=\"140\">Dielectric strength<\/td>\n<td width=\"86\">[kV]<\/td>\n<td width=\"56\">10.8<\/td>\n<td width=\"64\">7.0<\/td>\n<td width=\"63\">5.6<\/td>\n<td width=\"88\">60 cycles<\/td>\n<td width=\"147\">ASTM D 149-64<\/td>\n<\/tr>\n<tr>\n<td colspan=\"2\" width=\"226\">Dielectric Constant<\/td>\n<td width=\"56\">&#8211;<\/td>\n<td width=\"64\">3.5<\/td>\n<td width=\"63\">3.0<\/td>\n<td width=\"88\">1 kilocycle<\/td>\n<td width=\"147\">ASTM D 150-64T<\/td>\n<\/tr>\n<tr>\n<td colspan=\"2\" width=\"226\">Dissipation Factor<\/td>\n<td width=\"56\">&#8211;<\/td>\n<td width=\"64\">3<\/td>\n<td width=\"63\">2<\/td>\n<td width=\"88\">1 kilocycle<\/td>\n<td width=\"147\">ASTM D 150-64T<\/td>\n<\/tr>\n<tr>\n<td width=\"140\">Volume Resistivity<\/td>\n<td width=\"86\">[ohm\/m]<\/td>\n<td width=\"56\">&#8211;<\/td>\n<td width=\"64\">1016<\/td>\n<td width=\"63\">1012<\/td>\n<td width=\"88\">&#8211;<\/td>\n<td width=\"147\">ASTM D 257-61<\/td>\n<\/tr>\n<tr>\n<td width=\"140\">Surface Resistivity<\/td>\n<td width=\"86\">[ohm\/sq]<\/td>\n<td width=\"56\">&#8211;<\/td>\n<td width=\"64\">1016<\/td>\n<td width=\"63\">&#8211;<\/td>\n<td width=\"88\">50% Relative\u00a0Humidity<\/td>\n<td width=\"147\">ASTM D 257-61<\/td>\n<\/tr>\n<tr>\n<td width=\"140\">Corona Start Voltage<\/td>\n<td width=\"86\">[volts]<\/td>\n<td width=\"56\">&#8211;<\/td>\n<td width=\"64\">465<\/td>\n<td width=\"63\">&#8211;<\/td>\n<td width=\"88\">50% Relative\u00a0Humidity<\/td>\n<td width=\"147\">ASTM D 1868-61T<\/td>\n<\/tr>\n<tr>\n<td width=\"140\">Insulation Resistance<\/td>\n<td width=\"86\">[megohm\/F]<\/td>\n<td width=\"56\">&#8211;<\/td>\n<td width=\"64\">100000<\/td>\n<td width=\"63\">&#8211;<\/td>\n<td width=\"88\"><\/td>\n<td width=\"147\">Based on 0.05 \u00b5F wound capacitor using 1-mil (25\u00a0\u00b5m) H<\/td>\n<\/tr>\n<\/tbody>\n<\/table>\n<p>&nbsp;<\/p>\n<table width=\"625\">\n<tbody>\n<tr>\n<td colspan=\"6\" width=\"625\"><strong>Physical Properties<\/strong><\/td>\n<\/tr>\n<tr>\n<td colspan=\"2\" rowspan=\"2\" width=\"313\">Properties<\/td>\n<td colspan=\"3\" width=\"189\">Typical Value 1 mil (25m) lm<\/td>\n<td rowspan=\"2\" width=\"123\">Test Method<\/td>\n<\/tr>\n<tr>\n<td width=\"57\">-195\u00b0C<\/td>\n<td width=\"76\">25\u00b0C<\/td>\n<td width=\"57\">200\u00b0C<\/td>\n<\/tr>\n<tr>\n<td width=\"257\">Ultimate Tensile Strength\u00a0 (MD)<\/td>\n<td width=\"57\">[kg\/m2]<br \/>\n[MPa]<\/td>\n<td width=\"57\">2450<br \/>\n241<\/td>\n<td width=\"76\">1750<br \/>\n172<\/td>\n<td width=\"57\">1200<br \/>\n117<\/td>\n<td width=\"123\">ASTM D 882-64T<\/td>\n<\/tr>\n<tr>\n<td width=\"257\">Yield Point\u00a0 (MD)<\/td>\n<td width=\"57\">[kg\/cm2]<br \/>\n[MPa]<\/td>\n<td width=\"57\">&#8211;<\/td>\n<td width=\"76\">700<br \/>\n69<\/td>\n<td width=\"57\">420<br \/>\n41<\/td>\n<td width=\"123\">ASTM D 882-64T<\/td>\n<\/tr>\n<tr>\n<td width=\"257\">Stress to Produce 5% Elongation\u00a0 (MD)<\/td>\n<td width=\"57\">[kg\/cm2]<br \/>\n[MPa]<\/td>\n<td width=\"57\">&#8211;<\/td>\n<td width=\"76\">910<br \/>\n90<\/td>\n<td width=\"57\">600<br \/>\n59<\/td>\n<td width=\"123\">ASTM D 882-64T<\/td>\n<\/tr>\n<tr>\n<td width=\"257\">Ultimate Elongation\u00a0 (MD)<\/td>\n<td width=\"57\">[%]<\/td>\n<td width=\"57\">2<\/td>\n<td width=\"76\">70<\/td>\n<td width=\"57\">90<\/td>\n<td width=\"123\">ASTM D 882-64T<\/td>\n<\/tr>\n<tr>\n<td width=\"257\">Tensile Modulus\u00a0 (D)<\/td>\n<td width=\"57\">[kg\/cm2]<br \/>\n[MPa]<\/td>\n<td width=\"57\">35800<br \/>\n3500<\/td>\n<td width=\"76\">30000<br \/>\n2950<\/td>\n<td width=\"57\">18200<br \/>\n1800<\/td>\n<td width=\"123\">ASTM D 882-64T<\/td>\n<\/tr>\n<tr>\n<td width=\"257\">Impact Strength<\/td>\n<td width=\"57\">[kg\/cm]<br \/>\nN\/m]<\/td>\n<td width=\"57\">&#8211;<\/td>\n<td width=\"76\">6<br \/>\n0.6<\/td>\n<td width=\"57\">&#8211;<\/td>\n<td width=\"123\">DuPont\u2122 Pneumatic<br \/>\nImpact Test<\/td>\n<\/tr>\n<tr>\n<td width=\"257\">Folding Endurance\u00a0 (MIT)<\/td>\n<td width=\"57\">cycles<\/td>\n<td width=\"57\">&#8211;<\/td>\n<td width=\"76\">10000<\/td>\n<td width=\"57\">&#8211;<\/td>\n<td width=\"123\">ASTM D 2176-63T<\/td>\n<\/tr>\n<tr>\n<td width=\"257\">Tear Strength &#8211; Propagating (Elmendorf)<\/td>\n<td width=\"57\"><\/td>\n<td width=\"57\">&#8211;<\/td>\n<td width=\"76\">878<\/td>\n<td width=\"57\">&#8211;<\/td>\n<td width=\"123\">ASTM D 1922-61T<\/td>\n<\/tr>\n<tr>\n<td width=\"257\">Tear Strength &#8211; Propagating (Graves)<\/td>\n<td width=\"57\">[g ]<br \/>\n[N]<\/td>\n<td width=\"57\">&#8211;<\/td>\n<td width=\"76\">510<br \/>\n5<\/td>\n<td width=\"57\">&#8211;<\/td>\n<td width=\"123\">ASTM D 1004-61<\/td>\n<\/tr>\n<tr>\n<td width=\"257\">Bursting Test (Mullen)<\/td>\n<td width=\"57\">[kg\/cm2]<br \/>\n[kPa]<\/td>\n<td width=\"57\">&#8211;<\/td>\n<td width=\"76\">5.25<br \/>\n517<\/td>\n<td width=\"57\">&#8211;<\/td>\n<td width=\"123\">ASTM D 774-63T<\/td>\n<\/tr>\n<tr>\n<td width=\"257\">Density<\/td>\n<td width=\"57\">[Mg\/m2]<\/td>\n<td width=\"57\"><\/td>\n<td width=\"76\">1.42<\/td>\n<td width=\"57\">&#8211;<\/td>\n<td width=\"123\">ASTM D 1505-63T<\/td>\n<\/tr>\n<tr>\n<td width=\"257\">Coefficient of Friction Kinectic (Film-to-Film)<\/td>\n<td width=\"57\"><\/td>\n<td width=\"57\">&#8211;<\/td>\n<td width=\"76\">0.42<\/td>\n<td width=\"57\">&#8211;<\/td>\n<td width=\"123\">ASTM D 1894-63<\/td>\n<\/tr>\n<tr>\n<td width=\"257\">Refractive Index (Becke Line)<\/td>\n<td width=\"57\"><\/td>\n<td width=\"57\">&#8211;<\/td>\n<td width=\"76\">1.78<\/td>\n<td width=\"57\">&#8211;<\/td>\n<td width=\"123\">Encyclopaedic Dictionary\u00a0of Physics, Volume 1<\/td>\n<\/tr>\n<tr>\n<td width=\"257\">Area Factor<\/td>\n<td width=\"57\">[m2\/kg]<\/td>\n<td width=\"57\">&#8211;<\/td>\n<td width=\"76\">28<\/td>\n<td width=\"57\">&#8211;<\/td>\n<td width=\"123\">Calculation<\/td>\n<\/tr>\n<\/tbody>\n<\/table>\n<p>&nbsp;<\/p>\n<table width=\"625\">\n<tbody>\n<tr>\n<td colspan=\"4\" width=\"625\"><strong>Thermal Properties<\/strong><\/td>\n<\/tr>\n<tr>\n<td width=\"228\">Properties<\/td>\n<td width=\"189\">Typical Value &#8211; 1 mil (25m) lm<\/td>\n<td width=\"113\">Test Condition<\/td>\n<td width=\"95\">Test Method<\/td>\n<\/tr>\n<tr>\n<td width=\"228\">Melting Point<\/td>\n<td width=\"189\">None<\/td>\n<td width=\"113\"><\/td>\n<td width=\"95\"><\/td>\n<\/tr>\n<tr>\n<td width=\"228\">Zero Strength Temperature<\/td>\n<td width=\"189\">815\u00b0C<\/td>\n<td width=\"113\">1.4 kg\/cm2 (138 kPa) load for 5 secs<\/td>\n<td width=\"95\">Hot Bar (DuPont\u2122 Test)<\/td>\n<\/tr>\n<tr>\n<td width=\"228\">Cut-throughTemperature<\/td>\n<td width=\"189\">435\u00b0C<br \/>\n525\u00b0C<\/td>\n<td width=\"113\">25 \u00b5m<br \/>\n50-125 \u00b5m<\/td>\n<td width=\"95\">Weighted Probe onHeated Film (DuPont\u2122 Test)<\/td>\n<\/tr>\n<tr>\n<td width=\"228\">Coefficient of Thermal Expansion<\/td>\n<td width=\"189\">2.0 x 10-5\/K<\/td>\n<td width=\"113\">-14\u00b0C to 38\u00b0C<\/td>\n<td width=\"95\">ASTM D 696-44<\/td>\n<\/tr>\n<tr>\n<td rowspan=\"3\" width=\"228\">Coefficient of Thermal Conductivity \u00a0\u00a0[cal)] [cm]<\/td>\n<td width=\"189\">3.72&#215;10-4 [cm2][s][\u00b0C] [0.156W\/m\/K]<\/td>\n<td width=\"113\">25 \u00b0C<\/td>\n<td rowspan=\"3\" width=\"95\">Model TC-1 000 Twin Heatmeter Comparitive Tester<\/td>\n<\/tr>\n<tr>\n<td width=\"189\">3.89&#215;10-4 ([cm2][s][\u00b0C] [0.163W\/m\/K]<\/td>\n<td width=\"113\">75 \u00b0C<\/td>\n<\/tr>\n<tr>\n<td width=\"189\">4.26&#215;10-4 [cm2][s][\u00b0C] [0.178W\/m\/K]<\/td>\n<td width=\"113\">200 \u00b0C<\/td>\n<\/tr>\n<tr>\n<td width=\"228\">Flammability<\/td>\n<td width=\"189\">Self-extinguishing<\/td>\n<td width=\"113\">&#8211;<\/td>\n<td width=\"95\"><\/td>\n<\/tr>\n<tr>\n<td width=\"228\">Heat Sealable<\/td>\n<td width=\"189\">No<\/td>\n<td width=\"113\">&#8211;<\/td>\n<td width=\"95\"><\/td>\n<\/tr>\n<tr>\n<td width=\"228\">Thermal Capacity<\/td>\n<td width=\"189\">0.261 cal.\/g\/\u00b0C (1092 J\/kg\/K)<\/td>\n<td width=\"113\">40 \u00b0C<\/td>\n<td width=\"95\">Differential Calorimetry<\/td>\n<\/tr>\n<\/tbody>\n<\/table>\n<p>&nbsp;<\/p>\n<p><strong>Inner Lamina: DuPont\u2122 Nomex\u00ae Type 411<\/strong><\/p>\n<table>\n<tbody>\n<tr>\n<td colspan=\"5\" width=\"622\"><strong>Electrical Properties<\/strong><\/td>\n<\/tr>\n<tr>\n<td rowspan=\"2\" width=\"198\">Properties of Base Material<\/td>\n<td colspan=\"2\" width=\"199\">Material Thickness<\/td>\n<td rowspan=\"2\" width=\"100\">Test Condition<\/td>\n<td rowspan=\"2\" width=\"125\">Test Method<\/td>\n<\/tr>\n<tr>\n<td width=\"96\">0.130mm<\/td>\n<td width=\"103\">0.180mm<\/td>\n<\/tr>\n<tr>\n<td width=\"198\">Dielectric Strength\u00a0\u00a0 [kV\/mm]<\/td>\n<td width=\"96\">12<\/td>\n<td width=\"103\">12<\/td>\n<td width=\"100\">AC Rapid Rise<\/td>\n<td width=\"125\">ASTM D 149<\/td>\n<\/tr>\n<tr>\n<td width=\"198\">Dielectric Constant<\/td>\n<td width=\"96\">1.3<\/td>\n<td width=\"103\">1.3<\/td>\n<td width=\"100\">1000 Hz<\/td>\n<td width=\"125\">ASTM D 150<\/td>\n<\/tr>\n<tr>\n<td width=\"198\">Dissipation Factor<\/td>\n<td width=\"96\">0.005<\/td>\n<td width=\"103\">0.005<\/td>\n<td width=\"100\">1000 Hz<\/td>\n<td width=\"125\">ASTM D 150<\/td>\n<\/tr>\n<\/tbody>\n<\/table>\n<p><strong>\u00a0\u00a0<\/strong><\/p>\n<table width=\"623\">\n<tbody>\n<tr>\n<td colspan=\"4\" width=\"623\"><strong>Physical Properties<\/strong><\/td>\n<\/tr>\n<tr>\n<td width=\"178\">Properties of Base Material<\/td>\n<td width=\"141\">Typical Value<\/td>\n<td width=\"149\">Test Condition<\/td>\n<td width=\"156\">Test Method<\/td>\n<\/tr>\n<tr>\n<td colspan=\"4\" width=\"623\">Tensile Strength<\/td>\n<\/tr>\n<tr>\n<td rowspan=\"2\" width=\"178\">MD\u00a0 [N\/cm]<br \/>\nTD\u00a0 [N\/cm]<\/td>\n<td width=\"141\">17<\/td>\n<td width=\"149\">28<\/td>\n<td width=\"156\">ASTM D 828-60<\/td>\n<\/tr>\n<tr>\n<td width=\"141\">9<\/td>\n<td width=\"149\">17<\/td>\n<td width=\"156\">ASTM D 828-60<\/td>\n<\/tr>\n<tr>\n<td colspan=\"4\" width=\"623\">Elongation<\/td>\n<\/tr>\n<tr>\n<td rowspan=\"2\" width=\"178\">MD\u00a0 [%]<br \/>\nTD\u00a0 [%]<\/td>\n<td width=\"141\">3.5<\/td>\n<td width=\"149\">3.5<\/td>\n<td width=\"156\">ASTM D 828-60<\/td>\n<\/tr>\n<tr>\n<td width=\"141\">4.8<\/td>\n<td width=\"149\">5<\/td>\n<td width=\"156\">ASTM D 828-60<\/td>\n<\/tr>\n<\/tbody>\n<\/table>\n<p><strong>\u00a0<\/strong><\/p>\n<p><strong>Num\u00e9ro d&rsquo;article : <\/strong><\/p>\n<p>Exemple : IENKN0100\/005\/0050<br \/>\nIENKN = num\u00e9ro principal<br \/>\n0100 = 1,00 mm diam\u00e8tre int\u00e9rieur<br \/>\n005 = 0,05 mm \u00e9paisseur de paroi<br \/>\n0050 = 50 mm longueur int\u00e9rieure (sans d\u00e9bord)<\/p>\n<p>&nbsp;<\/p>\n","protected":false},"excerpt":{"rendered":"<p>&nbsp;<\/p>\n<h5>Les capuchons multicouches non r\u00e9tractables en film DuPont\u2122 Kapton\u00ae et Nomex\u00ae sont con\u00e7us pour \u00eatre utilis\u00e9s dans les moteurs \u00e9lectriques impr\u00e9gn\u00e9s de vernis. Deux couches de Nomex\u00ae type 411 forment un composite avec une couche protectrice de trois couches de Kapton\u00ae. L&rsquo;isolation interne non calandr\u00e9e reprend les propri\u00e9t\u00e9s du vernis d&rsquo;impr\u00e9gnation pendant l&rsquo;impr\u00e9gnation, augmentant ainsi la rigidit\u00e9 di\u00e9lectrique et la stabilit\u00e9 m\u00e9canique de capuchons. Le vernis d&rsquo;impr\u00e9gnation p\u00e9n\u00e9trant s\u00e9curise \u00e9galement l&#8217;embout en position. Les capuchons conservent leurs propri\u00e9t\u00e9s m\u00e9caniques et \u00e9lectriques m\u00eame \u00e0 haute temp\u00e9rature. La soudure par ultrasons des capuchons est chimiquement r\u00e9sistante et contribue \u00e0 la robustesse du produit. Ces capuchons non r\u00e9tractables sont tr\u00e8s adapt\u00e9s \u00e0 une utilisation en production de masse, o\u00f9 un traitement simple est n\u00e9cessaire. Ils sont principalement utilis\u00e9s dans les moteurs \u00e9lectriques, l&rsquo;a\u00e9ronautique et l&rsquo;industrie automobile.<\/h5>\n<p>&nbsp;<\/p>\n","protected":false},"featured_media":1169,"template":"","meta":{"_acf_changed":false},"product_brand":[],"product_cat":[217,304],"product_tag":[],"class_list":{"0":"post-6049","1":"product","2":"type-product","3":"status-publish","4":"has-post-thumbnail","6":"product_cat-tuyaux-techniques","7":"product_cat-embouts","9":"first","10":"instock","11":"shipping-taxable","12":"purchasable","13":"product-type-simple"},"acf":[],"_links":{"self":[{"href":"https:\/\/schupp.ch\/fr\/wp-json\/wp\/v2\/product\/6049","targetHints":{"allow":["GET"]}}],"collection":[{"href":"https:\/\/schupp.ch\/fr\/wp-json\/wp\/v2\/product"}],"about":[{"href":"https:\/\/schupp.ch\/fr\/wp-json\/wp\/v2\/types\/product"}],"wp:featuredmedia":[{"embeddable":true,"href":"https:\/\/schupp.ch\/fr\/wp-json\/wp\/v2\/media\/1169"}],"wp:attachment":[{"href":"https:\/\/schupp.ch\/fr\/wp-json\/wp\/v2\/media?parent=6049"}],"wp:term":[{"taxonomy":"product_brand","embeddable":true,"href":"https:\/\/schupp.ch\/fr\/wp-json\/wp\/v2\/product_brand?post=6049"},{"taxonomy":"product_cat","embeddable":true,"href":"https:\/\/schupp.ch\/fr\/wp-json\/wp\/v2\/product_cat?post=6049"},{"taxonomy":"product_tag","embeddable":true,"href":"https:\/\/schupp.ch\/fr\/wp-json\/wp\/v2\/product_tag?post=6049"}],"curies":[{"name":"wp","href":"https:\/\/api.w.org\/{rel}","templated":true}]}}