{"id":6050,"date":"2024-01-24T16:13:47","date_gmt":"2024-01-24T15:13:47","guid":{"rendered":"https:\/\/schupp.ch\/p\/rouleau-dagglomere-gris-ss-psp-3040-panneau-dagglomere-gris-ss-psp-3030\/"},"modified":"2025-11-19T13:07:19","modified_gmt":"2025-11-19T12:07:19","slug":"rouleau-dagglomere-gris-ss-psp-3040-panneau-dagglomere-gris-ss-psp-3030","status":"publish","type":"product","link":"https:\/\/schupp.ch\/fr\/p\/rouleau-dagglomere-gris-ss-psp-3040-panneau-dagglomere-gris-ss-psp-3030\/","title":{"rendered":"Presspahn gris SS (Psp 3030 ) en feuilles, Presspahn gris SS (Psp 3040 ) en rouleaux"},"content":{"rendered":"<p>&nbsp;<\/p>\n<h5><strong>Donn\u00e9es techniques :<\/strong><\/h5>\n<p>&nbsp;<\/p>\n<p><strong>Classe de temp\u00e9rature :<br \/>\n<\/strong>A (105\u00b0C)<\/p>\n<p><strong>Mat\u00e9riau :<br \/>\n<\/strong>Presspahn continue calandr\u00e9 avec sens \u00e9quilibr\u00e9 des fibres<br \/>\n100 % cellulose au sulfat, couleur grise, DIN 7733<\/p>\n<p>&nbsp;<\/p>\n<table width=\"643\">\n<tbody>\n<tr>\n<td colspan=\"2\" width=\"177\"><\/td>\n<td width=\"82\">Norme d&rsquo;essai<\/td>\n<td width=\"132\">Pr\u00e9traitement de l&rsquo;\u00e9chantillon<\/td>\n<td width=\"66\">Unit\u00e9<\/td>\n<td width=\"95\">Valeur de mesur\u00e9 *<\/td>\n<td width=\"91\">Valeur normal<br \/>\nIEC 641-3<\/td>\n<\/tr>\n<tr>\n<td colspan=\"2\" width=\"177\">Tol\u00e9rance d&rsquo;\u00e9paisseur<\/td>\n<td width=\"82\">IEC 641-2<\/td>\n<td width=\"132\">Climat normalis\u00e9 23\/50<\/td>\n<td width=\"66\">%<\/td>\n<td width=\"95\">\u00b1 10<\/td>\n<td width=\"91\">&#8211;<\/td>\n<\/tr>\n<tr>\n<td colspan=\"2\" width=\"177\">Densit\u00e9 brute<\/td>\n<td width=\"82\">IEC 641-2<\/td>\n<td width=\"132\">Climat normalis\u00e9 23\/50<\/td>\n<td width=\"66\">g\/cm3<\/td>\n<td width=\"95\">1,25<\/td>\n<td width=\"91\">1,15 &#8211; 1,25<\/td>\n<\/tr>\n<tr>\n<td rowspan=\"2\" width=\"128\">R\u00e9sistance \u00e0 la traction non pli\u00e9e min.<\/td>\n<td width=\"49\">dans le sens de la longueur<\/td>\n<td rowspan=\"2\" width=\"82\">IEC 641-2<\/td>\n<td rowspan=\"2\" width=\"132\">Climat normalis\u00e9 23\/50<\/td>\n<td rowspan=\"2\" width=\"66\">N\/mm2<\/td>\n<td width=\"95\">110<\/td>\n<td width=\"91\">90<\/td>\n<\/tr>\n<tr>\n<td width=\"49\">en travers<\/td>\n<td width=\"95\">70<\/td>\n<td width=\"91\">50<\/td>\n<\/tr>\n<tr>\n<td rowspan=\"2\" width=\"128\">\u00c9longation non pli\u00e9 min.<\/td>\n<td width=\"49\">dans le sens de la longueur<\/td>\n<td rowspan=\"2\" width=\"82\">IEC 641-2<\/td>\n<td rowspan=\"2\" width=\"132\">Climat normalis\u00e9 23\/50<\/td>\n<td rowspan=\"2\" width=\"66\">%<\/td>\n<td width=\"95\">6<\/td>\n<td width=\"91\">5,5<\/td>\n<\/tr>\n<tr>\n<td width=\"49\">en travers<\/td>\n<td width=\"95\">12<\/td>\n<td width=\"91\">5,5<\/td>\n<\/tr>\n<tr>\n<td rowspan=\"3\" width=\"128\">Retrait max.<\/td>\n<td width=\"49\">dans le sens de la longueur<\/td>\n<td rowspan=\"3\" width=\"82\">IEC 641-2<\/td>\n<td rowspan=\"3\" width=\"132\">Climat normalis\u00e9 23\/50<\/td>\n<td rowspan=\"3\" width=\"66\">%<\/td>\n<td width=\"95\">0,7<\/td>\n<td width=\"91\">1,5<\/td>\n<\/tr>\n<tr>\n<td width=\"49\">transversale<\/td>\n<td width=\"95\">1,2<\/td>\n<td width=\"91\">7<\/td>\n<\/tr>\n<tr>\n<td width=\"49\">\u00c9paisseur<\/td>\n<td width=\"95\">5,5<\/td>\n<td width=\"91\">&#8211;<\/td>\n<\/tr>\n<tr>\n<td colspan=\"2\" width=\"177\">Teneur en humidit\u00e9 max.<\/td>\n<td width=\"82\">IEC 641-2<\/td>\n<td width=\"132\">Climat normalis\u00e9 23\/50<\/td>\n<td width=\"66\">%<\/td>\n<td width=\"95\">6<\/td>\n<td width=\"91\">8<\/td>\n<\/tr>\n<tr>\n<td colspan=\"2\" width=\"177\">Teneur en cendres max.<\/td>\n<td width=\"82\">IEC 641-12<\/td>\n<td width=\"132\">Climat normalis\u00e9 23\/50<\/td>\n<td width=\"66\">%<\/td>\n<td width=\"95\">0,7<\/td>\n<td width=\"91\">1<\/td>\n<\/tr>\n<tr>\n<td colspan=\"2\" width=\"177\">Conductivit\u00e9 de l&rsquo;extrait aqueux<\/td>\n<td width=\"82\">IEC 641-2<\/td>\n<td width=\"132\">Livraison<\/td>\n<td width=\"66\">mS\/m<\/td>\n<td width=\"95\">7<\/td>\n<td width=\"91\">20<\/td>\n<\/tr>\n<tr>\n<td colspan=\"2\" width=\"177\">Valeur pH de l&rsquo;extrait aqueux<\/td>\n<td width=\"82\">IEC 641-2<\/td>\n<td width=\"132\">Livraison<\/td>\n<td width=\"66\"><\/td>\n<td width=\"95\">7 &#8211; 9<\/td>\n<td width=\"91\">6-9<\/td>\n<\/tr>\n<tr>\n<td colspan=\"2\" width=\"177\">Tension de claquage \u00e9lectrique non pli\u00e9e min.<\/td>\n<td width=\"82\">IEC 641-2<\/td>\n<td width=\"132\">Climat normalis\u00e9 23\/50<\/td>\n<td width=\"66\">kV\/mm<\/td>\n<td width=\"95\">12<\/td>\n<td width=\"91\">11<\/td>\n<\/tr>\n<\/tbody>\n<\/table>\n<p>&nbsp;<\/p>\n<p>* Valeurs moyennes mesur\u00e9es sur un mat\u00e9riau de 0,2 mm d&rsquo;\u00e9paisseur<br \/>\nCes donn\u00e9es ne constituent que des directives g\u00e9n\u00e9rales pour l&rsquo;application.<\/p>\n<p>&nbsp;<\/p>\n<p><strong>Dimensions : <\/strong><\/p>\n<p><strong>Presspahn Psp 3030 en feuilles<br \/>\n<\/strong>\u00c9paisseur\u00a0 0,1 &#8211; 5,0 mm<\/p>\n<p><strong>Presspahn Psp 3030 en rouleaux<br \/>\n<\/strong>\u00c9paisseur\u00a0 0,1 &#8211; 1,0 mm<\/p>\n<p>\u00c9paisseurs sp\u00e9ciales sur demande<\/p>\n<p>&nbsp;<\/p>\n<p><strong>Conditionnements de livraison : <\/strong><\/p>\n<p><strong>Psp3030 en feuilles:<\/strong><br \/>\n640 x 800 mm env. et 800 x 1200 mm env.<\/p>\n<p><strong>Rouleaux standard:<\/strong><br \/>\n640 mm ou 1280 mm de largeur<\/p>\n<p><strong>Rubans:<\/strong><br \/>\n\u00e0 partir de 4 mm de largeur<\/p>\n<p><strong>Crantage:<\/strong><br \/>\npossible<\/p>\n<p>&nbsp;<\/p>\n<p><strong>Num\u00e9ro d&rsquo;article : <\/strong><\/p>\n<p>Exemple : PSP3040\/15\/xxx.x<br \/>\nPSP3040 = Presspahn Psp 3040<br \/>\n15 = \u00e9paisseur 0,15 mm<br \/>\nxxx.x = 022.5 = largeur 22,5 mm<\/p>\n<p>&nbsp;<\/p>\n","protected":false},"excerpt":{"rendered":"<p>&nbsp;<\/p>\n<h5>Le Presspan est un produit fabriqu\u00e9 de la cellulose des bois les plus purs \u00e0 fibres longues. Celle-ci est transform\u00e9e en une nappe de fibres, puis press\u00e9e. \u00c1 cause de sa grande puret\u00e9 chimique, le bois press\u00e9 est notamment utilis\u00e9 comme mat\u00e9riau isolant dans les machines \u00e9lectriques (impr\u00e9gn\u00e9es de r\u00e9sine), les condensateurs (impr\u00e9gn\u00e9s d&rsquo;huile ou de r\u00e9sine) et surtout dans les transformateurs \u00e0 huile. Les propri\u00e9t\u00e9s du mat\u00e9riau permettent un classement dans la classe d&rsquo;isolation A (105 \u00b0C) et sont fabriqu\u00e9es conform\u00e9ment \u00e0 la norme CEI. En fonction de l&rsquo;\u00e9paisseur du mat\u00e9riau, on distingue les panneaux press\u00e9s en feuilles et en rouleaux.<\/h5>\n<p>&nbsp;<\/p>\n<p>&nbsp;<\/p>\n","protected":false},"featured_media":1181,"template":"","meta":{"_acf_changed":false},"product_brand":[],"product_cat":[158,154,307],"product_tag":[],"class_list":{"0":"post-6050","1":"product","2":"type-product","3":"status-publish","4":"has-post-thumbnail","6":"product_cat-isolation-fr","7":"product_cat-isolants-electriques-flexibles","8":"product_cat-films-isolants-a-base-de-fibres","10":"first","11":"instock","12":"shipping-taxable","13":"purchasable","14":"product-type-simple"},"acf":[],"_links":{"self":[{"href":"https:\/\/schupp.ch\/fr\/wp-json\/wp\/v2\/product\/6050","targetHints":{"allow":["GET"]}}],"collection":[{"href":"https:\/\/schupp.ch\/fr\/wp-json\/wp\/v2\/product"}],"about":[{"href":"https:\/\/schupp.ch\/fr\/wp-json\/wp\/v2\/types\/product"}],"wp:featuredmedia":[{"embeddable":true,"href":"https:\/\/schupp.ch\/fr\/wp-json\/wp\/v2\/media\/1181"}],"wp:attachment":[{"href":"https:\/\/schupp.ch\/fr\/wp-json\/wp\/v2\/media?parent=6050"}],"wp:term":[{"taxonomy":"product_brand","embeddable":true,"href":"https:\/\/schupp.ch\/fr\/wp-json\/wp\/v2\/product_brand?post=6050"},{"taxonomy":"product_cat","embeddable":true,"href":"https:\/\/schupp.ch\/fr\/wp-json\/wp\/v2\/product_cat?post=6050"},{"taxonomy":"product_tag","embeddable":true,"href":"https:\/\/schupp.ch\/fr\/wp-json\/wp\/v2\/product_tag?post=6050"}],"curies":[{"name":"wp","href":"https:\/\/api.w.org\/{rel}","templated":true}]}}