{"id":6053,"date":"2024-01-24T16:08:24","date_gmt":"2024-01-24T15:08:24","guid":{"rendered":"https:\/\/schupp.ch\/p\/fibre-vulcanisee\/"},"modified":"2025-11-19T14:16:45","modified_gmt":"2025-11-19T13:16:45","slug":"fibre-vulcanisee","status":"publish","type":"product","link":"https:\/\/schupp.ch\/fr\/p\/fibre-vulcanisee\/","title":{"rendered":"Fibre vulcanis\u00e9e"},"content":{"rendered":"<p>&nbsp;<\/p>\n<h5>Donn\u00e9es techniques<\/h5>\n<p>&nbsp;<\/p>\n<p><strong>Characteristiques<\/strong><\/p>\n<ul>\n<li>une grande r\u00e9sistance m\u00e9canique pour un faible poids<\/li>\n<li>bonnes propri\u00e9t\u00e9s antistatiques<\/li>\n<li>bonnes propri\u00e9t\u00e9s d&rsquo;isolation \u00e9lectrique (anti-\u00e9tincelles)<\/li>\n<\/ul>\n<p>Classe de temp\u00e9rature Y (95 \u00b0C)<br \/>\nMat\u00e9riel sur rouleaux de 0,2 \u00e0 2 mm<br \/>\nCouches homog\u00e8nes de 0,5 \u00e0 12 mm<br \/>\nEn couches de 5 \u00e0 100 mm<\/p>\n<p>&nbsp;<\/p>\n<p><strong>Technical data<\/strong><\/p>\n<table width=\"643\">\n<tbody>\n<tr>\n<td width=\"155\"><strong>Data<\/strong><\/td>\n<td width=\"74\"><strong>Unit<\/strong><\/td>\n<td width=\"57\"><strong>DIN 7737<\/strong><\/td>\n<td width=\"109\"><strong>Technical quality typical values VF3110\/3111<\/strong><\/td>\n<td width=\"120\"><strong>Electrical quality typical values VF3120\/3121<\/strong><\/td>\n<td width=\"128\"><strong>Thermoforming quality typical values VF3110\/3111<\/strong><\/td>\n<\/tr>\n<tr>\n<td width=\"155\"><strong>Density:<\/strong><\/td>\n<td width=\"74\">g\/cm3<\/td>\n<td width=\"57\">1,2-1,45<\/td>\n<td width=\"109\">1,2 &#8211; 1,3<\/td>\n<td width=\"120\">1,2 &#8211; 1,3<\/td>\n<td width=\"128\">1,2 &#8211; 1,3<\/td>\n<\/tr>\n<tr>\n<td width=\"155\"><strong>Basis weight:<\/strong><\/td>\n<td width=\"74\">g\/m2<\/td>\n<td width=\"57\"><\/td>\n<td width=\"109\"><\/td>\n<td width=\"120\"><\/td>\n<td width=\"128\"><\/td>\n<\/tr>\n<tr>\n<td width=\"155\"><strong>Zinc content:<\/strong><\/td>\n<td width=\"74\">%ZnCl2\/TS<\/td>\n<td width=\"57\">0,1\/0,04<\/td>\n<td width=\"109\">0,05<\/td>\n<td width=\"120\">0,02<\/td>\n<td width=\"128\">0,05<\/td>\n<\/tr>\n<tr>\n<td width=\"155\"><strong>Humidity:<\/strong><\/td>\n<td width=\"74\">%<\/td>\n<td width=\"57\">&lt; 10<\/td>\n<td width=\"109\">8<\/td>\n<td width=\"120\">7<\/td>\n<td width=\"128\">10<\/td>\n<\/tr>\n<tr>\n<td width=\"155\"><strong>Ball pressure hardness:<\/strong><\/td>\n<td width=\"74\">N\/cm2<\/td>\n<td width=\"57\">&gt; 70<\/td>\n<td width=\"109\">100<\/td>\n<td width=\"120\">100<\/td>\n<td width=\"128\">100<\/td>\n<\/tr>\n<tr>\n<td width=\"155\"><strong>Impact strength:<\/strong><\/td>\n<td width=\"74\">kJ\/m2<\/td>\n<td width=\"57\">to<\/td>\n<td width=\"109\">120<\/td>\n<td width=\"120\">120<\/td>\n<td width=\"128\">120<\/td>\n<\/tr>\n<tr>\n<td width=\"155\"><strong>Notched impact strength:<\/strong><\/td>\n<td width=\"74\">kJ\/m2<\/td>\n<td width=\"57\"><\/td>\n<td width=\"109\">30<\/td>\n<td width=\"120\">30<\/td>\n<td width=\"128\">30<\/td>\n<\/tr>\n<tr>\n<td width=\"155\"><strong>Ratio q\/I:<\/strong><\/td>\n<td width=\"74\">Factor<\/td>\n<td width=\"57\"><\/td>\n<td width=\"109\">0,6<\/td>\n<td width=\"120\">0,6<\/td>\n<td width=\"128\">0,6<\/td>\n<\/tr>\n<tr>\n<td width=\"155\"><strong>Longitudinal tensile strength (MD):<\/strong><\/td>\n<td width=\"74\">kp\/cm2<\/td>\n<td width=\"57\">&gt; 70<\/td>\n<td width=\"109\">80<\/td>\n<td width=\"120\">80<\/td>\n<td width=\"128\">80<\/td>\n<\/tr>\n<tr>\n<td width=\"155\"><strong>Transverse tensile strength (CD):<\/strong><\/td>\n<td width=\"74\">kp\/cm2<\/td>\n<td width=\"57\">&gt; 45<\/td>\n<td width=\"109\">50<\/td>\n<td width=\"120\">50<\/td>\n<td width=\"128\">50<\/td>\n<\/tr>\n<tr>\n<td width=\"155\"><strong>Elongation lengthwise (MD):<br \/>\n<\/strong><\/td>\n<td width=\"74\">%<\/td>\n<td width=\"57\">&gt; 7<\/td>\n<td width=\"109\">12<\/td>\n<td width=\"120\">12<\/td>\n<td width=\"128\">16<\/td>\n<\/tr>\n<tr>\n<td width=\"155\"><strong>Transverse elongation (CD):<\/strong><\/td>\n<td width=\"74\">%<\/td>\n<td width=\"57\">&gt; 8<\/td>\n<td width=\"109\">15<\/td>\n<td width=\"120\">15<\/td>\n<td width=\"128\">22<\/td>\n<\/tr>\n<tr>\n<td width=\"155\"><strong>Conductivity w.ex:<\/strong><\/td>\n<td width=\"74\">\u00b5S\/cm<\/td>\n<td width=\"57\">&lt; 120<\/td>\n<td width=\"109\">40<\/td>\n<td width=\"120\">40<\/td>\n<td width=\"128\">40<\/td>\n<\/tr>\n<tr>\n<td width=\"155\"><strong>pH value w. Exc:<\/strong><\/td>\n<td width=\"74\"><\/td>\n<td width=\"57\">5 &#8211; 7<\/td>\n<td width=\"109\">6<\/td>\n<td width=\"120\">6<\/td>\n<td width=\"128\">6<\/td>\n<\/tr>\n<tr>\n<td width=\"155\"><strong>Dielectric strength:<\/strong><\/td>\n<td width=\"74\">kV\/mm<\/td>\n<td width=\"57\">&gt; 5,2<\/td>\n<td width=\"109\">5.2 &#8211; 8<\/p>\n<p>depending on thickness<\/td>\n<td width=\"120\">6 &#8211; 10<\/p>\n<p>depending on thickness<\/td>\n<td width=\"128\">5.2 &#8211; 8<\/p>\n<p>depending on thickness<\/td>\n<\/tr>\n<tr>\n<td width=\"155\"><strong>Temperature resistance<\/strong><\/td>\n<td width=\"74\">95 \u00b0C:<\/td>\n<td width=\"57\"><\/td>\n<td width=\"109\">unlimited<\/td>\n<td width=\"120\">unlimited<\/td>\n<td width=\"128\">unlimited<\/td>\n<\/tr>\n<tr>\n<td width=\"155\"><strong>Temperature resistance<\/strong><\/td>\n<td width=\"74\">130 \u00b0C:<\/td>\n<td width=\"57\"><\/td>\n<td width=\"109\">several hours<\/td>\n<td width=\"120\">several hours<\/td>\n<td width=\"128\">several hours<\/td>\n<\/tr>\n<tr>\n<td width=\"155\"><strong>Temperature resistance<\/strong><\/td>\n<td width=\"74\">180 \u00b0C:<\/td>\n<td width=\"57\"><\/td>\n<td width=\"109\">short term<\/td>\n<td width=\"120\">short term<\/td>\n<td width=\"128\">short term<\/td>\n<\/tr>\n<tr>\n<td width=\"155\"><strong>Thermal conductivity:<\/strong><\/td>\n<td width=\"74\">W \/mK<\/td>\n<td width=\"57\"><\/td>\n<td width=\"109\">0,31<\/td>\n<td width=\"120\">0,31<\/td>\n<td width=\"128\">0,31<\/td>\n<\/tr>\n<\/tbody>\n<\/table>\n<p>&nbsp;<\/p>\n","protected":false},"excerpt":{"rendered":"<p>&nbsp;<\/p>\n<h5>La fibre vulcanis\u00e9e est un mat\u00e9riau polyvalent fabriqu\u00e9 \u00e0 partir d&rsquo;un papier sp\u00e9cial compos\u00e9 de linters de coton et de p\u00e2te \u00e0 papier.\u00a0Produite \u00e0 la base de mati\u00e8res premi\u00e8res organiques renouvelables, la fibre vulcanis\u00e9e se caract\u00e9rise par les propri\u00e9t\u00e9s suivantes :<\/h5>\n<p>&nbsp;<\/p>\n","protected":false},"featured_media":1172,"template":"","meta":{"_acf_changed":false},"product_brand":[],"product_cat":[158,154,307],"product_tag":[],"class_list":{"0":"post-6053","1":"product","2":"type-product","3":"status-publish","4":"has-post-thumbnail","6":"product_cat-isolation-fr","7":"product_cat-isolants-electriques-flexibles","8":"product_cat-films-isolants-a-base-de-fibres","10":"first","11":"instock","12":"shipping-taxable","13":"purchasable","14":"product-type-simple"},"acf":[],"_links":{"self":[{"href":"https:\/\/schupp.ch\/fr\/wp-json\/wp\/v2\/product\/6053","targetHints":{"allow":["GET"]}}],"collection":[{"href":"https:\/\/schupp.ch\/fr\/wp-json\/wp\/v2\/product"}],"about":[{"href":"https:\/\/schupp.ch\/fr\/wp-json\/wp\/v2\/types\/product"}],"wp:featuredmedia":[{"embeddable":true,"href":"https:\/\/schupp.ch\/fr\/wp-json\/wp\/v2\/media\/1172"}],"wp:attachment":[{"href":"https:\/\/schupp.ch\/fr\/wp-json\/wp\/v2\/media?parent=6053"}],"wp:term":[{"taxonomy":"product_brand","embeddable":true,"href":"https:\/\/schupp.ch\/fr\/wp-json\/wp\/v2\/product_brand?post=6053"},{"taxonomy":"product_cat","embeddable":true,"href":"https:\/\/schupp.ch\/fr\/wp-json\/wp\/v2\/product_cat?post=6053"},{"taxonomy":"product_tag","embeddable":true,"href":"https:\/\/schupp.ch\/fr\/wp-json\/wp\/v2\/product_tag?post=6053"}],"curies":[{"name":"wp","href":"https:\/\/api.w.org\/{rel}","templated":true}]}}