{"id":6057,"date":"2024-01-24T16:12:13","date_gmt":"2024-01-24T15:12:13","guid":{"rendered":"https:\/\/schupp.ch\/p\/panneau-de-particules-en-rouleau-marron-e-psp-3020-panneau-de-particules-en-rouleau-marron-e-psp-3010\/"},"modified":"2025-11-19T13:47:17","modified_gmt":"2025-11-19T12:47:17","slug":"panneau-de-particules-en-rouleau-marron-e-psp-3020-panneau-de-particules-en-rouleau-marron-e-psp-3010","status":"publish","type":"product","link":"https:\/\/schupp.ch\/fr\/p\/panneau-de-particules-en-rouleau-marron-e-psp-3020-panneau-de-particules-en-rouleau-marron-e-psp-3010\/","title":{"rendered":"Presspahn en rouleaux marron E (Psp 3020), Presspahn en rouleaux marron E (Psp 3010)"},"content":{"rendered":"<p>&nbsp;<\/p>\n<p><strong>Donn\u00e9es techniques :<\/strong><\/p>\n<p><strong>Classe thermique :<br \/>\n<\/strong>A (105\u00b0C)<\/p>\n<p><strong>Mat\u00e9riau :<br \/>\n<\/strong>panneau de particules calandr\u00e9 avec sens des fibres \u00e9quilibr\u00e9<br \/>\n100 % p\u00e2te au sulfate, couleur brune, DIN 7733<\/p>\n<p>&nbsp;<\/p>\n<table width=\"643\">\n<tbody>\n<tr>\n<td colspan=\"2\" width=\"192\"><\/td>\n<td width=\"66\">Norme d&rsquo;essai<\/td>\n<td width=\"129\">Pr\u00e9traitement de l&rsquo;\u00e9chantillon<\/td>\n<td width=\"62\">Unit\u00e9<\/td>\n<td width=\"89\">Donn\u00e9e de mesure *<\/td>\n<td width=\"104\">Donn\u00e9e normalis\u00e9e DIN 7733<\/td>\n<\/tr>\n<tr>\n<td colspan=\"2\" width=\"192\">Tol\u00e9rance d&rsquo;\u00e9paisseur<\/td>\n<td width=\"66\">IEC 641-2<\/td>\n<td width=\"129\">Climat normalis\u00e9 23\/50<\/td>\n<td width=\"62\">%<\/td>\n<td width=\"89\">\u00b1 10<\/td>\n<td width=\"104\">&#8211;<\/td>\n<\/tr>\n<tr>\n<td rowspan=\"2\" width=\"126\">Densit\u00e9 brute<\/td>\n<td width=\"66\">Psp 3020<\/td>\n<td rowspan=\"2\" width=\"66\">IEC 641-2<\/td>\n<td rowspan=\"2\" width=\"129\">Climat normalis\u00e9 23\/50<\/td>\n<td rowspan=\"2\" width=\"62\">g\/cm3<\/td>\n<td width=\"89\">1,2<\/td>\n<td width=\"104\">1,0 &#8211; 1,2<\/td>\n<\/tr>\n<tr>\n<td width=\"66\">Psp 3010<\/td>\n<td width=\"89\"><\/td>\n<td width=\"104\">1,2 &#8211; 1,3<\/td>\n<\/tr>\n<tr>\n<td rowspan=\"2\" width=\"126\">R\u00e9sistance \u00e0 la traction non pli\u00e9e min.<\/td>\n<td width=\"66\">dans le sens de la longueur<\/td>\n<td rowspan=\"2\" width=\"66\">IEC 641-2<\/td>\n<td rowspan=\"2\" width=\"129\">Climat normalis\u00e9 23\/50<\/td>\n<td rowspan=\"2\" width=\"62\">N\/mm2<\/td>\n<td width=\"89\">85<\/td>\n<td width=\"104\">65<\/td>\n<\/tr>\n<tr>\n<td width=\"66\">en travers<\/td>\n<td width=\"89\">50<\/td>\n<td width=\"104\">35<\/td>\n<\/tr>\n<tr>\n<td rowspan=\"2\" width=\"126\">\u00c9longantion<\/p>\n<p>non pli\u00e9 min.<\/td>\n<td width=\"66\">dans le sens de la longueur<\/td>\n<td rowspan=\"2\" width=\"66\">IEC 641-2<\/td>\n<td rowspan=\"2\" width=\"129\">Climat normalis\u00e9 23\/50<\/td>\n<td rowspan=\"2\" width=\"62\">%<\/td>\n<td width=\"89\">5<\/td>\n<td width=\"104\">2,5<\/td>\n<\/tr>\n<tr>\n<td width=\"66\">en travers<\/td>\n<td width=\"89\">11<\/td>\n<td width=\"104\">6,5<\/td>\n<\/tr>\n<tr>\n<td rowspan=\"3\" width=\"126\">R\u00e9trait\u00a0 max.<\/td>\n<td width=\"66\">dans le sens de la longueur<\/td>\n<td rowspan=\"3\" width=\"66\">IEC 641-2<\/td>\n<td rowspan=\"3\" width=\"129\">Climat normalis\u00e9 23\/50<\/td>\n<td rowspan=\"3\" width=\"62\">%<\/td>\n<td width=\"89\">0,7<\/td>\n<td width=\"104\">2<\/td>\n<\/tr>\n<tr>\n<td width=\"66\">transversale<\/td>\n<td width=\"89\">1,2<\/td>\n<td width=\"104\">&#8211;<\/td>\n<\/tr>\n<tr>\n<td width=\"66\">\u00c9paisseur<\/td>\n<td width=\"89\">5,5<\/td>\n<td width=\"104\">&#8211;<\/td>\n<\/tr>\n<tr>\n<td colspan=\"2\" width=\"192\">Teneur en humidit\u00e9 max.<\/td>\n<td width=\"66\">IEC 641-2<\/td>\n<td width=\"129\">Climat normalis\u00e9 23\/50<\/td>\n<td width=\"62\">%<\/td>\n<td width=\"89\">6<\/td>\n<td width=\"104\">8<\/td>\n<\/tr>\n<tr>\n<td colspan=\"2\" width=\"192\">Teneur en cendres max.<\/td>\n<td width=\"66\">IEC 641-12<\/td>\n<td width=\"129\">Climat normalis\u00e9 23\/50<\/td>\n<td width=\"62\">%<\/td>\n<td width=\"89\">1,5<\/td>\n<td width=\"104\">5<\/td>\n<\/tr>\n<tr>\n<td colspan=\"2\" width=\"192\">Conductivit\u00e9 de l&rsquo;extrait aqueux<\/td>\n<td width=\"66\">IEC 641-2<\/td>\n<td width=\"129\">Livraison<\/td>\n<td width=\"62\">mS\/m<\/td>\n<td width=\"89\">10<\/td>\n<td width=\"104\">20<\/td>\n<\/tr>\n<tr>\n<td colspan=\"2\" width=\"192\">pH de l&rsquo;extrait aqueux<\/td>\n<td width=\"66\">IEC 641-2<\/td>\n<td width=\"129\">Livraison<\/td>\n<td width=\"62\"><\/td>\n<td width=\"89\">7 &#8211; 9<\/td>\n<td width=\"104\">&#8211;<\/td>\n<\/tr>\n<tr>\n<td colspan=\"2\" width=\"192\">Tension de claquage \u00e9lectrique non pli\u00e9e min.<\/td>\n<td width=\"66\">IEC 641-2<\/td>\n<td width=\"129\">Climat normalis\u00e9 23\/50<\/td>\n<td width=\"62\">kV\/mm<\/td>\n<td width=\"89\">11<\/td>\n<td width=\"104\">10<\/td>\n<\/tr>\n<\/tbody>\n<\/table>\n<p>&nbsp;<\/p>\n<p>* Valeurs moyennes mesur\u00e9es sur un mat\u00e9riau de 0,2 mm d&rsquo;\u00e9paisseur<br \/>\nCes donn\u00e9es ne constituent que des directives g\u00e9n\u00e9rales pour l&rsquo;application.<\/p>\n<p>&nbsp;<\/p>\n<p><strong>Dimensions : <\/strong><\/p>\n<p><strong>Presspahn Psp 3010 en feuilles<\/strong><br \/>\n\u00c9paisseur 0,8 &#8211; 5,0 mm<\/p>\n<p><strong>Presspahn en rouleaux Psp 3020<br \/>\n<\/strong>\u00c9paisseur 0,1 &#8211; 1,0 mm<\/p>\n<p>&nbsp;<\/p>\n<p><strong>Conditionnements de livraison : <\/strong><\/p>\n<p><strong>Presspahn Psp 3010 coup\u00e9 des quatre c\u00f4t\u00e9s<\/strong><\/p>\n<p>1050 x 1020 mm env.<br \/>\n1050 x 2050 mm env.<br \/>\n2100 x 1360 mm env.<br \/>\n2100 x 2050 mm env.<br \/>\n2100 x 4150 mm env.<\/p>\n<p><strong><br \/>\nPresspahn en rouleaux<\/strong><\/p>\n<p>Rouleaux standard : 640 mm ou 1280 mm de largeur<br \/>\nRouleaux \u00e9troits : \u00e0 partir de 4 mm de largeur<br \/>\nCrantage possible<\/p>\n<p>&nbsp;<\/p>\n<p><strong>Num\u00e9ro principal : <\/strong><\/p>\n<p>Exemple : PSP3020\/30\/xxx.x<br \/>\nPSP3020 = Presspahn Psp 3020<br \/>\n30 = \u00e9paisseur 0,30 mm<br \/>\nxxx.x = 022.5 largeur 22,5 mm<\/p>\n<p>&nbsp;<\/p>\n","protected":false},"excerpt":{"rendered":"<p>&nbsp;<\/p>\n<h5><strong>Le Presspan est un produit fabriqu\u00e9 de la cellulose des bois les plus purs \u00e0 fibres longues. Celle-ci est transform\u00e9e en une nappe de fibres, puis press\u00e9e. \u00c1 cause de sa grande puret\u00e9 chimique, le bois press\u00e9 est notamment utilis\u00e9 comme mat\u00e9riau isolant dans les machines \u00e9lectriques (impr\u00e9gn\u00e9es de r\u00e9sine), les condensateurs (impr\u00e9gn\u00e9s d\u2019huile ou de r\u00e9sine) et surtout dans les transformateurs \u00e0 huile. Les propri\u00e9t\u00e9s du mat\u00e9riau permettent un classement dans la classe d\u2019isolation A (105 \u00b0C) et sont fabriqu\u00e9es conform\u00e9ment \u00e0 la norme CEI. En fonction de l\u2019\u00e9paisseur du mat\u00e9riau, on distingue les panneaux press\u00e9s en feuilles et en rouleaux.<\/strong><\/h5>\n<p>&nbsp;<\/p>\n","protected":false},"featured_media":1177,"template":"","meta":{"_acf_changed":false},"product_brand":[],"product_cat":[158,154,307],"product_tag":[],"class_list":{"0":"post-6057","1":"product","2":"type-product","3":"status-publish","4":"has-post-thumbnail","6":"product_cat-isolation-fr","7":"product_cat-isolants-electriques-flexibles","8":"product_cat-films-isolants-a-base-de-fibres","10":"first","11":"instock","12":"shipping-taxable","13":"purchasable","14":"product-type-simple"},"acf":[],"_links":{"self":[{"href":"https:\/\/schupp.ch\/fr\/wp-json\/wp\/v2\/product\/6057","targetHints":{"allow":["GET"]}}],"collection":[{"href":"https:\/\/schupp.ch\/fr\/wp-json\/wp\/v2\/product"}],"about":[{"href":"https:\/\/schupp.ch\/fr\/wp-json\/wp\/v2\/types\/product"}],"wp:featuredmedia":[{"embeddable":true,"href":"https:\/\/schupp.ch\/fr\/wp-json\/wp\/v2\/media\/1177"}],"wp:attachment":[{"href":"https:\/\/schupp.ch\/fr\/wp-json\/wp\/v2\/media?parent=6057"}],"wp:term":[{"taxonomy":"product_brand","embeddable":true,"href":"https:\/\/schupp.ch\/fr\/wp-json\/wp\/v2\/product_brand?post=6057"},{"taxonomy":"product_cat","embeddable":true,"href":"https:\/\/schupp.ch\/fr\/wp-json\/wp\/v2\/product_cat?post=6057"},{"taxonomy":"product_tag","embeddable":true,"href":"https:\/\/schupp.ch\/fr\/wp-json\/wp\/v2\/product_tag?post=6057"}],"curies":[{"name":"wp","href":"https:\/\/api.w.org\/{rel}","templated":true}]}}