{"id":6061,"date":"2024-01-24T16:32:59","date_gmt":"2024-01-24T15:32:59","guid":{"rendered":"https:\/\/schupp.ch\/p\/tuyaux-en-fluoropolymere-moules-sur-mesure\/"},"modified":"2024-10-16T09:06:00","modified_gmt":"2024-10-16T07:06:00","slug":"tuyaux-en-fluoropolymere-moules-sur-mesure","status":"publish","type":"product","link":"https:\/\/schupp.ch\/fr\/p\/tuyaux-en-fluoropolymere-moules-sur-mesure\/","title":{"rendered":"Tuyaux en fluoropolym\u00e8re moul\u00e9s sur mesure"},"content":{"rendered":"<p>&nbsp;<\/p>\n<p>&nbsp;<\/p>\n<p>&nbsp;<\/p>\n","protected":false},"excerpt":{"rendered":"<p>Nous proposons des tuyaux en fluoropolym\u00e8re moul\u00e9s selon vos plans et des moules sp\u00e9cialement extrud\u00e9s. Nous pouvons concevoir des tuyaux moul\u00e9s en PTFE, PFA, FEP, ETFE et PVDF. Ces configurations personnalis\u00e9es donnent la possibilit\u00e9 de commander une pi\u00e8ce qui r\u00e9pond exactement aux exigences, ce qui permet de gagner du temps et de r\u00e9duire les co\u00fbts d&rsquo;installation. <\/p>\n<p>&nbsp;<\/p>\n<p><strong>Multi &#8211; Lumen &#8211; Tuyaux<\/strong><\/p>\n<p>Les tubulures multi-lumi\u00e8res offrent de nombreuses possibilit\u00e9s pour collecter, diluer ou perfuser des \u00e9chantillons liquides &#8211; en particulier dans le domaine m\u00e9dical &#8211; avec une grande pr\u00e9cision.<\/p>\n<p>&nbsp;<\/p>\n<p><strong>Tuyaux ondul\u00e9s<\/strong><\/p>\n<p>Les tuyaux spiral\u00e9s et ondul\u00e9s permettent de r\u00e9aliser des rayons de courbure proches de z\u00e9ro. Ils sont faciles \u00e0 courber et peuvent \u00eatre \u00e9tir\u00e9s ou comprim\u00e9s sans que leur diam\u00e8tre int\u00e9rieur ne change. Ils sont donc id\u00e9aux pour la protection et le transport de gaz, de liquides et de produits chimiques dans des applications o\u00f9 le rayon de courbure exige \u00e0 la fois une grande flexibilit\u00e9 et une faible perm\u00e9abilit\u00e9. Les tuyaux spiral\u00e9s ou ondul\u00e9s sont \u00e9galement disponibles avec des extr\u00e9mit\u00e9s \u00e0 rebord ou des brides.  <\/p>\n","protected":false},"featured_media":1221,"template":"","meta":{"_acf_changed":false},"product_brand":[],"product_cat":[217],"product_tag":[],"class_list":{"0":"post-6061","1":"product","2":"type-product","3":"status-publish","4":"has-post-thumbnail","6":"product_cat-tuyaux-techniques","8":"first","9":"instock","10":"shipping-taxable","11":"purchasable","12":"product-type-simple"},"acf":[],"_links":{"self":[{"href":"https:\/\/schupp.ch\/fr\/wp-json\/wp\/v2\/product\/6061","targetHints":{"allow":["GET"]}}],"collection":[{"href":"https:\/\/schupp.ch\/fr\/wp-json\/wp\/v2\/product"}],"about":[{"href":"https:\/\/schupp.ch\/fr\/wp-json\/wp\/v2\/types\/product"}],"wp:featuredmedia":[{"embeddable":true,"href":"https:\/\/schupp.ch\/fr\/wp-json\/wp\/v2\/media\/1221"}],"wp:attachment":[{"href":"https:\/\/schupp.ch\/fr\/wp-json\/wp\/v2\/media?parent=6061"}],"wp:term":[{"taxonomy":"product_brand","embeddable":true,"href":"https:\/\/schupp.ch\/fr\/wp-json\/wp\/v2\/product_brand?post=6061"},{"taxonomy":"product_cat","embeddable":true,"href":"https:\/\/schupp.ch\/fr\/wp-json\/wp\/v2\/product_cat?post=6061"},{"taxonomy":"product_tag","embeddable":true,"href":"https:\/\/schupp.ch\/fr\/wp-json\/wp\/v2\/product_tag?post=6061"}],"curies":[{"name":"wp","href":"https:\/\/api.w.org\/{rel}","templated":true}]}}