{"id":6062,"date":"2024-01-24T16:29:01","date_gmt":"2024-01-24T15:29:01","guid":{"rendered":"https:\/\/schupp.ch\/p\/tuyaux-en-pvdf\/"},"modified":"2025-12-29T17:10:14","modified_gmt":"2025-12-29T16:10:14","slug":"tuyaux-en-pvdf","status":"publish","type":"product","link":"https:\/\/schupp.ch\/fr\/p\/tuyaux-en-pvdf\/","title":{"rendered":"Gaines en PVDF (Kynar\u00ae)"},"content":{"rendered":"<p>&nbsp;<\/p>\n<p><strong>Informations sur les mat\u00e9riaux<\/strong><\/p>\n<p class=\"KSStandard\"><span lang=\"DE-CH\">Le PVDF fait partie du groupe des mat\u00e9riaux synth\u00e9tiques partiellement fluor\u00e9s. Le mat\u00e9riau se caract\u00e9rise par une grande r\u00e9sistance aux chocs, une tr\u00e8s bonne r\u00e9sistance chimique et une tr\u00e8s faible perm\u00e9abilit\u00e9 aux gaz (perm\u00e9ation). Le vieillissement du mat\u00e9riau d\u00fb \u00e0 l&rsquo;environnement n&rsquo;est pas d\u00e9celable, m\u00eame apr\u00e8s des ann\u00e9es d&rsquo;utilisation.<\/span><\/p>\n<p>&nbsp;<\/p>\n<p><strong>Aper\u00e7u des propri\u00e9t\u00e9s<\/strong><\/p>\n<ul>\n<li>Temp\u00e9rature d&rsquo;utilisation continue entre &#8211; 50 \u00b0C et +140\u00b0C<\/li>\n<li>tr\u00e8s faible perm\u00e9ation<\/li>\n<li>surfaces lisses<\/li>\n<li>couleur blanch\u00e2tre opaque<\/li>\n<li>rigidit\u00e9 m\u00e9canique \u00e9lev\u00e9e (shore D73-85)<\/li>\n<li>soudable<\/li>\n<li>bonne r\u00e9sistance chimique<\/li>\n<li>non inflammable (selon UL94 V-0)<\/li>\n<li>excellente r\u00e9sistance au vieillissement<\/li>\n<li>LABS libre<\/li>\n<li>ind\u00e9formable m\u00eame avec des parois de faible \u00e9paisseur<\/li>\n<\/ul>\n<p>&nbsp;<\/p>\n<p><strong>Dimensions standard :<\/strong><\/p>\n<table>\n<tbody>\n<tr>\n<td rowspan=\"2\" width=\"125\"><strong>Num\u00e9ro d&rsquo;article<\/strong><\/td>\n<td width=\"73\"><strong>\u00d8 int\u00e9rieur<\/strong><\/td>\n<td width=\"67\"><strong>\u00d8 ext\u00e9rieur<\/strong><\/td>\n<td width=\"56\"><strong>\u00c9paisseur de paroi<\/strong><\/td>\n<td width=\"94\"><strong>Conditionnement<\/strong><\/td>\n<td width=\"66\"><strong>min. Rayon de courbure<\/strong><\/td>\n<td width=\"64\"><strong>Pression d&rsquo;\u00e9clatement \u00e0 23\u00b0C<\/strong><\/td>\n<td width=\"85\"><strong>max. Pression de travail \u00e0 23 \u00b0C<\/strong><\/td>\n<\/tr>\n<tr>\n<td width=\"73\">[mm]<\/td>\n<td width=\"67\">[mm]<\/td>\n<td width=\"56\">[mm]<\/td>\n<td width=\"94\"><\/td>\n<td width=\"66\">[mm]<\/td>\n<td width=\"64\">[bar]<\/td>\n<td width=\"85\">[bar]<\/td>\n<\/tr>\n<tr>\n<td width=\"125\"><strong>ISKY0080\/040<\/strong><\/td>\n<td width=\"73\">0,80 \u00b1 0,05<\/td>\n<td width=\"67\">1,6\u00b10,05<\/td>\n<td width=\"56\">0,40<\/td>\n<td width=\"94\">Bobine de 100 m<\/td>\n<td width=\"66\">5 &#8211; 6<\/td>\n<td width=\"64\">200<\/td>\n<td width=\"85\">50<\/td>\n<\/tr>\n<tr>\n<td width=\"125\"><strong>ISKY0160\/080<\/strong><\/td>\n<td width=\"73\">1,6 \u00b1 0,10<\/td>\n<td width=\"67\">3,2 \u00b1 0,10<\/td>\n<td width=\"56\">0,80<\/td>\n<td width=\"94\">Anneau 50\/100 m<\/td>\n<td width=\"66\">10 -12<\/td>\n<td width=\"64\">200<\/td>\n<td width=\"85\">50<\/td>\n<\/tr>\n<tr>\n<td width=\"125\"><strong>ISKY0200\/100<\/strong><\/td>\n<td width=\"73\">2,0 \u00b1 0,10<\/td>\n<td width=\"67\">4,0 \u00b10,10<\/td>\n<td width=\"56\">1,0<\/td>\n<td width=\"94\">Anneau 50\/100 m<\/td>\n<td width=\"66\">20<\/td>\n<td width=\"64\">206<\/td>\n<td width=\"85\">51<\/td>\n<\/tr>\n<tr>\n<td width=\"125\"><strong>ISKY0400\/100<\/strong><\/td>\n<td width=\"73\">4,0 \u00b1 0,10<\/td>\n<td width=\"67\">6,0 \u00b1 0,10<\/td>\n<td width=\"56\">1,0<\/td>\n<td width=\"94\">Anneau 50\/100 m<\/td>\n<td width=\"66\">40<\/td>\n<td width=\"64\">132<\/td>\n<td width=\"85\">33<\/td>\n<\/tr>\n<tr>\n<td width=\"125\"><strong>ISKY0160\/100<\/strong><\/td>\n<td width=\"73\">6,0 \u00b1 0,10<\/td>\n<td width=\"67\">8,0 \u00b1 0,10<\/td>\n<td width=\"56\">1,0<\/td>\n<td width=\"94\">Anneau 50\/100 m<\/td>\n<td width=\"66\">55<\/td>\n<td width=\"64\">97<\/td>\n<td width=\"85\">24<\/td>\n<\/tr>\n<tr>\n<td width=\"125\"><strong>ISKY0180\/100<\/strong><\/td>\n<td width=\"73\">8,0 \u00b1 0,10<\/td>\n<td width=\"67\">10 \u00b1 0,10<\/td>\n<td width=\"56\">1,0<\/td>\n<td width=\"94\">Anneau 50\/100 m<\/td>\n<td width=\"66\">75<\/td>\n<td width=\"64\">76<\/td>\n<td width=\"85\">19<\/td>\n<\/tr>\n<tr>\n<td width=\"125\"><strong>ISXY1000\/100<\/strong><\/td>\n<td width=\"73\">10,0 \u00b1 0,10<\/td>\n<td width=\"67\">12 \u00b1 0,10<\/td>\n<td width=\"56\">1,0<\/td>\n<td width=\"94\">Anneau 50\/100 m<\/td>\n<td width=\"66\">130<\/td>\n<td width=\"64\">61<\/td>\n<td width=\"85\">15<\/td>\n<\/tr>\n<\/tbody>\n<\/table>\n<p>&nbsp;<\/p>\n<p><strong>Note<\/strong><\/p>\n<p>La pression de service maximale est une valeur indicative d\u00e9riv\u00e9e de la pression d&rsquo;\u00e9clatement th\u00e9orique sur la base de 4:1 (quatre fois la s\u00e9curit\u00e9). Il est de la responsabilit\u00e9 de l&rsquo;utilisateur de v\u00e9rifier ces valeurs et, si n\u00e9cessaire, de les adapter \u00e0 ses besoins sp\u00e9cifiques. La r\u00e9sistance \u00e0 la pression est particuli\u00e8rement r\u00e9duite en cas de temp\u00e9ratures \u00e9lev\u00e9es. Des dimensions personnalis\u00e9es peuvent \u00eatre produites sur demande \u00e0 court terme.<\/p>\n<p>&nbsp;<\/p>\n<p><strong>Produits<\/strong><\/p>\n<p>Diam\u00e8tre de 0,10 mm \u00e0 70,00 m. Des barres rondes ou des monofilaments en PVDF peuvent \u00e9galement \u00eatre fabriqu\u00e9s jusqu&rsquo;\u00e0 un diam\u00e8tre de 4,50 mm.<\/p>\n<ul>\n<li>Les tol\u00e9rances et l&rsquo;\u00e9paisseur des parois peuvent \u00eatre ajust\u00e9es selon les besoins du client.<\/li>\n<li>Les syst\u00e8mes de mesure par rayons X peuvent \u00eatre utilis\u00e9s pour le contr\u00f4le dimensionnel en continu.<\/li>\n<li>Des rapports de mesure complets peuvent \u00eatre fournis.<\/li>\n<li>Diff\u00e9rentes couleurs possibles avec des quantit\u00e9s minimales correspondantes<\/li>\n<li>Les gaines en PVDF sont disponibles sur demande en longueurs droites jusqu&rsquo;\u00e0 6 m\u00e8tres.<\/li>\n<li>Les dimensions sp\u00e9cifiques aux clients sont fabriqu\u00e9es sur demande \u00e0 court terme.<\/li>\n<\/ul>\n<p>&nbsp;<\/p>\n<p><strong>Domaines d&rsquo;application<\/strong><\/p>\n<ul>\n<li>Endoscopie<\/li>\n<li>Eau, purification de l&rsquo;eau<\/li>\n<li>\u00c9changeur de chaleur<\/li>\n<li>fluid handling dans le domaine des laboratoires<\/li>\n<\/ul>\n<p>&nbsp;<\/p>\n","protected":false},"excerpt":{"rendered":"<p>&nbsp;<\/p>\n<h5>\u00c0 cause de leurs propri\u00e9t\u00e9s mat\u00e9rielles, les tubes en PVDF sont tr\u00e8s rigides, ont de bonnes propri\u00e9t\u00e9s de glissement et une faible perm\u00e9abilit\u00e9 aux gaz. Les tubes en PVDF de couleur \u00ab naturelle \u00bb sont d&rsquo;un blanc opaque et l\u00e9g\u00e8rement jaun\u00e2tre lorsque l&rsquo;\u00e9paisseur de la paroi est \u00e9lev\u00e9e. Sur demande, ces tubes sont \u00e9galement disponibles dans les couleurs RAL.<\/h5>\n<p>&nbsp;<\/p>\n","protected":false},"featured_media":1112,"template":"","meta":{"_acf_changed":false},"product_brand":[],"product_cat":[217,297],"product_tag":[],"class_list":{"0":"post-6062","1":"product","2":"type-product","3":"status-publish","4":"has-post-thumbnail","6":"product_cat-tuyaux-techniques","7":"product_cat-tuyaux-en-plastique-fluore","9":"first","10":"instock","11":"shipping-taxable","12":"purchasable","13":"product-type-simple"},"acf":[],"_links":{"self":[{"href":"https:\/\/schupp.ch\/fr\/wp-json\/wp\/v2\/product\/6062","targetHints":{"allow":["GET"]}}],"collection":[{"href":"https:\/\/schupp.ch\/fr\/wp-json\/wp\/v2\/product"}],"about":[{"href":"https:\/\/schupp.ch\/fr\/wp-json\/wp\/v2\/types\/product"}],"wp:featuredmedia":[{"embeddable":true,"href":"https:\/\/schupp.ch\/fr\/wp-json\/wp\/v2\/media\/1112"}],"wp:attachment":[{"href":"https:\/\/schupp.ch\/fr\/wp-json\/wp\/v2\/media?parent=6062"}],"wp:term":[{"taxonomy":"product_brand","embeddable":true,"href":"https:\/\/schupp.ch\/fr\/wp-json\/wp\/v2\/product_brand?post=6062"},{"taxonomy":"product_cat","embeddable":true,"href":"https:\/\/schupp.ch\/fr\/wp-json\/wp\/v2\/product_cat?post=6062"},{"taxonomy":"product_tag","embeddable":true,"href":"https:\/\/schupp.ch\/fr\/wp-json\/wp\/v2\/product_tag?post=6062"}],"curies":[{"name":"wp","href":"https:\/\/api.w.org\/{rel}","templated":true}]}}