{"id":6065,"date":"2024-01-24T16:39:42","date_gmt":"2024-01-24T15:39:42","guid":{"rendered":"https:\/\/schupp.ch\/p\/tuyaux-en-fluoropolymere-moules-sur-mesure-2\/"},"modified":"2025-12-29T14:09:09","modified_gmt":"2025-12-29T13:09:09","slug":"tuyaux-en-fluoropolymere-moules-sur-mesure-2","status":"publish","type":"product","link":"https:\/\/schupp.ch\/fr\/p\/tuyaux-en-fluoropolymere-moules-sur-mesure-2\/","title":{"rendered":"Gaines form\u00e9es en mati\u00e8re synth\u00e9tique fluor\u00e9e"},"content":{"rendered":"<h4>Gaines Multi-Lumen<\/h4>\n<p><span lang=\"DE-CH\">Les gaines Multi-Lumen offrent de nombreuses possibilit\u00e9s. <\/span><span lang=\"DE-CH\">Les tubes \u00e0 essai sont utilis\u00e9s pour collecter, diluer ou perfuser des \u00e9chantillons liquides avec une grande pr\u00e9cision, en particulier dans le domaine m\u00e9dical.<\/span><\/p>\n<p>&nbsp;<\/p>\n<h4>Gaines ondul\u00e9s<\/h4>\n<p class=\"KSStandard\">Les gaines spiral\u00e9s et ondul\u00e9s permettent de r\u00e9aliser des rayons de courbure proches de z\u00e9ro. Ils sont faciles \u00e0 courber et peuvent \u00eatre \u00e9tir\u00e9s ou comprim\u00e9s sans que leur diam\u00e8tre int\u00e9rieur ne change. Ils sont donc <span style=\"letter-spacing: -.15pt;\">id\u00e9aux <\/span>pour la protection et le transport de gaz, de liquides et de produits chimiques dans des applications o\u00f9 le rayon de courbure doit \u00eatre \u00e0 la fois flexible et peu perm\u00e9able. Les gaines spiral\u00e9s ou <span style=\"letter-spacing: -.15pt;\">ondul\u00e9s <\/span>sont \u00e9galement disponibles avec des extr\u00e9mit\u00e9s \u00e0 rebord ou \u00e0 bride.<\/p>\n<p>&nbsp;<\/p>\n","protected":false},"excerpt":{"rendered":"<p>&nbsp;<\/p>\n<h5>Nous proposons des tubes en fluoropolym\u00e8re moul\u00e9s selon vos sp\u00e9cifications et dans des formes sp\u00e9cialement extrud\u00e9es. Les tubes peuvent \u00eatre fabriqu\u00e9s sur mesure dans des mat\u00e9riaux isolants tels que le PTFE, le PFA, le FEP, l&rsquo;ETFE et le PVDF. Ces configurations personnalis\u00e9es vous permettent de commander une pi\u00e8ce moul\u00e9e qui r\u00e9pond exactement aux exigences de l&rsquo;application, ce qui vous fait gagner du temps et r\u00e9duit les co\u00fbts d&rsquo;installation.<\/h5>\n<p>&nbsp;<\/p>\n","protected":false},"featured_media":4874,"template":"","meta":{"_acf_changed":false},"product_brand":[],"product_cat":[217,297],"product_tag":[],"class_list":{"0":"post-6065","1":"product","2":"type-product","3":"status-publish","4":"has-post-thumbnail","6":"product_cat-tuyaux-techniques","7":"product_cat-tuyaux-en-plastique-fluore","9":"first","10":"instock","11":"shipping-taxable","12":"purchasable","13":"product-type-simple"},"acf":[],"_links":{"self":[{"href":"https:\/\/schupp.ch\/fr\/wp-json\/wp\/v2\/product\/6065","targetHints":{"allow":["GET"]}}],"collection":[{"href":"https:\/\/schupp.ch\/fr\/wp-json\/wp\/v2\/product"}],"about":[{"href":"https:\/\/schupp.ch\/fr\/wp-json\/wp\/v2\/types\/product"}],"wp:featuredmedia":[{"embeddable":true,"href":"https:\/\/schupp.ch\/fr\/wp-json\/wp\/v2\/media\/4874"}],"wp:attachment":[{"href":"https:\/\/schupp.ch\/fr\/wp-json\/wp\/v2\/media?parent=6065"}],"wp:term":[{"taxonomy":"product_brand","embeddable":true,"href":"https:\/\/schupp.ch\/fr\/wp-json\/wp\/v2\/product_brand?post=6065"},{"taxonomy":"product_cat","embeddable":true,"href":"https:\/\/schupp.ch\/fr\/wp-json\/wp\/v2\/product_cat?post=6065"},{"taxonomy":"product_tag","embeddable":true,"href":"https:\/\/schupp.ch\/fr\/wp-json\/wp\/v2\/product_tag?post=6065"}],"curies":[{"name":"wp","href":"https:\/\/api.w.org\/{rel}","templated":true}]}}