{"id":6066,"date":"2024-01-24T16:30:29","date_gmt":"2024-01-24T15:30:29","guid":{"rendered":"https:\/\/schupp.ch\/p\/tuyaux-thv\/"},"modified":"2025-12-29T17:50:30","modified_gmt":"2025-12-29T16:50:30","slug":"tuyaux-thv","status":"publish","type":"product","link":"https:\/\/schupp.ch\/fr\/p\/tuyaux-thv\/","title":{"rendered":"Gaines THV"},"content":{"rendered":"<p>&nbsp;<\/p>\n<p><strong>Propri\u00e9t\u00e9s<\/strong><\/p>\n<p>Le THV est un terpolym\u00e8re de t\u00e9trafluoro\u00e9thyl\u00e8ne, d&rsquo;hexafluoropropyl\u00e8ne et de fluorure de vinylid\u00e8ne.<\/p>\n<ul>\n<li>hautement flexible<\/li>\n<li>Temp\u00e9rature se service en continu entre -100 \u00b0C et +80 \u00e0 +140\u00b0C selon le mod\u00e8le<\/li>\n<li>tr\u00e8s faible perm\u00e9ation<\/li>\n<li>tr\u00e8s grande transparence<\/li>\n<li>haute perm\u00e9abilit\u00e9 aux UV<\/li>\n<li>soudable<\/li>\n<li>bonne r\u00e9sistance chimique<\/li>\n<li>tr\u00e8s grande r\u00e9sistance \u00e0 la flexion altern\u00e9e<\/li>\n<li>non inflammable<\/li>\n<li>excellente r\u00e9sistance au vieillissement<\/li>\n<li>LABS libre<\/li>\n<li>pas de fragilisation<\/li>\n<\/ul>\n<p>&nbsp;<\/p>\n<p><strong>Notes<\/strong><\/p>\n<ul>\n<li>Diam\u00e8tres de 0,10 mm \u00e0 10,00 mm \u00e0 partir des diff\u00e9rents types de THV.<\/li>\n<li>Les tol\u00e9rances et les \u00e9paisseurs de paroi peuvent \u00eatre ajust\u00e9es selon les besoins du client.<\/li>\n<li>Des syst\u00e8mes de mesure par rayons X peuvent \u00eatre utilis\u00e9s pour le contr\u00f4le dimensionnel en continu.<\/li>\n<li>Des protocoles de mesure complets correspondants peuvent \u00eatre fournis.<\/li>\n<li>Diff\u00e9rentes couleurs sont possibles avec des quantit\u00e9s minimales correspondantes.<\/li>\n<li>\u00c9tant donn\u00e9 qu&rsquo;il existe diff\u00e9rents types de THV, qui diff\u00e8rent en termes de flexibilit\u00e9, de r\u00e9sistance chimique et de r\u00e9sistance \u00e0 la temp\u00e9rature, le type utilis\u00e9 doit \u00eatre adapt\u00e9 \u00e0 l&rsquo;application sp\u00e9cifique.<\/li>\n<\/ul>\n<p>&nbsp;<\/p>\n","protected":false},"excerpt":{"rendered":"<p>&nbsp;<\/p>\n<p>&nbsp;<\/p>\n<h5>Parmi les mat\u00e9riaux synth\u00e9tiques fluor\u00e9s, le THV offre la plus grande flexibilit\u00e9 et la plus grande transparence optique. La r\u00e9sistance chimique ainsi que la r\u00e9sistance \u00e0 la temp\u00e9rature se situent \u00e0 un niveau r\u00e9duit par rapport aux plastiques enti\u00e8rement fluor\u00e9s.<\/h5>\n<p>&nbsp;<\/p>\n","protected":false},"featured_media":3067,"template":"","meta":{"_acf_changed":false},"product_brand":[],"product_cat":[217,297],"product_tag":[],"class_list":{"0":"post-6066","1":"product","2":"type-product","3":"status-publish","4":"has-post-thumbnail","6":"product_cat-tuyaux-techniques","7":"product_cat-tuyaux-en-plastique-fluore","9":"first","10":"instock","11":"shipping-taxable","12":"purchasable","13":"product-type-simple"},"acf":[],"_links":{"self":[{"href":"https:\/\/schupp.ch\/fr\/wp-json\/wp\/v2\/product\/6066","targetHints":{"allow":["GET"]}}],"collection":[{"href":"https:\/\/schupp.ch\/fr\/wp-json\/wp\/v2\/product"}],"about":[{"href":"https:\/\/schupp.ch\/fr\/wp-json\/wp\/v2\/types\/product"}],"wp:featuredmedia":[{"embeddable":true,"href":"https:\/\/schupp.ch\/fr\/wp-json\/wp\/v2\/media\/3067"}],"wp:attachment":[{"href":"https:\/\/schupp.ch\/fr\/wp-json\/wp\/v2\/media?parent=6066"}],"wp:term":[{"taxonomy":"product_brand","embeddable":true,"href":"https:\/\/schupp.ch\/fr\/wp-json\/wp\/v2\/product_brand?post=6066"},{"taxonomy":"product_cat","embeddable":true,"href":"https:\/\/schupp.ch\/fr\/wp-json\/wp\/v2\/product_cat?post=6066"},{"taxonomy":"product_tag","embeddable":true,"href":"https:\/\/schupp.ch\/fr\/wp-json\/wp\/v2\/product_tag?post=6066"}],"curies":[{"name":"wp","href":"https:\/\/api.w.org\/{rel}","templated":true}]}}