{"id":7536,"date":"2025-02-04T14:19:35","date_gmt":"2025-02-04T13:19:35","guid":{"rendered":"https:\/\/schupp.ch\/?post_type=product&#038;p=7536"},"modified":"2026-02-17T16:46:59","modified_gmt":"2026-02-17T15:46:59","slug":"profiles-et-torons-de-presse-pour-lenrubannage-2","status":"publish","type":"product","link":"https:\/\/schupp.ch\/fr\/p\/profiles-et-torons-de-presse-pour-lenrubannage-2\/","title":{"rendered":"Profil\u00e9s et torons de presse pour la technique de bobinage"},"content":{"rendered":"<h3><\/h3>\n<h3>Profil\u00e9s et fils isol\u00e9s plats et ronds<\/h3>\n<p>&nbsp;<\/p>\n<p><img loading=\"lazy\" decoding=\"async\" class=\"alignnone size-medium wp-image-6968\" src=\"https:\/\/schupp.ch\/wp-content\/uploads\/2025\/02\/Flachprofile-300x300.jpg\" alt=\"\" width=\"300\" height=\"300\" srcset=\"https:\/\/schupp.ch\/wp-content\/uploads\/2025\/02\/Flachprofile-300x300.jpg 300w, https:\/\/schupp.ch\/wp-content\/uploads\/2025\/02\/Flachprofile-600x600.jpg 600w, https:\/\/schupp.ch\/wp-content\/uploads\/2025\/02\/Flachprofile-900x900.jpg 900w, https:\/\/schupp.ch\/wp-content\/uploads\/2025\/02\/Flachprofile-100x100.jpg 100w, https:\/\/schupp.ch\/wp-content\/uploads\/2025\/02\/Flachprofile-150x150.jpg 150w, https:\/\/schupp.ch\/wp-content\/uploads\/2025\/02\/Flachprofile-768x768.jpg 768w, https:\/\/schupp.ch\/wp-content\/uploads\/2025\/02\/Flachprofile-1024x1024.jpg 1024w\" sizes=\"auto, (max-width: 300px) 100vw, 300px\" \/> \u00a0 \u00a0 \u00a0 \u00a0 \u00a0 \u00a0\u00a0 \u00a0\u00a0\u00a0 <img loading=\"lazy\" decoding=\"async\" class=\"alignnone size-medium wp-image-6971\" src=\"https:\/\/schupp.ch\/wp-content\/uploads\/2025\/02\/Rundprofile-300x300.jpg\" alt=\"\" width=\"300\" height=\"300\" srcset=\"https:\/\/schupp.ch\/wp-content\/uploads\/2025\/02\/Rundprofile-300x300.jpg 300w, https:\/\/schupp.ch\/wp-content\/uploads\/2025\/02\/Rundprofile-600x600.jpg 600w, https:\/\/schupp.ch\/wp-content\/uploads\/2025\/02\/Rundprofile-900x900.jpg 900w, https:\/\/schupp.ch\/wp-content\/uploads\/2025\/02\/Rundprofile-100x100.jpg 100w, https:\/\/schupp.ch\/wp-content\/uploads\/2025\/02\/Rundprofile-150x150.jpg 150w, https:\/\/schupp.ch\/wp-content\/uploads\/2025\/02\/Rundprofile-768x768.jpg 768w, https:\/\/schupp.ch\/wp-content\/uploads\/2025\/02\/Rundprofile-1024x1024.jpg 1024w\" sizes=\"auto, (max-width: 300px) 100vw, 300px\" \/><\/p>\n<p><strong>Dimensions des fils plats \/ profil\u00e9s plats : <\/strong><\/p>\n<ul>\n<li>standard de 4 \u00e0 129 mm2<\/li>\n<li>sp\u00e9cifique au client de 2,00 x 3,99 \u00e0 130 x 160 mm2(\u00e9paisseur max. de 30 mm)<\/li>\n<li>Conducteurs en faisceau isol\u00e9s jusqu&rsquo;\u00e0 une largeur maximale de 32 mm<\/li>\n<\/ul>\n<p>&nbsp;<\/p>\n<p><strong>Dimensions des fils ronds :<\/strong><\/p>\n<ul>\n<li>de 0,71 \u00e0 20 mm de diam\u00e8tre<\/li>\n<li>autres dimensions sur demande<\/li>\n<\/ul>\n<p>&nbsp;<\/p>\n<p><strong>Mat\u00e9riaux conducteurs :<\/strong><\/p>\n<ul>\n<li>Alu 1370, Cu-ETP, Cu-OF,CuAg0.03<\/li>\n<li>Autres alliages sur demande Placage d&rsquo;\u00e9tain ou d&rsquo;argent<\/li>\n<\/ul>\n<p>&nbsp;<\/p>\n<p><strong>Mat\u00e9riaux d&rsquo;isolation : <\/strong><\/p>\n<ul>\n<li>papier kraft lisse ou cr\u00eap\u00e9 (105\u00b0C)<\/li>\n<li>film polyester (130\u00b0C)<\/li>\n<li>mica\/polyester (155\u00b0C)<\/li>\n<li>Mica\/tissu de verre (155\u00b0C)<\/li>\n<li>Papier aramide Nomex\u00ae 410 (180\u00b0C)<\/li>\n<li>Film polyimide (220\u00b0C)<\/li>\n<li>Ces mat\u00e9riaux peuvent \u00e9galement \u00eatre recouverts d&rsquo;un vernis \u00e0 cuire.<\/li>\n<li>Ruban de coton (90\u00b0C)<\/li>\n<li>Ruban en tissu de verre (220\u00b0C)<\/li>\n<li>Fil de coton pour tressage ou repliement (90\u00b0 C)<\/li>\n<\/ul>\n<p>&nbsp;<\/p>\n<p><strong>Types de bandage :<\/strong><\/p>\n<p>&nbsp;<\/p>\n<p><img loading=\"lazy\" decoding=\"async\" class=\"alignnone wp-image-9940\" src=\"https:\/\/schupp.ch\/wp-content\/uploads\/2025\/02\/Profile_HF_01-EN.jpg\" alt=\"\" width=\"660\" height=\"395\" \/>\u00a0 \u00a0 \u00a0 <img loading=\"lazy\" decoding=\"async\" class=\"alignnone wp-image-9943\" src=\"https:\/\/schupp.ch\/wp-content\/uploads\/2025\/02\/Profile_HF_02-EN.jpg\" alt=\"\" width=\"741\" height=\"371\" \/><\/p>\n<p>&nbsp;<\/p>\n<p>&nbsp;<\/p>\n<h3>Tresses \u00e0 sertir<\/h3>\n<p>&nbsp;<\/p>\n<p><img loading=\"lazy\" decoding=\"async\" class=\"alignnone wp-image-1920 \" src=\"https:\/\/schupp.ch\/wp-content\/uploads\/2024\/01\/crwcwe.jpg\" alt=\"\" width=\"339\" height=\"259\" \/><\/p>\n<p>&nbsp;<\/p>\n<p><strong>Dimensions:<\/strong><\/p>\n<ul>\n<li>Sections jusqu&rsquo;\u00e0 700 mm2 max.<\/li>\n<li><span class=\"--l --r sentence_highlight\">Longueur max. <\/span><span class=\"--l sentence_highlight\"><span class=\"--l --r hover:bg-blue-100 hover:dark:bg-blue-600\">Dimensions<\/span> <span class=\"--l --r hover:bg-blue-100 hover:dark:bg-blue-600\">du<\/span> <span class=\"--l --r hover:bg-blue-100 hover:dark:bg-blue-600\">profil\u00e9<\/span> <span class=\"--l --r hover:bg-blue-100 hover:dark:bg-blue-600\">40<\/span> <span class=\"--l --r hover:bg-blue-100 hover:dark:bg-blue-600\">x<\/span> <span class=\"--l --r hover:bg-blue-100 hover:dark:bg-blue-600\">25<\/span> <span class=\"--l --r hover:bg-blue-100 hover:dark:bg-blue-600\">mm<\/span><\/span><span class=\"--r sentence_highlight\"><br \/>\n<\/span><\/li>\n<li><span class=\"--l --r hover:bg-blue-100 hover:dark:bg-blue-600\">Diam\u00e8tre<\/span> <span class=\"--l --r hover:bg-blue-100 hover:dark:bg-blue-600\">des<\/span> <span class=\"--l --r hover:bg-blue-100 hover:dark:bg-blue-600\">fils<\/span> <span class=\"--l --r hover:bg-blue-100 hover:dark:bg-blue-600\">individuels<\/span> <span class=\"--l --r hover:bg-blue-100 hover:dark:bg-blue-600\">de<\/span> <span class=\"--l --r hover:bg-blue-100 hover:dark:bg-blue-600\">0,07<\/span> <span class=\"--l --r hover:bg-blue-100 hover:dark:bg-blue-600\">\u00e0<\/span> <span class=\"--l --r hover:bg-blue-100 hover:dark:bg-blue-600\">3,15<\/span> <span class=\"--l --r hover:bg-blue-100 hover:dark:bg-blue-600\">mm<\/span><\/li>\n<\/ul>\n<p>&nbsp;<\/p>\n<p><strong>Mat\u00e9riaux des conducteurs : \u00a0 \u00a0 \u00a0<\/strong><\/p>\n<ul>\n<li><span class=\"--l sentence_highlight\">M\u00e9taux : Al 1370, Cu-ETP,Cu-OF <\/span><\/li>\n<li>Autres alliages sur demande<\/li>\n<\/ul>\n<p>&nbsp;<\/p>\n<p><strong>Mat\u00e9riaux d&rsquo;isolation : \u00a0 \u00a0 \u00a0\u00a0<\/strong><\/p>\n<ul>\n<li>Papier kraft lisse ou cr\u00eap\u00e9 (105\u00b0C)<\/li>\n<li>Film polyester (130\u00b0C) Mica\/polyester (155\u00b0C) Mica\/tissu de verre (155\u00b0C) Papier aramide Nomex\u00ae 410 (180\u00b0C) Film polyimide (220\u00b0C)<\/li>\n<li>Ces mat\u00e9riaux peuvent \u00e9galement \u00eatre recouverts d&rsquo;un vernis \u00e0 cuire. Ruban de coton (90\u00b0C)<\/li>\n<li>Ruban en tissu de verre (220\u00b0C)<\/li>\n<li>Fil de coton pour tressage ou repliage (90\u00b0C)<\/li>\n<\/ul>\n<p>&nbsp;<\/p>\n<p>&nbsp;<\/p>\n<h3>Conducteurs form\u00e9s<\/h3>\n<p>&nbsp;<\/p>\n<p>Les conducteurs form\u00e9s (bobines de forme, barres de rotor, connexions de transformateurs) peuvent \u00eatre livr\u00e9s pr\u00eats \u00e0 \u00eatre install\u00e9s selon vos dessins cot\u00e9s.<\/p>\n<p>&nbsp;<\/p>\n<p><img loading=\"lazy\" decoding=\"async\" class=\"alignnone size-medium wp-image-6986\" src=\"https:\/\/schupp.ch\/wp-content\/uploads\/2025\/02\/Formspulen-300x300.jpg\" alt=\"\" width=\"300\" height=\"300\" srcset=\"https:\/\/schupp.ch\/wp-content\/uploads\/2025\/02\/Formspulen-300x300.jpg 300w, https:\/\/schupp.ch\/wp-content\/uploads\/2025\/02\/Formspulen-600x600.jpg 600w, https:\/\/schupp.ch\/wp-content\/uploads\/2025\/02\/Formspulen-900x900.jpg 900w, https:\/\/schupp.ch\/wp-content\/uploads\/2025\/02\/Formspulen-100x100.jpg 100w, https:\/\/schupp.ch\/wp-content\/uploads\/2025\/02\/Formspulen-150x150.jpg 150w, https:\/\/schupp.ch\/wp-content\/uploads\/2025\/02\/Formspulen-768x768.jpg 768w, https:\/\/schupp.ch\/wp-content\/uploads\/2025\/02\/Formspulen-1024x1024.jpg 1024w\" sizes=\"auto, (max-width: 300px) 100vw, 300px\" \/>\u00a0\u00a0 \u00a0 \u00a0 \u00a0 \u00a0 \u00a0 \u00a0 \u00a0 <img loading=\"lazy\" decoding=\"async\" class=\"alignnone size-medium wp-image-6989\" src=\"https:\/\/schupp.ch\/wp-content\/uploads\/2025\/02\/Leiter-geformt-300x300.jpg\" alt=\"\" width=\"300\" height=\"300\" srcset=\"https:\/\/schupp.ch\/wp-content\/uploads\/2025\/02\/Leiter-geformt-300x300.jpg 300w, https:\/\/schupp.ch\/wp-content\/uploads\/2025\/02\/Leiter-geformt-600x600.jpg 600w, https:\/\/schupp.ch\/wp-content\/uploads\/2025\/02\/Leiter-geformt-900x900.jpg 900w, https:\/\/schupp.ch\/wp-content\/uploads\/2025\/02\/Leiter-geformt-100x100.jpg 100w, https:\/\/schupp.ch\/wp-content\/uploads\/2025\/02\/Leiter-geformt-150x150.jpg 150w, https:\/\/schupp.ch\/wp-content\/uploads\/2025\/02\/Leiter-geformt-768x768.jpg 768w, https:\/\/schupp.ch\/wp-content\/uploads\/2025\/02\/Leiter-geformt-1024x1024.jpg 1024w\" sizes=\"auto, (max-width: 300px) 100vw, 300px\" \/><\/p>\n<p><strong>Dimensions:<\/strong><\/p>\n<ul>\n<li><span class=\"--l --r hover:bg-blue-100 hover:dark:bg-blue-600\">Sp\u00e9cifique<\/span> <span class=\"--l --r hover:bg-blue-100 hover:dark:bg-blue-600\">au<\/span> <span class=\"--l --r hover:bg-blue-100 hover:dark:bg-blue-600\">client<\/span> <span class=\"--l --r hover:bg-blue-100 hover:dark:bg-blue-600\">(<\/span><span class=\"--l --r hover:bg-blue-100 hover:dark:bg-blue-600\">voir<\/span> <span class=\"--l --r hover:bg-blue-100 hover:dark:bg-blue-600\">ci<\/span><span class=\"--l --r hover:bg-blue-100 hover:dark:bg-blue-600\">&#8211;<\/span><span class=\"--l --r hover:bg-blue-100 hover:dark:bg-blue-600\">dessous<\/span><span class=\"--l --r hover:bg-blue-100 hover:dark:bg-blue-600\">)<\/span><\/li>\n<\/ul>\n<p>&nbsp;<\/p>\n<p><strong>Principales caract\u00e9ristiques : \u00a0 \u00a0 \u00a0 \u00a0\u00a0<\/strong><\/p>\n<ul>\n<li>Bien enroul\u00e9<\/li>\n<li><span class=\"--l sentence_highlight\">Rayons de courbure extr\u00eames<\/span><span class=\"--r sentence_highlight\"><br \/>\n<\/span><\/li>\n<li>Conception optimis\u00e9e pour l&rsquo;encombrement<\/li>\n<\/ul>\n<p>&nbsp;<\/p>\n<p><strong>Mat\u00e9riaux conducteurs : \u00a0\u00a0<\/strong><\/p>\n<ul>\n<li>M\u00e9taux : Al 1370, Cu-ETP, Cu-OF, CuAg0.03<\/li>\n<li><span class=\"--l sentence_highlight\">Autres alliages sur demande<\/span><\/li>\n<li><span class=\"--l sentence_highlight\"><span class=\"--l --r hover:bg-blue-100 hover:dark:bg-blue-600\">Placage<\/span> <span class=\"--l --r hover:bg-blue-100 hover:dark:bg-blue-600\">avec<\/span> <span class=\"--l --r hover:bg-blue-100 hover:dark:bg-blue-600\">de<\/span> <span class=\"--l --r hover:bg-blue-100 hover:dark:bg-blue-600\">l&rsquo;\u00e9tain<\/span> <span class=\"--l --r hover:bg-blue-100 hover:dark:bg-blue-600\">ou<\/span> <span class=\"--l --r hover:bg-blue-100 hover:dark:bg-blue-600\">de<\/span> <span class=\"--l --r hover:bg-blue-100 hover:dark:bg-blue-600\">l&rsquo;argent<\/span><\/span><\/li>\n<li><span class=\"--l --r hover:bg-blue-100 hover:dark:bg-blue-600\">Sur<\/span> <span class=\"--l --r hover:bg-blue-100 hover:dark:bg-blue-600\">demande<\/span> <span class=\"--l --r hover:bg-blue-100 hover:dark:bg-blue-600\">avec<\/span> <span class=\"--l --r hover:bg-blue-100 hover:dark:bg-blue-600\">VPI<\/span> <span class=\"--l --r hover:bg-blue-100 hover:dark:bg-blue-600\">ou<\/span> <span class=\"--l --r hover:bg-blue-100 hover:dark:bg-blue-600\">Resin<\/span> <span class=\"--l --r hover:bg-blue-100 hover:dark:bg-blue-600\">Rich<\/span><\/li>\n<\/ul>\n<p>&nbsp;<\/p>\n<p><strong>Syst\u00e8me d&rsquo;isolation : <\/strong><\/p>\n<ul>\n<li>Possibilit\u00e9s :<\/li>\n<li>Longueur minimale \u00e9tir\u00e9e des pi\u00e8ces 230 mm<\/li>\n<li>Longueur max. \u00e9tir\u00e9e des pi\u00e8ces 1500 mm<\/li>\n<li>Cordon max. 700 mm<\/li>\n<li>Profil max. atteignable 20 x 40 mm<\/li>\n<li><span class=\"--l --r hover:bg-blue-100 hover:dark:bg-blue-600\">Angle<\/span> <span class=\"--l --r hover:bg-blue-100 hover:dark:bg-blue-600\">de<\/span> <span class=\"--l --r hover:bg-blue-100 hover:dark:bg-blue-600\">0<\/span><span class=\"--l --r hover:bg-blue-100 hover:dark:bg-blue-600\">\u00b0<\/span> <span class=\"--l --r hover:bg-blue-100 hover:dark:bg-blue-600\">\u00e0<\/span> <span class=\"--l --r hover:bg-blue-100 hover:dark:bg-blue-600\">120<\/span><\/li>\n<\/ul>\n<p>&nbsp;<\/p>\n<p>&nbsp;<\/p>\n","protected":false},"excerpt":{"rendered":"<h4><\/h4>\n<h5>Torons press\u00e9s et profil\u00e9s de haute qualit\u00e9 fabriqu\u00e9s selon les sp\u00e9cifications du client<\/h5>\n<p>&nbsp;<\/p>\n","protected":false},"featured_media":1922,"template":"","meta":{"_acf_changed":false},"product_brand":[],"product_cat":[148,149],"product_tag":[],"class_list":{"0":"post-7536","1":"product","2":"type-product","3":"status-publish","4":"has-post-thumbnail","6":"product_cat-fils-de-bobinage","7":"product_cat-profiles-et-torons-de-presse-pour-lenroulement","9":"first","10":"instock","11":"shipping-taxable","12":"purchasable","13":"product-type-simple"},"acf":[],"_links":{"self":[{"href":"https:\/\/schupp.ch\/fr\/wp-json\/wp\/v2\/product\/7536","targetHints":{"allow":["GET"]}}],"collection":[{"href":"https:\/\/schupp.ch\/fr\/wp-json\/wp\/v2\/product"}],"about":[{"href":"https:\/\/schupp.ch\/fr\/wp-json\/wp\/v2\/types\/product"}],"wp:featuredmedia":[{"embeddable":true,"href":"https:\/\/schupp.ch\/fr\/wp-json\/wp\/v2\/media\/1922"}],"wp:attachment":[{"href":"https:\/\/schupp.ch\/fr\/wp-json\/wp\/v2\/media?parent=7536"}],"wp:term":[{"taxonomy":"product_brand","embeddable":true,"href":"https:\/\/schupp.ch\/fr\/wp-json\/wp\/v2\/product_brand?post=7536"},{"taxonomy":"product_cat","embeddable":true,"href":"https:\/\/schupp.ch\/fr\/wp-json\/wp\/v2\/product_cat?post=7536"},{"taxonomy":"product_tag","embeddable":true,"href":"https:\/\/schupp.ch\/fr\/wp-json\/wp\/v2\/product_tag?post=7536"}],"curies":[{"name":"wp","href":"https:\/\/api.w.org\/{rel}","templated":true}]}}