{"id":7606,"date":"2025-04-27T13:15:49","date_gmt":"2025-04-27T11:15:49","guid":{"rendered":"https:\/\/schupp.ch\/p\/pieces-decoupees-adhesives-ou-non-adhesives\/"},"modified":"2025-11-15T16:37:43","modified_gmt":"2025-11-15T15:37:43","slug":"pieces-decoupees-adhesives-ou-non-adhesives","status":"publish","type":"product","link":"https:\/\/schupp.ch\/fr\/p\/pieces-decoupees-adhesives-ou-non-adhesives\/","title":{"rendered":"Estampage et pi\u00e8ces de forme, adh\u00e9sives ou non adh\u00e9sives"},"content":{"rendered":"<p>&nbsp;<\/p>\n<h5><strong>Pi\u00e8ces de forme collantes ou non collantes \/ Mat\u00e9riaux et fabrication<\/strong><\/h5>\n<p><img loading=\"lazy\" decoding=\"async\" class=\"alignnone wp-image-7591\" src=\"https:\/\/schupp.ch\/wp-content\/uploads\/2025\/04\/IF_Isolationen_Stanzteile_01-300x300.jpg\" alt=\"\" width=\"400\" height=\"295\" \/><\/p>\n<p>L&rsquo;utilisation de pi\u00e8ces isolantes moul\u00e9es et d\u00e9coup\u00e9es permet de r\u00e9aliser des \u00e9conomies consid\u00e9rables de mat\u00e9riaux et de temps de montage dans de nombreuses processus d&rsquo;assemblage. Les pi\u00e8ces moul\u00e9es par estampage sont fabriqu\u00e9es \u00e0 partir de tous les mat\u00e9riaux de type film selon vos sp\u00e9cifications &#8211; en rouleau, en feuille ou \u00e0 la pi\u00e8ce. Une grande vari\u00e9t\u00e9 de mat\u00e9riaux isolants peuvent \u00eatre utilis\u00e9s.<\/p>\n<p>&nbsp;<\/p>\n<p><strong>Par exemple<\/strong><\/p>\n<ul>\n<li>Films polyimides Kapton\u00ae HN<\/li>\n<li>Papiers aramides Nomex\u00ae 410<\/li>\n<li>Films polyester Mylar\u00ae A<\/li>\n<li>Films polyester Hostaphan\u00ae RN<\/li>\n<li>Rubans adh\u00e9sifs en papier cr\u00eap\u00e9<\/li>\n<li>Films en PTFE<\/li>\n<li>Films en polycarbonate<\/li>\n<li>Tissus de verre autocollants<\/li>\n<li>Films haute performance PPS, PEI, PES ou PEEK<\/li>\n<li>Films FEP<\/li>\n<li>Tissu de soie d&rsquo;ac\u00e9tate<\/li>\n<li>Lamin\u00e9s de diff\u00e9rents produits<\/li>\n<li>et bien plus encore<\/li>\n<\/ul>\n<p>&nbsp;<\/p>\n<p><strong>Possibilit\u00e9s techniques de production :<\/strong><\/p>\n<ul>\n<li>D\u00e9coupeuses rotatives pour grandes s\u00e9ries<\/li>\n<li>Poin\u00e7onnage pour des pi\u00e8ces de quelques mm\u00b2 \u00e0 environ 0,3m\u00b2.<\/li>\n<li>Traceur de d\u00e9coupe jusqu&rsquo;\u00e0 1,3 x 2,2 m<\/li>\n<li>Groupes d&rsquo;impression pour vernis UV<\/li>\n<li>Laminage, mise \u00e0 longueur, pliage<\/li>\n<li>Pi\u00e8ces d\u00e9coup\u00e9es en 3D, pi\u00e8ces d\u00e9coup\u00e9es confectionn\u00e9es individuellement<\/li>\n<li>Poin\u00e7onnage \u00e0 fa\u00e7on<\/li>\n<\/ul>\n<p>&nbsp;<\/p>\n<p>&nbsp;<\/p>\n<h5><strong>Confectionner des pi\u00e8ces d\u00e9coup\u00e9es non adh\u00e9sives sur des rouleaux<\/strong><\/h5>\n<p>&nbsp;<\/p>\n<p><img loading=\"lazy\" decoding=\"async\" class=\"alignnone wp-image-7582\" src=\"https:\/\/schupp.ch\/wp-content\/uploads\/2025\/04\/IF_Isolationen_Rollenware_01-300x300.jpg\" alt=\"\" width=\"400\" height=\"284\" \/> <img loading=\"lazy\" decoding=\"async\" class=\"alignnone wp-image-7588\" src=\"https:\/\/schupp.ch\/wp-content\/uploads\/2025\/04\/IF_Isolationen_Rollenware_02-300x300.jpg\" alt=\"\" width=\"400\" height=\"291\" \/><\/p>\n<p>Cette forme de livraison de pi\u00e8ces d\u00e9coup\u00e9es dans des mat\u00e9riaux non adh\u00e9sifs est particuli\u00e8rement adapt\u00e9e aux applications industrielles, car ce type d&#8217;emballage pratique permet un traitement ult\u00e9rieur simple et rapide.<\/p>\n<p>&nbsp;<\/p>\n<h5><strong>Pi\u00e8ces d\u00e9coup\u00e9es pour le blindage CEM<\/strong><\/h5>\n<h5><\/h5>\n<p><img loading=\"lazy\" decoding=\"async\" class=\"alignnone wp-image-7585\" src=\"https:\/\/schupp.ch\/wp-content\/uploads\/2025\/04\/IF_Isolationen_EMV_01-300x300.jpg\" alt=\"\" width=\"400\" height=\"306\" \/><\/p>\n<p>La plupart des applications \u00e9lectroniques ont des exigences diff\u00e9rentes en mati\u00e8re de blindage \u00e9lectromagn\u00e9tique. Nous proposons une large gamme de blindages CEM adapt\u00e9s pr\u00e9cis\u00e9ment aux besoins sp\u00e9cifiques des clients.<\/p>\n<p>&nbsp;<\/p>\n<h5><strong>Pi\u00e8ces d\u00e9coup\u00e9es adh\u00e9sives en film<\/strong><\/h5>\n<p>La technique de traitement \u00ab\u00a0collage\u00a0\u00bb pr\u00e9sente de nombreux avantages par rapport aux autres fa\u00e7ons de fixation. Les pi\u00e8ces d\u00e9coup\u00e9es dans des rubans adh\u00e9sives (adh\u00e9sives sur une ou deux faces) sont encore plus pratiques, car elles garantissent une adh\u00e9sion m\u00eame sans outil suppl\u00e9mentaire.<\/p>\n<p>&nbsp;<\/p>\n<h5><strong>M\u00e9thodes de fabrication<\/strong><\/h5>\n<p>Diff\u00e9rents outils sont utilis\u00e9s pour la production de pi\u00e8ces d\u00e9coup\u00e9es. La plupart du temps, on utilise ce que l&rsquo;on appelle <strong>un outil \u00e0 bande d&rsquo;acier <\/strong>. Cet outil se compose d&rsquo;une plaque de contreplaqu\u00e9 dans laquelle sont ins\u00e9r\u00e9s des couteaux et des poin\u00e7ons en acier feuillard. Cela permet d&rsquo;atteindre <strong>une pr\u00e9cision de +\/- 0,2 mm <\/strong>et de produire des quantit\u00e9s moyennes allant jusqu&rsquo;\u00e0 environ 200 000 pi\u00e8ces. <strong>Les outils de coupe compl\u00e8te <\/strong>sont utilis\u00e9s lorsqu&rsquo;un nombre plus \u00e9lev\u00e9 de pi\u00e8ces \u00e0 d\u00e9couper est n\u00e9cessaire, qu&rsquo;une plus grande pr\u00e9cision est requise ou que, par exemple, des d\u00e9coupes 3D ou des d\u00e9coupes dans des mat\u00e9riaux durs sont n\u00e9cessaires.<\/p>\n<p>Pour les grandes pi\u00e8ces et\/ou les petites s\u00e9ries (prototypes), nous utilisons un T<strong>raceur (Plotter) de d\u00e9coupe <\/strong>moderne. Il permet de r\u00e9aliser des d\u00e9coupes jusqu&rsquo;\u00e0 1,3 m x 2,2 m.<\/p>\n<p><img loading=\"lazy\" decoding=\"async\" class=\"alignnone wp-image-7594\" src=\"https:\/\/schupp.ch\/wp-content\/uploads\/2025\/04\/IF_Plotter_01-300x300.jpg\" alt=\"\" width=\"400\" height=\"298\" \/><\/p>\n<p>L&rsquo;utilisation de pi\u00e8ces isolantes pr\u00e9form\u00e9es est d\u00e9j\u00e0 rentable pour des s\u00e9ries \u00e0 partir de 100 pi\u00e8ces. L&rsquo;utilisateur fait l&rsquo;\u00e9conomie d&rsquo;une fabrication manuelle co\u00fbteuse sur des dispositifs de pliage et d&rsquo;inflexion et a la garantie que toutes les pi\u00e8ces moul\u00e9es pr\u00e9sentent les m\u00eames dimensions.<\/p>\n<p>Les pi\u00e8ces moul\u00e9es isolantes sont fabriqu\u00e9es selon les dimensions indiqu\u00e9es par l&rsquo;utilisateur. Pour \u00e9tablir un devis ou pour la fabrication, nous avons de pr\u00e9f\u00e9rence besoin d&rsquo;un dessin cot\u00e9 au format .PDF ou .STP.<\/p>\n<p>N&rsquo;h\u00e9sitez pas \u00e0 nous contacter pour d\u00e9terminer la masse correcte des isolations de rainures, des Cales d&rsquo; encoche ou des isolations interm\u00e9diaires pour <strong>moteurs \u00e9lectriques<\/strong>. Vous trouverez ici <a href=\"https:\/\/schupp.ch\/fr\/p\/rouleaux-etroits-pieces-moulees-isolantes-et-pieces-decoupees-selon-les-dimensions-specifiques-du-client\/#Link03\">un formulaire<\/a> indiquant les dimensions n\u00e9cessaires pour une fabrication. Copiez le formulaire et envoyez-le nous d\u00fbment rempli.<\/p>\n<p>&nbsp;<\/p>\n","protected":false},"excerpt":{"rendered":"<p>&nbsp;<\/p>\n<h5><strong>En collaboration avec nos usines partenaires, nous vous proposons de nombreuses possibilit\u00e9s pour fabriquer des pi\u00e8ces moul\u00e9es et \u00e9tamp\u00e9es de mani\u00e8re \u00e9conomique, \u00e0 partir d&rsquo;une pi\u00e8ce et jusqu&rsquo;\u00e0 de grandes quantit\u00e9s. L&rsquo;\u00e9paisseur du mat\u00e9riau peut varier de 5 \u00b5m (films) \u00e0 environ 3 mm (plaques), selon le mat\u00e9riau. <\/strong><\/h5>\n<p>&nbsp;<\/p>\n","protected":false},"featured_media":7577,"template":"","meta":{"_acf_changed":false},"product_brand":[],"product_cat":[154,351,350],"product_tag":[],"class_list":{"0":"post-7606","1":"product","2":"type-product","3":"status-publish","4":"has-post-thumbnail","6":"product_cat-isolants-electriques-flexibles","7":"product_cat-estampage-et-pieces-de-forme-adhesives","8":"product_cat-estampage-et-pieces-de-forme-adhesives-ou-non-adhesives","10":"first","11":"instock","12":"shipping-taxable","13":"product-type-simple"},"acf":[],"_links":{"self":[{"href":"https:\/\/schupp.ch\/fr\/wp-json\/wp\/v2\/product\/7606","targetHints":{"allow":["GET"]}}],"collection":[{"href":"https:\/\/schupp.ch\/fr\/wp-json\/wp\/v2\/product"}],"about":[{"href":"https:\/\/schupp.ch\/fr\/wp-json\/wp\/v2\/types\/product"}],"wp:featuredmedia":[{"embeddable":true,"href":"https:\/\/schupp.ch\/fr\/wp-json\/wp\/v2\/media\/7577"}],"wp:attachment":[{"href":"https:\/\/schupp.ch\/fr\/wp-json\/wp\/v2\/media?parent=7606"}],"wp:term":[{"taxonomy":"product_brand","embeddable":true,"href":"https:\/\/schupp.ch\/fr\/wp-json\/wp\/v2\/product_brand?post=7606"},{"taxonomy":"product_cat","embeddable":true,"href":"https:\/\/schupp.ch\/fr\/wp-json\/wp\/v2\/product_cat?post=7606"},{"taxonomy":"product_tag","embeddable":true,"href":"https:\/\/schupp.ch\/fr\/wp-json\/wp\/v2\/product_tag?post=7606"}],"curies":[{"name":"wp","href":"https:\/\/api.w.org\/{rel}","templated":true}]}}