{"id":8153,"date":"2025-05-31T13:12:47","date_gmt":"2025-05-31T11:12:47","guid":{"rendered":"https:\/\/schupp.ch\/?post_type=product&#038;p=8153"},"modified":"2025-11-09T16:14:59","modified_gmt":"2025-11-09T15:14:59","slug":"rubans-adhesifs-en-polyester-kopie","status":"publish","type":"product","link":"https:\/\/schupp.ch\/fr\/p\/rubans-adhesifs-en-polyester-kopie\/","title":{"rendered":"Rubans adh\u00e9sifs en polyester avec adh\u00e9sive caoutchouc"},"content":{"rendered":"<p>&nbsp;<\/p>\n<p><strong>Donn\u00e9es techniques<\/strong><\/p>\n<p><strong>Tension de claquage:<br \/>\n<\/strong>environ. 8,000 Vrms<\/p>\n<p><strong>Applications:<br \/>\n<\/strong>Protecion d&rsquo;une couche d&rsquo;enroulement ext\u00e9rieure<\/p>\n<p>&nbsp;<\/p>\n<table width=\"641\">\n<tbody>\n<tr>\n<td rowspan=\"2\" width=\"132\"><strong>Num\u00e9ro principal<\/strong><\/td>\n<td rowspan=\"2\" width=\"142\">Mat\u00e9riau de base<\/td>\n<td rowspan=\"2\" width=\"123\">Couleur<\/td>\n<td colspan=\"2\" width=\"149\">\u00c9paisseur [mm]<\/td>\n<td rowspan=\"2\" width=\"94\">Adh\u00e9sive<\/td>\n<\/tr>\n<tr>\n<td width=\"85\">Film<\/td>\n<td width=\"64\">Total<\/td>\n<\/tr>\n<tr>\n<td width=\"132\"><a href=\"https:\/\/nx5412.your-storageshare.de\/s\/WombyeHErKdrnPj\" target=\"_blank\" rel=\"noopener\">EK10145<\/a><\/td>\n<td width=\"142\">Polyester<\/td>\n<td width=\"123\">colorless<\/td>\n<td width=\"85\">0,050\u00b110%<\/td>\n<td width=\"64\">0,090\u00b110<\/td>\n<td width=\"94\">Caoutchouc<\/td>\n<\/tr>\n<\/tbody>\n<\/table>\n<p>&nbsp;<\/p>\n","protected":false},"excerpt":{"rendered":"<p>&nbsp;<\/p>\n<h5>Ruban adh\u00e9sif avec adh\u00e9sive caoutchouc \u00e0 retirage facile pour une application automatique. Bonne compatibilit\u00e9 avec les produits d&rsquo;impr\u00e9gnation et de trempage. La version standard a un papier silicon\u00e9 blanc comme couverture, mais il est \u00e9galement possible d&rsquo;obtenir des rouleaux sans papier de s\u00e9paration.<\/h5>\n<p>&nbsp;<\/p>\n<p>&nbsp;<\/p>\n","protected":false},"featured_media":1426,"template":"","meta":{"_acf_changed":false},"product_brand":[],"product_cat":[165,248],"product_tag":[],"class_list":{"0":"post-8153","1":"product","2":"type-product","3":"status-publish","4":"has-post-thumbnail","6":"product_cat-bandes-techniques","7":"product_cat-rubans-adhesifs-electriques-pour-classe-thermique-b-130-c","9":"first","10":"instock","11":"shipping-taxable","12":"purchasable","13":"product-type-simple"},"acf":[],"_links":{"self":[{"href":"https:\/\/schupp.ch\/fr\/wp-json\/wp\/v2\/product\/8153","targetHints":{"allow":["GET"]}}],"collection":[{"href":"https:\/\/schupp.ch\/fr\/wp-json\/wp\/v2\/product"}],"about":[{"href":"https:\/\/schupp.ch\/fr\/wp-json\/wp\/v2\/types\/product"}],"wp:featuredmedia":[{"embeddable":true,"href":"https:\/\/schupp.ch\/fr\/wp-json\/wp\/v2\/media\/1426"}],"wp:attachment":[{"href":"https:\/\/schupp.ch\/fr\/wp-json\/wp\/v2\/media?parent=8153"}],"wp:term":[{"taxonomy":"product_brand","embeddable":true,"href":"https:\/\/schupp.ch\/fr\/wp-json\/wp\/v2\/product_brand?post=8153"},{"taxonomy":"product_cat","embeddable":true,"href":"https:\/\/schupp.ch\/fr\/wp-json\/wp\/v2\/product_cat?post=8153"},{"taxonomy":"product_tag","embeddable":true,"href":"https:\/\/schupp.ch\/fr\/wp-json\/wp\/v2\/product_tag?post=8153"}],"curies":[{"name":"wp","href":"https:\/\/api.w.org\/{rel}","templated":true}]}}