{"id":8172,"date":"2025-06-01T17:04:32","date_gmt":"2025-06-01T15:04:32","guid":{"rendered":"https:\/\/schupp.ch\/?post_type=product&#038;p=8172"},"modified":"2025-12-04T17:08:22","modified_gmt":"2025-12-04T16:08:22","slug":"avantages-des-billes-ceramicspeed-kopie-2","status":"publish","type":"product","link":"https:\/\/schupp.ch\/fr\/p\/avantages-des-billes-ceramicspeed-kopie-2\/","title":{"rendered":"Applications des billes CeramicSpeed"},"content":{"rendered":"<p>&nbsp;<\/p>\n<p>&nbsp;<\/p>\n<table>\n<tbody>\n<tr>\n<td width=\"302\">&nbsp;<\/p>\n<p><img loading=\"lazy\" decoding=\"async\" class=\"wp-image-6418 aligncenter\" src=\"https:\/\/schupp.ch\/wp-content\/uploads\/2024\/10\/CeramicSpeed_Kugeln_001-227x300.jpg\" alt=\"\" width=\"337\" height=\"445\" srcset=\"https:\/\/schupp.ch\/wp-content\/uploads\/2024\/10\/CeramicSpeed_Kugeln_001-227x300.jpg 227w, https:\/\/schupp.ch\/wp-content\/uploads\/2024\/10\/CeramicSpeed_Kugeln_001-454x600.jpg 454w, https:\/\/schupp.ch\/wp-content\/uploads\/2024\/10\/CeramicSpeed_Kugeln_001-76x100.jpg 76w, https:\/\/schupp.ch\/wp-content\/uploads\/2024\/10\/CeramicSpeed_Kugeln_001.jpg 505w\" sizes=\"auto, (max-width: 337px) 100vw, 337px\" \/><\/p>\n<p>&nbsp;<\/td>\n<td width=\"302\">\n<h3><\/h3>\n<p>&nbsp;<\/p>\n<h3>Billes en nitrure de silicium<\/h3>\n<p>&nbsp;<\/p>\n<p>Les billes en nitrure de silicium se caract\u00e9risent par d&rsquo;excellentes propri\u00e9t\u00e9s de liss\u00e9 et de duret\u00e9 et sont beaucoup plus l\u00e9g\u00e8res (58 %) que les billes en acier en raison de leur densit\u00e9 plus faible. De ce fait, l&rsquo;\u00e9nergie n\u00e9cessaire \u00e0 l&rsquo;entra\u00eenement est moins importante.<\/p>\n<p>Mais c&rsquo;est surtout la l\u00e9g\u00e8ret\u00e9 qui permet d&rsquo;allonger la dur\u00e9e de vie du roulement et de r\u00e9duire les forces centrifuges exerc\u00e9es sur le chemin de roulement. L&rsquo;usure du mat\u00e9riau est \u00e9galement beaucoup plus faible, ce qui prolonge consid\u00e9rablement la dur\u00e9e de vie du roulement. Un autre avantage est la vitesse de rotation admissible beaucoup plus \u00e9lev\u00e9e, jusqu&rsquo;\u00e0 50 %, ce qui permet d&rsquo;utiliser des roulements \u00e0 longue dur\u00e9e de vie dans des applications exigeantes \u00e0 vitesse de rotation \u00e9lev\u00e9e, comme les broches de machines-outils ou les turbomachines.<\/p>\n<p>Un autre avantage des billes en c\u00e9ramique par rapport aux billes en acier est leur coefficient de frottement nettement inf\u00e9rieur, ce qui r\u00e9duit consid\u00e9rablement le besoin de lubrification.<\/p>\n<p>&nbsp;<\/p>\n<p><strong>Moins de lubrification<\/strong><\/p>\n<p>Une lubrification r\u00e9guli\u00e8re est essentielle pour la dur\u00e9e de vie d&rsquo;un roulement. Le contact direct entre la bille en acier et la piste en acier peut entra\u00eener une d\u00e9t\u00e9rioration rapide du roulement. L&rsquo;acier sur l&rsquo;acier a un coefficient de frottement de 0,8, alors que l&rsquo;acier sur la c\u00e9ramique a un coefficient de seulement 0,2, voire moins pour les chemins de roulement rev\u00eatus. L&rsquo;utilisation de billes en c\u00e9ramique r\u00e9sout donc le probl\u00e8me de l&rsquo;endommagement mutuel de deux mat\u00e9riaux identiques.<\/p>\n<p>Contrairement aux roulements en acier, l&rsquo;extr\u00eame duret\u00e9 et la qualit\u00e9 de surface des billes en c\u00e9ramique permettent d \u00ab \u00e9viter d \u00bb \u00e9ventuels dommages sur les chemins de roulement.<\/p>\n<p>Gr\u00e2ce \u00e0 ces caract\u00e9ristiques exceptionnelles, les CeramicSpeed Roulements \u00e0 Billes peuvent \u00eatre utilis\u00e9s dans de nombreuses applications.<\/p>\n<p>&nbsp;<\/p>\n<blockquote><p><strong>INDUSTRIE \/ CONSTRUCTION DE MOTEURS<\/strong><br \/>\n<strong>CYCLISME<\/strong><br \/>\n<strong>MOTORSPORT<\/strong><\/p><\/blockquote>\n<p>&nbsp;<\/td>\n<\/tr>\n<tr>\n<td width=\"302\">&nbsp;<\/p>\n<p>&nbsp;<\/p>\n<h3>Industrie<\/h3>\n<p>&nbsp;<\/p>\n<p>Les roulements \u00e0 billes hybrides repr\u00e9sentent l&rsquo;avenir pour les fabricants de moteurs \u00e9lectriques. La demande de roulements plus r\u00e9sistants et plus durables pour les moteurs \u00e9lectriques augmente et, dans de nombreuses applications, les billes d&rsquo;acier traditionnelles ne suffisent plus dans les roulements de moteur.<br \/>\nLes exigences concernant les roulements pour un moteur \u00e9lectrique sont nombreuses. Ils doivent supporter la charge de l&rsquo;arbre et \u00eatre pr\u00e9cis afin de maintenir une distance faible et constante entre le rotor et le stator. De plus, dans le cas d&rsquo;un moteur \u00e0 vitesse variable via la modulation de largeur d&rsquo;impulsion (MLI), il faut g\u00e9rer diff\u00e9rentes vitesses.<\/p>\n<p>Informations produit sur les CeramicSpeed Roulements \u00e0 Billes<\/p>\n<p><a href=\"https:\/\/schupp.ch\/fr\/p\/avantages-des-billes-ceramicspeed\/\">D\u00e9tails<\/a><\/p>\n<p>&nbsp;<\/td>\n<td width=\"302\">&nbsp;<\/p>\n<p><img loading=\"lazy\" decoding=\"async\" class=\"wp-image-6434 aligncenter\" src=\"https:\/\/schupp.ch\/wp-content\/uploads\/2024\/10\/Industrie_010-300x251.jpg\" alt=\"\" width=\"581\" height=\"486\" srcset=\"https:\/\/schupp.ch\/wp-content\/uploads\/2024\/10\/Industrie_010-300x251.jpg 300w, https:\/\/schupp.ch\/wp-content\/uploads\/2024\/10\/Industrie_010-600x501.jpg 600w, https:\/\/schupp.ch\/wp-content\/uploads\/2024\/10\/Industrie_010-100x84.jpg 100w, https:\/\/schupp.ch\/wp-content\/uploads\/2024\/10\/Industrie_010.jpg 657w\" sizes=\"auto, (max-width: 581px) 100vw, 581px\" \/><\/p>\n<p>&nbsp;<\/td>\n<\/tr>\n<tr>\n<td width=\"302\">&nbsp;<\/p>\n<p><img loading=\"lazy\" decoding=\"async\" class=\" wp-image-6466 aligncenter\" src=\"https:\/\/schupp.ch\/wp-content\/uploads\/2024\/10\/Velo_010-1-227x300.jpg\" alt=\"\" width=\"421\" height=\"556\" srcset=\"https:\/\/schupp.ch\/wp-content\/uploads\/2024\/10\/Velo_010-1-227x300.jpg 227w, https:\/\/schupp.ch\/wp-content\/uploads\/2024\/10\/Velo_010-1-76x100.jpg 76w, https:\/\/schupp.ch\/wp-content\/uploads\/2024\/10\/Velo_010-1.jpg 520w\" sizes=\"auto, (max-width: 421px) 100vw, 421px\" \/><\/p>\n<p>&nbsp;<\/td>\n<td width=\"302\">&nbsp;<\/p>\n<h3>Cyclisme<\/h3>\n<p>&nbsp;<\/p>\n<p><strong>V\u00e9lo tout-terrain ou v\u00e9lo de rue<\/strong><\/p>\n<p>La r\u00e9duction des frottements se traduit par une vitesse accrue et un effort r\u00e9duit. Les composants CeramicSpeed sont con\u00e7us pour \u00eatre performants et fiables et sont con\u00e7us pour r\u00e9sister aux exigences de la conduite dans les conditions les plus difficiles.<\/p>\n<p>Informations produit sur les CeramicSpeed Roulements \u00e0 Billes<\/p>\n<p><a href=\"https:\/\/schupp.ch\/fr\/p\/avantages-des-billes-ceramicspeed\/\">D\u00e9tails<\/a><\/p>\n<p>&nbsp;<\/td>\n<\/tr>\n<tr>\n<td width=\"302\">&nbsp;<\/p>\n<h3>Sports m\u00e9caniques<\/h3>\n<p>&nbsp;<\/p>\n<p><strong>Plus de vitesse gr\u00e2ce \u00e0 des performances accrues et une dur\u00e9e de vie plus longue<\/strong><\/p>\n<p>L&rsquo;\u00e9limination des frottements gr\u00e2ce aux CeramicSpeed Roulements \u00e0 Billes signifie plus de vitesse avec moins d&rsquo;effort. De plus, la r\u00e9duction du poids en rotation entra\u00eene une acc\u00e9l\u00e9ration plus rapide et une r\u00e9duction des frottements, gr\u00e2ce aux roulements en c\u00e9ramique de haute qualit\u00e9.<\/p>\n<p>Informations produit sur les CeramicSpeed Roulements \u00e0 Billes<\/p>\n<p><a href=\"https:\/\/schupp.ch\/fr\/p\/avantages-des-billes-ceramicspeed\/\">D\u00e9tails<\/a><\/p>\n<p>&nbsp;<\/td>\n<td width=\"302\">&nbsp;<\/p>\n<p><img loading=\"lazy\" decoding=\"async\" class=\"alignnone wp-image-6447\" src=\"https:\/\/schupp.ch\/wp-content\/uploads\/2024\/10\/Motocross_010-300x230.jpg\" alt=\"\" width=\"509\" height=\"390\" srcset=\"https:\/\/schupp.ch\/wp-content\/uploads\/2024\/10\/Motocross_010-300x230.jpg 300w, https:\/\/schupp.ch\/wp-content\/uploads\/2024\/10\/Motocross_010-768x590.jpg 768w, https:\/\/schupp.ch\/wp-content\/uploads\/2024\/10\/Motocross_010-600x461.jpg 600w, https:\/\/schupp.ch\/wp-content\/uploads\/2024\/10\/Motocross_010-100x77.jpg 100w, https:\/\/schupp.ch\/wp-content\/uploads\/2024\/10\/Motocross_010.jpg 839w\" sizes=\"auto, (max-width: 509px) 100vw, 509px\" \/><\/p>\n<p>&nbsp;<\/td>\n<\/tr>\n<\/tbody>\n<\/table>\n<p>&nbsp;<\/p>\n<p>&nbsp;<\/p>\n","protected":false},"excerpt":{"rendered":"<p>&nbsp;<\/p>\n<h5><strong>Les billes en c\u00e9ramique sont disponibles dans une grande vari\u00e9t\u00e9 de mat\u00e9riaux. Nos billes CeramicSpeed sont en nitrure de silicium\u00a0(Si<sub>3<\/sub>N<sub>4<\/sub>), le mat\u00e9riau qui pr\u00e9sente actuellement les meilleures qualit\u00e9s. <\/strong><\/h5>\n<p>&nbsp;<\/p>\n","protected":false},"featured_media":4984,"template":"","meta":{"_acf_changed":false},"product_brand":[],"product_cat":[174],"product_tag":[],"class_list":{"0":"post-8172","1":"product","2":"type-product","3":"status-publish","4":"has-post-thumbnail","6":"product_cat-roulements-a-billes-ceramicspeed","8":"first","9":"instock","10":"shipping-taxable","11":"purchasable","12":"product-type-simple"},"acf":[],"_links":{"self":[{"href":"https:\/\/schupp.ch\/fr\/wp-json\/wp\/v2\/product\/8172","targetHints":{"allow":["GET"]}}],"collection":[{"href":"https:\/\/schupp.ch\/fr\/wp-json\/wp\/v2\/product"}],"about":[{"href":"https:\/\/schupp.ch\/fr\/wp-json\/wp\/v2\/types\/product"}],"wp:featuredmedia":[{"embeddable":true,"href":"https:\/\/schupp.ch\/fr\/wp-json\/wp\/v2\/media\/4984"}],"wp:attachment":[{"href":"https:\/\/schupp.ch\/fr\/wp-json\/wp\/v2\/media?parent=8172"}],"wp:term":[{"taxonomy":"product_brand","embeddable":true,"href":"https:\/\/schupp.ch\/fr\/wp-json\/wp\/v2\/product_brand?post=8172"},{"taxonomy":"product_cat","embeddable":true,"href":"https:\/\/schupp.ch\/fr\/wp-json\/wp\/v2\/product_cat?post=8172"},{"taxonomy":"product_tag","embeddable":true,"href":"https:\/\/schupp.ch\/fr\/wp-json\/wp\/v2\/product_tag?post=8172"}],"curies":[{"name":"wp","href":"https:\/\/api.w.org\/{rel}","templated":true}]}}