{"id":8729,"date":"2025-08-05T14:35:56","date_gmt":"2025-08-05T12:35:56","guid":{"rendered":"https:\/\/schupp.ch\/p\/films-isolation-conducteurs-de-chaleur\/"},"modified":"2025-11-20T14:58:13","modified_gmt":"2025-11-20T13:58:13","slug":"films-isolation-conducteurs-de-chaleur","status":"publish","type":"product","link":"https:\/\/schupp.ch\/fr\/p\/films-isolation-conducteurs-de-chaleur\/","title":{"rendered":"Films isolation thermique et \u00e9lectrique"},"content":{"rendered":"<h3><strong>Kapton\u00ae MT<\/strong><\/h3>\n<p>&nbsp;<\/p>\n<p>Kapton\u00ae MT est un film isolant fr\u00e9quemment utilis\u00e9 et tr\u00e8s performant, qui a d&rsquo;excellentes propri\u00e9t\u00e9s m\u00e9caniques et qui est \u00e9galement conducteur de chaleur. D&rsquo;autres films thermoconducteurs \u00e0 base de feuilles de cuivre et d&rsquo;aluminium sont principalement utilis\u00e9s comme \u00ab\u00a0\u00e9carteurs de chaleur\u00a0\u00bb pour r\u00e9partir rapidement un d\u00e9gagement de chaleur ponctuel sur une grande surface.<\/p>\n<p>&nbsp;<\/p>\n<p><strong>Applications<\/strong><\/p>\n<ul>\n<li>Kapton\u00ae MT prot\u00e8ge vos composants \u00e9lectroniques gr\u00e2ce \u00e0 de tr\u00e8s bonnes valeurs di\u00e9lectriques associ\u00e9es \u00e0 une bonne conductivit\u00e9 thermique.<\/li>\n<li>Kapton\u00ae MT+ &#8211; est la solution id\u00e9ale pour les isolants conducteurs de chaleur et r\u00e9sistants \u00e0 la tension dans la technologie LED<\/li>\n<li>Kapton\u00ae MT+ Est la combinaison id\u00e9ale : pr\u00e8s de 1 W\/mK \u00e0 travers le film<\/li>\n<\/ul>\n<p>&nbsp;<\/p>\n<p>&nbsp;<\/p>\n<h3>Films de silicone<\/h3>\n<p>&nbsp;<\/p>\n<p>Les films de silicone, faites d&rsquo;un mat\u00e9riau souple, conducteur de chaleur et d&rsquo;une grande flexibilit\u00e9, sont \u00e9galement une option pour dissiper la chaleur avec une r\u00e9sistance \u00e9lev\u00e9e au claquage.<\/p>\n<p>&nbsp;<\/p>\n<p>Ces films thermoconducteurs sont \u00e9galement disponibles en <strong>version adh\u00e9sive<\/strong> et en<strong> pi\u00e8ces d\u00e9coup\u00e9es<\/strong>.<\/p>\n<p>Pour plus d&rsquo;informations, veuillez nous contacter.<\/p>\n<p>&nbsp;<\/p>\n<p>&nbsp;<\/p>\n<table>\n<tbody>\n<tr>\n<td width=\"201\"><img loading=\"lazy\" decoding=\"async\" class=\"alignnone wp-image-8720 size-medium\" src=\"https:\/\/schupp.ch\/wp-content\/uploads\/2025\/08\/WB_Waermeleitend_02-300x300.jpg\" alt=\"\" width=\"300\" height=\"300\" srcset=\"https:\/\/schupp.ch\/wp-content\/uploads\/2025\/08\/WB_Waermeleitend_02-300x300.jpg 300w, https:\/\/schupp.ch\/wp-content\/uploads\/2025\/08\/WB_Waermeleitend_02-600x600.jpg 600w, https:\/\/schupp.ch\/wp-content\/uploads\/2025\/08\/WB_Waermeleitend_02-900x900.jpg 900w, https:\/\/schupp.ch\/wp-content\/uploads\/2025\/08\/WB_Waermeleitend_02-100x100.jpg 100w, https:\/\/schupp.ch\/wp-content\/uploads\/2025\/08\/WB_Waermeleitend_02-150x150.jpg 150w, https:\/\/schupp.ch\/wp-content\/uploads\/2025\/08\/WB_Waermeleitend_02-768x768.jpg 768w, https:\/\/schupp.ch\/wp-content\/uploads\/2025\/08\/WB_Waermeleitend_02-1024x1024.jpg 1024w\" sizes=\"auto, (max-width: 300px) 100vw, 300px\" \/><\/td>\n<td width=\"201\"><img loading=\"lazy\" decoding=\"async\" class=\"alignnone wp-image-8711 size-medium\" src=\"https:\/\/schupp.ch\/wp-content\/uploads\/2025\/08\/WB_Waermeleitend_01-300x300.jpg\" alt=\"\" width=\"300\" height=\"300\" srcset=\"https:\/\/schupp.ch\/wp-content\/uploads\/2025\/08\/WB_Waermeleitend_01-300x300.jpg 300w, https:\/\/schupp.ch\/wp-content\/uploads\/2025\/08\/WB_Waermeleitend_01-600x600.jpg 600w, https:\/\/schupp.ch\/wp-content\/uploads\/2025\/08\/WB_Waermeleitend_01-900x900.jpg 900w, https:\/\/schupp.ch\/wp-content\/uploads\/2025\/08\/WB_Waermeleitend_01-100x100.jpg 100w, https:\/\/schupp.ch\/wp-content\/uploads\/2025\/08\/WB_Waermeleitend_01-150x150.jpg 150w, https:\/\/schupp.ch\/wp-content\/uploads\/2025\/08\/WB_Waermeleitend_01-768x768.jpg 768w, https:\/\/schupp.ch\/wp-content\/uploads\/2025\/08\/WB_Waermeleitend_01-1024x1024.jpg 1024w\" sizes=\"auto, (max-width: 300px) 100vw, 300px\" \/><\/td>\n<td width=\"201\"><img loading=\"lazy\" decoding=\"async\" class=\"alignnone wp-image-8723 size-medium\" src=\"https:\/\/schupp.ch\/wp-content\/uploads\/2025\/08\/WB_Waermeleitend_03-300x300.jpg\" alt=\"\" width=\"300\" height=\"300\" srcset=\"https:\/\/schupp.ch\/wp-content\/uploads\/2025\/08\/WB_Waermeleitend_03-300x300.jpg 300w, https:\/\/schupp.ch\/wp-content\/uploads\/2025\/08\/WB_Waermeleitend_03-600x600.jpg 600w, https:\/\/schupp.ch\/wp-content\/uploads\/2025\/08\/WB_Waermeleitend_03-900x900.jpg 900w, https:\/\/schupp.ch\/wp-content\/uploads\/2025\/08\/WB_Waermeleitend_03-100x100.jpg 100w, https:\/\/schupp.ch\/wp-content\/uploads\/2025\/08\/WB_Waermeleitend_03-150x150.jpg 150w, https:\/\/schupp.ch\/wp-content\/uploads\/2025\/08\/WB_Waermeleitend_03-768x768.jpg 768w, https:\/\/schupp.ch\/wp-content\/uploads\/2025\/08\/WB_Waermeleitend_03-1024x1024.jpg 1024w\" sizes=\"auto, (max-width: 300px) 100vw, 300px\" \/><\/td>\n<\/tr>\n<\/tbody>\n<\/table>\n<p>&nbsp;<\/p>\n<p>&nbsp;<\/p>\n","protected":false},"excerpt":{"rendered":"<p>&nbsp;<\/p>\n<h5><strong>La gestion thermique dans le d\u00e9veloppement \u00e9lectronique actuel et futur est d&rsquo;une importance capitale en raison de la miniaturisation et de la densit\u00e9 de puissance croissantes. Il faut \u00e9viter la surchauffe, car elle peut r\u00e9duire consid\u00e9rablement la dur\u00e9e de vie des composants et entra\u00eener la d\u00e9faillance de modules entiers. Les films thermoconducteurs sont la solution \u00e0 ce probl\u00e8me. Ils assurent un \u00e9change thermique efficace entre les composants \u00e9lectroniques et les pi\u00e8ces, tout en pr\u00e9sentant une r\u00e9sistance \u00e9lev\u00e9e \u00e0 la tension \u00e9lectrique.<\/strong><\/h5>\n<p>&nbsp;<\/p>\n<h6><\/h6>\n<p>&nbsp;<\/p>\n<p>&nbsp;<\/p>\n","protected":false},"featured_media":4420,"template":"","meta":{"_acf_changed":false},"product_brand":[],"product_cat":[154,367],"product_tag":[],"class_list":{"0":"post-8729","1":"product","2":"type-product","3":"status-publish","4":"has-post-thumbnail","6":"product_cat-isolants-electriques-flexibles","7":"product_cat-rubans-thermoconducteurs","9":"first","10":"instock","11":"shipping-taxable","12":"product-type-simple"},"acf":[],"_links":{"self":[{"href":"https:\/\/schupp.ch\/fr\/wp-json\/wp\/v2\/product\/8729","targetHints":{"allow":["GET"]}}],"collection":[{"href":"https:\/\/schupp.ch\/fr\/wp-json\/wp\/v2\/product"}],"about":[{"href":"https:\/\/schupp.ch\/fr\/wp-json\/wp\/v2\/types\/product"}],"wp:featuredmedia":[{"embeddable":true,"href":"https:\/\/schupp.ch\/fr\/wp-json\/wp\/v2\/media\/4420"}],"wp:attachment":[{"href":"https:\/\/schupp.ch\/fr\/wp-json\/wp\/v2\/media?parent=8729"}],"wp:term":[{"taxonomy":"product_brand","embeddable":true,"href":"https:\/\/schupp.ch\/fr\/wp-json\/wp\/v2\/product_brand?post=8729"},{"taxonomy":"product_cat","embeddable":true,"href":"https:\/\/schupp.ch\/fr\/wp-json\/wp\/v2\/product_cat?post=8729"},{"taxonomy":"product_tag","embeddable":true,"href":"https:\/\/schupp.ch\/fr\/wp-json\/wp\/v2\/product_tag?post=8729"}],"curies":[{"name":"wp","href":"https:\/\/api.w.org\/{rel}","templated":true}]}}