{"id":9374,"date":"2025-10-21T14:58:39","date_gmt":"2025-10-21T12:58:39","guid":{"rendered":"https:\/\/schupp.ch\/?post_type=product&#038;p=9374"},"modified":"2026-02-08T13:09:52","modified_gmt":"2026-02-08T12:09:52","slug":"special-cables","status":"publish","type":"product","link":"https:\/\/schupp.ch\/fr\/p\/special-cables\/","title":{"rendered":"C\u00e2bles sp\u00e9ciaux personnalis\u00e9s"},"content":{"rendered":"<p>&nbsp;<\/p>\n<p><img loading=\"lazy\" decoding=\"async\" class=\"wp-image-9849 aligncenter\" src=\"https:\/\/schupp.ch\/wp-content\/uploads\/2025\/10\/Customized-cables_260208_02-1-300x300.jpg\" alt=\"\" width=\"902\" height=\"902\" srcset=\"https:\/\/schupp.ch\/wp-content\/uploads\/2025\/10\/Customized-cables_260208_02-1-300x300.jpg 300w, https:\/\/schupp.ch\/wp-content\/uploads\/2025\/10\/Customized-cables_260208_02-1-600x600.jpg 600w, https:\/\/schupp.ch\/wp-content\/uploads\/2025\/10\/Customized-cables_260208_02-1-900x900.jpg 900w, https:\/\/schupp.ch\/wp-content\/uploads\/2025\/10\/Customized-cables_260208_02-1-100x100.jpg 100w, https:\/\/schupp.ch\/wp-content\/uploads\/2025\/10\/Customized-cables_260208_02-1-150x150.jpg 150w, https:\/\/schupp.ch\/wp-content\/uploads\/2025\/10\/Customized-cables_260208_02-1-768x768.jpg 768w, https:\/\/schupp.ch\/wp-content\/uploads\/2025\/10\/Customized-cables_260208_02-1-1024x1024.jpg 1024w\" sizes=\"auto, (max-width: 902px) 100vw, 902px\" \/><\/p>\n<p>&nbsp;<\/p>\n<p>&nbsp;<\/p>\n","protected":false},"excerpt":{"rendered":"<p>&nbsp;<\/p>\n<h3>Domaines d&rsquo;application<\/h3>\n<p>&nbsp;<\/p>\n<h5>Technologie automobile, industrie de l&rsquo;\u00e9clairage, chimie, transmission de donn\u00e9es optimis\u00e9e CEM, transmission d&rsquo;\u00e9nergie, industrie des appareils m\u00e9nagers, temp\u00e9ratures maximales et minimales, technologie haute fr\u00e9quence, technologie de r\u00e9frig\u00e9ration et de climatisation, surveillance des fuites, a\u00e9ronautique et a\u00e9rospatiale, technologie m\u00e9dicale, p\u00e9trochimie, robotique, technologie des capteurs, technologie de mesure de la temp\u00e9rature, technologie des transports, navigation, etc.<\/h5>\n<p>&nbsp;<\/p>\n","protected":false},"featured_media":5043,"template":"","meta":{"_acf_changed":false},"product_brand":[],"product_cat":[146,281],"product_tag":[],"class_list":{"0":"post-9374","1":"product","2":"type-product","3":"status-publish","4":"has-post-thumbnail","6":"product_cat-cables-electriques","7":"product_cat-cables-coaxiaux-miniatures-microminiatures","9":"first","10":"instock","11":"shipping-taxable","12":"product-type-simple"},"acf":[],"_links":{"self":[{"href":"https:\/\/schupp.ch\/fr\/wp-json\/wp\/v2\/product\/9374","targetHints":{"allow":["GET"]}}],"collection":[{"href":"https:\/\/schupp.ch\/fr\/wp-json\/wp\/v2\/product"}],"about":[{"href":"https:\/\/schupp.ch\/fr\/wp-json\/wp\/v2\/types\/product"}],"wp:featuredmedia":[{"embeddable":true,"href":"https:\/\/schupp.ch\/fr\/wp-json\/wp\/v2\/media\/5043"}],"wp:attachment":[{"href":"https:\/\/schupp.ch\/fr\/wp-json\/wp\/v2\/media?parent=9374"}],"wp:term":[{"taxonomy":"product_brand","embeddable":true,"href":"https:\/\/schupp.ch\/fr\/wp-json\/wp\/v2\/product_brand?post=9374"},{"taxonomy":"product_cat","embeddable":true,"href":"https:\/\/schupp.ch\/fr\/wp-json\/wp\/v2\/product_cat?post=9374"},{"taxonomy":"product_tag","embeddable":true,"href":"https:\/\/schupp.ch\/fr\/wp-json\/wp\/v2\/product_tag?post=9374"}],"curies":[{"name":"wp","href":"https:\/\/api.w.org\/{rel}","templated":true}]}}