{"id":9637,"date":"2025-12-08T19:42:35","date_gmt":"2025-12-08T18:42:35","guid":{"rendered":"https:\/\/schupp.ch\/p\/breve-information-sur-les-isolations-de-cables-en-plastique-fluore\/"},"modified":"2025-12-08T20:27:14","modified_gmt":"2025-12-08T19:27:14","slug":"breve-information-sur-les-isolations-de-cables-en-plastique-fluore","status":"publish","type":"product","link":"https:\/\/schupp.ch\/fr\/p\/breve-information-sur-les-isolations-de-cables-en-plastique-fluore\/","title":{"rendered":"Informations en bref sur les isolations de c\u00e2bles en plastique fluor\u00e9"},"content":{"rendered":"<p>&nbsp;<\/p>\n<p>Les c\u00e2bles isol\u00e9s de <strong>PTFE (polyt\u00e9trafluoro\u00e9thyl\u00e8ne)<\/strong> sont souvent utilis\u00e9s dans des applications \u00e0 tr\u00e8s haute temp\u00e9rature ou dans un environnement chimiquement agressif. Ce mat\u00e9riau biocompatible est \u00e9galement utilis\u00e9 dans le domaine m\u00e9dical car il r\u00e9siste aux produits chimiques et aux solvants.<\/p>\n<p>&nbsp;<\/p>\n<p><strong>ETFE (\u00e9thyl\u00e8ne t\u00e9trafluoro\u00e9thyl\u00e8ne) <\/strong>a de tr\u00e8s bonnes propri\u00e9t\u00e9s m\u00e9caniques, telles qu&rsquo;une duret\u00e9 et une r\u00e9sistance \u00e0 la rupture \u00e9lev\u00e9es. De plus, son excellente r\u00e9sistance chimique et ses bonnes propri\u00e9t\u00e9s \u00e9lectriques et thermiques permettent d&rsquo;utiliser les conducteurs isol\u00e9s en ETFE dans de nombreux domaines d&rsquo;application.<\/p>\n<p>&nbsp;<\/p>\n<p><strong>Le FEP (fluoro\u00e9thyl\u00e8ne propyl\u00e8ne) <\/strong> est un plastique fluor\u00e9 fusible. Il peut \u00eatre extrud\u00e9 et est donc plus flexible que les autres fluoroplastiques. Le FEP se caract\u00e9rise par une r\u00e9sistance \u00e9lev\u00e9e \u00e0 la temp\u00e9rature, aux huiles et aux produits chimiques. De plus, ce mat\u00e9riau est largement biocompatible et convient donc tr\u00e8s bien aux applications m\u00e9dicales, car contrairement aux autres plastiques fluor\u00e9s, le FEP est facilement st\u00e9rilisable.<\/p>\n<p>&nbsp;<\/p>\n<p><strong>Le PFA (perfluoroalcoxy) <\/strong>se caract\u00e9rise par une bonne r\u00e9sistance chimique, une temp\u00e9rature d&rsquo;utilisation \u00e9lev\u00e9e et une bonne r\u00e9sistance au vieillissement et aux intemp\u00e9ries. Une faible r\u00e9sistance au frottement et de bonnes propri\u00e9t\u00e9s d&rsquo;isolation \u00e9lectrique sont d&rsquo;autres avantages particuliers de ce mat\u00e9riau.<\/p>\n<p>&nbsp;<\/p>\n","protected":false},"excerpt":{"rendered":"<p>&nbsp;<\/p>\n<h5><strong>Les polym\u00e8res fluor\u00e9s ont une grande stabilit\u00e9 chimique et thermique, de tr\u00e8s bonnes propri\u00e9t\u00e9s d&rsquo;isolation \u00e9lectrique et une excellente r\u00e9sistance aux intemp\u00e9ries. Les polym\u00e8res fluor\u00e9s sont des plastiques hautes performances et sont donc pr\u00e9f\u00e9r\u00e9s pour l&rsquo;isolation des c\u00e2bles dans les applications o\u00f9 les exigences sont plus \u00e9lev\u00e9es. <\/strong><\/h5>\n<p>&nbsp;<\/p>\n","protected":false},"featured_media":9632,"template":"","meta":{"_acf_changed":false},"product_brand":[],"product_cat":[146,372],"product_tag":[],"class_list":{"0":"post-9637","1":"product","2":"type-product","3":"status-publish","4":"has-post-thumbnail","6":"product_cat-cables-electriques","7":"product_cat-breves-informations-sur-les-plastiques-fluores","9":"first","10":"instock","11":"shipping-taxable","12":"product-type-simple"},"acf":[],"_links":{"self":[{"href":"https:\/\/schupp.ch\/fr\/wp-json\/wp\/v2\/product\/9637","targetHints":{"allow":["GET"]}}],"collection":[{"href":"https:\/\/schupp.ch\/fr\/wp-json\/wp\/v2\/product"}],"about":[{"href":"https:\/\/schupp.ch\/fr\/wp-json\/wp\/v2\/types\/product"}],"wp:featuredmedia":[{"embeddable":true,"href":"https:\/\/schupp.ch\/fr\/wp-json\/wp\/v2\/media\/9632"}],"wp:attachment":[{"href":"https:\/\/schupp.ch\/fr\/wp-json\/wp\/v2\/media?parent=9637"}],"wp:term":[{"taxonomy":"product_brand","embeddable":true,"href":"https:\/\/schupp.ch\/fr\/wp-json\/wp\/v2\/product_brand?post=9637"},{"taxonomy":"product_cat","embeddable":true,"href":"https:\/\/schupp.ch\/fr\/wp-json\/wp\/v2\/product_cat?post=9637"},{"taxonomy":"product_tag","embeddable":true,"href":"https:\/\/schupp.ch\/fr\/wp-json\/wp\/v2\/product_tag?post=9637"}],"curies":[{"name":"wp","href":"https:\/\/api.w.org\/{rel}","templated":true}]}}